{"id":16237,"date":"2025-04-16T20:27:45","date_gmt":"2025-04-16T20:27:45","guid":{"rendered":"https:\/\/kiemmi.com\/?post_type=product&#038;p=16237"},"modified":"2025-05-28T19:31:39","modified_gmt":"2025-05-28T19:31:39","slug":"deschizator-de-sticle-din-lemn-cu-imprimeu-personalizat-cadou-ecologic-pentru-iubitorii-de-animale-de-companie","status":"publish","type":"product","link":"https:\/\/kiemmi.com\/ro\/shop\/mascotas\/abrebotellas-de-madera-con-forma-de-huella-personalizada-regalo-ecologico-para-amantes-de-mascotas\/","title":{"rendered":"Deschiz\u0103tor de sticle din lemn cu amprent\u0103 personalizat\u0103 \u2013 Cadou ecologic pentru iubitorii de animale de companie"},"content":{"rendered":"<p>C\u0103uta\u021bi un cadou original, ecologic \u0219i personalizat pentru un iubitor de animale? Noastre <strong>deschiz\u0103tor de sticle realizat manual \u00een form\u0103 de labe de animal de companie<\/strong> este varianta perfecta. Fabricat manual din lemn de pin \u0219i personalizabil cu numele c\u00e2inelui sau al pisicii dvs., acest articol combin\u0103 func\u021bionalitatea, designul \u0219i \u00eengrijirea animalelor.<\/p>\n<p>Fiecare pies\u0103 este realizat\u0103 cu aten\u021bie \u0219i finisat\u0103 cu un amestec de uleiuri \u0219i cear\u0103 naturale, colorate, care sunt complet ecologice \u0219i non-toxice. Pute\u021bi alege dintre mai multe pete care sporesc frumuse\u021bea lemnului \u0219i fac fiecare deschiz\u0103tor de sticle unic.<\/p>\n<p>\u00cen plus, include <strong>doi magne\u021bi de neodim integrati<\/strong> pe spate, permi\u021b\u00e2ndu-i s\u0103 fie u\u0219or ata\u0219at de suprafe\u021be metalice precum frigiderul sau blatul de buc\u0103t\u0103rie, p\u0103str\u00e2ndu-l mereu la \u00eendem\u00e2n\u0103 \u0219i ad\u0103ug\u00e2nd o not\u0103 decorativ\u0103.<\/p>\n<p>Forma sa ergonomic\u0103 se potrive\u0219te confortabil \u00een m\u00e2n\u0103, f\u0103c\u00e2ndu-l un accesoriu practic \u0219i elegant.<\/p>\n<p>Ideal pentru anivers\u0103ri sau pur \u0219i simplu ca un cadou special pentru cineva care \u00ee\u0219i \u00eemparte via\u021ba cu un animal de companie.<\/p>\n<h3>\u2728 Caracteristici principale:<\/h3>\n<p>\ud83d\udc3e <strong>Design exclusivist<\/strong> \u00een form\u0103 de amprent\u0103 de labe de c\u00e2ine sau pisic\u0103<br \/>\n\ud83d\udd24 <strong>Personalizat<\/strong> cu numele animalului t\u0103u de companie<br \/>\n\ud83c\udf32 <strong>Lemn natural de pin<\/strong> din surse durabile<br \/>\n\ud83d\udcd0 <strong>Dimensiuni: <\/strong>\u00a07,5 cm l\u0103\u021bime \u2013 6,6 cm \u00een\u0103l\u021bime \u2013 1,8 cm grosime<br \/>\n\ud83c\udfa8 <strong>Diverse nuan\u021be de vopsire<\/strong> sa alegi dupa stilul tau<br \/>\n\ud83c\udf43 <strong>Finisaj ecologic \u0219i non-toxic<\/strong>, cu uleiuri \u0219i cear\u0103 naturale<br \/>\n\ud83e\uddf2 <strong>Include 2 magne\u021bi de neodim<\/strong>, pentru a-l fixa pe suprafete metalice<br \/>\n\ud83d\udd90\ufe0f <strong>Confortabil si ergonomic<\/strong>, se potrive\u0219te perfect \u00een m\u00e2n\u0103<br \/>\n\ud83c\udf81 <strong>Ideal pentru cadou<\/strong> iubitorilor de animale<br \/>\n\ud83c\uddea\ud83c\uddf8 <strong>Fabricat manual \u00een Spania<\/strong> cu dragoste \u0219i d\u0103ruire<\/p>\n<p>Cu acest deschiz\u0103tor de sticle personalizat, va fi o modalitate de a-\u021bi aminti de fidelul companion bl\u0103nos.<br \/>\nComanda acum \u0219i creeaz\u0103 un suvenir unic \u0219i func\u021bional!<\/p>","protected":false},"excerpt":{"rendered":"<p>Deschiz\u0103tor de sticle realizat manual \u00een form\u0103 de amprent\u0103 labe de c\u00e2ine sau pisic\u0103, personalizabil cu numele animalului t\u0103u de companie. Fabricat din lemn de pin cu un finisaj ecologic. Un cadou original si functional!<\/p>","protected":false},"featured_media":16241,"template":"","meta":{"_seopress_robots_primary_cat":"none","_seopress_titles_title":"Regalo original: Abrebotellas personalizable y ecol\u00f3gico","_seopress_titles_desc":"Regala un abrebotellas ecol\u00f3gico y personalizado en forma de huella, fabricado a mano en Espa\u00f1a. \u00a1Funcional, \u00fanico y con estilo!","_seopress_robots_index":"","site-sidebar-layout":"default","site-content-layout":"","ast-site-content-layout":"default","site-content-style":"default","site-sidebar-style":"default","ast-global-header-display":"","ast-banner-title-visibility":"","ast-main-header-display":"","ast-hfb-above-header-display":"","ast-hfb-below-header-display":"","ast-hfb-mobile-header-display":"","site-post-title":"","ast-breadcrumbs-content":"","ast-featured-img":"","footer-sml-layout":"","ast-disable-related-posts":"","theme-transparent-header-meta":"default","adv-header-id-meta":"","stick-header-meta":"default","header-above-stick-meta":"","header-main-stick-meta":"","header-below-stick-meta":"","astra-migrate-meta-layouts":"set","ast-page-background-enabled":"default","ast-page-background-meta":{"desktop":{"background-color":"","background-image":"","background-repeat":"repeat","background-position":"center center","background-size":"auto","background-attachment":"scroll","background-type":"","background-media":"","overlay-type":"","overlay-color":"","overlay-opacity":"","overlay-gradient":""},"tablet":{"background-color":"","background-image":"","background-repeat":"repeat","background-position":"center center","background-size":"auto","background-attachment":"scroll","background-type":"","background-media":"","overlay-type":"","overlay-color":"","overlay-opacity":"","overlay-gradient":""},"mobile":{"background-color":"","background-image":"","background-repeat":"repeat","background-position":"center center","background-size":"auto","background-attachment":"scroll","background-type":"","background-media":"","overlay-type":"","overlay-color":"","overlay-opacity":"","overlay-gradient":""}},"ast-content-background-meta":{"desktop":{"background-color":"var(--ast-global-color-5)","background-image":"","background-repeat":"repeat","background-position":"center center","background-size":"auto","background-attachment":"scroll","background-type":"","background-media":"","overlay-type":"","overlay-color":"","overlay-opacity":"","overlay-gradient":""},"tablet":{"background-color":"var(--ast-global-color-5)","background-image":"","background-repeat":"repeat","background-position":"center center","background-size":"auto","background-attachment":"scroll","background-type":"","background-media":"","overlay-type":"","overlay-color":"","overlay-opacity":"","overlay-gradient":""},"mobile":{"background-color":"var(--ast-global-color-5)","background-image":"","background-repeat":"repeat","background-position":"center center","background-size":"auto","background-attachment":"scroll","background-type":"","background-media":"","overlay-type":"","overlay-color":"","overlay-opacity":"","overlay-gradient":""}}},"product_brand":[],"product_cat":[87,49],"product_tag":[],"class_list":{"0":"post-16237","1":"product","2":"type-product","3":"status-publish","4":"has-post-thumbnail","6":"product_cat-mascotas","7":"product_cat-regalos-originales","8":"desktop-align-center","9":"tablet-align-left","10":"mobile-align-center","11":"ast-product-gallery-layout-horizontal","12":"ast-magnify-disabled","13":"ast-product-tabs-layout-horizontal","14":"tm-has-options","16":"first","17":"instock","18":"taxable","19":"shipping-taxable","20":"purchasable","21":"product-type-simple"},"_links":{"self":[{"href":"https:\/\/kiemmi.com\/ro\/wp-json\/wp\/v2\/product\/16237","targetHints":{"allow":["GET"]}}],"collection":[{"href":"https:\/\/kiemmi.com\/ro\/wp-json\/wp\/v2\/product"}],"about":[{"href":"https:\/\/kiemmi.com\/ro\/wp-json\/wp\/v2\/types\/product"}],"version-history":[{"count":0,"href":"https:\/\/kiemmi.com\/ro\/wp-json\/wp\/v2\/product\/16237\/revisions"}],"wp:featuredmedia":[{"embeddable":true,"href":"https:\/\/kiemmi.com\/ro\/wp-json\/wp\/v2\/media\/16241"}],"wp:attachment":[{"href":"https:\/\/kiemmi.com\/ro\/wp-json\/wp\/v2\/media?parent=16237"}],"wp:term":[{"taxonomy":"product_brand","embeddable":true,"href":"https:\/\/kiemmi.com\/ro\/wp-json\/wp\/v2\/product_brand?post=16237"},{"taxonomy":"product_cat","embeddable":true,"href":"https:\/\/kiemmi.com\/ro\/wp-json\/wp\/v2\/product_cat?post=16237"},{"taxonomy":"product_tag","embeddable":true,"href":"https:\/\/kiemmi.com\/ro\/wp-json\/wp\/v2\/product_tag?post=16237"}],"curies":[{"name":"wp","href":"https:\/\/api.w.org\/{rel}","templated":true}]}}