{"id":3,"date":"2020-07-24T07:11:47","date_gmt":"2020-07-24T07:11:47","guid":{"rendered":"https:\/\/www.tks3d.com\/?page_id=3"},"modified":"2022-02-19T19:04:53","modified_gmt":"2022-02-19T19:04:53","slug":"politica-de-confidentialitate","status":"publish","type":"page","link":"https:\/\/kiemmi.com\/ro\/politica-de-privacidad\/","title":{"rendered":"Politica de confiden\u021bialitate"},"content":{"rendered":"<h3 class=\"wp-block-heading\" id=\"reglamento-europeo-de-proteccion-de-datos-rgpd\">Regulamentul european privind protec\u021bia datelor (GDPR)<\/h3>\n\n\n\n<p>V\u0103 inform\u0103m \u00een mod expres c\u0103 aceast\u0103 sec\u021biune este \u00eendreptat\u0103 exclusiv c\u0103tre prelucrarea datelor pe care Emmanuel Kielichowski (denumit \u00een continuare KIEMMI) o va efectua asupra datelor cu caracter personal furnizate prin intermediul acestui site web, care vor fi \u00eencorporate \u00een fi\u0219ierele pe care vi le vom indica \u00een conformitate cu prevederile prevederile legislatiei in vigoare privind protectia datelor cu caracter personal (REGULAMENTUL (UE) 2016\/679 AL PARLAMENTULUI EUROPEAN SI AL CONSILIULUI din 27 aprilie 2016 privind protectia persoanelor fizice in ceea ce priveste prelucrarea datelor cu caracter personal si libera circulatie a aceste date, cu intrarea \u00een vigoare la 25 mai 2018, \u00een continuare, RGPD, precum \u0219i legisla\u021bia spaniol\u0103 care o dezvolt\u0103).<\/p>\n\n\n\n<h3 class=\"wp-block-heading\" id=\"conceptos\">Concepte<\/h3>\n\n\n\n<p>Defini\u021bii pe care le vom folosi \u00een aceast\u0103 Politic\u0103 de confiden\u021bialitate:<\/p>\n\n\n\n<ul class=\"wp-block-list\"><li>KIEMMI: Persoana Emmanuel Kielichowski care de\u021bine acest site web.<\/li><li>WEB: Se refer\u0103 la acest site web (www.kiemmi.com).<\/li><li>UTILIZATOR WEB: Utilizator al site-ului www.kiemmi.com<\/li><li>CLIENT: Utilizator care a contractat serviciile KIEMMI.<\/li><li>PARTENER: colaborator KIEMMI.<\/li><\/ul>\n\n\n\n<h3 class=\"wp-block-heading\" id=\"responsable-del-tratamiento-de-los-datos-personales\">Responsabil pentru prelucrarea datelor cu caracter personal<\/h3>\n\n\n\n<p>Proprietarul site-ului www.kiemmi.com este Emmanuel Kielichowski, cu NIE:<\/p>\n\n\n\n<p>\u00cen conformitate cu prevederile RGPD, v\u0103 inform\u0103m c\u0103 datele furnizate, precum \u0219i acele date derivate din navigarea dumneavoastr\u0103, vor fi tratate \u0219i protejate de c\u0103tre KIEMI, \u00een calitate de responsabil pentru prelucrarea datelor cu caracter personal, \u0219i prelucrate \u00een scopul r\u0103spunz\u00e2nd solicit\u0103rii dumneavoastr\u0103 \u0219i men\u021binerii rela\u021biei stabilite \u00een contractul pe care \u00eel semna\u021bi sau pe care l-a\u021bi semnat cu noi.<\/p>\n\n\n\n<h3 class=\"wp-block-heading\" id=\"principios-que-aplicamos-en-el-tratamiento-de-datos-personales\">Principii pe care le aplic\u0103m \u00een prelucrarea datelor cu caracter personal<\/h3>\n\n\n\n<p>\u00cen conformitate cu prevederile Capitolului II din GDPR, \u0219i codurile de conduit\u0103 \u00een prelucrarea datelor cu caracter personal, \u00een cadrul companiei \u0219i procedurilor noastre, aplic\u0103m urm\u0103toarele principii \u00een prelucrarea datelor cu caracter personal pentru a p\u0103stra drepturile \u0219i libert\u0103\u021bile utilizatorilor:<\/p>\n\n\n\n<ul class=\"wp-block-list\"><li><strong>Date minime:<\/strong>&nbsp;Vom ob\u021bine \u0219i prelucra doar datele minime esen\u021biale pentru fiecare scop \u0219i categorie de persoane afectate de prelucrare.<\/li><li><strong>Legalitate \u0219i transparen\u021b\u0103:<\/strong> La prelucrarea datelor, avem \u00eentotdeauna legitimitate pentru utilizarea acestora: clientul ne-a angajat, utilizatorul a furnizat datele \u00een fila de contact etc., \u0219i \u00een toate cazurile, a formalizat contractul, sau a acordat consim\u021b\u0103m\u00e2ntul. \u0218i \u00eentotdeauna \u00een scopurile pe care le indic\u0103m \u00een acest document.<\/li><li><strong>Limitarea perioadei de conservare:<\/strong>&nbsp;Vom p\u0103stra datele pentru timpul minim necesar, cu excep\u021bia cazului \u00een care ne cere\u021bi mai \u00eent\u00e2i s\u0103 le anul\u0103m.<\/li><li><strong>Confiden\u021bialitate \u0219i integritate:<\/strong>&nbsp;Garant\u0103m m\u0103suri de securitate adecvate pentru datele personale \u0219i confiden\u021bialitatea acestora.<\/li><\/ul>\n\n\n\n<h3 class=\"wp-block-heading\" id=\"veracidad-y-exactitud-de-los-datos-personales-facilitados\">Veridicitatea \u0219i acurate\u021bea datelor cu caracter personal furnizate<\/h3>\n\n\n\n<p>UTILIZATORUL WEB, CLIENTUL sau PARTENERUL, ale c\u0103rui date vor fi prelucrate de c\u0103tre companie, garanteaz\u0103 c\u0103 datele furnizate sunt adev\u0103rate \u0219i exacte.<\/p>\n\n\n\n<p>Dac\u0103 a\u021bi furnizat date cu caracter personal ale unei alte persoane, garanta\u021bi c\u0103 persoana respectiv\u0103 a autorizat \u0219i a consim\u021bit s\u0103 ne furnizeze aceste date \u0219i c\u0103 este responsabil\u0103 pentru toate responsabilit\u0103\u021bile care decurg din utilizarea \u0219i prelucrarea datelor respective, dac\u0103 nu de\u021bine astfel de date. autorizare.<\/p>\n\n\n\n<p>V\u0103 rug\u0103m s\u0103 re\u021bine\u021bi c\u0103 sunte\u021bi singura surs\u0103 de informa\u021bii cu privire la datele dumneavoastr\u0103 cu caracter personal, a\u0219a c\u0103 apreciem c\u0103, pentru a le p\u0103stra actualizate \u0219i actualizate \u00een orice moment, \u00een conformitate cu principiile capitolului II din GDPR, v\u0103 rug\u0103m s\u0103 ne informa\u021bi operator de date a oric\u0103rei varia\u021bii a acestora, trimi\u021b\u00e2nd un e-mail la info@kiemmi.com.<\/p>\n\n\n\n<p>\u00cen orice moment, persoana afectat\u0103 poate modifica sau anula datele furnizate, \u00een conformitate cu drepturile de Acces, Rectificare, Anulare, Opozi\u021bie, Limitare \u0219i Portabilitate.<\/p>\n\n\n\n<h3 class=\"wp-block-heading\" id=\"menores-de-edad\">Minorii<\/h3>\n\n\n\n<p>Site-ul www.kiemmi.com nu este destinat minorilor. To\u021bi UTILIZATORII WEB, CLIEN\u021aII sau PARTENERII site-ului \u0219i serviciile oferite trebuie s\u0103 fie majori. \u00cen caz afirmativ, contractul dintre KIEMMI \u0219i utilizatorul sau clientul respectiv va fi nul \u0219i, \u00een orice caz, suntem scuti\u021bi de orice r\u0103spundere care ar putea decurge din nerespectarea acestei cerin\u021be.<\/p>\n\n\n\n<h3 class=\"wp-block-heading\" id=\"encargados-del-tratamiento\">Cei care se ocup\u0103 de tratament<\/h3>\n\n\n\n<p>KIEMMI are nevoie de colaboratori pentru anumite servicii. Atunci c\u00e2nd \u00een furnizarea acestor servicii, aceste alte companii urmeaz\u0103 s\u0103 prelucreze date, legea le nume\u0219te Procesori de Date.<\/p>\n\n\n\n<p>Pentru a ne furniza serviciile, folosim ca subcontractan\u021bi furnizori ter\u021bi din UE\/SEE care respect\u0103 toate obliga\u021biile \u0219i toate cerin\u021bele acestei politici de confiden\u021bialitate.<\/p>\n\n\n\n<p>Ace\u0219ti furnizori sunt enumera\u021bi mai jos:<\/p>\n\n\n\n<ul class=\"wp-block-list\"><li>Clouding: Serviciu server<\/li><\/ul>\n\n\n\n<p>Prin urmare, garant\u0103m c\u0103 ace\u0219ti \u0219i al\u021bi subcontractan\u021bi care pot fi utiliza\u021bi \u00een viitor, \u00eendeplinesc \u0219i vor \u00eendeplini toate obliga\u021biile \u0219i toate cerin\u021bele acestei politici de confiden\u021bialitate.<\/p>\n\n\n\n<h3 class=\"wp-block-heading\" id=\"cesion-de-datos\">Transfer de date<\/h3>\n\n\n\n<p>V\u0103 garant\u0103m c\u0103 nu vom transfera utilizarea datelor dumneavoastr\u0103 c\u0103tre ter\u021bi pentru a v\u0103 trimite reclam\u0103 \u0219i vom transfera datele dumneavoastr\u0103 doar operatorilor de date pe care i-am indicat la punctul anterior \u0219i numai \u00een scopurile indicate \u00een fiecare caz.<\/p>\n\n\n\n<p>Prin urmare, a\u0219a cum se prevede la articolul 13.1 sec\u021biunea a) din RGPD, KIEMMI nu distribuie datele \u0219i, prin urmare, nu are niciun destinatar al datelor.<\/p>\n\n\n\n<h3 class=\"wp-block-heading\" id=\"derechos-en-el-tratamiento-de-datos-personales\">Drepturi \u00een prelucrarea datelor cu caracter personal<\/h3>\n\n\n\n<p>\u00cen conformitate cu prevederile RGPD, pute\u021bi contacta oric\u00e2nd KIEMMI, \u00een calitate de operator de date, \u00een sec\u021biunea <strong>Responsabil pentru prelucrarea datelor cu caracter personal<\/strong> a acestei politici de confiden\u021bialitate, pentru a putea exercita drepturile de acces, rectificare, \u0219tergere, opozi\u021bie, portabilitate \u0219i retragere a consim\u021b\u0103m\u00e2ntului datelor dumneavoastr\u0103 cu caracter personal \u00eencorporate \u00een fi\u0219ierele noastre.<\/p>\n\n\n\n<p>A- Dreptul de a solicita acces la datele personale: ne pute\u021bi \u00eentreba dac\u0103 prelucr\u0103m datele dumneavoastr\u0103, ce date specifice, de unde le-am ob\u021binut etc. Articolul 15 din GDPR.<\/p>\n\n\n\n<p>B- Dreptul de a solicita rectificarea acestora (dac\u0103 nu sunt corecte) sau \u0219tergerea (atunci c\u00e2nd datele personale nu mai sunt necesare \u00een raport cu scopurile pentru care au fost colectate). Articolul 16 GDPR.<\/p>\n\n\n\n<p>C- Dreptul de a solicita limitarea sau anularea tratamentului dumneavoastr\u0103, caz \u00een care acestea vor fi p\u0103strate de c\u0103tre noi doar pentru exercitarea sau ap\u0103rarea revendic\u0103rilor. Articolul 17 \u0219i 18.<\/p>\n\n\n\n<p>D- Dreptul de a v\u0103 opune prelucr\u0103rii: Vom opri prelucrarea datelor \u00een modul pe care \u00eel indica\u021bi dumneavoastr\u0103, cu excep\u021bia cazului \u00een care din motive legitime trebuie s\u0103 fie prelucrate \u00een continuare. Articolul 21.<\/p>\n\n\n\n<p>E- Dreptul la portabilitatea datelor: \u00een cazul \u00een care dori\u021bi ca datele dumneavoastr\u0103 s\u0103 fie prelucrate de o alt\u0103 companie, vom facilita portabilitatea datelor dumneavoastr\u0103 c\u0103tre orice alt\u0103 companie pe care ne-o indica\u021bi \u00eentr-un format structurat, inteligibil \u0219i automatizat. Articolul 20.<\/p>\n\n\n\n<p>Aceste drepturi sunt cu caracter personal \u0219i vor fi exercitate de c\u0103tre cel interesat, cu excep\u021bia cazului \u00een care se acord\u0103 o \u00eemputernicire suficient\u0103 unei alte persoane. R\u0103spunsul la exercitarea oric\u0103ruia dintre aceste drepturi va deveni efectiv de c\u0103tre Operatorul de date \u00een termen de zece zile de la primirea cererii. \u00cen situa\u021bia \u00een care Operatorul de Date consider\u0103 c\u0103 nu este oportun s\u0103 acceseze cererea, aceasta v\u0103 va fi comunicat\u0103 cu motive \u0219i \u00een termenul indicat \u00een aceast\u0103 sec\u021biune.<\/p>\n\n\n\n<p>Dac\u0103 considera\u021bi c\u0103 exist\u0103 o problem\u0103 cu modul \u00een care v\u0103 gestion\u0103m datele \u0219i nu sunte\u021bi mul\u021bumit de r\u0103spunsul la cererea dvs., v\u0103 pute\u021bi \u00eendrepta pl\u00e2ngerile c\u0103tre Agen\u021bia Spaniol\u0103 pentru Protec\u021bia Datelor, cea indicat\u0103 \u00een cazul Spaniei . (www.agpd.es). De asemenea, pute\u021bi face pl\u00e2ngere la autoritatea judiciar\u0103 competent\u0103 dac\u0103 considera\u021bi c\u0103 este cazul.<\/p>\n\n\n\n<h3 class=\"wp-block-heading\" id=\"tiempo-de-conservacion-de-los-datos\">Timp de p\u0103strare a datelor<\/h3>\n\n\n\n<p>\u00cen conformitate cu obliga\u021bia indicat\u0103 la articolul 13.2.a) din RGPD, indic\u0103m perioadele de p\u0103strare a datelor cu caracter personal \u00een fiecare caz:<\/p>\n\n\n\n<p>Datele personale prelucrate de KIEMMI vor fi p\u0103strate p\u00e2n\u0103 c\u00e2nd at\u00e2t UTILIZATORUL WEB, CLIENTUL sau PARTENERUL ne vor informa despre disponibilitatea lor de a anula datele \u00een curs de prelucrare.<\/p>\n\n\n\n<h3 class=\"wp-block-heading\" id=\"secreto-y-seguridad-de-los-datos\">Securitatea \u0219i secretul datelor<\/h3>\n\n\n\n<p>\u00cen conformitate cu prevederile stabilite la articolul 32 din RGPD, KIEMMite informeaz\u0103 c\u0103 a implementat m\u0103surile de securitate tehnice \u0219i organizatorice necesare pentru evitarea tuturor riscurilor inerente activit\u0103\u021bilor \u0219i serviciilor desf\u0103\u0219urate de companie, precum \u0219i garantarea securit\u0103\u021bii utilizatorilor acesteia. Datele cu caracter personal \u0219i evita\u021bi alterarea, pierderea \u0219i prelucrarea \u0219i\/sau accesul neautorizat, \u021bin\u00e2nd cont de starea tehnologiei, de natura datelor stocate \u0219i de riscurile la care sunt expuse, fie c\u0103 provin din ac\u021biunea uman\u0103 sau din mediu. fizice sau naturale, supravegherea, controlul \u0219i evaluarea continu\u0103 a proceselor stabilite pentru a asigura respectarea confiden\u021bialit\u0103\u021bii datelor dumneavoastr\u0103. Aceste date sunt colectate de la utilizator folosind HTTPS (HyperText Transfer Protocol Secure), un protocol de securitate care permite transmiterea datelor \u00eentr-o manier\u0103 criptat\u0103 \u00eentre serverul site-ului web \u0219i utilizator \u0219i invers.<\/p>\n\n\n\n<p>KIEMMI a efectuat o Analiz\u0103 de Risc \u00een prelucrarea Datelor cu Caracter Personal, \u0219i are capacitatea de a garanta confiden\u021bialitatea, integritatea, disponibilitatea \u0219i rezisten\u021ba permanent\u0103 a sistemelor \u0219i serviciilor de prelucrare; capacitatea de a restabili rapid disponibilitatea \u0219i accesul la datele personale \u00een cazul unui incident fizic sau tehnic; \u0219i cu un proces de verificare periodic\u0103, evaluare \u0219i evaluare a eficacit\u0103\u021bii m\u0103surilor tehnice \u0219i organizatorice pentru garantarea securit\u0103\u021bii tratamentului.<\/p>\n\n\n\n<p>\u00cen conformitate cu articolele 33 \u0219i 34 din RGPD, KIEMMI garanteaz\u0103 c\u0103 \u00een cazul \u00een care exist\u0103 cea mai mic\u0103 \u00eenc\u0103lcare a sistemelor care ar putea duce la o \u00eenc\u0103lcare a securit\u0103\u021bii datelor cu caracter personal, operatorul de date va notifica Agen\u021bia Spaniol\u0103 de Protec\u021bie Datele \u0219i p\u0103r\u021bile interesate afectate, \u00een termen de maximum 72 de ore.<\/p>\n\n\n\n<h3 class=\"wp-block-heading\" id=\"hipervinculos\">Hiperlinkuri<\/h3>\n\n\n\n<p>De\u0219i putem include pe site-ul nostru link-uri c\u0103tre alte site-uri care nu sunt operate sau controlate de KIEMMI, v\u0103 rug\u0103m s\u0103 re\u021bine\u021bi c\u0103 nu putem garanta \u0219i nici nu suntem responsabili pentru legalitatea, fiabilitatea, utilitatea, veridicitatea \u0219i actualitatea con\u021binutului acestora, deci \u00eenainte de a le furniza informa\u021biile dumneavoastr\u0103 personale c\u0103tre aceste site-uri web non-KIEMMI, v\u0103 rug\u0103m s\u0103 revizui\u021bi practicile lor de confiden\u021bialitate \u0219i s\u0103 fi\u021bi con\u0219tien\u021bi de faptul c\u0103 acestea pot diferi de ale noastre.<\/p>\n\n\n\n<h3 class=\"wp-block-heading\" id=\"usuarios-y-accesos-restringidos\">Utilizatori \u0219i acces restric\u021bionat<\/h3>\n\n\n\n<p>Pentru a intra \u00een zone cu acces restric\u021bionat, utilizatorii trebuie s\u0103 aib\u0103 codurile de acces corespunz\u0103toare.<br>KIEMMI \u00ee\u0219i rezerv\u0103 dreptul de a accepta sau respinge \u00een mod liber cererea de \u00eenregistrare a oric\u0103rui utilizator. Datele introduse de utilizatori trebuie s\u0103 fie exacte, actuale \u0219i veridice \u0219i vor fi prelucrate \u0219i tratate cu respectarea legisla\u021biei \u00een vigoare privind protec\u021bia datelor cu caracter personal.<\/p>\n\n\n\n<p>Utilizatorii vor fi r\u0103spunz\u0103tori \u00een toate cazurile pentru p\u0103strarea codurilor lor de acces, astfel c\u0103 vor fi singuri r\u0103spunz\u0103tori pentru orice daune care pot ap\u0103rea din utilizarea necorespunz\u0103toare a acestora, precum \u0219i din pierderea acestora sau din orice alt\u0103 circumstan\u021b\u0103 care ar putea ap\u0103rea un risc de acces \u0219i utilizare de c\u0103tre ter\u021bi neautoriza\u021bi. Utilizatorii trebuie s\u0103 notifice imediat adresa de contact KIEMMI, astfel \u00eenc\u00e2t s\u0103 putem proceda la blocarea \u0219i \u00eenlocuirea acestora.<\/p>\n\n\n\n<h3 class=\"wp-block-heading\" id=\"cambios-en-la-politica-de-privacidad\">Modific\u0103ri ale politicii de confiden\u021bialitate<\/h3>\n\n\n\n<p>KIEMMI \u00ee\u0219i rezerv\u0103 dreptul de a modifica Politica de confiden\u021bialitate, conform propriilor criterii sau motivat de o modificare legislativ\u0103, jurispruden\u021bial\u0103 sau doctrinar\u0103 a Agen\u021biei Spaniole pentru Protec\u021bia Datelor. Orice modificare a Politicii de confiden\u021bialitate va fi notat\u0103 pe pagina noastr\u0103.<\/p>","protected":false},"excerpt":{"rendered":"<p>Reglamento europeo de protecci\u00f3n de datos (RGPD) Te informamos expresamente de que este apartado est\u00e1 dirigido exclusivamente al tratamiento de datos que Emmanuel Kielichowski (en adelante KIEMMI) realizar\u00e1 sobre los datos personales facilitados por medio de la presente web, que se incorporar\u00e1n a los archivos que te indicaremos de conformidad con lo establecido en la [&hellip;]<\/p>\n","protected":false},"author":1,"featured_media":0,"parent":0,"menu_order":0,"comment_status":"closed","ping_status":"closed","template":"","meta":{"_seopress_robots_primary_cat":"0","_seopress_titles_title":"","_seopress_titles_desc":"","_seopress_robots_index":"","_seopress_analysis_target_kw":"","site-sidebar-layout":"default","site-content-layout":"","ast-site-content-layout":"default","site-content-style":"default","site-sidebar-style":"default","ast-global-header-display":"","ast-banner-title-visibility":"","ast-main-header-display":"","ast-hfb-above-header-display":"","ast-hfb-below-header-display":"","ast-hfb-mobile-header-display":"","site-post-title":"","ast-breadcrumbs-content":"","ast-featured-img":"","footer-sml-layout":"","ast-disable-related-posts":"","theme-transparent-header-meta":"","adv-header-id-meta":"","stick-header-meta":"","header-above-stick-meta":"","header-main-stick-meta":"","header-below-stick-meta":"","astra-migrate-meta-layouts":"default","ast-page-background-enabled":"default","ast-page-background-meta":{"desktop":{"background-color":"","background-image":"","background-repeat":"repeat","background-position":"center center","background-size":"auto","background-attachment":"scroll","background-type":"","background-media":"","overlay-type":"","overlay-color":"","overlay-opacity":"","overlay-gradient":""},"tablet":{"background-color":"","background-image":"","background-repeat":"repeat","background-position":"center center","background-size":"auto","background-attachment":"scroll","background-type":"","background-media":"","overlay-type":"","overlay-color":"","overlay-opacity":"","overlay-gradient":""},"mobile":{"background-color":"","background-image":"","background-repeat":"repeat","background-position":"center center","background-size":"auto","background-attachment":"scroll","background-type":"","background-media":"","overlay-type":"","overlay-color":"","overlay-opacity":"","overlay-gradient":""}},"ast-content-background-meta":{"desktop":{"background-color":"var(--ast-global-color-5)","background-image":"","background-repeat":"repeat","background-position":"center center","background-size":"auto","background-attachment":"scroll","background-type":"","background-media":"","overlay-type":"","overlay-color":"","overlay-opacity":"","overlay-gradient":""},"tablet":{"background-color":"var(--ast-global-color-5)","background-image":"","background-repeat":"repeat","background-position":"center center","background-size":"auto","background-attachment":"scroll","background-type":"","background-media":"","overlay-type":"","overlay-color":"","overlay-opacity":"","overlay-gradient":""},"mobile":{"background-color":"var(--ast-global-color-5)","background-image":"","background-repeat":"repeat","background-position":"center center","background-size":"auto","background-attachment":"scroll","background-type":"","background-media":"","overlay-type":"","overlay-color":"","overlay-opacity":"","overlay-gradient":""}},"footnotes":""},"class_list":["post-3","page","type-page","status-publish","hentry"],"_links":{"self":[{"href":"https:\/\/kiemmi.com\/ro\/wp-json\/wp\/v2\/pages\/3","targetHints":{"allow":["GET"]}}],"collection":[{"href":"https:\/\/kiemmi.com\/ro\/wp-json\/wp\/v2\/pages"}],"about":[{"href":"https:\/\/kiemmi.com\/ro\/wp-json\/wp\/v2\/types\/page"}],"author":[{"embeddable":true,"href":"https:\/\/kiemmi.com\/ro\/wp-json\/wp\/v2\/users\/1"}],"replies":[{"embeddable":true,"href":"https:\/\/kiemmi.com\/ro\/wp-json\/wp\/v2\/comments?post=3"}],"version-history":[{"count":0,"href":"https:\/\/kiemmi.com\/ro\/wp-json\/wp\/v2\/pages\/3\/revisions"}],"wp:attachment":[{"href":"https:\/\/kiemmi.com\/ro\/wp-json\/wp\/v2\/media?parent=3"}],"curies":[{"name":"wp","href":"https:\/\/api.w.org\/{rel}","templated":true}]}}