{"id":2743,"date":"2021-08-18T06:52:10","date_gmt":"2021-08-18T06:52:10","guid":{"rendered":"https:\/\/www.tks3d.com\/?page_id=2743"},"modified":"2022-02-19T20:19:44","modified_gmt":"2022-02-19T20:19:44","slug":"conditii-generale-de-utilizare-si-vanzare","status":"publish","type":"page","link":"https:\/\/kiemmi.com\/ro\/condiciones-generales-de-uso-y-venta\/","title":{"rendered":"Condi\u021bii generale de utilizare \u0219i v\u00e2nzare"},"content":{"rendered":"<h3 class=\"wp-block-heading\" id=\"1-datos-identificativos-de-camaloon\">1. Date de identificare KIEMMI<\/h3>\n\n\n\n<p>Furnizorul de servicii site-ul web este Emmanuel Kielichowski (denumit \u00een continuare \u201eKiemmi\u201d), cu TVA intracomunitar ESX2878559V \u0219i cu sediul social la Calle Claveles 4, 12600 Vall de Ux\u00f3 (Castell\u00f3n), Spania.<\/p>\n\n\n\n<h3 class=\"wp-block-heading\" id=\"2-descripcion-del-servicio\">2. Descrierea serviciului<\/h3>\n\n\n\n<p>La Kiemmi oferim o serie de servicii prin Internet utilizatorilor \u0219i clien\u021bilor no\u0219tri, precum marketingul \u0219i fabricarea de articole personalizate, articole cadou, articole de decor: brelocuri, cutii, magne\u021bi, gen\u021bi, autocolante etc.<\/p>\n\n\n\n<p>Utilizatorii site-ului nostru pot achizi\u021biona produse pentru uz propriu sau pentru a le vinde unor ter\u021bi.<\/p>\n\n\n\n<h3 class=\"wp-block-heading\" id=\"3-uso-de-las-paginas-web-bajo-la-marca-de-camaloon\">3. Utilizarea site-ului kiemmi.com<\/h3>\n\n\n\n<h4 class=\"wp-block-heading\" id=\"3-1-edad-minima\">3.1 V\u00e2rsta minim\u0103<\/h4>\n\n\n\n<p>Pentru a fi utilizator al site-ului Kiemmi, trebuie s\u0103 fii major de v\u00e2rst\u0103 (minim 18 ani).<\/p>\n\n\n\n<h4 class=\"wp-block-heading\" id=\"3-2-licencia-de-uso-de-la-web-y-del-servicio-de-camaloon\">3.2 Licen\u021b\u0103 de utilizare a site-ului web \u0219i a serviciului Kiemmi<\/h4>\n\n\n\n<p>Kiemmi ofer\u0103 o licen\u021b\u0103 limitat\u0103 \u0219i revocabil\u0103 pentru accesarea \u0219i utilizarea site-urilor \u0219i serviciilor noastre, \u00een conformitate cu aceste Condi\u021bii generale de utilizare \u0219i v\u00e2nzare. Aceast\u0103 licen\u021b\u0103 nu include dreptul de a colecta sau de a utiliza informa\u021bii de pe site-ul web \u00een scopuri interzise de noi, cum ar fi concuren\u021ba cu Kiemmi, utilizarea con\u021binutului Kiemmi \u00een orice fel sau salvarea unei copii par\u021biale sau complete a site-urilor noastre web.<\/p>\n\n\n\n<h3 class=\"wp-block-heading\" id=\"4-reglas-generales\">4. Reguli generale<\/h3>\n\n\n\n<h4 class=\"wp-block-heading\" id=\"4-1-uso-prohibido\">4.1 Utilizare interzis\u0103<\/h4>\n\n\n\n<p>Nu pute\u021bi \u00eencerca s\u0103 provoca\u021bi sau s\u0103 provoca\u021bi daune site-urilor noastre web sau serviciului Kiemmi. De exemplu, \u0219i f\u0103r\u0103 ca aceast\u0103 list\u0103 s\u0103 fie complet\u0103 sau exhaustiv\u0103, este interzis:<\/p>\n\n\n\n<p>la. \u00cengreuna\u021bi serviciul Kiemmi prin utilizarea viru\u0219ilor sau a altor programe concepute pentru a provoca daune oric\u0103rui software sau hardware<\/p>\n\n\n\n<p>b. Modifica\u021bi sau crea\u021bi versiuni ale oric\u0103rei tehnologii utilizate pe site-urile Kiemmi<\/p>\n\n\n\n<p>c. Utiliza\u021bi orice tip de script, robot sau tehnologie pentru a monitoriza site-ul Kiemmi<\/p>\n\n\n\n<p>d. Colecta\u021bi e-mailuri sau alte informa\u021bii prin serviciul Kiemmi<\/p>\n\n\n\n<p>\u015fi. Uzurpare identitatea unei alte persoane sau entitate sau falsificarea oric\u0103rei informa\u021bii<\/p>\n\n\n\n<p>F. R\u0103sfoi\u021bi sau cump\u0103ra\u021bi pe site-ul Kiemmi dac\u0103 nu ave\u021bi v\u00e2rsta legal\u0103.<\/p>\n\n\n\n<h4 class=\"wp-block-heading\" id=\"4-2-privacidad-y-proteccion-de-datos\">4.2 Confiden\u021bialitate \u0219i protec\u021bia datelor<\/h4>\n\n\n\n<p>La Kiemmi ne preocup\u0103 \u00een special securitatea \u0219i garantarea confiden\u021bialit\u0103\u021bii datelor furnizate de clien\u021bii no\u0219tri. Ne angaj\u0103m s\u0103 v\u0103 oferim cele mai bune servicii \u0219i cea mai bun\u0103 experien\u021b\u0103 online. Pute\u021bi cunoa\u0219te drepturile dumneavoastr\u0103 \u0219i cum s\u0103 le exercita\u021bi pe pagin\u0103&nbsp;<a href=\"https:\/\/kiemmi.com\/politica-de-privacidad\/\">Confiden\u021bialitate<\/a>.<\/p>\n\n\n\n<h4 class=\"wp-block-heading\" id=\"4-3-condiciones-de-compra\">4.3 Condi\u021bii de cump\u0103rare<\/h4>\n\n\n\n<h5 class=\"wp-block-heading\" id=\"4-3-1-sistema-de-venta\">4.3.1 Sistemul de v\u00e2nz\u0103ri<\/h5>\n\n\n\n<p>Pentru a efectua o achizi\u021bie, trebuie s\u0103 ne trimite\u021bi comanda online prin procesul de cump\u0103rare activat \u00een acest scop. Ne puteti contacta prin&nbsp;<a href=\"mailto:info@kiemmi.com\">e-mail<\/a>&nbsp;daca ai nevoie de ajutor.<\/p>\n\n\n\n<h5 class=\"wp-block-heading\" id=\"4-3-2-impuestos-aplicables\">4.3.2 Taxe aplicabile<\/h5>\n\n\n\n<p>Ve\u021bi g\u0103si pre\u021burile produselor afi\u0219ate pe site-urile noastre defalcate \u00een timpul procesului de cump\u0103rare. V\u0103 vom ar\u0103ta sumele cu TVA, precum \u0219i pre\u021bul de transport, \u0219i \u00eentotdeauna \u00eenainte de acceptarea achizi\u021biei.<\/p>\n\n\n\n<p>TVA-ul poate varia \u00een func\u021bie de re\u0219edin\u021ba dumneavoastr\u0103, de tipul produsului \u0219i, de asemenea, de originea acestuia. Dac\u0103 ave\u021bi \u00eentreb\u0103ri despre o anumit\u0103 scutire de TVA, contacta\u021bi-ne direct prin e-mail la adresa&nbsp;<a href=\"mailto:info@kiemmi.com\">info@kiemmi.com<\/a>.<\/p>\n\n\n\n<p>Taxele de import, costurile de transfer bancar, procedurile vamale sau re\u021binerile la origine, sau cele legate de livrarea c\u0103tre teritorii speciale (vezi sec\u021biunea 4.3.4) sau \u021b\u0103ri situate \u00een afara Uniunii Europene, sunt responsabilitatea dumneavoastr\u0103 \u00een calitate de client \u0219i nu sunt incluse \u00een preturile pe care le indicam pe site.<\/p>\n\n\n\n<h5 class=\"wp-block-heading\" id=\"4-3-3-forma-de-pago\">4.3.3 Metoda de plat\u0103<\/h5>\n\n\n\n<p>La plasarea comenzii, trebuie s\u0103 pl\u0103ti\u021bi suma folosind oricare dintre metodele de plat\u0103 pe care le accept\u0103m pe site-ul nostru. Numai a\u0219a vom \u00eencepe s\u0103 producem comanda dumneavoastr\u0103. \u00cen anumite cazuri \u0219i pentru a preveni eventualele fraude, la Kiemmi ne rezerv\u0103m dreptul de a le cere clien\u021bilor no\u0219tri s\u0103 foloseasc\u0103 o anumit\u0103 metod\u0103 de plat\u0103 sau de a solicita documenta\u021bie suplimentar\u0103.<\/p>\n\n\n\n<h5 class=\"wp-block-heading\" id=\"4-3-4-forma-gastos-y-plazos-de-envio\">4.3.4 Metoda de livrare, costuri \u0219i termene limit\u0103<\/h5>\n\n\n\n<p>Trimitem comenzi clien\u021bilor no\u0219tri reziden\u021bi \u00een Europa \u0219i \u00een restul lumii prin diferite companii de transport. Calcul\u0103m automat pre\u021bul fiec\u0103rei expedieri atunci c\u00e2nd solicita\u021bi o cota\u021bie sau plasa\u021bi o comand\u0103.<\/p>\n\n\n\n<p>Exist\u0103 anumite teritorii care, chiar dac\u0103 apar\u021bin unei anumite \u021b\u0103ri, pot suferi taxe suplimentare, deoarece companiile de transport le trateaz\u0103 \u00een mod normal ca fiind excep\u021bionale. De exemplu, Ceuta, Melilla, Guadalupe, Martinica, Insulele Canare etc.<\/p>\n\n\n\n<p>Timpii de produc\u021bie sunt vizibili pe site-ul nostru. Este posibil ca o comand\u0103 s\u0103 \u00eent\u00e2mpine anumite \u00eent\u00e2rzieri de produc\u021bie, din cauza lipsei de produse, confirm\u0103rii \u00eent\u00e2rziate din partea dvs., designului incorect etc. \u00cen orice caz, la Kiemmi suntem con\u0219tien\u021bi c\u0103 trebuie s\u0103 livr\u0103m produsele la adresa de expediere pe care ne-o indica\u021bi \u00een calitate de client \u00een cel mai scurt timp posibil, conform termenelor limit\u0103 de produc\u021bie \u0219i a timpului de livrare, \u0219i \u00eentotdeauna \u00een termen de treizeci (30) de calendare. zile de la data confirmarii comenzii. Dac\u0103 exist\u0103 vreo \u00eent\u00e2rziere, v\u0103 vom contacta \u0219i v\u0103 vom informa cu privire la posibilele modific\u0103ri.<\/p>\n\n\n\n<p>Timpul de transport poate fi modificat de incidente extraordinare \u00een transport (de exemplu, greve, incidente meteo, situa\u021bii politice excep\u021bionale etc.) sau de vam\u0103, controale \u00een \u021bara de destina\u021bie sau dificult\u0103\u021bi \u00een livrarea m\u0103rfii. La Kiemmi nu ne asum\u0103m responsabilitatea pentru \u00eent\u00e2rzierile cauzate de agen\u021bia de transport sau pentru orice procedur\u0103 de control vamal. Dar promitem s\u0103 \u00eenlocuim \u00eentr-un timp rezonabil orice comand\u0103 care a fost deteriorat\u0103 sau pierdut\u0103 \u00een timpul transportului.<\/p>\n\n\n\n<h3 class=\"wp-block-heading\" id=\"5-garantias-cambios-cancelaciones-y-devoluciones\">5. Garantii, Schimburi, Anulari si Retururi<\/h3>\n\n\n\n<p>\u00cen calitate de utilizator, pute\u021bi modifica sau ad\u0103uga un nou design, pute\u021bi schimba adresa de livrare \u0219i\/sau de facturare sau pute\u021bi anula comanda, at\u00e2ta timp c\u00e2t aceasta nu a intrat efectiv \u00een procesul de produc\u021bie.<\/p>\n\n\n\n<p>Pentru a face acest lucru, trebuie s\u0103 trimite\u021bi un e-mail la&nbsp;<a href=\"mailto:info@kiemmi.com\">info@kiemmi.com<\/a>, ata\u0219\u00e2nd num\u0103rul de referin\u021b\u0103 al comenzii dumneavoastr\u0103. V\u0103 vom informa dup\u0103 revizuirea st\u0103rii comenzii dumneavoastr\u0103 dac\u0103 modificarea sau posibilitatea de anulare este sau nu aplicabil\u0103.<\/p>\n\n\n\n<p>\u00cen calitate de utilizator \u0219i client, ve\u021bi avea la dispozi\u021bie paisprezece (14) zile calendaristice pentru a v\u0103 retrage din achizi\u021bia dumneavoastr\u0103 \u0219i a returna produsul sau produsele, din momentul primirii comenzii \u0219i at\u00e2ta timp c\u00e2t nu este un produs personalizat, adic\u0103 modificate pentru clien\u021bii no\u0219tri conform instruc\u021biunilor acestora. Pentru produsele personalizate nu putem accepta schimburi sau retururi.<\/p>\n\n\n\n<p>Produsele personalizate pot avea u\u0219oare modific\u0103ri \u00een ceea ce prive\u0219te culoarea, greutatea, textura, materialele, dimensiunea sau designul, respect\u00e2nd \u00eentotdeauna scopul \u0219i ideea ini\u021bial\u0103 afi\u0219ate pe paginile noastre web. La r\u00e2ndul dumneavoastr\u0103, trebuie s\u0103 trata\u021bi produsele Kiemmi cu cea mai mare grij\u0103, nefiind folosit \u0219i nefiind supus unor condi\u021bii nepotrivite sau d\u0103un\u0103toare, sau la manipul\u0103ri care le-ar putea deteriora starea \u00eentr-un mod anormal. Este responsabilitatea dvs. s\u0103 le p\u0103stra\u021bi \u00een mod corespunz\u0103tor p\u00e2n\u0103 c\u00e2nd le revizuim la Kiemmi, dac\u0103 dori\u021bi s\u0103 le returna\u021bi sau s\u0103 face\u021bi o reclama\u021bie.<\/p>\n\n\n\n<p>Costurile de transport pentru retur sunt responsabilitatea clientului. Pentru a face acest lucru, trebuie s\u0103 trimite\u021bi un e-mail la&nbsp;<a href=\"mailto:info@kiemmi.co\">info@kiemmi.com<\/a>&nbsp;solicit\u00e2nd returnarea comenzii dvs.<\/p>\n\n\n\n<p>Odat\u0103 returnat materialul, \u0219i c\u00e2nd verific\u0103m starea lui incorect\u0103, vom proceda la returnarea produsului pl\u0103tit, pe l\u00e2ng\u0103 rambursarea costurilor ini\u021biale de transport \u00een modalitatea sa cea mai de baz\u0103 (Livrare Standard). Daca returnarea se datoreaza erorii noastre, Kiemmi isi va asuma costurile de transport pentru returnarea produsului. \u00cen caz contrar, va trebui s\u0103 pl\u0103ti\u021bi costurile de transport pentru retur.<\/p>\n\n\n\n<p>Vom returna suma rambursat\u0103 \u00een termen de paisprezece (14) zile de la primirea efectiv\u0103 a produsului returnat \u0219i prin aceea\u0219i metod\u0103 de plat\u0103 pe care a\u021bi folosit-o pentru achizi\u021bie.<\/p>\n\n\n\n<h3 class=\"wp-block-heading\" id=\"6-propiedad-intelectual\">6. Proprietatea intelectual\u0103<\/h3>\n\n\n\n<p>Ne rezerv\u0103m toate drepturile de proprietate protejate de proprietatea intelectual\u0103 \u0219i industrial\u0103 incluse \u00een site-ul Kiemmi, adic\u0103 cu titlu de exemplu, dar f\u0103r\u0103 a se limita la: texte, imagini, design grafic, m\u0103rci, structura de navigare, informa\u021bii \u0219i con\u021binut. Este responsabilitatea noastr\u0103 exclusiv\u0103 s\u0103 exercit\u0103m drepturile de exploatare a acestora sub orice form\u0103 \u0219i, \u00een special, drepturile de reproducere, distribu\u021bie, comunicare public\u0103 \u0219i transformare, \u00een conformitate cu legisla\u021bia spaniol\u0103 privind drepturile de proprietate intelectual\u0103 \u0219i industrial\u0103.<\/p>\n\n\n\n<p>\u00cen cazul \u00een care \u00een calitate de utilizator personaliza\u021bi un produs de pe site-ul Kiemmi, cu o imagine propus\u0103 de dvs. \u0219i neinclus\u0103 \u00een catalogul de imagini Kiemmi, trebuie s\u0103 v\u0103 garanta\u021bi c\u0103 ave\u021bi toate drepturile de Proprietate Intelectual\u0103 \u0219i Industrial\u0103, precum \u0219i orice drepturi ale imaginea sau confiden\u021bialitatea privind persoanele fizice sau juridice care pot exista, necesare exploat\u0103rii imaginii \u00een forma sau modul dorit. La r\u00e2ndul s\u0103u, \u00een calitate de utilizator ne acorda\u021bi o licen\u021b\u0103 limitat\u0103 de a reproduce, comunica, distribui \u0219i transforma imaginea pe care o propune\u021bi \u00een produsul sau produsele personalizate comandate de dumneavoastr\u0103. Odat\u0103 ce produsul este produs \u0219i expediat la adresa dvs. de livrare, licen\u021ba respectiv\u0103 va fi reziliat\u0103.<\/p>\n\n\n\n<p>Exonera\u021bi Kiemmi de orice r\u0103spundere pentru preten\u021bii din partea ter\u021bilor care decurg din utilizarea ilegal\u0103 sau criminal\u0103 a imaginilor care fac obiectul Propriet\u0103\u021bii Intelectuale sau Industriale, sau a drepturilor de imagine sau de confiden\u021bialitate ale persoanelor fizice \u00een produsele personalizate prin intermediul site-urilor noastre web.<\/p>\n\n\n\n<h3 class=\"wp-block-heading\" id=\"7-quejas-y-reclamaciones\">7. Reclama\u021bii \u0219i Reclama\u021bii<\/h3>\n\n\n\n<p>\u00cen calitate de client, pute\u021bi contacta oric\u00e2nd&nbsp;<a href=\"mailto:info@kiemmi.com\">info@kiemmi.com<\/a>&nbsp;pentru a transmite orice pl\u00e2ngere, sugestie sau reclama\u021bie care decurge din furnizarea serviciilor noastre. Pentru a facilita procesarea, v\u0103 rug\u0103m s\u0103 ne furniza\u021bi \u00eentotdeauna factura sau num\u0103rul de comand\u0103 al comenzii dumneavoastr\u0103. Ne angaj\u0103m s\u0103 r\u0103spundem solicit\u0103rilor \u00een termen de \u0219apte (7) zile lucr\u0103toare, de la data la care acestea au fost primite \u00een mod corespunz\u0103tor de c\u0103tre noi. \u00cen cazul \u00een care reclama\u021bia provine din material care nu provine de la Kiemmi, poate fi necesar s\u0103 prelungim acest termen, astfel \u00eenc\u00e2t s\u0103 putem contacta produc\u0103torul.<\/p>\n\n\n\n<p>Nu ve\u021bi putea depune pl\u00e2ngeri sau reclama\u021bii cu privire la comenzi dup\u0103 ce au trecut \u0219apte (7) zile de la livrarea lor efectiv\u0103.<\/p>\n\n\n\n<h3 class=\"wp-block-heading\" id=\"8-derechos-de-camaloon\">8. Drepturile Kiemmi<\/h3>\n\n\n\n<h4 class=\"wp-block-heading\" id=\"8-1-monitorizacion\">8.1 Monitorizare<\/h4>\n\n\n\n<p>La Kiemmi ne rezerv\u0103m dreptul (f\u0103r\u0103 s\u0103 ne asum\u0103m obliga\u021bia) de a monitoriza toate tranzac\u021biile \u0219i comunic\u0103rile care au loc pe site-ul nostru. Dac\u0103 consider\u0103m, la discre\u021bia noastr\u0103, c\u0103 un utilizator sau un client \u00eencalc\u0103 sau poate \u00eenc\u0103lca orice condi\u021bie din prezentele Condi\u021bii Generale de Utilizare \u0219i V\u00e2nzare sau c\u0103 tranzac\u021bia sau comunicarea respectiv\u0103 este inadecvat\u0103, putem anula sau restric\u021biona accesul la respectivul utilizator, f\u0103r\u0103 nicio posibilitate de a revendicarea.<\/p>\n\n\n\n<h4 class=\"wp-block-heading\" id=\"8-2-modificacion-del-servicio\">8.2 Modificarea serviciului<\/h4>\n\n\n\n<p>La Kiemmi ne rezerv\u0103m dreptul de a modifica distribu\u021bia, organizarea \u0219i aspectul site-ului nostru web \u0219i a serviciilor pe care le oferim \u0219i putem schimba sau suspenda orice aspect al serviciilor \u0219i\/sau pre\u021burilor noastre f\u0103r\u0103 notificare prealabil\u0103 sau orice posibilitate de reclama\u021bie.<\/p>\n\n\n\n<h4 class=\"wp-block-heading\" id=\"8-3-cancelacion-del-contrato\">8.3 Anularea contractului<\/h4>\n\n\n\n<p>De la Kiemmi, la propria discre\u021bie \u0219i cu sau f\u0103r\u0103 notificare prealabil\u0103, putem:<\/p>\n\n\n\n<ul class=\"wp-block-list\"><li>Suspenda\u021bi sau limita\u021bi utilizarea Kiemmi la un anumit utilizator, precum \u0219i \u00eenchide\u021bi complet un cont sau anula\u021bi accesul la site-urile noastre web<\/li><li>Bloca\u021bi sau anula\u021bi producerea oric\u0103rei comenzi care include imagini care constituie infrac\u021biune, care \u00eencalc\u0103 drepturile ter\u021bilor, care sunt ofensatoare, de prost gust, care includ mesaje violente, abuzive, extrem de radicale, sectare sau contrare mesajelor fundamentale ale drepturilor omului. .<\/li><li>Bloca\u021bi sau anula\u021bi producerea oric\u0103rei comenzi care, odat\u0103 revizuit\u0103, include erori \u00een desene, \u00een calculul pre\u021bului, care nu poate oferi o garan\u021bie suficient\u0103 a rezultatului final etc.<\/li><li>Raporta\u021bi autorit\u0103\u021bilor competente orice abuz sau fraud\u0103 care a avut loc pe site-urile noastre web<\/li><li>\u0218terge\u021bi orice con\u021binut pe care \u00eel consider\u0103m adecvat de pe serverele \u0219i directoarele Kiemmi sau orice con\u021binut care a fost propus de un utilizator<\/li><li>\u00centrerupe\u021bi v\u00e2nzarea oric\u0103rui produs specific sau \u00een orice tip de moned\u0103, alta dec\u00e2t euro (\u20ac).<\/li><li>\u00centrerupe\u021bi serviciul la discre\u021bia noastr\u0103 sau oferi\u021bi-l \u00een mod limitat.<\/li><\/ul>\n\n\n\n<h3 class=\"wp-block-heading\" id=\"9-politica-de-enlaces\">9. Politica legaturilor<\/h3>\n\n\n\n<p>La Kiemmi nu suntem responsabili pentru acele site-uri web sau fi\u0219iere care pot fi accesate prin link-uri hipertext (\u201elink-uri\u201d) disponibile printre con\u021binutul nostru. Responsabilitatea revine proprietarilor lor. Prin urmare, nu aprob\u0103m \u0219i nu aprob\u0103m produsele, serviciile, con\u021binutul, informa\u021biile, datele, fi\u0219ierele \u0219i orice tip de material existent pe astfel de pagini web sau fi\u0219iere \u0219i nu control\u0103m \u0219i nu suntem responsabili pentru calitatea, ilegalitatea, fiabilitatea \u0219i utilitatea. a informa\u021biilor, con\u021binutului \u0219i serviciilor existente pe site-urile legate \u0219i care nu au leg\u0103tur\u0103 cu paginile noastre.<\/p>\n\n\n\n<p>\u00cen cazul \u00een care se consider\u0103 oportun sau \u00een care un organ competent declar\u0103 nelegalitatea datelor, dispun\u00e2nd retragerea acestora sau c\u0103 accesul la acestea este imposibil, ori s-a declarat existen\u021ba prejudiciului \u0219i ni s-a comunicat \u00een mod expres rezolu\u021bia corespunz\u0103toare. , vom elimina imediat link-urile indicate.<\/p>\n\n\n\n<h3 class=\"wp-block-heading\" id=\"10-limitacion-de-responsabilidad\">10. Limitarea r\u0103spunderii<\/h3>\n\n\n\n<p>Excludem orice r\u0103spundere pentru daune de orice fel care se pot datora lipsei de disponibilitate sau continuit\u0103\u021bii func\u021bion\u0103rii site-urilor noastre. De asemenea, declin\u0103m orice tip de responsabilitate derivat\u0103 din utilizarea gre\u0219it\u0103 sau utilizarea necorespunz\u0103toare a produselor noastre.<\/p>\n\n\n\n<h3 class=\"wp-block-heading\" id=\"11-cambios-en-las-presentes-condiciones-generales-de-uso-y-venta\">11. Modific\u0103ri ale acestor Condi\u021bii generale de utilizare \u0219i v\u00e2nzare<\/h3>\n\n\n\n<p>Ne rezerv\u0103m dreptul de a modifica orice aspect al acestor Condi\u021bii generale de utilizare \u0219i v\u00e2nzare, inclusiv pre\u021burile noastre, modelele acceptate sau con\u021binutul respins.<\/p>\n\n\n\n<h3 class=\"wp-block-heading\" id=\"12-legislacion-aplicable-y-jurisdiccion-competente\">12. Legea aplicabil\u0103 \u0219i jurisdic\u021bia competent\u0103<\/h3>\n\n\n\n<p>Aceste Condi\u021bii generale de utilizare \u0219i v\u00e2nzare sunt guvernate de legea spaniol\u0103.<\/p>\n\n\n\n<p>In cazul in care este o persoana fizica cea care efectueaza achizitionarea produselor, pentru solutionarea eventualelor litigii partile convin sa se supuna arbitrajului de consum stabilit prin regulament, renuntandu-se la orice alta jurisdictie care le-ar putea aplica.<\/p>\n\n\n\n<p>In cazul in care este o firma care achizitioneaza produse, pentru solutionarea eventualelor litigii partile convin sa se supuna instantelor si tribunalelor cu jurisdictie din Nules, renuntandu-se la orice alta jurisdictie care le-ar putea aplica.<\/p>","protected":false},"excerpt":{"rendered":"<p>1. Datos identificativos de KIEMMI El prestador del servicio del sitio web es Emmanuel Kielichowski (en adelante, &#8220;Kiemmi&#8221;), con VAT intracomunitario ESX2878559V y con domicilio social en Calle Claveles 4, 12600 Vall de Ux\u00f3 (Castell\u00f3n), Spain. 2. Descripci\u00f3n del servicio En Kiemmi proporcionamos una serie de servicios a trav\u00e9s de Internet a nuestros usuarios y [&hellip;]<\/p>\n","protected":false},"author":1,"featured_media":0,"parent":0,"menu_order":0,"comment_status":"closed","ping_status":"closed","template":"","meta":{"_seopress_robots_primary_cat":"0","_seopress_titles_title":"","_seopress_titles_desc":"","_seopress_robots_index":"","_seopress_analysis_target_kw":"","site-sidebar-layout":"default","site-content-layout":"","ast-site-content-layout":"default","site-content-style":"default","site-sidebar-style":"default","ast-global-header-display":"","ast-banner-title-visibility":"","ast-main-header-display":"","ast-hfb-above-header-display":"","ast-hfb-below-header-display":"","ast-hfb-mobile-header-display":"","site-post-title":"","ast-breadcrumbs-content":"","ast-featured-img":"","footer-sml-layout":"","ast-disable-related-posts":"","theme-transparent-header-meta":"","adv-header-id-meta":"","stick-header-meta":"","header-above-stick-meta":"","header-main-stick-meta":"","header-below-stick-meta":"","astra-migrate-meta-layouts":"default","ast-page-background-enabled":"default","ast-page-background-meta":{"desktop":{"background-color":"","background-image":"","background-repeat":"repeat","background-position":"center center","background-size":"auto","background-attachment":"scroll","background-type":"","background-media":"","overlay-type":"","overlay-color":"","overlay-opacity":"","overlay-gradient":""},"tablet":{"background-color":"","background-image":"","background-repeat":"repeat","background-position":"center center","background-size":"auto","background-attachment":"scroll","background-type":"","background-media":"","overlay-type":"","overlay-color":"","overlay-opacity":"","overlay-gradient":""},"mobile":{"background-color":"","background-image":"","background-repeat":"repeat","background-position":"center center","background-size":"auto","background-attachment":"scroll","background-type":"","background-media":"","overlay-type":"","overlay-color":"","overlay-opacity":"","overlay-gradient":""}},"ast-content-background-meta":{"desktop":{"background-color":"var(--ast-global-color-5)","background-image":"","background-repeat":"repeat","background-position":"center center","background-size":"auto","background-attachment":"scroll","background-type":"","background-media":"","overlay-type":"","overlay-color":"","overlay-opacity":"","overlay-gradient":""},"tablet":{"background-color":"var(--ast-global-color-5)","background-image":"","background-repeat":"repeat","background-position":"center center","background-size":"auto","background-attachment":"scroll","background-type":"","background-media":"","overlay-type":"","overlay-color":"","overlay-opacity":"","overlay-gradient":""},"mobile":{"background-color":"var(--ast-global-color-5)","background-image":"","background-repeat":"repeat","background-position":"center center","background-size":"auto","background-attachment":"scroll","background-type":"","background-media":"","overlay-type":"","overlay-color":"","overlay-opacity":"","overlay-gradient":""}},"footnotes":""},"class_list":["post-2743","page","type-page","status-publish","hentry"],"_links":{"self":[{"href":"https:\/\/kiemmi.com\/ro\/wp-json\/wp\/v2\/pages\/2743","targetHints":{"allow":["GET"]}}],"collection":[{"href":"https:\/\/kiemmi.com\/ro\/wp-json\/wp\/v2\/pages"}],"about":[{"href":"https:\/\/kiemmi.com\/ro\/wp-json\/wp\/v2\/types\/page"}],"author":[{"embeddable":true,"href":"https:\/\/kiemmi.com\/ro\/wp-json\/wp\/v2\/users\/1"}],"replies":[{"embeddable":true,"href":"https:\/\/kiemmi.com\/ro\/wp-json\/wp\/v2\/comments?post=2743"}],"version-history":[{"count":0,"href":"https:\/\/kiemmi.com\/ro\/wp-json\/wp\/v2\/pages\/2743\/revisions"}],"wp:attachment":[{"href":"https:\/\/kiemmi.com\/ro\/wp-json\/wp\/v2\/media?parent=2743"}],"curies":[{"name":"wp","href":"https:\/\/api.w.org\/{rel}","templated":true}]}}