{"id":2226,"date":"2020-07-25T11:07:48","date_gmt":"2020-07-25T11:07:48","guid":{"rendered":"https:\/\/www.tks3d.com\/?page_id=2226"},"modified":"2022-01-22T17:54:20","modified_gmt":"2022-01-22T17:54:20","slug":"politica-de-cookie-uri","status":"publish","type":"page","link":"https:\/\/kiemmi.com\/ro\/politica-de-cookies\/","title":{"rendered":"Politica de cookie-uri"},"content":{"rendered":"<p>\u00cen conformitate cu prevederile articolului 22.2 din Legea 34\/2002, din 11 iulie, privind Serviciile Societ\u0103\u021bii Informa\u021bionale \u0219i Comer\u021bul Electronic, acest site v\u0103 informeaz\u0103, \u00een aceast\u0103 sec\u021biune, despre&nbsp;<strong>politica de colectare \u0219i procesare a cookie-urilor<\/strong>.<\/p>\n\n\n\n<h4 class=\"wp-block-heading\">Ce sunt cookie-urile?<\/h4>\n\n\n\n<p>Un cookie este un fi\u0219ier care este desc\u0103rcat pe computerul dumneavoastr\u0103 atunci c\u00e2nd accesa\u021bi anumite pagini web. Cookie-urile permit unui site web, printre altele, s\u0103 stocheze \u0219i s\u0103 preia informa\u021bii despre obiceiurile de navigare ale unui utilizator sau ale echipamentului acestuia \u0219i, \u00een func\u021bie de informa\u021biile pe care le con\u021bin \u0219i de modul \u00een care utiliza\u021bi echipamentul dvs., acestea pot fi folosite pentru a recunoa\u0219te utilizatorului.<\/p>\n\n\n\n<h4 class=\"wp-block-heading\">Tipuri de cookie-uri \u0219i scopul lor<\/h4>\n\n\n\n<p>La navigarea pe acest site, se folosesc cookie-uri de sesiune, cookie-uri persistente, cookie-uri de analiz\u0103, cookie-uri de personalizare:<\/p>\n\n\n\n<p><strong>Cookie-uri de sesiune:<\/strong>&nbsp;Sunt cookie-uri concepute pentru a colecta \u0219i stoca date \u00een timp ce utilizatorul acceseaz\u0103 o pagin\u0103 web. Acestea sunt de obicei folosite pentru a stoca informa\u021bii care sunt doar interesante de p\u0103strat pentru furnizarea serviciului solicitat de utilizator cu o singur\u0103 ocazie.<\/p>\n\n\n\n<p><strong>Cookie-uri persistente:<\/strong>&nbsp;Sunt un tip de cookie-uri \u00een care datele continu\u0103 s\u0103 fie stocate \u00een terminal \u0219i pot fi accesate \u0219i prelucrate pentru o perioad\u0103 definit\u0103 de persoana responsabil\u0103 cu cookie-ul, care poate varia de la c\u00e2teva minute p\u00e2n\u0103 la c\u00e2\u021biva ani.<\/p>\n\n\n\n<p><strong>Cookie-uri de analiz\u0103<\/strong>: Sunt acelea care, bine tratate de noi sau de terti, ne permit sa cuantificam numarul de utilizatori si astfel sa realizam masurarea si analiza statistica a utilizarii facute de utilizatori a serviciului oferit. Pentru a face acest lucru, navigarea dumneavoastr\u0103 pe site-ul nostru este analizat\u0103 \u00een vederea \u00eembun\u0103t\u0103\u021birii ofertei de produse sau servicii pe care le oferim.<\/p>\n\n\n\n<p><strong>Cookie-uri de personalizare<\/strong>: Sunt cele care permit utilizatorului s\u0103 acceseze serviciul cu unele caracteristici generale predefinite pe baza unei serii de criterii pe terminalul utilizatorului, precum limba sau tipul de browser prin care utilizatorul se conecteaz\u0103 la serviciu.<\/p>\n\n\n\n<h4 class=\"wp-block-heading\">Actualiz\u0103ri \u0219i modific\u0103ri ale Politicii privind cookie-urile<\/h4>\n\n\n\n<p>KIEMMI poate modifica aceast\u0103 Politic\u0103 privind cookie-urile pe baza noilor cerin\u021be legislative sau de reglementare sau \u00een scopul adapt\u0103rii respectivei politici la instruc\u021biunile emise de Agen\u021bia Spaniol\u0103 pentru Protec\u021bia Datelor.<\/p>\n\n\n\n<p>Dac\u0103 dori\u021bi mai multe informa\u021bii despre modul \u00een care folosim cookie-urile, ne pute\u021bi trimite un e-mail la info@tekniservice.com<\/p>","protected":false},"excerpt":{"rendered":"<p>En cumplimiento con lo dispuesto en el art\u00edculo 22.2 de la Ley 34\/2002, de 11 de julio, de Servicios de la Sociedad de la Informaci\u00f3n y de Comercio Electr\u00f3nico, esta p\u00e1gina web le informa, en esta secci\u00f3n, sobre la&nbsp;pol\u00edtica de recogida y tratamiento de cookies. \u00bfQu\u00e9 son las cookies? Una cookie es un fichero que [&hellip;]<\/p>\n","protected":false},"author":1,"featured_media":0,"parent":0,"menu_order":0,"comment_status":"closed","ping_status":"closed","template":"","meta":{"_seopress_robots_primary_cat":"0","_seopress_titles_title":"","_seopress_titles_desc":"","_seopress_robots_index":"","_seopress_analysis_target_kw":"","site-sidebar-layout":"default","site-content-layout":"","ast-site-content-layout":"default","site-content-style":"default","site-sidebar-style":"default","ast-global-header-display":"","ast-banner-title-visibility":"","ast-main-header-display":"","ast-hfb-above-header-display":"","ast-hfb-below-header-display":"","ast-hfb-mobile-header-display":"","site-post-title":"","ast-breadcrumbs-content":"","ast-featured-img":"","footer-sml-layout":"","ast-disable-related-posts":"","theme-transparent-header-meta":"","adv-header-id-meta":"","stick-header-meta":"","header-above-stick-meta":"","header-main-stick-meta":"","header-below-stick-meta":"","astra-migrate-meta-layouts":"default","ast-page-background-enabled":"default","ast-page-background-meta":{"desktop":{"background-color":"","background-image":"","background-repeat":"repeat","background-position":"center center","background-size":"auto","background-attachment":"scroll","background-type":"","background-media":"","overlay-type":"","overlay-color":"","overlay-opacity":"","overlay-gradient":""},"tablet":{"background-color":"","background-image":"","background-repeat":"repeat","background-position":"center center","background-size":"auto","background-attachment":"scroll","background-type":"","background-media":"","overlay-type":"","overlay-color":"","overlay-opacity":"","overlay-gradient":""},"mobile":{"background-color":"","background-image":"","background-repeat":"repeat","background-position":"center center","background-size":"auto","background-attachment":"scroll","background-type":"","background-media":"","overlay-type":"","overlay-color":"","overlay-opacity":"","overlay-gradient":""}},"ast-content-background-meta":{"desktop":{"background-color":"var(--ast-global-color-5)","background-image":"","background-repeat":"repeat","background-position":"center center","background-size":"auto","background-attachment":"scroll","background-type":"","background-media":"","overlay-type":"","overlay-color":"","overlay-opacity":"","overlay-gradient":""},"tablet":{"background-color":"var(--ast-global-color-5)","background-image":"","background-repeat":"repeat","background-position":"center center","background-size":"auto","background-attachment":"scroll","background-type":"","background-media":"","overlay-type":"","overlay-color":"","overlay-opacity":"","overlay-gradient":""},"mobile":{"background-color":"var(--ast-global-color-5)","background-image":"","background-repeat":"repeat","background-position":"center center","background-size":"auto","background-attachment":"scroll","background-type":"","background-media":"","overlay-type":"","overlay-color":"","overlay-opacity":"","overlay-gradient":""}},"footnotes":""},"class_list":["post-2226","page","type-page","status-publish","hentry"],"_links":{"self":[{"href":"https:\/\/kiemmi.com\/ro\/wp-json\/wp\/v2\/pages\/2226","targetHints":{"allow":["GET"]}}],"collection":[{"href":"https:\/\/kiemmi.com\/ro\/wp-json\/wp\/v2\/pages"}],"about":[{"href":"https:\/\/kiemmi.com\/ro\/wp-json\/wp\/v2\/types\/page"}],"author":[{"embeddable":true,"href":"https:\/\/kiemmi.com\/ro\/wp-json\/wp\/v2\/users\/1"}],"replies":[{"embeddable":true,"href":"https:\/\/kiemmi.com\/ro\/wp-json\/wp\/v2\/comments?post=2226"}],"version-history":[{"count":0,"href":"https:\/\/kiemmi.com\/ro\/wp-json\/wp\/v2\/pages\/2226\/revisions"}],"wp:attachment":[{"href":"https:\/\/kiemmi.com\/ro\/wp-json\/wp\/v2\/media?parent=2226"}],"curies":[{"name":"wp","href":"https:\/\/api.w.org\/{rel}","templated":true}]}}