{"id":8907,"date":"2024-10-10T17:42:33","date_gmt":"2024-10-10T17:42:33","guid":{"rendered":"https:\/\/kiemmi.com\/?post_type=product&#038;p=8907"},"modified":"2025-09-02T08:41:16","modified_gmt":"2025-09-02T08:41:16","slug":"cofrinho-de-hamster-3d-personalizavel","status":"publish","type":"product","link":"https:\/\/kiemmi.com\/pt\/shop\/huchas\/hucha-hamster-3d-personalizable\/","title":{"rendered":"Cofrinho de hamster 3D personaliz\u00e1vel"},"content":{"rendered":"<p>Descubra nosso charmoso cofrinho em formato de hamster impresso em 3D, perfeito para quem busca um presente original e pr\u00e1tico. Com um design charmoso e a op\u00e7\u00e3o de personalizar as cores e adicionar um nome, este cofrinho combina com qualquer estilo. Ideal para todas as idades, ele combina funcionalidade e criatividade em um \u00fanico produto.<\/p>\n<p><strong>Caracter\u00edsticas:<\/strong><\/p>\n<ul>\n<li>\ud83d\udc39 <strong>Lindo design de hamster<\/strong>: Um cofrinho em formato de hamster que d\u00e1 um toque divertido e ador\u00e1vel a qualquer espa\u00e7o.<\/li>\n<li>\ud83c\udfa8 <strong style=\"font-family: -apple-system, BlinkMacSystemFont, 'Segoe UI', Roboto, 'Helvetica Neue', Arial, sans-serif, 'Apple Color Emoji', 'Segoe UI Emoji', 'Segoe UI Symbol'; font-size: 1rem;\">Personaliza\u00e7\u00e3o de cores<\/strong><span style=\"font-family: -apple-system, BlinkMacSystemFont, 'Segoe UI', Roboto, 'Helvetica Neue', Arial, sans-serif, 'Apple Color Emoji', 'Segoe UI Emoji', 'Segoe UI Symbol'; font-size: 1rem;\">: Escolha as cores que preferir para que o cofrinho reflita sua personalidade ou a de quem o receber.<\/span><\/li>\n<li>\u270f\ufe0f <strong style=\"font-family: -apple-system, BlinkMacSystemFont, 'Segoe UI', Roboto, 'Helvetica Neue', Arial, sans-serif, 'Apple Color Emoji', 'Segoe UI Emoji', 'Segoe UI Symbol'; font-size: 1rem;\">Nome personaliz\u00e1vel<\/strong><span style=\"font-family: -apple-system, BlinkMacSystemFont, 'Segoe UI', Roboto, 'Helvetica Neue', Arial, sans-serif, 'Apple Color Emoji', 'Segoe UI Emoji', 'Segoe UI Symbol'; font-size: 1rem;\">: Adicione o nome que voc\u00ea deseja para tornar o cofrinho completamente \u00fanico e especial.<\/span><\/li>\n<li>\u2699\ufe0f <strong style=\"font-family: -apple-system, BlinkMacSystemFont, 'Segoe UI', Roboto, 'Helvetica Neue', Arial, sans-serif, 'Apple Color Emoji', 'Segoe UI Emoji', 'Segoe UI Symbol'; font-size: 1rem;\">Mecanismo interativo para crian\u00e7as<\/strong><span style=\"font-family: -apple-system, BlinkMacSystemFont, 'Segoe UI', Roboto, 'Helvetica Neue', Arial, sans-serif, 'Apple Color Emoji', 'Segoe UI Emoji', 'Segoe UI Symbol'; font-size: 1rem;\">: O sistema de engrenagens no fecho oferece uma experi\u00eancia divertida para os pequenos, transformando a economia em uma atividade divertida.<\/span><\/li>\n<li>\ud83c\udf81 <strong style=\"font-family: -apple-system, BlinkMacSystemFont, 'Segoe UI', Roboto, 'Helvetica Neue', Arial, sans-serif, 'Apple Color Emoji', 'Segoe UI Emoji', 'Segoe UI Symbol'; font-size: 1rem;\">Um presente inesquec\u00edvel<\/strong><span style=\"font-family: -apple-system, BlinkMacSystemFont, 'Segoe UI', Roboto, 'Helvetica Neue', Arial, sans-serif, 'Apple Color Emoji', 'Segoe UI Emoji', 'Segoe UI Symbol'; font-size: 1rem;\">: \u00c9 perfeito para surpreender amigos, familiares ou qualquer f\u00e3 de hamster, gra\u00e7as ao seu design exclusivo e op\u00e7\u00f5es de personaliza\u00e7\u00e3o.<\/span><\/li>\n<li>\ud83d\udccf <strong style=\"font-family: -apple-system, BlinkMacSystemFont, 'Segoe UI', Roboto, 'Helvetica Neue', Arial, sans-serif, 'Apple Color Emoji', 'Segoe UI Emoji', 'Segoe UI Symbol'; font-size: 1rem;\">Tamanho ideal<\/strong><span style=\"font-family: -apple-system, BlinkMacSystemFont, 'Segoe UI', Roboto, 'Helvetica Neue', Arial, sans-serif, 'Apple Color Emoji', 'Segoe UI Emoji', 'Segoe UI Symbol'; font-size: 1rem;\">: Medindo 17,4 cm de comprimento x 9,4 cm de largura e 3,5 cm de espessura, ele \u00e9 compacto o suficiente para caber em qualquer lugar sem ocupar muito espa\u00e7o.<\/span><\/li>\n<li>\ud83c\udfa8 <strong style=\"font-family: -apple-system, BlinkMacSystemFont, 'Segoe UI', Roboto, 'Helvetica Neue', Arial, sans-serif, 'Apple Color Emoji', 'Segoe UI Emoji', 'Segoe UI Symbol'; font-size: 1rem;\">Impress\u00e3o 3D de alta precis\u00e3o<\/strong><span style=\"font-family: -apple-system, BlinkMacSystemFont, 'Segoe UI', Roboto, 'Helvetica Neue', Arial, sans-serif, 'Apple Color Emoji', 'Segoe UI Emoji', 'Segoe UI Symbol'; font-size: 1rem;\">: Fabricado com impress\u00e3o 3D de qualidade, garantindo um acabamento detalhado e dur\u00e1vel.<\/span><\/li>\n<\/ul>\n<p>Com este cofrinho em formato de hamster, voc\u00ea n\u00e3o s\u00f3 ter\u00e1 um lugar pr\u00e1tico para guardar suas economias, mas tamb\u00e9m um acess\u00f3rio decorativo e personalizado que colocar\u00e1 um sorriso no rosto de qualquer pessoa.<\/p>","protected":false},"excerpt":{"rendered":"<p>Este cofrinho em formato de hamster \u00e9 um presente original e personaliz\u00e1vel, ideal para qualquer ocasi\u00e3o. Seu design charmoso e divertido se destaca pela op\u00e7\u00e3o de escolher cores e adicionar um nome. O fecho com trava de engrenagem o torna interativo e divertido, especialmente para crian\u00e7as. Com um tamanho compacto e pr\u00e1tico, \u00e9 f\u00e1cil de colocar em qualquer espa\u00e7o. Al\u00e9m disso, sua impress\u00e3o 3D de alta qualidade garante durabilidade e um acabamento detalhado.<\/p>","protected":false},"featured_media":8912,"template":"","meta":{"_seopress_robots_primary_cat":"88","_seopress_titles_title":"Hucha h\u00e1mster 3D personalizable: regalo \u00fanico","_seopress_titles_desc":"Descubre la hucha personalizable perfecta en dise\u00f1o de h\u00e1mster 3D, con colores y nombre \u00fanicos. Un regalo original y pr\u00e1ctico para todas las edades.","_seopress_robots_index":"","site-sidebar-layout":"default","site-content-layout":"","ast-site-content-layout":"default","site-content-style":"default","site-sidebar-style":"default","ast-global-header-display":"","ast-banner-title-visibility":"","ast-main-header-display":"","ast-hfb-above-header-display":"","ast-hfb-below-header-display":"","ast-hfb-mobile-header-display":"","site-post-title":"","ast-breadcrumbs-content":"","ast-featured-img":"","footer-sml-layout":"","ast-disable-related-posts":"","theme-transparent-header-meta":"","adv-header-id-meta":"","stick-header-meta":"","header-above-stick-meta":"","header-main-stick-meta":"","header-below-stick-meta":"","astra-migrate-meta-layouts":"default","ast-page-background-enabled":"default","ast-page-background-meta":{"desktop":{"background-color":"","background-image":"","background-repeat":"repeat","background-position":"center center","background-size":"auto","background-attachment":"scroll","background-type":"","background-media":"","overlay-type":"","overlay-color":"","overlay-opacity":"","overlay-gradient":""},"tablet":{"background-color":"","background-image":"","background-repeat":"repeat","background-position":"center center","background-size":"auto","background-attachment":"scroll","background-type":"","background-media":"","overlay-type":"","overlay-color":"","overlay-opacity":"","overlay-gradient":""},"mobile":{"background-color":"","background-image":"","background-repeat":"repeat","background-position":"center center","background-size":"auto","background-attachment":"scroll","background-type":"","background-media":"","overlay-type":"","overlay-color":"","overlay-opacity":"","overlay-gradient":""}},"ast-content-background-meta":{"desktop":{"background-color":"var(--ast-global-color-5)","background-image":"","background-repeat":"repeat","background-position":"center center","background-size":"auto","background-attachment":"scroll","background-type":"","background-media":"","overlay-type":"","overlay-color":"","overlay-opacity":"","overlay-gradient":""},"tablet":{"background-color":"var(--ast-global-color-5)","background-image":"","background-repeat":"repeat","background-position":"center center","background-size":"auto","background-attachment":"scroll","background-type":"","background-media":"","overlay-type":"","overlay-color":"","overlay-opacity":"","overlay-gradient":""},"mobile":{"background-color":"var(--ast-global-color-5)","background-image":"","background-repeat":"repeat","background-position":"center center","background-size":"auto","background-attachment":"scroll","background-type":"","background-media":"","overlay-type":"","overlay-color":"","overlay-opacity":"","overlay-gradient":""}}},"product_brand":[],"product_cat":[88,87,49],"product_tag":[],"class_list":{"0":"post-8907","1":"product","2":"type-product","3":"status-publish","4":"has-post-thumbnail","6":"product_cat-huchas","7":"product_cat-mascotas","8":"product_cat-regalos-originales","9":"desktop-align-center","10":"tablet-align-left","11":"mobile-align-center","12":"ast-product-gallery-layout-horizontal","13":"ast-magnify-disabled","14":"ast-product-tabs-layout-horizontal","15":"tm-has-options","17":"first","18":"instock","19":"taxable","20":"shipping-taxable","21":"purchasable","22":"product-type-simple"},"_links":{"self":[{"href":"https:\/\/kiemmi.com\/pt\/wp-json\/wp\/v2\/product\/8907","targetHints":{"allow":["GET"]}}],"collection":[{"href":"https:\/\/kiemmi.com\/pt\/wp-json\/wp\/v2\/product"}],"about":[{"href":"https:\/\/kiemmi.com\/pt\/wp-json\/wp\/v2\/types\/product"}],"version-history":[{"count":0,"href":"https:\/\/kiemmi.com\/pt\/wp-json\/wp\/v2\/product\/8907\/revisions"}],"wp:featuredmedia":[{"embeddable":true,"href":"https:\/\/kiemmi.com\/pt\/wp-json\/wp\/v2\/media\/8912"}],"wp:attachment":[{"href":"https:\/\/kiemmi.com\/pt\/wp-json\/wp\/v2\/media?parent=8907"}],"wp:term":[{"taxonomy":"product_brand","embeddable":true,"href":"https:\/\/kiemmi.com\/pt\/wp-json\/wp\/v2\/product_brand?post=8907"},{"taxonomy":"product_cat","embeddable":true,"href":"https:\/\/kiemmi.com\/pt\/wp-json\/wp\/v2\/product_cat?post=8907"},{"taxonomy":"product_tag","embeddable":true,"href":"https:\/\/kiemmi.com\/pt\/wp-json\/wp\/v2\/product_tag?post=8907"}],"curies":[{"name":"wp","href":"https:\/\/api.w.org\/{rel}","templated":true}]}}