{"id":8839,"date":"2024-10-04T12:20:48","date_gmt":"2024-10-04T12:20:48","guid":{"rendered":"https:\/\/kiemmi.com\/?post_type=product&#038;p=8839"},"modified":"2025-09-15T12:13:03","modified_gmt":"2025-09-15T12:13:03","slug":"cofrinhos-em-formato-de-pata-de-cachorro-3d-personalizaveis","status":"publish","type":"product","link":"https:\/\/kiemmi.com\/pt\/shop\/huchas\/huchas-3d-en-forma-de-huella-de-perro-hucha-personalizable\/","title":{"rendered":"Cofrinhos com estampa de pata de cachorro 3D \u2013 Cofrinho personaliz\u00e1vel"},"content":{"rendered":"<p>Torne a economia ainda mais divertida com este cofrinho original, impresso em 3D e totalmente personaliz\u00e1vel, com estampa de pata de cachorro! Voc\u00ea pode adicionar o nome do seu pet ou de outra pessoa, escolher suas cores favoritas e personalizar as bordas e a frente para torn\u00e1-lo \u00fanico. A fechadura possui um mecanismo de engrenagem, tornando-o n\u00e3o apenas seguro, mas tamb\u00e9m divertido para as crian\u00e7as. Com um tamanho pr\u00e1tico e design decorativo, este cofrinho \u00e9 um presente ideal para quem ama animais.<\/p>\n<p><strong>Recursos em destaque:<\/strong><\/p>\n<ul>\n<li>\ud83d\udc3e <strong>Formato de pegada personaliz\u00e1vel<\/strong>: Adicione o nome do seu animal de estima\u00e7\u00e3o e ajuste as cores, bordas e detalhes ao seu gosto.<\/li>\n<li>\ud83c\udfa8 <strong>Impress\u00e3o 3D detalhada<\/strong>: Fabricado com tecnologia de alta precis\u00e3o, garantindo um cofrinho dur\u00e1vel e com excelente acabamento.<\/li>\n<li>\ud83d\udd10 <strong>Fechando com engrenagens<\/strong>:Seu mecanismo de travamento tipo engrenagem f\u00e1cil de usar mant\u00e9m o cofrinho seguro, ao mesmo tempo que \u00e9 divertido para os pequenos.<\/li>\n<li>\ud83c\udf81 <strong>Um presente \u00fanico para os amantes dos animais<\/strong>: Ideal para quem ama c\u00e3es ou animais de estima\u00e7\u00e3o em geral.<\/li>\n<li>\ud83d\udccf <strong>Tamanho compacto e funcional<\/strong>: Com 16,7 cm de largura, 16 cm de altura e 3,5 cm de espessura, \u00e9 perfeito para colocar em qualquer lugar.<\/li>\n<li>\ud83c\udf08 <strong>Op\u00e7\u00f5es de personaliza\u00e7\u00e3o<\/strong>: Escolha as cores e os detalhes que preferir, garantindo que cada cofrinho seja t\u00e3o \u00fanico quanto seu animal de estima\u00e7\u00e3o.<\/li>\n<\/ul>","protected":false},"excerpt":{"rendered":"<p>Este cofrinho com estampa de pata impresso em 3D \u00e9 totalmente personaliz\u00e1vel, permitindo que voc\u00ea adicione o nome do seu pet e escolha as cores e bordas. Seu mecanismo de travamento com engrenagem \u00e9 seguro e divertido para crian\u00e7as. Com um design compacto, mede 16,7 cm de largura, 16 cm de altura e 3,5 cm de espessura. Ideal como presente para amantes de animais, \u00e9 decorativo e funcional. Tamb\u00e9m oferece op\u00e7\u00f5es de personaliza\u00e7\u00e3o para tornar cada cofrinho \u00fanico.<\/p>","protected":false},"featured_media":8862,"template":"","meta":{"_seopress_robots_primary_cat":"88","_seopress_titles_title":"Hucha 3D Huella Personalizada: Ahorra con Estilo","_seopress_titles_desc":"Haz del ahorro un juego divertido con nuestra hucha impresa en 3D. Personal\u00edzala totalmente y sorprende a los amantes de los animales.","_seopress_robots_index":"","site-sidebar-layout":"default","site-content-layout":"","ast-site-content-layout":"default","site-content-style":"default","site-sidebar-style":"default","ast-global-header-display":"","ast-banner-title-visibility":"","ast-main-header-display":"","ast-hfb-above-header-display":"","ast-hfb-below-header-display":"","ast-hfb-mobile-header-display":"","site-post-title":"","ast-breadcrumbs-content":"","ast-featured-img":"","footer-sml-layout":"","ast-disable-related-posts":"","theme-transparent-header-meta":"","adv-header-id-meta":"","stick-header-meta":"","header-above-stick-meta":"","header-main-stick-meta":"","header-below-stick-meta":"","astra-migrate-meta-layouts":"default","ast-page-background-enabled":"default","ast-page-background-meta":{"desktop":{"background-color":"","background-image":"","background-repeat":"repeat","background-position":"center center","background-size":"auto","background-attachment":"scroll","background-type":"","background-media":"","overlay-type":"","overlay-color":"","overlay-opacity":"","overlay-gradient":""},"tablet":{"background-color":"","background-image":"","background-repeat":"repeat","background-position":"center center","background-size":"auto","background-attachment":"scroll","background-type":"","background-media":"","overlay-type":"","overlay-color":"","overlay-opacity":"","overlay-gradient":""},"mobile":{"background-color":"","background-image":"","background-repeat":"repeat","background-position":"center center","background-size":"auto","background-attachment":"scroll","background-type":"","background-media":"","overlay-type":"","overlay-color":"","overlay-opacity":"","overlay-gradient":""}},"ast-content-background-meta":{"desktop":{"background-color":"var(--ast-global-color-5)","background-image":"","background-repeat":"repeat","background-position":"center center","background-size":"auto","background-attachment":"scroll","background-type":"","background-media":"","overlay-type":"","overlay-color":"","overlay-opacity":"","overlay-gradient":""},"tablet":{"background-color":"var(--ast-global-color-5)","background-image":"","background-repeat":"repeat","background-position":"center center","background-size":"auto","background-attachment":"scroll","background-type":"","background-media":"","overlay-type":"","overlay-color":"","overlay-opacity":"","overlay-gradient":""},"mobile":{"background-color":"var(--ast-global-color-5)","background-image":"","background-repeat":"repeat","background-position":"center center","background-size":"auto","background-attachment":"scroll","background-type":"","background-media":"","overlay-type":"","overlay-color":"","overlay-opacity":"","overlay-gradient":""}}},"product_brand":[],"product_cat":[88,87,49],"product_tag":[],"class_list":{"0":"post-8839","1":"product","2":"type-product","3":"status-publish","4":"has-post-thumbnail","6":"product_cat-huchas","7":"product_cat-mascotas","8":"product_cat-regalos-originales","9":"desktop-align-center","10":"tablet-align-left","11":"mobile-align-center","12":"ast-product-gallery-layout-horizontal","13":"ast-magnify-disabled","14":"ast-product-tabs-layout-horizontal","15":"tm-has-options","17":"first","18":"instock","19":"taxable","20":"shipping-taxable","21":"purchasable","22":"product-type-simple"},"_links":{"self":[{"href":"https:\/\/kiemmi.com\/pt\/wp-json\/wp\/v2\/product\/8839","targetHints":{"allow":["GET"]}}],"collection":[{"href":"https:\/\/kiemmi.com\/pt\/wp-json\/wp\/v2\/product"}],"about":[{"href":"https:\/\/kiemmi.com\/pt\/wp-json\/wp\/v2\/types\/product"}],"version-history":[{"count":0,"href":"https:\/\/kiemmi.com\/pt\/wp-json\/wp\/v2\/product\/8839\/revisions"}],"wp:featuredmedia":[{"embeddable":true,"href":"https:\/\/kiemmi.com\/pt\/wp-json\/wp\/v2\/media\/8862"}],"wp:attachment":[{"href":"https:\/\/kiemmi.com\/pt\/wp-json\/wp\/v2\/media?parent=8839"}],"wp:term":[{"taxonomy":"product_brand","embeddable":true,"href":"https:\/\/kiemmi.com\/pt\/wp-json\/wp\/v2\/product_brand?post=8839"},{"taxonomy":"product_cat","embeddable":true,"href":"https:\/\/kiemmi.com\/pt\/wp-json\/wp\/v2\/product_cat?post=8839"},{"taxonomy":"product_tag","embeddable":true,"href":"https:\/\/kiemmi.com\/pt\/wp-json\/wp\/v2\/product_tag?post=8839"}],"curies":[{"name":"wp","href":"https:\/\/api.w.org\/{rel}","templated":true}]}}