{"id":8819,"date":"2024-10-01T14:28:40","date_gmt":"2024-10-01T14:28:40","guid":{"rendered":"https:\/\/kiemmi.com\/?post_type=product&#038;p=8819"},"modified":"2025-06-02T21:15:08","modified_gmt":"2025-06-02T21:15:08","slug":"cofrinho-em-formato-de-osso-de-cachorro-3d-cofrinho-personalizavel","status":"publish","type":"product","link":"https:\/\/kiemmi.com\/pt\/shop\/mascotas\/hucha-en-forma-de-hueso-3d-de-perro-hucha-personalizable\/","title":{"rendered":"Cofrinho em formato de osso de cachorro 3D \u2013 Cofrinho personaliz\u00e1vel"},"content":{"rendered":"<p>Surpreenda os amantes de c\u00e3es com este divertido cofrinho em formato de osso, impresso em 3D e totalmente personaliz\u00e1vel. Adicione um toque \u00fanico com o nome do seu pet, escolha suas cores favoritas e personalize a frente e as bordas! Al\u00e9m disso, seu mecanismo exclusivo de trava garante horas de divers\u00e3o para os pequenos. Com o tamanho perfeito para qualquer prateleira ou mesa, este cofrinho \u00e9 um presente pr\u00e1tico e original que combina criatividade e funcionalidade.<\/p>\n<p><strong>Recursos em destaque:<\/strong><\/p>\n<ul>\n<li>\ud83d\udc3e <strong>Design personaliz\u00e1vel<\/strong>: Adicione o nome que voc\u00ea quiser e escolha as cores e bordas que melhor representam seu c\u00e3o.<\/li>\n<li>\ud83c\udfa8 <strong>Impress\u00e3o 3D de alta qualidade<\/strong>: : Criado com precis\u00e3o e aten\u00e7\u00e3o aos detalhes para uma experi\u00eancia realista e duradoura.<\/li>\n<li>\ud83d\udd10 <strong>Mecanismo de fechamento divertido<\/strong>: Seu sistema de engrenagens \u00e9 f\u00e1cil de usar e divertido para as crian\u00e7as, elas aprender\u00e3o a economizar de uma forma divertida!<\/li>\n<li>\ud83c\udf81 <strong>Presente perfeito para amantes de c\u00e3es<\/strong>: Um detalhe \u00fanico para qualquer ocasi\u00e3o especial.<\/li>\n<li>\ud83d\udccf <strong>Dimens\u00f5es ideais<\/strong>: Com 17,4 cm de largura, 9,4 cm de altura e 3,5 cm de espessura, \u00e9 compacto e decorativo.<\/li>\n<li>\ud83c\udf08 <strong>Op\u00e7\u00f5es de personaliza\u00e7\u00e3o ilimitadas<\/strong>: Cores e detalhes ajust\u00e1veis para tornar cada cofrinho completamente \u00fanico.<\/li>\n<\/ul>","protected":false},"excerpt":{"rendered":"<p>Este cofrinho em formato de osso de cachorro impresso em 3D \u00e9 totalmente personaliz\u00e1vel, permitindo adicionar nomes, cores e detalhes exclusivos. Seu mecanismo de travamento divertido e f\u00e1cil de usar \u00e9 ideal para crian\u00e7as. \u00c9 o presente perfeito para quem ama c\u00e3es, combinando criatividade e funcionalidade. Com 17,4 cm de largura, 9,4 cm de altura e 3,5 cm de espessura, \u00e9 compacto e decorativo. Personalize-o ao seu gosto e surpreenda-os com um presente \u00fanico e original.<\/p>","protected":false},"featured_media":8824,"template":"","meta":{"_seopress_robots_primary_cat":"87","_seopress_titles_title":"Hucha 3D personalizable en forma de hueso \u00fanica y divertida","_seopress_titles_desc":"Hucha en forma de hueso con mecanismo de cierre de engranajes. Personal\u00edzala con el nombre de tu perro y elige tus colores favoritos. \u00a1Compra ya!","_seopress_robots_index":"","site-sidebar-layout":"default","site-content-layout":"","ast-site-content-layout":"default","site-content-style":"default","site-sidebar-style":"default","ast-global-header-display":"","ast-banner-title-visibility":"","ast-main-header-display":"","ast-hfb-above-header-display":"","ast-hfb-below-header-display":"","ast-hfb-mobile-header-display":"","site-post-title":"","ast-breadcrumbs-content":"","ast-featured-img":"","footer-sml-layout":"","ast-disable-related-posts":"","theme-transparent-header-meta":"","adv-header-id-meta":"","stick-header-meta":"","header-above-stick-meta":"","header-main-stick-meta":"","header-below-stick-meta":"","astra-migrate-meta-layouts":"default","ast-page-background-enabled":"default","ast-page-background-meta":{"desktop":{"background-color":"","background-image":"","background-repeat":"repeat","background-position":"center center","background-size":"auto","background-attachment":"scroll","background-type":"","background-media":"","overlay-type":"","overlay-color":"","overlay-opacity":"","overlay-gradient":""},"tablet":{"background-color":"","background-image":"","background-repeat":"repeat","background-position":"center center","background-size":"auto","background-attachment":"scroll","background-type":"","background-media":"","overlay-type":"","overlay-color":"","overlay-opacity":"","overlay-gradient":""},"mobile":{"background-color":"","background-image":"","background-repeat":"repeat","background-position":"center center","background-size":"auto","background-attachment":"scroll","background-type":"","background-media":"","overlay-type":"","overlay-color":"","overlay-opacity":"","overlay-gradient":""}},"ast-content-background-meta":{"desktop":{"background-color":"var(--ast-global-color-5)","background-image":"","background-repeat":"repeat","background-position":"center center","background-size":"auto","background-attachment":"scroll","background-type":"","background-media":"","overlay-type":"","overlay-color":"","overlay-opacity":"","overlay-gradient":""},"tablet":{"background-color":"var(--ast-global-color-5)","background-image":"","background-repeat":"repeat","background-position":"center center","background-size":"auto","background-attachment":"scroll","background-type":"","background-media":"","overlay-type":"","overlay-color":"","overlay-opacity":"","overlay-gradient":""},"mobile":{"background-color":"var(--ast-global-color-5)","background-image":"","background-repeat":"repeat","background-position":"center center","background-size":"auto","background-attachment":"scroll","background-type":"","background-media":"","overlay-type":"","overlay-color":"","overlay-opacity":"","overlay-gradient":""}}},"product_brand":[],"product_cat":[88,87,49],"product_tag":[],"class_list":{"0":"post-8819","1":"product","2":"type-product","3":"status-publish","4":"has-post-thumbnail","6":"product_cat-huchas","7":"product_cat-mascotas","8":"product_cat-regalos-originales","9":"desktop-align-center","10":"tablet-align-left","11":"mobile-align-center","12":"ast-product-gallery-layout-horizontal","13":"ast-magnify-disabled","14":"ast-product-tabs-layout-horizontal","15":"tm-has-options","17":"first","18":"instock","19":"taxable","20":"shipping-taxable","21":"purchasable","22":"product-type-simple"},"_links":{"self":[{"href":"https:\/\/kiemmi.com\/pt\/wp-json\/wp\/v2\/product\/8819","targetHints":{"allow":["GET"]}}],"collection":[{"href":"https:\/\/kiemmi.com\/pt\/wp-json\/wp\/v2\/product"}],"about":[{"href":"https:\/\/kiemmi.com\/pt\/wp-json\/wp\/v2\/types\/product"}],"version-history":[{"count":0,"href":"https:\/\/kiemmi.com\/pt\/wp-json\/wp\/v2\/product\/8819\/revisions"}],"wp:featuredmedia":[{"embeddable":true,"href":"https:\/\/kiemmi.com\/pt\/wp-json\/wp\/v2\/media\/8824"}],"wp:attachment":[{"href":"https:\/\/kiemmi.com\/pt\/wp-json\/wp\/v2\/media?parent=8819"}],"wp:term":[{"taxonomy":"product_brand","embeddable":true,"href":"https:\/\/kiemmi.com\/pt\/wp-json\/wp\/v2\/product_brand?post=8819"},{"taxonomy":"product_cat","embeddable":true,"href":"https:\/\/kiemmi.com\/pt\/wp-json\/wp\/v2\/product_cat?post=8819"},{"taxonomy":"product_tag","embeddable":true,"href":"https:\/\/kiemmi.com\/pt\/wp-json\/wp\/v2\/product_tag?post=8819"}],"curies":[{"name":"wp","href":"https:\/\/api.w.org\/{rel}","templated":true}]}}