{"id":8682,"date":"2024-08-23T09:52:44","date_gmt":"2024-08-23T09:52:44","guid":{"rendered":"https:\/\/kiemmi.com\/?post_type=product&#038;p=8682"},"modified":"2025-09-25T19:46:31","modified_gmt":"2025-09-25T19:46:31","slug":"letra-3d-colorida-personalizada-com-nome","status":"publish","type":"product","link":"https:\/\/kiemmi.com\/pt\/shop\/letras-3d-personalizadas\/letra-3d-de-color-personalizada-con-nombre\/","title":{"rendered":"Letra 3D colorida personalizada com nome"},"content":{"rendered":"<p>Gostaria de transformar seus espa\u00e7os em recantos repletos de sonhos e imagina\u00e7\u00e3o? Nossas Letras Decorativas Personalizadas s\u00e3o a maneira perfeita de conseguir isso.<\/p>\n<p>Sua versatilidade permite que sejam integrados a uma variedade de ambientes, desde portas de quartos infantis at\u00e9 prateleiras, lareiras ou como detalhes decorativos em paredes.<\/p>\n<p>Cada letra \u00e9 completamente personaliz\u00e1vel, permitindo que voc\u00ea escolha o nome, as dimens\u00f5es e a cor que mais gosta.<\/p>\n<p>Temos uma grande variedade de cores para voc\u00ea escolher!<\/p>\n<p>Eles s\u00e3o o presente ideal para rec\u00e9m-nascidos, beb\u00eas e crian\u00e7as de todas as idades.<\/p>\n<p>Cada vez que voc\u00ea olhar para eles, eles lembrar\u00e3o voc\u00ea n\u00e3o apenas de sua beleza, mas tamb\u00e9m do amor e da dedica\u00e7\u00e3o investidos em sua cria\u00e7\u00e3o. Personalize o espa\u00e7o do seu filho com esta inicial de nome original. Transforme o quarto dele em um lugar \u00fanico e alegre com este produto encantador!<\/p>\n<ul>\n<li>\ud83c\udfa8 CRIE SEU DESIGN PERSONALIZADO! Escolha entre uma ampla sele\u00e7\u00e3o de cores para combinar com seu estilo. Temos 5 tamanhos diferentes: 7 cm, 9 cm, 12 cm, 15 cm e 18 cm de altura, adapt\u00e1veis a qualquer espa\u00e7o da sua casa.<\/li>\n<li>\ud83d\udccf ESPESSAS E RESISTENTES: Com 1,6 cm de espessura, nossas letras personalizadas s\u00e3o perfeitas para pendurar em prateleiras, mesas ou lareiras. Voc\u00ea tamb\u00e9m pode pendur\u00e1-las facilmente na parede, na porta do quarto do beb\u00ea ou no ber\u00e7o.<\/li>\n<li>\ud83c\udf89 SURPREENDA COM PRESENTES ORIGINAIS: Ideais para eventos especiais como ch\u00e1s de beb\u00ea, casamentos, etc... S\u00e3o um detalhe \u00fanico para decorar a Mesa de Doces ou o Bar de Doces e fazer com que quem voc\u00ea ama se sinta especial.<\/li>\n<li>\ud83c\udfe0 DECORA\u00c7\u00c3O VERS\u00c1TIL: Nossas letras combinam perfeitamente com qualquer casa, desde quartos de crian\u00e7as at\u00e9 salas de estar e corredores. Adicione um toque pessoal e \u00fanico a qualquer espa\u00e7o.<\/li>\n<li>\ud83c\udf0d MATERIAL SUSTENT\u00c1VEL E FABRICA\u00c7\u00c3O LOCAL: Feito de PLA, um material ecol\u00f3gico derivado de recursos naturais como o milho. Ecologicamente correto. Todos os nossos produtos s\u00e3o fabricados na Espanha por meio de impress\u00e3o 3D, corte a laser e grava\u00e7\u00e3o, garantindo um acabamento impec\u00e1vel.<\/li>\n<\/ul>","protected":false},"excerpt":{"rendered":"<p>Gostaria de transformar seus espa\u00e7os em recantos repletos de sonhos e imagina\u00e7\u00e3o? Nossas Letras Decorativas Personalizadas s\u00e3o a op\u00e7\u00e3o perfeita para isso. Sua versatilidade permite que sejam integradas a uma variedade de ambientes, desde a porta do quarto de uma crian\u00e7a at\u00e9 prateleiras, lareiras ou como detalhes decorativos em paredes. Cada letra \u00e9 totalmente personaliz\u00e1vel, permitindo que voc\u00ea escolha o nome, as dimens\u00f5es e a cor de sua prefer\u00eancia.<\/p>","protected":false},"featured_media":8683,"template":"","meta":{"_seopress_robots_primary_cat":"104","_seopress_titles_title":"","_seopress_titles_desc":"Transforma tus espacios con letras 3D personalizadas en varios colores y tama\u00f1os. Decora con estilo y sostenibilidad. Ideal para regalos \u00fanicos.","_seopress_robots_index":"","site-sidebar-layout":"default","site-content-layout":"","ast-site-content-layout":"default","site-content-style":"default","site-sidebar-style":"default","ast-global-header-display":"","ast-banner-title-visibility":"","ast-main-header-display":"","ast-hfb-above-header-display":"","ast-hfb-below-header-display":"","ast-hfb-mobile-header-display":"","site-post-title":"","ast-breadcrumbs-content":"","ast-featured-img":"","footer-sml-layout":"","ast-disable-related-posts":"","theme-transparent-header-meta":"default","adv-header-id-meta":"","stick-header-meta":"default","header-above-stick-meta":"","header-main-stick-meta":"","header-below-stick-meta":"","astra-migrate-meta-layouts":"set","ast-page-background-enabled":"default","ast-page-background-meta":{"desktop":{"background-color":"","background-image":"","background-repeat":"repeat","background-position":"center center","background-size":"auto","background-attachment":"scroll","background-type":"","background-media":"","overlay-type":"","overlay-color":"","overlay-opacity":"","overlay-gradient":""},"tablet":{"background-color":"","background-image":"","background-repeat":"repeat","background-position":"center center","background-size":"auto","background-attachment":"scroll","background-type":"","background-media":"","overlay-type":"","overlay-color":"","overlay-opacity":"","overlay-gradient":""},"mobile":{"background-color":"","background-image":"","background-repeat":"repeat","background-position":"center center","background-size":"auto","background-attachment":"scroll","background-type":"","background-media":"","overlay-type":"","overlay-color":"","overlay-opacity":"","overlay-gradient":""}},"ast-content-background-meta":{"desktop":{"background-color":"var(--ast-global-color-5)","background-image":"","background-repeat":"repeat","background-position":"center center","background-size":"auto","background-attachment":"scroll","background-type":"","background-media":"","overlay-type":"","overlay-color":"","overlay-opacity":"","overlay-gradient":""},"tablet":{"background-color":"var(--ast-global-color-5)","background-image":"","background-repeat":"repeat","background-position":"center center","background-size":"auto","background-attachment":"scroll","background-type":"","background-media":"","overlay-type":"","overlay-color":"","overlay-opacity":"","overlay-gradient":""},"mobile":{"background-color":"var(--ast-global-color-5)","background-image":"","background-repeat":"repeat","background-position":"center center","background-size":"auto","background-attachment":"scroll","background-type":"","background-media":"","overlay-type":"","overlay-color":"","overlay-opacity":"","overlay-gradient":""}}},"product_brand":[103],"product_cat":[51,45,52,104,49],"product_tag":[],"class_list":{"0":"post-8682","1":"product","2":"type-product","3":"status-publish","4":"has-post-thumbnail","6":"product_brand-kiemmi-creations","7":"product_cat-decoracion-del-hogar","8":"product_cat-detalles-para-bodas-y-eventos","9":"product_cat-habitacion-de-bebe","10":"product_cat-letras-3d-personalizadas","11":"product_cat-regalos-originales","12":"desktop-align-center","13":"tablet-align-left","14":"mobile-align-center","15":"ast-product-gallery-layout-horizontal","16":"ast-magnify-disabled","17":"ast-product-tabs-layout-horizontal","18":"tm-has-options","20":"first","21":"instock","22":"taxable","23":"shipping-taxable","24":"purchasable","25":"product-type-simple"},"_links":{"self":[{"href":"https:\/\/kiemmi.com\/pt\/wp-json\/wp\/v2\/product\/8682","targetHints":{"allow":["GET"]}}],"collection":[{"href":"https:\/\/kiemmi.com\/pt\/wp-json\/wp\/v2\/product"}],"about":[{"href":"https:\/\/kiemmi.com\/pt\/wp-json\/wp\/v2\/types\/product"}],"version-history":[{"count":0,"href":"https:\/\/kiemmi.com\/pt\/wp-json\/wp\/v2\/product\/8682\/revisions"}],"wp:featuredmedia":[{"embeddable":true,"href":"https:\/\/kiemmi.com\/pt\/wp-json\/wp\/v2\/media\/8683"}],"wp:attachment":[{"href":"https:\/\/kiemmi.com\/pt\/wp-json\/wp\/v2\/media?parent=8682"}],"wp:term":[{"taxonomy":"product_brand","embeddable":true,"href":"https:\/\/kiemmi.com\/pt\/wp-json\/wp\/v2\/product_brand?post=8682"},{"taxonomy":"product_cat","embeddable":true,"href":"https:\/\/kiemmi.com\/pt\/wp-json\/wp\/v2\/product_cat?post=8682"},{"taxonomy":"product_tag","embeddable":true,"href":"https:\/\/kiemmi.com\/pt\/wp-json\/wp\/v2\/product_tag?post=8682"}],"curies":[{"name":"wp","href":"https:\/\/api.w.org\/{rel}","templated":true}]}}