{"id":7763,"date":"2024-03-03T21:52:40","date_gmt":"2024-03-03T21:52:40","guid":{"rendered":"https:\/\/kiemmi.com\/?post_type=product&#038;p=7763"},"modified":"2024-07-28T13:37:23","modified_gmt":"2024-07-28T13:37:23","slug":"lampada-de-presepio-led-de-metacrilato-multicolorida","status":"publish","type":"product","link":"https:\/\/kiemmi.com\/pt\/shop\/lamparas\/lampara-led-multicolor-metacrilato-de-nacimiento\/","title":{"rendered":"L\u00e2mpada de pres\u00e9pio LED de metacrilato multicolorida"},"content":{"rendered":"<p>Descubra a lumin\u00e1ria LED de acr\u00edlico multicolorida perfeita para momentos especiais como o nascimento do seu beb\u00ea! Especialmente projetada como luz noturna infantil, esta lumin\u00e1ria oferece uma experi\u00eancia personalizada e encantadora.<\/p>\n<p>Com a possibilidade de personalizar o nome da crian\u00e7a e adicionar informa\u00e7\u00f5es de nascimento, como data, hora, peso e altura, esta lumin\u00e1ria se torna uma lembran\u00e7a inesquec\u00edvel. O controle remoto incluso facilita o controle das anima\u00e7\u00f5es coloridas suaves e fluidas projetadas por seus LEDs de alta resolu\u00e7\u00e3o.<\/p>\n<p>Deixe-se cativar pela anima\u00e7\u00e3o do arco-\u00edris, que cria um ambiente calmo e relaxante, perfeito para o seu beb\u00ea. Al\u00e9m disso, esta lumin\u00e1ria foi projetada pensando na seguran\u00e7a das crian\u00e7as, pois opera com baixa voltagem e pode ser facilmente conectada atrav\u00e9s do seu carregador de celular USB-C.<\/p>\n<p>Seja como uma linda decora\u00e7\u00e3o para o quarto do seu beb\u00ea ou como um presente exclusivo para um rec\u00e9m-nascido, esta lumin\u00e1ria LED multicolorida \u00e9 uma escolha excepcional. O vidro acr\u00edlico tamb\u00e9m conta com um tratamento nanotecnol\u00f3gico que previne microarranh\u00f5es e mant\u00e9m a lumin\u00e1ria livre de poeira, garantindo sua durabilidade e beleza ao longo do tempo.<\/p>\n<p>Crie ambientes magn\u00edficos com esta lumin\u00e1ria LED para beb\u00eas!<\/p>\n<p><strong>Caracter\u00edsticas:<\/strong><\/p>\n<ul>\n<li><strong>Dimens\u00f5es:<\/strong>\n<ul>\n<li>Modelo normal:\n<ul>\n<li>Largura: 16 cm<\/li>\n<li>Altura: 17 cm<\/li>\n<li>Profundidade: 6 cm (da base)<\/li>\n<\/ul>\n<\/li>\n<li>Modelo grande:\n<ul>\n<li>Largura: 20cm<\/li>\n<li>Altura: 21,5 cm<\/li>\n<li>Profundidade: 6 cm (da base)<\/li>\n<\/ul>\n<\/li>\n<\/ul>\n<\/li>\n<\/ul>","protected":false},"excerpt":{"rendered":"<p>Descubra a luz de nascimento LED multicolorida em acr\u00edlico, ideal como luz noturna infantil. Personaliz\u00e1vel com o nome e a data de nascimento da crian\u00e7a, ela se torna uma lembran\u00e7a \u00fanica. Com seu controle remoto e LEDs de alta resolu\u00e7\u00e3o, cria anima\u00e7\u00f5es fluidas e relaxantes. Segura para crian\u00e7as, com fonte de alimenta\u00e7\u00e3o de baixa voltagem e conex\u00e3o USB-C. Perfeita como decora\u00e7\u00e3o ou presente para rec\u00e9m-nascidos.<\/p>","protected":false},"featured_media":7771,"template":"","meta":{"_seopress_robots_primary_cat":"19","_seopress_titles_title":"%%title%% %%page%%","_seopress_titles_desc":"","_seopress_robots_index":"","site-sidebar-layout":"default","site-content-layout":"","ast-site-content-layout":"default","site-content-style":"default","site-sidebar-style":"default","ast-global-header-display":"","ast-banner-title-visibility":"","ast-main-header-display":"","ast-hfb-above-header-display":"","ast-hfb-below-header-display":"","ast-hfb-mobile-header-display":"","site-post-title":"","ast-breadcrumbs-content":"","ast-featured-img":"","footer-sml-layout":"","ast-disable-related-posts":"","theme-transparent-header-meta":"","adv-header-id-meta":"","stick-header-meta":"","header-above-stick-meta":"","header-main-stick-meta":"","header-below-stick-meta":"","astra-migrate-meta-layouts":"default","ast-page-background-enabled":"default","ast-page-background-meta":{"desktop":{"background-color":"","background-image":"","background-repeat":"repeat","background-position":"center center","background-size":"auto","background-attachment":"scroll","background-type":"","background-media":"","overlay-type":"","overlay-color":"","overlay-opacity":"","overlay-gradient":""},"tablet":{"background-color":"","background-image":"","background-repeat":"repeat","background-position":"center center","background-size":"auto","background-attachment":"scroll","background-type":"","background-media":"","overlay-type":"","overlay-color":"","overlay-opacity":"","overlay-gradient":""},"mobile":{"background-color":"","background-image":"","background-repeat":"repeat","background-position":"center center","background-size":"auto","background-attachment":"scroll","background-type":"","background-media":"","overlay-type":"","overlay-color":"","overlay-opacity":"","overlay-gradient":""}},"ast-content-background-meta":{"desktop":{"background-color":"var(--ast-global-color-5)","background-image":"","background-repeat":"repeat","background-position":"center center","background-size":"auto","background-attachment":"scroll","background-type":"","background-media":"","overlay-type":"","overlay-color":"","overlay-opacity":"","overlay-gradient":""},"tablet":{"background-color":"var(--ast-global-color-5)","background-image":"","background-repeat":"repeat","background-position":"center center","background-size":"auto","background-attachment":"scroll","background-type":"","background-media":"","overlay-type":"","overlay-color":"","overlay-opacity":"","overlay-gradient":""},"mobile":{"background-color":"var(--ast-global-color-5)","background-image":"","background-repeat":"repeat","background-position":"center center","background-size":"auto","background-attachment":"scroll","background-type":"","background-media":"","overlay-type":"","overlay-color":"","overlay-opacity":"","overlay-gradient":""}}},"product_brand":[],"product_cat":[19,49],"product_tag":[],"class_list":{"0":"post-7763","1":"product","2":"type-product","3":"status-publish","4":"has-post-thumbnail","6":"product_cat-lamparas","7":"product_cat-regalos-originales","8":"desktop-align-center","9":"tablet-align-left","10":"mobile-align-center","11":"ast-product-gallery-layout-horizontal","12":"ast-magnify-disabled","13":"ast-product-tabs-layout-horizontal","14":"tm-has-options","16":"first","17":"instock","18":"taxable","19":"shipping-taxable","20":"purchasable","21":"product-type-simple"},"_links":{"self":[{"href":"https:\/\/kiemmi.com\/pt\/wp-json\/wp\/v2\/product\/7763","targetHints":{"allow":["GET"]}}],"collection":[{"href":"https:\/\/kiemmi.com\/pt\/wp-json\/wp\/v2\/product"}],"about":[{"href":"https:\/\/kiemmi.com\/pt\/wp-json\/wp\/v2\/types\/product"}],"version-history":[{"count":0,"href":"https:\/\/kiemmi.com\/pt\/wp-json\/wp\/v2\/product\/7763\/revisions"}],"wp:featuredmedia":[{"embeddable":true,"href":"https:\/\/kiemmi.com\/pt\/wp-json\/wp\/v2\/media\/7771"}],"wp:attachment":[{"href":"https:\/\/kiemmi.com\/pt\/wp-json\/wp\/v2\/media?parent=7763"}],"wp:term":[{"taxonomy":"product_brand","embeddable":true,"href":"https:\/\/kiemmi.com\/pt\/wp-json\/wp\/v2\/product_brand?post=7763"},{"taxonomy":"product_cat","embeddable":true,"href":"https:\/\/kiemmi.com\/pt\/wp-json\/wp\/v2\/product_cat?post=7763"},{"taxonomy":"product_tag","embeddable":true,"href":"https:\/\/kiemmi.com\/pt\/wp-json\/wp\/v2\/product_tag?post=7763"}],"curies":[{"name":"wp","href":"https:\/\/api.w.org\/{rel}","templated":true}]}}