{"id":7684,"date":"2024-02-13T06:42:24","date_gmt":"2024-02-13T06:42:24","guid":{"rendered":"https:\/\/kiemmi.com\/?post_type=product&#038;p=7684"},"modified":"2025-12-09T11:26:37","modified_gmt":"2025-12-09T11:26:37","slug":"caderno-de-madeira-colorido-de-paris","status":"publish","type":"product","link":"https:\/\/kiemmi.com\/pt\/shop\/libretas-de-madera-personalizadas\/libreta-de-madera-a-color-paris\/","title":{"rendered":"Caderno de madeira colorido de Paris"},"content":{"rendered":"<p>Nossos cadernos artesanais s\u00e3o verdadeiras joias para os amantes da escrita e do design. Cada um deles possui capas de madeira cortadas a laser, o que os torna \u00fanicos e distintos. Al\u00e9m disso, nossos cadernos s\u00e3o decorados com uma impress\u00e3o colorida da cidade de Paris, conferindo-lhes um charme franc\u00eas e um toque de romance.<\/p>\n<p>O caderno tem tamanho A5, o que o torna pr\u00e1tico e f\u00e1cil de transportar para qualquer lugar. Com 80 folhas, ou 160 p\u00e1ginas, voc\u00ea ter\u00e1 espa\u00e7o mais do que suficiente para registrar todas as suas ideias, pensamentos e anota\u00e7\u00f5es importantes. Seja escrevendo, desenhando ou apenas anotando, este caderno ser\u00e1 seu companheiro perfeito em todas as suas aventuras.<\/p>\n<p>Voc\u00ea tamb\u00e9m pode personalizar ainda mais seu caderno escolhendo entre uma variedade de cantos met\u00e1licos para proteger suas bordas. Sejam dourados, prateados ou pretos, esses cantos adicionam um toque elegante e sofisticado ao seu caderno, protegendo-o do desgaste do uso di\u00e1rio.<\/p>\n<p>Resumindo, nossos cadernos artesanais com capas de madeira cortadas a laser, impress\u00e3o colorida da cidade de Paris, formato A5 e 80 folhas s\u00e3o a combina\u00e7\u00e3o perfeita de estilo, funcionalidade e qualidade. Eles n\u00e3o s\u00f3 ajudar\u00e3o voc\u00ea a organizar suas ideias, como tamb\u00e9m ser\u00e3o objeto de admira\u00e7\u00e3o e inveja para quem os vir. N\u00e3o espere mais e adquira o seu agora mesmo!<\/p>\n<p><strong>Caracter\u00edsticas:<\/strong><\/p>\n<ul>\n<li><em>Tapas:<\/em> 15,2 cm (largura) x 21,5 cm (altura) x 2,5 cm (espessura)<\/li>\n<li><em>Folhas:<\/em> Din A5 (14,8 cm de largura x 21 cm de altura)<\/li>\n<li>80 folhas (160 p\u00e1ginas)<\/li>\n<\/ul>","protected":false},"excerpt":{"rendered":"<p>Nossos cadernos artesanais s\u00e3o joias \u00fanicas com capas de madeira cortadas a laser e decoradas com uma estampa parisiense colorida, o que lhes confere um toque rom\u00e2ntico. S\u00e3o pr\u00e1ticos e f\u00e1ceis de transportar, com 80 folhas para registrar suas ideias e anota\u00e7\u00f5es importantes. Al\u00e9m disso, voc\u00ea pode personaliz\u00e1-los com cantos met\u00e1licos em dourado, prateado ou preto para proteg\u00ea-los e dar-lhes um toque de eleg\u00e2ncia. Resumindo, nossos cadernos s\u00e3o a combina\u00e7\u00e3o perfeita de estilo, funcionalidade e qualidade, que n\u00e3o s\u00f3 ajudar\u00e3o voc\u00ea a organizar suas ideias, como tamb\u00e9m ser\u00e3o admirados por outras pessoas.<\/p>","protected":false},"featured_media":8212,"template":"","meta":{"_seopress_robots_primary_cat":"50","_seopress_titles_title":"Libretas \u00fanicas de Par\u00eds: dise\u00f1o elegante y pr\u00e1ctico","_seopress_titles_desc":"Descubre nuestras libretas A5 \u00fanicas, hechas a mano con tapas de madera y dise\u00f1o de Par\u00eds. Elegancia, funcionalidad y estilo en cada p\u00e1gina. \u00a1Consigue la tuya!","_seopress_robots_index":"","site-sidebar-layout":"default","site-content-layout":"","ast-site-content-layout":"default","site-content-style":"default","site-sidebar-style":"default","ast-global-header-display":"","ast-banner-title-visibility":"","ast-main-header-display":"","ast-hfb-above-header-display":"","ast-hfb-below-header-display":"","ast-hfb-mobile-header-display":"","site-post-title":"","ast-breadcrumbs-content":"","ast-featured-img":"","footer-sml-layout":"","ast-disable-related-posts":"","theme-transparent-header-meta":"default","adv-header-id-meta":"","stick-header-meta":"default","header-above-stick-meta":"","header-main-stick-meta":"","header-below-stick-meta":"","astra-migrate-meta-layouts":"set","ast-page-background-enabled":"default","ast-page-background-meta":{"desktop":{"background-color":"","background-image":"","background-repeat":"repeat","background-position":"center center","background-size":"auto","background-attachment":"scroll","background-type":"","background-media":"","overlay-type":"","overlay-color":"","overlay-opacity":"","overlay-gradient":""},"tablet":{"background-color":"","background-image":"","background-repeat":"repeat","background-position":"center center","background-size":"auto","background-attachment":"scroll","background-type":"","background-media":"","overlay-type":"","overlay-color":"","overlay-opacity":"","overlay-gradient":""},"mobile":{"background-color":"","background-image":"","background-repeat":"repeat","background-position":"center center","background-size":"auto","background-attachment":"scroll","background-type":"","background-media":"","overlay-type":"","overlay-color":"","overlay-opacity":"","overlay-gradient":""}},"ast-content-background-meta":{"desktop":{"background-color":"var(--ast-global-color-5)","background-image":"","background-repeat":"repeat","background-position":"center center","background-size":"auto","background-attachment":"scroll","background-type":"","background-media":"","overlay-type":"","overlay-color":"","overlay-opacity":"","overlay-gradient":""},"tablet":{"background-color":"var(--ast-global-color-5)","background-image":"","background-repeat":"repeat","background-position":"center center","background-size":"auto","background-attachment":"scroll","background-type":"","background-media":"","overlay-type":"","overlay-color":"","overlay-opacity":"","overlay-gradient":""},"mobile":{"background-color":"var(--ast-global-color-5)","background-image":"","background-repeat":"repeat","background-position":"center center","background-size":"auto","background-attachment":"scroll","background-type":"","background-media":"","overlay-type":"","overlay-color":"","overlay-opacity":"","overlay-gradient":""}}},"product_brand":[],"product_cat":[50],"product_tag":[],"class_list":{"0":"post-7684","1":"product","2":"type-product","3":"status-publish","4":"has-post-thumbnail","6":"product_cat-libretas-de-madera-personalizadas","7":"desktop-align-center","8":"tablet-align-left","9":"mobile-align-center","10":"ast-product-gallery-layout-horizontal","11":"ast-product-gallery-with-no-image","12":"ast-magnify-disabled","13":"ast-product-tabs-layout-horizontal","14":"tm-has-options","16":"first","17":"instock","18":"taxable","19":"shipping-taxable","20":"purchasable","21":"product-type-simple"},"_links":{"self":[{"href":"https:\/\/kiemmi.com\/pt\/wp-json\/wp\/v2\/product\/7684","targetHints":{"allow":["GET"]}}],"collection":[{"href":"https:\/\/kiemmi.com\/pt\/wp-json\/wp\/v2\/product"}],"about":[{"href":"https:\/\/kiemmi.com\/pt\/wp-json\/wp\/v2\/types\/product"}],"version-history":[{"count":0,"href":"https:\/\/kiemmi.com\/pt\/wp-json\/wp\/v2\/product\/7684\/revisions"}],"wp:featuredmedia":[{"embeddable":true,"href":"https:\/\/kiemmi.com\/pt\/wp-json\/wp\/v2\/media\/8212"}],"wp:attachment":[{"href":"https:\/\/kiemmi.com\/pt\/wp-json\/wp\/v2\/media?parent=7684"}],"wp:term":[{"taxonomy":"product_brand","embeddable":true,"href":"https:\/\/kiemmi.com\/pt\/wp-json\/wp\/v2\/product_brand?post=7684"},{"taxonomy":"product_cat","embeddable":true,"href":"https:\/\/kiemmi.com\/pt\/wp-json\/wp\/v2\/product_cat?post=7684"},{"taxonomy":"product_tag","embeddable":true,"href":"https:\/\/kiemmi.com\/pt\/wp-json\/wp\/v2\/product_tag?post=7684"}],"curies":[{"name":"wp","href":"https:\/\/api.w.org\/{rel}","templated":true}]}}