{"id":5634,"date":"2023-05-13T09:47:46","date_gmt":"2023-05-13T09:47:46","guid":{"rendered":"https:\/\/kiemmi.com\/?post_type=product&#038;p=5634"},"modified":"2025-09-12T11:14:14","modified_gmt":"2025-09-12T11:14:14","slug":"caixa-de-presente-de-madeira-personalizada-feita-a-mao","status":"publish","type":"product","link":"https:\/\/kiemmi.com\/pt\/shop\/cajas-de-madera-personalizadas\/cofre-de-madera-personalizada-para-regalos-hecha-a-mano\/","title":{"rendered":"Caixa de presente de madeira personalizada feita \u00e0 m\u00e3o"},"content":{"rendered":"<p>Ba\u00fa de madeira cortado e gravado a laser com tampa personaliz\u00e1vel. Este ba\u00fa \u00e9 o lugar perfeito para guardar suas joias mais preciosas ou para presentear algu\u00e9m especial.<\/p>\n<p>O que torna este ba\u00fa especial \u00e9 o fato de ser feito \u00e0 m\u00e3o com os mais altos padr\u00f5es de qualidade e aten\u00e7\u00e3o aos detalhes. Utilizamos madeira de florestas europeias sustent\u00e1veis, garantindo que cada ba\u00fa seja \u00fanico e conte sua pr\u00f3pria hist\u00f3ria. Tamb\u00e9m utilizamos vernizes ecol\u00f3gicos, que n\u00e3o s\u00f3 protegem a superf\u00edcie e a tornam dur\u00e1vel, como tamb\u00e9m ajudam a proteger o nosso planeta.<\/p>\n<p>Cada ba\u00fa \u00e9 feito sob encomenda, o que significa que n\u00e3o mantemos estoque. Isso garante que cada ba\u00fa seja feito com cuidado e aten\u00e7\u00e3o individual. A grava\u00e7\u00e3o a laser na tampa personaliz\u00e1vel \u00e9 um recurso especial que adiciona um toque pessoal e \u00fanico ao ba\u00fa.<\/p>\n<p>Se voc\u00ea procura um presente para algu\u00e9m especial ou apenas deseja guardar suas joias em um lugar especial, este ba\u00fa de madeira feito \u00e0 m\u00e3o \u00e9 a escolha perfeita. Temos certeza de que voc\u00ea vai adorar a qualidade e os detalhes de cada ba\u00fa que produzimos. N\u00e3o hesite em fazer seu pedido hoje mesmo e experimente um artesanato de alta qualidade em sua casa!<\/p>\n<p><strong>Caracter\u00edsticas:<\/strong><\/p>\n<ul>\n<li>Material: Madeira natural envernizada com produtos ecol\u00f3gicos<\/li>\n<li>Dimens\u00f5es: 10 cm de largura x 8,6 cm de comprimento x 6,8 cm de altura<\/li>\n<\/ul>","protected":false},"excerpt":{"rendered":"<p>Apresentamos nosso ba\u00fa de madeira artesanal, com corte e grava\u00e7\u00e3o a laser e tampa personaliz\u00e1vel. Ideal para guardar joias ou presentear algu\u00e9m especial. Utilizamos madeira de florestas europeias sustent\u00e1veis e verniz ecol\u00f3gico para proteger sua superf\u00edcie. Cada ba\u00fa \u00e9 feito sob medida, garantindo atendimento personalizado e qualidade excepcional. Fa\u00e7a seu pedido hoje mesmo e experimente um artesanato de alta qualidade em sua pr\u00f3pria casa.<\/p>","protected":false},"featured_media":6249,"template":"","meta":{"_seopress_robots_primary_cat":"38","_seopress_titles_title":"%%title%% %%page%%","_seopress_titles_desc":"","_seopress_robots_index":"","site-sidebar-layout":"default","site-content-layout":"","ast-site-content-layout":"default","site-content-style":"default","site-sidebar-style":"default","ast-global-header-display":"","ast-banner-title-visibility":"","ast-main-header-display":"","ast-hfb-above-header-display":"","ast-hfb-below-header-display":"","ast-hfb-mobile-header-display":"","site-post-title":"","ast-breadcrumbs-content":"","ast-featured-img":"","footer-sml-layout":"","ast-disable-related-posts":"","theme-transparent-header-meta":"default","adv-header-id-meta":"","stick-header-meta":"default","header-above-stick-meta":"","header-main-stick-meta":"","header-below-stick-meta":"","astra-migrate-meta-layouts":"set","ast-page-background-enabled":"default","ast-page-background-meta":{"desktop":{"background-color":"","background-image":"","background-repeat":"repeat","background-position":"center center","background-size":"auto","background-attachment":"scroll","background-type":"","background-media":"","overlay-type":"","overlay-color":"","overlay-opacity":"","overlay-gradient":""},"tablet":{"background-color":"","background-image":"","background-repeat":"repeat","background-position":"center center","background-size":"auto","background-attachment":"scroll","background-type":"","background-media":"","overlay-type":"","overlay-color":"","overlay-opacity":"","overlay-gradient":""},"mobile":{"background-color":"","background-image":"","background-repeat":"repeat","background-position":"center center","background-size":"auto","background-attachment":"scroll","background-type":"","background-media":"","overlay-type":"","overlay-color":"","overlay-opacity":"","overlay-gradient":""}},"ast-content-background-meta":{"desktop":{"background-color":"var(--ast-global-color-5)","background-image":"","background-repeat":"repeat","background-position":"center center","background-size":"auto","background-attachment":"scroll","background-type":"","background-media":"","overlay-type":"","overlay-color":"","overlay-opacity":"","overlay-gradient":""},"tablet":{"background-color":"var(--ast-global-color-5)","background-image":"","background-repeat":"repeat","background-position":"center center","background-size":"auto","background-attachment":"scroll","background-type":"","background-media":"","overlay-type":"","overlay-color":"","overlay-opacity":"","overlay-gradient":""},"mobile":{"background-color":"var(--ast-global-color-5)","background-image":"","background-repeat":"repeat","background-position":"center center","background-size":"auto","background-attachment":"scroll","background-type":"","background-media":"","overlay-type":"","overlay-color":"","overlay-opacity":"","overlay-gradient":""}}},"product_brand":[],"product_cat":[38],"product_tag":[],"class_list":{"0":"post-5634","1":"product","2":"type-product","3":"status-publish","4":"has-post-thumbnail","6":"product_cat-cajas-de-madera-personalizadas","7":"desktop-align-center","8":"tablet-align-left","9":"mobile-align-center","10":"ast-product-gallery-layout-horizontal","11":"ast-magnify-disabled","12":"ast-product-tabs-layout-horizontal","13":"tm-has-options","15":"first","16":"instock","17":"taxable","18":"shipping-taxable","19":"purchasable","20":"product-type-simple"},"_links":{"self":[{"href":"https:\/\/kiemmi.com\/pt\/wp-json\/wp\/v2\/product\/5634","targetHints":{"allow":["GET"]}}],"collection":[{"href":"https:\/\/kiemmi.com\/pt\/wp-json\/wp\/v2\/product"}],"about":[{"href":"https:\/\/kiemmi.com\/pt\/wp-json\/wp\/v2\/types\/product"}],"version-history":[{"count":0,"href":"https:\/\/kiemmi.com\/pt\/wp-json\/wp\/v2\/product\/5634\/revisions"}],"wp:featuredmedia":[{"embeddable":true,"href":"https:\/\/kiemmi.com\/pt\/wp-json\/wp\/v2\/media\/6249"}],"wp:attachment":[{"href":"https:\/\/kiemmi.com\/pt\/wp-json\/wp\/v2\/media?parent=5634"}],"wp:term":[{"taxonomy":"product_brand","embeddable":true,"href":"https:\/\/kiemmi.com\/pt\/wp-json\/wp\/v2\/product_brand?post=5634"},{"taxonomy":"product_cat","embeddable":true,"href":"https:\/\/kiemmi.com\/pt\/wp-json\/wp\/v2\/product_cat?post=5634"},{"taxonomy":"product_tag","embeddable":true,"href":"https:\/\/kiemmi.com\/pt\/wp-json\/wp\/v2\/product_tag?post=5634"}],"curies":[{"name":"wp","href":"https:\/\/api.w.org\/{rel}","templated":true}]}}