{"id":5484,"date":"2023-05-08T08:02:04","date_gmt":"2023-05-08T08:02:04","guid":{"rendered":"https:\/\/kiemmi.com\/?post_type=product&#038;p=5484"},"modified":"2025-09-12T11:15:21","modified_gmt":"2025-09-12T11:15:21","slug":"caixa-de-presente-de-madeira-personalizada-feita-a-mao-2","status":"publish","type":"product","link":"https:\/\/kiemmi.com\/pt\/shop\/cajas-de-madera-personalizadas\/caja-de-madera-personalizada-para-regalos-hecha-a-mano\/","title":{"rendered":"Caixa de presente de madeira personalizada feita \u00e0 m\u00e3o"},"content":{"rendered":"<p>Nossa caixa de madeira feita \u00e0 m\u00e3o \u00e9 um verdadeiro tesouro de artesanato. Cada caixa \u00e9 cortada e gravada a laser para garantir um encaixe perfeito e um design personalizado. A tampa superior da caixa pode ser personalizada com qualquer texto que voc\u00ea desejar, tornando-a um presente verdadeiramente especial para amigos, familiares ou at\u00e9 mesmo para voc\u00ea.<\/p>\n<p>A caixa \u00e9 feita de madeira proveniente de florestas europeias sustent\u00e1veis e envernizada com produtos ecol\u00f3gicos para proteger sua superf\u00edcie e garantir durabilidade a longo prazo. Voc\u00ea tamb\u00e9m pode optar por forrar a parte de tr\u00e1s da caixa com veludo preto ou vermelho para um visual ainda mais elegante.<\/p>\n<p>N\u00e3o temos nada em estoque; cada caixa \u00e9 feita \u00e0 m\u00e3o sob encomenda. Isso nos permite dedicar o tempo e a aten\u00e7\u00e3o necess\u00e1rios para garantir que cada caixa tenha acabamentos incr\u00edveis e de alta qualidade. A aten\u00e7\u00e3o aos detalhes \u00e9 uma das nossas principais prioridades, e garantimos que cada caixa que enviamos seja uma obra de arte \u00fanica e personalizada.<\/p>\n<p>Resumindo, nossa caixa de madeira feita \u00e0 m\u00e3o \u00e9 um presente original e personalizado que voc\u00ea n\u00e3o encontrar\u00e1 em nenhum outro lugar. Com materiais sustent\u00e1veis e aten\u00e7\u00e3o incompar\u00e1vel aos detalhes, esta caixa \u00e9 verdadeiramente \u00fanica e ser\u00e1 apreciada por quem a receber.<\/p>\n<p><strong>Caracter\u00edsticas:<\/strong><\/p>\n<ul>\n<li>Material: Madeira natural tingida na cor nogueira e envernizada com produtos ecol\u00f3gicos<\/li>\n<li>Dimens\u00f5es: 15 cm de largura x 8 cm de comprimento x 3,4 cm de altura<\/li>\n<\/ul>","protected":false},"excerpt":{"rendered":"<p>Nossa caixa de madeira feita \u00e0 m\u00e3o \u00e9 uma obra de arte personalizada. Cortada e gravada a laser, a tampa superior da caixa pode ser personalizada com qualquer texto que voc\u00ea desejar ou com o nome da pessoa a quem voc\u00ea deseja presentear. Feita com madeira de florestas europeias sustent\u00e1veis e envernizada com produtos ecol\u00f3gicos para proteger sua superf\u00edcie, cada caixa \u00e9 feita \u00e0 m\u00e3o sob encomenda para garantir um acabamento deslumbrante e de alta qualidade. Al\u00e9m disso, o fundo da caixa pode ser revestido com veludo preto ou vermelho para um visual ainda mais elegante. \u00c9 o presente perfeito e original para qualquer ocasi\u00e3o.<\/p>","protected":false},"featured_media":5486,"template":"","meta":{"_seopress_robots_primary_cat":"38","_seopress_titles_title":"%%title%% %%page%%","_seopress_titles_desc":"","_seopress_robots_index":"","site-sidebar-layout":"default","site-content-layout":"","ast-site-content-layout":"default","site-content-style":"default","site-sidebar-style":"default","ast-global-header-display":"","ast-banner-title-visibility":"","ast-main-header-display":"","ast-hfb-above-header-display":"","ast-hfb-below-header-display":"","ast-hfb-mobile-header-display":"","site-post-title":"","ast-breadcrumbs-content":"","ast-featured-img":"","footer-sml-layout":"","ast-disable-related-posts":"","theme-transparent-header-meta":"default","adv-header-id-meta":"","stick-header-meta":"default","header-above-stick-meta":"","header-main-stick-meta":"","header-below-stick-meta":"","astra-migrate-meta-layouts":"set","ast-page-background-enabled":"default","ast-page-background-meta":{"desktop":{"background-color":"","background-image":"","background-repeat":"repeat","background-position":"center center","background-size":"auto","background-attachment":"scroll","background-type":"","background-media":"","overlay-type":"","overlay-color":"","overlay-opacity":"","overlay-gradient":""},"tablet":{"background-color":"","background-image":"","background-repeat":"repeat","background-position":"center center","background-size":"auto","background-attachment":"scroll","background-type":"","background-media":"","overlay-type":"","overlay-color":"","overlay-opacity":"","overlay-gradient":""},"mobile":{"background-color":"","background-image":"","background-repeat":"repeat","background-position":"center center","background-size":"auto","background-attachment":"scroll","background-type":"","background-media":"","overlay-type":"","overlay-color":"","overlay-opacity":"","overlay-gradient":""}},"ast-content-background-meta":{"desktop":{"background-color":"var(--ast-global-color-5)","background-image":"","background-repeat":"repeat","background-position":"center center","background-size":"auto","background-attachment":"scroll","background-type":"","background-media":"","overlay-type":"","overlay-color":"","overlay-opacity":"","overlay-gradient":""},"tablet":{"background-color":"var(--ast-global-color-5)","background-image":"","background-repeat":"repeat","background-position":"center center","background-size":"auto","background-attachment":"scroll","background-type":"","background-media":"","overlay-type":"","overlay-color":"","overlay-opacity":"","overlay-gradient":""},"mobile":{"background-color":"var(--ast-global-color-5)","background-image":"","background-repeat":"repeat","background-position":"center center","background-size":"auto","background-attachment":"scroll","background-type":"","background-media":"","overlay-type":"","overlay-color":"","overlay-opacity":"","overlay-gradient":""}}},"product_brand":[],"product_cat":[38],"product_tag":[],"class_list":{"0":"post-5484","1":"product","2":"type-product","3":"status-publish","4":"has-post-thumbnail","6":"product_cat-cajas-de-madera-personalizadas","7":"desktop-align-center","8":"tablet-align-left","9":"mobile-align-center","10":"ast-product-gallery-layout-horizontal","11":"ast-magnify-disabled","12":"ast-product-tabs-layout-horizontal","13":"tm-has-options","15":"first","16":"instock","17":"taxable","18":"shipping-taxable","19":"purchasable","20":"product-type-simple"},"_links":{"self":[{"href":"https:\/\/kiemmi.com\/pt\/wp-json\/wp\/v2\/product\/5484","targetHints":{"allow":["GET"]}}],"collection":[{"href":"https:\/\/kiemmi.com\/pt\/wp-json\/wp\/v2\/product"}],"about":[{"href":"https:\/\/kiemmi.com\/pt\/wp-json\/wp\/v2\/types\/product"}],"version-history":[{"count":0,"href":"https:\/\/kiemmi.com\/pt\/wp-json\/wp\/v2\/product\/5484\/revisions"}],"wp:featuredmedia":[{"embeddable":true,"href":"https:\/\/kiemmi.com\/pt\/wp-json\/wp\/v2\/media\/5486"}],"wp:attachment":[{"href":"https:\/\/kiemmi.com\/pt\/wp-json\/wp\/v2\/media?parent=5484"}],"wp:term":[{"taxonomy":"product_brand","embeddable":true,"href":"https:\/\/kiemmi.com\/pt\/wp-json\/wp\/v2\/product_brand?post=5484"},{"taxonomy":"product_cat","embeddable":true,"href":"https:\/\/kiemmi.com\/pt\/wp-json\/wp\/v2\/product_cat?post=5484"},{"taxonomy":"product_tag","embeddable":true,"href":"https:\/\/kiemmi.com\/pt\/wp-json\/wp\/v2\/product_tag?post=5484"}],"curies":[{"name":"wp","href":"https:\/\/api.w.org\/{rel}","templated":true}]}}