{"id":5420,"date":"2023-05-06T23:14:28","date_gmt":"2023-05-06T23:14:28","guid":{"rendered":"https:\/\/kiemmi.com\/?post_type=product&#038;p=5420"},"modified":"2026-04-09T17:04:49","modified_gmt":"2026-04-09T15:04:49","slug":"gravata-borboleta-de-madeira-personalizavel","status":"publish","type":"product","link":"https:\/\/kiemmi.com\/pt\/shop\/moda\/pajarita-de-madera-personalizable\/","title":{"rendered":"Gravata borboleta de madeira personaliz\u00e1vel"},"content":{"rendered":"<p>Se voc\u00ea procura um acess\u00f3rio original e ecol\u00f3gico para o seu look, n\u00e3o procure mais: nossas gravatas-borboleta de madeira, feitas \u00e0 m\u00e3o, cortadas e gravadas a laser. Cada uma de nossas gravatas-borboleta \u00e9 \u00fanica, personalizada de acordo com suas prefer\u00eancias em termos de design e cores de madeira. Gostaria de uma gravata-borboleta com suas iniciais gravadas a laser? Ou prefere um padr\u00e3o \u00fanico que reflita sua personalidade? As possibilidades s\u00e3o infinitas!<\/p>\n<p>Al\u00e9m de personaliz\u00e1veis, nossas gravatas-borboleta de madeira s\u00e3o feitas com materiais ecol\u00f3gicos e sustent\u00e1veis. A madeira vem de florestas europeias sustent\u00e1veis, o que significa que voc\u00ea est\u00e1 comprando um produto produzido de forma respons\u00e1vel. E, como nos preocupamos com a durabilidade das nossas gravatas-borboleta, usamos produtos ecol\u00f3gicos para envernizar e proteger a superf\u00edcie, garantindo que sua gravata-borboleta dure muito.<\/p>\n<p>Uma gravata borboleta de madeira \u00e9 o presente perfeito para qualquer ocasi\u00e3o. Seja para um amigo, familiar ou para voc\u00ea mesmo, nossa gravata borboleta far\u00e1 qualquer look se destacar com sua originalidade e estilo. Se voc\u00ea est\u00e1 planejando um casamento ou qualquer outro evento, nossas gravatas borboleta podem ser a escolha perfeita para adicionar um toque \u00fanico e pessoal ao seu look.<\/p>\n<p>Cada gravata borboleta de madeira que produzimos \u00e9 feita \u00e0 m\u00e3o e sob medida para voc\u00ea. N\u00e3o mantemos estoque, o que significa que voc\u00ea pode ter certeza de que sua gravata borboleta ser\u00e1 \u00fanica e produzida com um n\u00edvel de detalhe e qualidade inigual\u00e1veis. Nosso processo de fabrica\u00e7\u00e3o com corte e grava\u00e7\u00e3o a laser nos permite criar padr\u00f5es precisos e detalhes altamente detalhados, tornando cada gravata borboleta uma obra de arte.<\/p>\n<p>Resumindo, nossas gravatas borboleta de madeira feitas \u00e0 m\u00e3o s\u00e3o a escolha perfeita para quem procura um acess\u00f3rio original e ecol\u00f3gico para o seu look. Com a possibilidade de personalizar cada gravata borboleta ao seu gosto e qualidade incompar\u00e1vel, uma gravata borboleta de madeira \u00e9 um presente perfeito para qualquer ocasi\u00e3o.<\/p>\n<p><strong>Caracter\u00edsticas:<\/strong><\/p>\n<ul>\n<li>Material: Madeira natural<\/li>\n<li>Dimens\u00f5es: 12 cm x 5 cm x 0,3 cm<\/li>\n<\/ul>","protected":false},"excerpt":{"rendered":"<p>Nossas gravatas borboleta de madeira feitas \u00e0 m\u00e3o, cortadas a laser e gravadas s\u00e3o o complemento perfeito para qualquer roupa.<\/p>\n<p>Personaliz\u00e1veis em design e cores de tinta para madeira, elas s\u00e3o uma escolha \u00fanica e ecol\u00f3gica.<\/p>\n<p>Utilizamos produtos ecol\u00f3gicos para envernizar e proteger a superf\u00edcie, garantindo uma longa vida \u00fatil.<\/p>\n<p>N\u00e3o temos nada em estoque; cada gravata borboleta \u00e9 feita \u00e0 m\u00e3o sob encomenda, garantindo qualidade incompar\u00e1vel.<\/p>\n<p>Destaque seu look com uma gravata borboleta de madeira!<\/p>","protected":false},"featured_media":5426,"template":"","meta":{"_seopress_robots_primary_cat":"60","_seopress_titles_title":"Pajarita de madera: original, ecol\u00f3gica y personalizable","_seopress_titles_desc":"Destaca con nuestras pajaritas de madera \u00fanicas, ecol\u00f3gicas y personalizadas. Hechas a mano usando grabado l\u00e1ser para un estilo inigualable.","_seopress_robots_index":"","site-sidebar-layout":"default","site-content-layout":"","ast-site-content-layout":"default","site-content-style":"default","site-sidebar-style":"default","ast-global-header-display":"","ast-banner-title-visibility":"","ast-main-header-display":"","ast-hfb-above-header-display":"","ast-hfb-below-header-display":"","ast-hfb-mobile-header-display":"","site-post-title":"","ast-breadcrumbs-content":"","ast-featured-img":"","footer-sml-layout":"","ast-disable-related-posts":"","theme-transparent-header-meta":"default","adv-header-id-meta":"","stick-header-meta":"disabled","header-above-stick-meta":"","header-main-stick-meta":"on","header-below-stick-meta":"","astra-migrate-meta-layouts":"set","ast-page-background-enabled":"default","ast-page-background-meta":{"desktop":{"background-color":"","background-image":"","background-repeat":"repeat","background-position":"center center","background-size":"auto","background-attachment":"scroll","background-type":"","background-media":"","overlay-type":"","overlay-color":"","overlay-opacity":"","overlay-gradient":""},"tablet":{"background-color":"","background-image":"","background-repeat":"repeat","background-position":"center center","background-size":"auto","background-attachment":"scroll","background-type":"","background-media":"","overlay-type":"","overlay-color":"","overlay-opacity":"","overlay-gradient":""},"mobile":{"background-color":"","background-image":"","background-repeat":"repeat","background-position":"center center","background-size":"auto","background-attachment":"scroll","background-type":"","background-media":"","overlay-type":"","overlay-color":"","overlay-opacity":"","overlay-gradient":""}},"ast-content-background-meta":{"desktop":{"background-color":"var(--ast-global-color-5)","background-image":"","background-repeat":"repeat","background-position":"center center","background-size":"auto","background-attachment":"scroll","background-type":"","background-media":"","overlay-type":"","overlay-color":"","overlay-opacity":"","overlay-gradient":""},"tablet":{"background-color":"var(--ast-global-color-5)","background-image":"","background-repeat":"repeat","background-position":"center center","background-size":"auto","background-attachment":"scroll","background-type":"","background-media":"","overlay-type":"","overlay-color":"","overlay-opacity":"","overlay-gradient":""},"mobile":{"background-color":"var(--ast-global-color-5)","background-image":"","background-repeat":"repeat","background-position":"center center","background-size":"auto","background-attachment":"scroll","background-type":"","background-media":"","overlay-type":"","overlay-color":"","overlay-opacity":"","overlay-gradient":""}}},"product_brand":[],"product_cat":[60],"product_tag":[],"class_list":{"0":"post-5420","1":"product","2":"type-product","3":"status-publish","4":"has-post-thumbnail","6":"product_cat-moda","7":"desktop-align-center","8":"tablet-align-left","9":"mobile-align-center","10":"ast-product-gallery-layout-horizontal","11":"ast-magnify-disabled","12":"ast-product-tabs-layout-horizontal","13":"tm-no-options","15":"first","16":"instock","17":"sale","18":"taxable","19":"shipping-taxable","20":"purchasable","21":"product-type-simple"},"_links":{"self":[{"href":"https:\/\/kiemmi.com\/pt\/wp-json\/wp\/v2\/product\/5420","targetHints":{"allow":["GET"]}}],"collection":[{"href":"https:\/\/kiemmi.com\/pt\/wp-json\/wp\/v2\/product"}],"about":[{"href":"https:\/\/kiemmi.com\/pt\/wp-json\/wp\/v2\/types\/product"}],"version-history":[{"count":1,"href":"https:\/\/kiemmi.com\/pt\/wp-json\/wp\/v2\/product\/5420\/revisions"}],"predecessor-version":[{"id":68263,"href":"https:\/\/kiemmi.com\/pt\/wp-json\/wp\/v2\/product\/5420\/revisions\/68263"}],"wp:featuredmedia":[{"embeddable":true,"href":"https:\/\/kiemmi.com\/pt\/wp-json\/wp\/v2\/media\/5426"}],"wp:attachment":[{"href":"https:\/\/kiemmi.com\/pt\/wp-json\/wp\/v2\/media?parent=5420"}],"wp:term":[{"taxonomy":"product_brand","embeddable":true,"href":"https:\/\/kiemmi.com\/pt\/wp-json\/wp\/v2\/product_brand?post=5420"},{"taxonomy":"product_cat","embeddable":true,"href":"https:\/\/kiemmi.com\/pt\/wp-json\/wp\/v2\/product_cat?post=5420"},{"taxonomy":"product_tag","embeddable":true,"href":"https:\/\/kiemmi.com\/pt\/wp-json\/wp\/v2\/product_tag?post=5420"}],"curies":[{"name":"wp","href":"https:\/\/api.w.org\/{rel}","templated":true}]}}