{"id":5222,"date":"2023-02-28T16:14:44","date_gmt":"2023-02-28T16:14:44","guid":{"rendered":"https:\/\/kiemmi.com\/?post_type=product&#038;p=5222"},"modified":"2026-01-14T14:50:30","modified_gmt":"2026-01-14T14:50:30","slug":"abridor-de-garrafas-de-bambu-personalizado-abridor-de-ima-de-geladeira","status":"publish","type":"product","link":"https:\/\/kiemmi.com\/pt\/shop\/detalles-para-bodas-y-eventos\/abretolla-de-bambu-personalizado-abridor-de-iman-para-nevera\/","title":{"rendered":"Abridor de garrafas de bambu personalizado \u2013 Abridor magn\u00e9tico de geladeira"},"content":{"rendered":"<p>Abridor de garrafas magn\u00e9tico de bambu para geladeira.<\/p>\n<p>Voc\u00ea pode personaliz\u00e1-lo totalmente ao seu gosto com nosso designer online.<\/p>\n<p>Este abridor de garrafas de bambu para geladeira \u00e9 o presente ideal e pr\u00e1tico para os convidados do seu casamento.<\/p>\n<p>No entanto, voc\u00ea pode us\u00e1-lo em qualquer outro momento que desejar.<\/p>\n<p>Voc\u00ea pode criar qualquer design que desejar em nosso site, resultando em um chaveiro original e totalmente exclusivo.<\/p>\n<p>Ideal para quem quer presentear um amigo, familiar ou para um evento especial com um chaveiro personalizado e original.<\/p>\n<p><em><strong>Caracter\u00edsticas:<\/strong><\/em><\/p>\n<ul>\n<li>Di\u00e2metro: 6cm<\/li>\n<li>Altura: 1cm<\/li>\n<li>Material: Bambu<\/li>\n<\/ul>\n<p><img decoding=\"async\" class=\"alignnone wp-image-5230 size-medium\" src=\"https:\/\/kiemmi.com\/wp-content\/uploads\/2023\/02\/abrebotella_bambu_dimensiones_kiemmi-300x300.png\" alt=\"Abridor de garrafas de bambu personalizado\" width=\"300\" height=\"300\" srcset=\"https:\/\/kiemmi.com\/wp-content\/uploads\/2023\/02\/abrebotella_bambu_dimensiones_kiemmi-300x300.png 300w, https:\/\/kiemmi.com\/wp-content\/uploads\/2023\/02\/abrebotella_bambu_dimensiones_kiemmi-100x100.png 100w, https:\/\/kiemmi.com\/wp-content\/uploads\/2023\/02\/abrebotella_bambu_dimensiones_kiemmi-600x600.png 600w, https:\/\/kiemmi.com\/wp-content\/uploads\/2023\/02\/abrebotella_bambu_dimensiones_kiemmi-64x64.png 64w, https:\/\/kiemmi.com\/wp-content\/uploads\/2023\/02\/abrebotella_bambu_dimensiones_kiemmi-1024x1024.png 1024w, https:\/\/kiemmi.com\/wp-content\/uploads\/2023\/02\/abrebotella_bambu_dimensiones_kiemmi-150x150.png 150w, https:\/\/kiemmi.com\/wp-content\/uploads\/2023\/02\/abrebotella_bambu_dimensiones_kiemmi-768x768.png 768w, https:\/\/kiemmi.com\/wp-content\/uploads\/2023\/02\/abrebotella_bambu_dimensiones_kiemmi-12x12.png 12w, https:\/\/kiemmi.com\/wp-content\/uploads\/2023\/02\/abrebotella_bambu_dimensiones_kiemmi-500x500.png 500w, https:\/\/kiemmi.com\/wp-content\/uploads\/2023\/02\/abrebotella_bambu_dimensiones_kiemmi.png 1500w\" sizes=\"(max-width: 300px) 100vw, 300px\" \/><\/p>","protected":false},"excerpt":{"rendered":"<p>Abridor de garrafas magn\u00e9tico de bambu para geladeira.<\/p>\n<p>Voc\u00ea pode personaliz\u00e1-lo totalmente ao seu gosto com nosso designer online.<\/p>\n<p>Este abridor de garrafas de bambu para geladeira \u00e9 o presente ideal e pr\u00e1tico para os convidados do seu casamento.<\/p>\n<p>No entanto, voc\u00ea pode us\u00e1-lo em qualquer outro momento que desejar.<\/p>\n<p>Voc\u00ea pode criar qualquer design que desejar em nosso site, resultando em um chaveiro original e totalmente exclusivo.<\/p>\n<p>Ideal para quem quer presentear um amigo, familiar ou para um evento especial com um chaveiro personalizado e original.<\/p>","protected":false},"featured_media":5223,"template":"","meta":{"_seopress_robots_primary_cat":"45","_seopress_titles_title":"%%title%% %%page%%","_seopress_titles_desc":"Llaveros de madera cortados y grabados con laser. Dis\u00e9\u00f1alo tu mismo desde nuestra p\u00e1gina. Ideal se quieres hacer una regalo original.","_seopress_robots_index":"","site-sidebar-layout":"default","site-content-layout":"","ast-site-content-layout":"default","site-content-style":"default","site-sidebar-style":"default","ast-global-header-display":"","ast-banner-title-visibility":"","ast-main-header-display":"","ast-hfb-above-header-display":"","ast-hfb-below-header-display":"","ast-hfb-mobile-header-display":"","site-post-title":"","ast-breadcrumbs-content":"","ast-featured-img":"","footer-sml-layout":"","ast-disable-related-posts":"","theme-transparent-header-meta":"","adv-header-id-meta":"","stick-header-meta":"","header-above-stick-meta":"","header-main-stick-meta":"","header-below-stick-meta":"","astra-migrate-meta-layouts":"default","ast-page-background-enabled":"default","ast-page-background-meta":{"desktop":{"background-color":"","background-image":"","background-repeat":"repeat","background-position":"center center","background-size":"auto","background-attachment":"scroll","background-type":"","background-media":"","overlay-type":"","overlay-color":"","overlay-opacity":"","overlay-gradient":""},"tablet":{"background-color":"","background-image":"","background-repeat":"repeat","background-position":"center center","background-size":"auto","background-attachment":"scroll","background-type":"","background-media":"","overlay-type":"","overlay-color":"","overlay-opacity":"","overlay-gradient":""},"mobile":{"background-color":"","background-image":"","background-repeat":"repeat","background-position":"center center","background-size":"auto","background-attachment":"scroll","background-type":"","background-media":"","overlay-type":"","overlay-color":"","overlay-opacity":"","overlay-gradient":""}},"ast-content-background-meta":{"desktop":{"background-color":"var(--ast-global-color-5)","background-image":"","background-repeat":"repeat","background-position":"center center","background-size":"auto","background-attachment":"scroll","background-type":"","background-media":"","overlay-type":"","overlay-color":"","overlay-opacity":"","overlay-gradient":""},"tablet":{"background-color":"var(--ast-global-color-5)","background-image":"","background-repeat":"repeat","background-position":"center center","background-size":"auto","background-attachment":"scroll","background-type":"","background-media":"","overlay-type":"","overlay-color":"","overlay-opacity":"","overlay-gradient":""},"mobile":{"background-color":"var(--ast-global-color-5)","background-image":"","background-repeat":"repeat","background-position":"center center","background-size":"auto","background-attachment":"scroll","background-type":"","background-media":"","overlay-type":"","overlay-color":"","overlay-opacity":"","overlay-gradient":""}}},"product_brand":[],"product_cat":[45,49],"product_tag":[],"class_list":{"0":"post-5222","1":"product","2":"type-product","3":"status-publish","4":"has-post-thumbnail","6":"product_cat-detalles-para-bodas-y-eventos","7":"product_cat-regalos-originales","8":"desktop-align-center","9":"tablet-align-left","10":"mobile-align-center","11":"ast-product-gallery-layout-horizontal","12":"ast-magnify-disabled","13":"ast-product-tabs-layout-horizontal","14":"tm-no-options","16":"first","17":"instock","18":"taxable","19":"shipping-taxable","20":"purchasable","21":"product-type-simple"},"_links":{"self":[{"href":"https:\/\/kiemmi.com\/pt\/wp-json\/wp\/v2\/product\/5222","targetHints":{"allow":["GET"]}}],"collection":[{"href":"https:\/\/kiemmi.com\/pt\/wp-json\/wp\/v2\/product"}],"about":[{"href":"https:\/\/kiemmi.com\/pt\/wp-json\/wp\/v2\/types\/product"}],"version-history":[{"count":0,"href":"https:\/\/kiemmi.com\/pt\/wp-json\/wp\/v2\/product\/5222\/revisions"}],"wp:featuredmedia":[{"embeddable":true,"href":"https:\/\/kiemmi.com\/pt\/wp-json\/wp\/v2\/media\/5223"}],"wp:attachment":[{"href":"https:\/\/kiemmi.com\/pt\/wp-json\/wp\/v2\/media?parent=5222"}],"wp:term":[{"taxonomy":"product_brand","embeddable":true,"href":"https:\/\/kiemmi.com\/pt\/wp-json\/wp\/v2\/product_brand?post=5222"},{"taxonomy":"product_cat","embeddable":true,"href":"https:\/\/kiemmi.com\/pt\/wp-json\/wp\/v2\/product_cat?post=5222"},{"taxonomy":"product_tag","embeddable":true,"href":"https:\/\/kiemmi.com\/pt\/wp-json\/wp\/v2\/product_tag?post=5222"}],"curies":[{"name":"wp","href":"https:\/\/api.w.org\/{rel}","templated":true}]}}