{"id":4989,"date":"2022-11-07T07:47:30","date_gmt":"2022-11-07T07:47:30","guid":{"rendered":"https:\/\/kiemmi.com\/?post_type=product&#038;p=4989"},"modified":"2025-06-02T21:15:08","modified_gmt":"2025-06-02T21:15:08","slug":"placas-de-madeira-para-aniversario-de-bebe","status":"publish","type":"product","link":"https:\/\/kiemmi.com\/pt\/shop\/decoracion-del-hogar\/habitacion-de-bebe\/placas-cumple-meses-bebe-de-madera\/","title":{"rendered":"Placas de madeira para anivers\u00e1rio de beb\u00ea"},"content":{"rendered":"<p>O primeiro ano de um beb\u00ea \u00e9 um per\u00edodo muito delicado que passa voando.<\/p>\n<p>Com nossas placas de anivers\u00e1rio de madeira, voc\u00ea pode eternizar esses momentos com uma foto de cada m\u00eas e assim ter uma lembran\u00e7a inesquec\u00edvel do crescimento do seu beb\u00ea.<\/p>\n<p>Voc\u00ea pode selecionar de 7 a 12 meses (3 placas gravadas em ambos os lados) ou o ano inteiro (6 placas gravadas em ambos os lados).<\/p>\n<p>Nossas placas v\u00eam em um saco de algod\u00e3o.<\/p>\n<p>Produto feito \u00e0 m\u00e3o na Espanha.<\/p>\n<p><strong>Dimens\u00f5es:<\/strong><\/p>\n<ul>\n<li>Di\u00e2metro: 10cm<\/li>\n<li>Espessura: 3 mm<\/li>\n<\/ul>","protected":false},"excerpt":{"rendered":"<p>Plaquitas celebra meses de madeira.<\/p>\n<p>Voc\u00ea pode selecionar de 7 a 12 meses (3 placas gravadas em ambos os lados) ou o ano inteiro (6 placas gravadas em ambos os lados).<\/p>\n<p>Nossas placas v\u00eam em um saco de algod\u00e3o.<\/p>\n<p>Produto feito \u00e0 m\u00e3o na Espanha.<\/p>","protected":false},"featured_media":4990,"template":"","meta":{"_seopress_robots_primary_cat":"52","_seopress_titles_title":"Plaquitas cumple meses de madera","_seopress_titles_desc":"Plaquitas cumple meses de madera. Puedes seleccionar de 7 a 12 meses o el a\u00f1o completo (12 meses). Nuestras plaquitas vienen dentro de una bolsa de algod\u00f3n.","_seopress_robots_index":"","site-sidebar-layout":"default","site-content-layout":"","ast-site-content-layout":"default","site-content-style":"default","site-sidebar-style":"default","ast-global-header-display":"","ast-banner-title-visibility":"","ast-main-header-display":"","ast-hfb-above-header-display":"","ast-hfb-below-header-display":"","ast-hfb-mobile-header-display":"","site-post-title":"","ast-breadcrumbs-content":"","ast-featured-img":"","footer-sml-layout":"","ast-disable-related-posts":"","theme-transparent-header-meta":"","adv-header-id-meta":"","stick-header-meta":"","header-above-stick-meta":"","header-main-stick-meta":"","header-below-stick-meta":"","astra-migrate-meta-layouts":"default","ast-page-background-enabled":"default","ast-page-background-meta":{"desktop":{"background-color":"","background-image":"","background-repeat":"repeat","background-position":"center center","background-size":"auto","background-attachment":"scroll","background-type":"","background-media":"","overlay-type":"","overlay-color":"","overlay-opacity":"","overlay-gradient":""},"tablet":{"background-color":"","background-image":"","background-repeat":"repeat","background-position":"center center","background-size":"auto","background-attachment":"scroll","background-type":"","background-media":"","overlay-type":"","overlay-color":"","overlay-opacity":"","overlay-gradient":""},"mobile":{"background-color":"","background-image":"","background-repeat":"repeat","background-position":"center center","background-size":"auto","background-attachment":"scroll","background-type":"","background-media":"","overlay-type":"","overlay-color":"","overlay-opacity":"","overlay-gradient":""}},"ast-content-background-meta":{"desktop":{"background-color":"var(--ast-global-color-5)","background-image":"","background-repeat":"repeat","background-position":"center center","background-size":"auto","background-attachment":"scroll","background-type":"","background-media":"","overlay-type":"","overlay-color":"","overlay-opacity":"","overlay-gradient":""},"tablet":{"background-color":"var(--ast-global-color-5)","background-image":"","background-repeat":"repeat","background-position":"center center","background-size":"auto","background-attachment":"scroll","background-type":"","background-media":"","overlay-type":"","overlay-color":"","overlay-opacity":"","overlay-gradient":""},"mobile":{"background-color":"var(--ast-global-color-5)","background-image":"","background-repeat":"repeat","background-position":"center center","background-size":"auto","background-attachment":"scroll","background-type":"","background-media":"","overlay-type":"","overlay-color":"","overlay-opacity":"","overlay-gradient":""}}},"product_brand":[],"product_cat":[51,52,49],"product_tag":[],"class_list":{"0":"post-4989","1":"product","2":"type-product","3":"status-publish","4":"has-post-thumbnail","6":"product_cat-decoracion-del-hogar","7":"product_cat-habitacion-de-bebe","8":"product_cat-regalos-originales","9":"desktop-align-center","10":"tablet-align-left","11":"mobile-align-center","12":"ast-product-gallery-layout-horizontal","13":"ast-magnify-disabled","14":"ast-product-tabs-layout-horizontal","15":"tm-has-options","17":"first","18":"instock","19":"taxable","20":"shipping-taxable","21":"purchasable","22":"product-type-simple"},"_links":{"self":[{"href":"https:\/\/kiemmi.com\/pt\/wp-json\/wp\/v2\/product\/4989","targetHints":{"allow":["GET"]}}],"collection":[{"href":"https:\/\/kiemmi.com\/pt\/wp-json\/wp\/v2\/product"}],"about":[{"href":"https:\/\/kiemmi.com\/pt\/wp-json\/wp\/v2\/types\/product"}],"version-history":[{"count":0,"href":"https:\/\/kiemmi.com\/pt\/wp-json\/wp\/v2\/product\/4989\/revisions"}],"wp:featuredmedia":[{"embeddable":true,"href":"https:\/\/kiemmi.com\/pt\/wp-json\/wp\/v2\/media\/4990"}],"wp:attachment":[{"href":"https:\/\/kiemmi.com\/pt\/wp-json\/wp\/v2\/media?parent=4989"}],"wp:term":[{"taxonomy":"product_brand","embeddable":true,"href":"https:\/\/kiemmi.com\/pt\/wp-json\/wp\/v2\/product_brand?post=4989"},{"taxonomy":"product_cat","embeddable":true,"href":"https:\/\/kiemmi.com\/pt\/wp-json\/wp\/v2\/product_cat?post=4989"},{"taxonomy":"product_tag","embeddable":true,"href":"https:\/\/kiemmi.com\/pt\/wp-json\/wp\/v2\/product_tag?post=4989"}],"curies":[{"name":"wp","href":"https:\/\/api.w.org\/{rel}","templated":true}]}}