{"id":4595,"date":"2022-06-12T08:37:06","date_gmt":"2022-06-12T08:37:06","guid":{"rendered":"https:\/\/kiemmi.com\/?post_type=product&#038;p=4595"},"modified":"2024-05-06T06:45:59","modified_gmt":"2024-05-06T06:45:59","slug":"nuvem-de-madeira-com-nome-personalizado-para-o-quarto-do-seu-bebe","status":"publish","type":"product","link":"https:\/\/kiemmi.com\/pt\/shop\/decoracion-del-hogar\/habitacion-de-bebe\/nube-de-madera-con-el-nombre-personalizado-para-la-habitacion-de-tu-bebe\/","title":{"rendered":"Nuvem de madeira com nome personalizado para o quarto do seu beb\u00ea"},"content":{"rendered":"<p>Nuvem decorativa de madeira feita \u00e0 m\u00e3o e personalizada com o nome do seu beb\u00ea e as estrelas com seus dados de nascimento (data, altura, peso).<\/p>\n<p>Ideal para decorar o quarto do seu beb\u00ea.<\/p>\n<p><span style=\"font-size: 1rem;\">Voc\u00ea pode selecionar cores diferentes.<\/span><\/p>\n<p>Letras pintadas com cor branca.<\/p>\n<p><strong style=\"font-size: 1rem;\">Dimens\u00f5es:<\/strong><\/p>\n<ul>\n<li><strong>Nuvem:<\/strong>\n<ul>\n<li><strong>Alto:<\/strong> 18 cm<\/li>\n<li><strong>Largo:<\/strong> 30 cm<\/li>\n<li><strong>Grossura:<\/strong> 6 mm<\/li>\n<\/ul>\n<\/li>\n<li><strong>Estrelas:<\/strong>\n<ul>\n<li><strong>Alto:<\/strong> 10 cm<\/li>\n<li><strong>Largo:<\/strong> 10 cm<\/li>\n<li><strong>Grossura:<\/strong> 6 mm<\/li>\n<\/ul>\n<\/li>\n<\/ul>","protected":false},"excerpt":{"rendered":"<p>Nuvem decorativa de madeira feita \u00e0 m\u00e3o e personalizada com o nome do seu beb\u00ea e as estrelas com seus dados de nascimento (data, altura, peso).<\/p>\n<p>Ideal para decorar o quarto do seu beb\u00ea.<\/p>\n<p><span style=\"font-size: 1rem;\">Voc\u00ea pode selecionar cores diferentes.<\/span><\/p>\n<p>Letras pintadas com cor branca.<\/p>","protected":false},"featured_media":4596,"template":"","meta":{"_seopress_robots_primary_cat":"52","_seopress_titles_title":"Nube de madera personalizado para habitaci\u00f3n de tu bebe","_seopress_titles_desc":"Nube decorativa hecho a mano de madera personalizado con el nombre de tu bebe y en las estrellas con los datos de su nacimiento.","_seopress_robots_index":"","site-sidebar-layout":"default","site-content-layout":"","ast-site-content-layout":"default","site-content-style":"default","site-sidebar-style":"default","ast-global-header-display":"","ast-banner-title-visibility":"","ast-main-header-display":"","ast-hfb-above-header-display":"","ast-hfb-below-header-display":"","ast-hfb-mobile-header-display":"","site-post-title":"","ast-breadcrumbs-content":"","ast-featured-img":"","footer-sml-layout":"","ast-disable-related-posts":"","theme-transparent-header-meta":"","adv-header-id-meta":"","stick-header-meta":"","header-above-stick-meta":"","header-main-stick-meta":"","header-below-stick-meta":"","astra-migrate-meta-layouts":"default","ast-page-background-enabled":"default","ast-page-background-meta":{"desktop":{"background-color":"","background-image":"","background-repeat":"repeat","background-position":"center center","background-size":"auto","background-attachment":"scroll","background-type":"","background-media":"","overlay-type":"","overlay-color":"","overlay-opacity":"","overlay-gradient":""},"tablet":{"background-color":"","background-image":"","background-repeat":"repeat","background-position":"center center","background-size":"auto","background-attachment":"scroll","background-type":"","background-media":"","overlay-type":"","overlay-color":"","overlay-opacity":"","overlay-gradient":""},"mobile":{"background-color":"","background-image":"","background-repeat":"repeat","background-position":"center center","background-size":"auto","background-attachment":"scroll","background-type":"","background-media":"","overlay-type":"","overlay-color":"","overlay-opacity":"","overlay-gradient":""}},"ast-content-background-meta":{"desktop":{"background-color":"var(--ast-global-color-5)","background-image":"","background-repeat":"repeat","background-position":"center center","background-size":"auto","background-attachment":"scroll","background-type":"","background-media":"","overlay-type":"","overlay-color":"","overlay-opacity":"","overlay-gradient":""},"tablet":{"background-color":"var(--ast-global-color-5)","background-image":"","background-repeat":"repeat","background-position":"center center","background-size":"auto","background-attachment":"scroll","background-type":"","background-media":"","overlay-type":"","overlay-color":"","overlay-opacity":"","overlay-gradient":""},"mobile":{"background-color":"var(--ast-global-color-5)","background-image":"","background-repeat":"repeat","background-position":"center center","background-size":"auto","background-attachment":"scroll","background-type":"","background-media":"","overlay-type":"","overlay-color":"","overlay-opacity":"","overlay-gradient":""}}},"product_brand":[],"product_cat":[51,52],"product_tag":[],"class_list":{"0":"post-4595","1":"product","2":"type-product","3":"status-publish","4":"has-post-thumbnail","6":"product_cat-decoracion-del-hogar","7":"product_cat-habitacion-de-bebe","8":"desktop-align-center","9":"tablet-align-left","10":"mobile-align-center","11":"ast-product-gallery-layout-horizontal","12":"ast-magnify-disabled","13":"ast-product-tabs-layout-horizontal","14":"tm-has-options","16":"first","17":"instock","18":"taxable","19":"shipping-taxable","20":"purchasable","21":"product-type-simple"},"_links":{"self":[{"href":"https:\/\/kiemmi.com\/pt\/wp-json\/wp\/v2\/product\/4595","targetHints":{"allow":["GET"]}}],"collection":[{"href":"https:\/\/kiemmi.com\/pt\/wp-json\/wp\/v2\/product"}],"about":[{"href":"https:\/\/kiemmi.com\/pt\/wp-json\/wp\/v2\/types\/product"}],"version-history":[{"count":0,"href":"https:\/\/kiemmi.com\/pt\/wp-json\/wp\/v2\/product\/4595\/revisions"}],"wp:featuredmedia":[{"embeddable":true,"href":"https:\/\/kiemmi.com\/pt\/wp-json\/wp\/v2\/media\/4596"}],"wp:attachment":[{"href":"https:\/\/kiemmi.com\/pt\/wp-json\/wp\/v2\/media?parent=4595"}],"wp:term":[{"taxonomy":"product_brand","embeddable":true,"href":"https:\/\/kiemmi.com\/pt\/wp-json\/wp\/v2\/product_brand?post=4595"},{"taxonomy":"product_cat","embeddable":true,"href":"https:\/\/kiemmi.com\/pt\/wp-json\/wp\/v2\/product_cat?post=4595"},{"taxonomy":"product_tag","embeddable":true,"href":"https:\/\/kiemmi.com\/pt\/wp-json\/wp\/v2\/product_tag?post=4595"}],"curies":[{"name":"wp","href":"https:\/\/api.w.org\/{rel}","templated":true}]}}