{"id":4573,"date":"2022-06-07T05:00:13","date_gmt":"2022-06-07T05:00:13","guid":{"rendered":"https:\/\/kiemmi.com\/?post_type=product&#038;p=4573"},"modified":"2024-10-08T07:02:39","modified_gmt":"2024-10-08T07:02:39","slug":"ursinho-de-pelucia-de-madeira-para-decorar-o-quarto-do-seu-bebe","status":"publish","type":"product","link":"https:\/\/kiemmi.com\/pt\/shop\/decoracion-del-hogar\/habitacion-de-bebe\/osito-de-madera-para-la-decoracion-de-la-habitacion-de-tu-bebe\/","title":{"rendered":"Ursinho de pel\u00facia de madeira para decorar o quarto do seu beb\u00ea"},"content":{"rendered":"<div class=\"flex-shrink-0 flex flex-col relative items-end\">\n<div class=\"text-xs flex items-center justify-center gap-1 absolute left-0 top-2 -ml-4 -translate-x-full gizmo:top-1 gizmo:-ml-6 group:hover-visible visible\"><span style=\"font-size: 1rem;\">Adorable Osito de Madera Natural, una creaci\u00f3n \u00fanica dise\u00f1ada para dar vida a las habitaciones de los m\u00e1s peque\u00f1os y para estimular su imaginaci\u00f3n.<\/span><\/div>\n<\/div>\n<div class=\"relative flex w-[calc(100%-50px)] flex-col gap-1 gizmo:w-full md:gap-3 lg:w-[calc(100%-115px)] agent-turn\">\n<div class=\"flex flex-grow flex-col gap-3 max-w-full\">\n<div class=\"min-h-[20px] flex flex-col items-start gap-3 whitespace-pre-wrap break-words overflow-x-auto\">\n<div class=\"markdown prose w-full break-words dark:prose-invert light\">\n<p>Cada uno de nuestros ositos es cuidadosamente tallado a mano con precisi\u00f3n, utilizando madera natural de la m\u00e1s alta calidad. Gracias a la tecnolog\u00eda de corte l\u00e1ser de vanguardia, logramos detalles perfectos que realzan la belleza y la suavidad de la madera.<\/p>\n<p>Este encantador osito no solo es una pieza decorativa, sino tambi\u00e9n una herramienta para fomentar la imaginaci\u00f3n y el desarrollo de los ni\u00f1os. Su dise\u00f1o amigable y la calidez de la madera natural invitan a los m\u00e1s peque\u00f1os a explorar un mundo lleno de diversi\u00f3n y creatividad. Adem\u00e1s, puede integrarse perfectamente en la decoraci\u00f3n de la habitaci\u00f3n de tu beb\u00e9 o ni\u00f1o, agregando un toque de encanto a su espacio personal.<\/p>\n<p>Col\u00f3calo en una repisa, en una estanter\u00eda o incluso en la pared como parte de un mural. Su versatilidad te permite adaptarlo a la decoraci\u00f3n de cualquier habitaci\u00f3n. El Osito de Madera Natural se convierte en un confidente silencioso que escucha y guarda secretos, acompa\u00f1ando a tu peque\u00f1o en sus momentos m\u00e1s especiales.<\/p>\n<p>Dale vida a la habitaci\u00f3n de tu hijo con esta joya artesanal que combina la belleza de la naturaleza con la imaginaci\u00f3n infinita de la infancia. Nuestro Osito de Madera Natural es mucho m\u00e1s que una decoraci\u00f3n; es un regalo de amor y creatividad que perdurar\u00e1 en el tiempo.<\/p>\n<p>Decora con estilo y crea recuerdos inolvidables. \u00a1A\u00f1ade nuestro Osito de Madera Natural a tu carrito y dale un toque especial a la habitaci\u00f3n de tu peque\u00f1o!<\/p>\n<\/div>\n<\/div>\n<\/div>\n<\/div>\n<p><strong>Dimensiones:<\/strong><\/p>\n<ul>\n<li>Ancho: 28 cm<\/li>\n<li>Alto: 33 cm<\/li>\n<li>Espesor: 0,5 cm<\/li>\n<\/ul>\n","protected":false},"excerpt":{"rendered":"<p>Ursinho de pel\u00facia em madeira natural, meticulosamente esculpido \u00e0 m\u00e3o com detalhes precisos, perfeito para real\u00e7ar a decora\u00e7\u00e3o do quarto infantil. Este ador\u00e1vel ursinho estimula a imagina\u00e7\u00e3o e o desenvolvimento das crian\u00e7as, enquanto seu design vers\u00e1til se adapta a qualquer espa\u00e7o. Voc\u00ea pode coloc\u00e1-lo em prateleiras, estantes ou como parte de uma decora\u00e7\u00e3o de parede, adicionando aconchego e charme ao ambiente. Descubra como este urso de madeira natural pode dar vida ao quarto do seu pequeno e criar mem\u00f3rias duradouras.<\/p>","protected":false},"featured_media":4574,"template":"","meta":{"_seopress_robots_primary_cat":"52","_seopress_titles_title":"Osito de madera para la decoraci\u00f3n de la habitaci\u00f3n de tu bebe","_seopress_titles_desc":"Osito de madera hecho a mano. Ideal para la decoraci\u00f3n de la habitaci\u00f3n de tu bebe. Un art\u00edculo muy decorativo en madera natural.","_seopress_robots_index":"","site-sidebar-layout":"default","site-content-layout":"","ast-site-content-layout":"default","site-content-style":"default","site-sidebar-style":"default","ast-global-header-display":"","ast-banner-title-visibility":"","ast-main-header-display":"","ast-hfb-above-header-display":"","ast-hfb-below-header-display":"","ast-hfb-mobile-header-display":"","site-post-title":"","ast-breadcrumbs-content":"","ast-featured-img":"","footer-sml-layout":"","ast-disable-related-posts":"","theme-transparent-header-meta":"","adv-header-id-meta":"","stick-header-meta":"","header-above-stick-meta":"","header-main-stick-meta":"","header-below-stick-meta":"","astra-migrate-meta-layouts":"default","ast-page-background-enabled":"default","ast-page-background-meta":{"desktop":{"background-color":"","background-image":"","background-repeat":"repeat","background-position":"center center","background-size":"auto","background-attachment":"scroll","background-type":"","background-media":"","overlay-type":"","overlay-color":"","overlay-opacity":"","overlay-gradient":""},"tablet":{"background-color":"","background-image":"","background-repeat":"repeat","background-position":"center center","background-size":"auto","background-attachment":"scroll","background-type":"","background-media":"","overlay-type":"","overlay-color":"","overlay-opacity":"","overlay-gradient":""},"mobile":{"background-color":"","background-image":"","background-repeat":"repeat","background-position":"center center","background-size":"auto","background-attachment":"scroll","background-type":"","background-media":"","overlay-type":"","overlay-color":"","overlay-opacity":"","overlay-gradient":""}},"ast-content-background-meta":{"desktop":{"background-color":"var(--ast-global-color-5)","background-image":"","background-repeat":"repeat","background-position":"center center","background-size":"auto","background-attachment":"scroll","background-type":"","background-media":"","overlay-type":"","overlay-color":"","overlay-opacity":"","overlay-gradient":""},"tablet":{"background-color":"var(--ast-global-color-5)","background-image":"","background-repeat":"repeat","background-position":"center center","background-size":"auto","background-attachment":"scroll","background-type":"","background-media":"","overlay-type":"","overlay-color":"","overlay-opacity":"","overlay-gradient":""},"mobile":{"background-color":"var(--ast-global-color-5)","background-image":"","background-repeat":"repeat","background-position":"center center","background-size":"auto","background-attachment":"scroll","background-type":"","background-media":"","overlay-type":"","overlay-color":"","overlay-opacity":"","overlay-gradient":""}}},"product_brand":[],"product_cat":[51,52,87],"product_tag":[],"class_list":{"0":"post-4573","1":"product","2":"type-product","3":"status-publish","4":"has-post-thumbnail","6":"product_cat-decoracion-del-hogar","7":"product_cat-habitacion-de-bebe","8":"product_cat-mascotas","9":"desktop-align-center","10":"tablet-align-left","11":"mobile-align-center","12":"ast-product-gallery-layout-horizontal","13":"ast-magnify-disabled","14":"ast-product-tabs-layout-horizontal","15":"tm-no-options","17":"first","18":"instock","19":"taxable","20":"shipping-taxable","21":"purchasable","22":"product-type-simple"},"_links":{"self":[{"href":"https:\/\/kiemmi.com\/pt\/wp-json\/wp\/v2\/product\/4573","targetHints":{"allow":["GET"]}}],"collection":[{"href":"https:\/\/kiemmi.com\/pt\/wp-json\/wp\/v2\/product"}],"about":[{"href":"https:\/\/kiemmi.com\/pt\/wp-json\/wp\/v2\/types\/product"}],"version-history":[{"count":0,"href":"https:\/\/kiemmi.com\/pt\/wp-json\/wp\/v2\/product\/4573\/revisions"}],"wp:featuredmedia":[{"embeddable":true,"href":"https:\/\/kiemmi.com\/pt\/wp-json\/wp\/v2\/media\/4574"}],"wp:attachment":[{"href":"https:\/\/kiemmi.com\/pt\/wp-json\/wp\/v2\/media?parent=4573"}],"wp:term":[{"taxonomy":"product_brand","embeddable":true,"href":"https:\/\/kiemmi.com\/pt\/wp-json\/wp\/v2\/product_brand?post=4573"},{"taxonomy":"product_cat","embeddable":true,"href":"https:\/\/kiemmi.com\/pt\/wp-json\/wp\/v2\/product_cat?post=4573"},{"taxonomy":"product_tag","embeddable":true,"href":"https:\/\/kiemmi.com\/pt\/wp-json\/wp\/v2\/product_tag?post=4573"}],"curies":[{"name":"wp","href":"https:\/\/api.w.org\/{rel}","templated":true}]}}