{"id":4074,"date":"2022-03-30T22:06:09","date_gmt":"2022-03-30T22:06:09","guid":{"rendered":"https:\/\/kiemmi.com\/?post_type=product&#038;p=4074"},"modified":"2025-12-09T11:26:36","modified_gmt":"2025-12-09T11:26:36","slug":"luminaria-led-de-madeira-em-formato-de-pata-de-cachorro","status":"publish","type":"product","link":"https:\/\/kiemmi.com\/pt\/shop\/lamparas\/lampara-led-de-madera-en-forma-de-huella-de-perros\/","title":{"rendered":"Lumin\u00e1ria LED de madeira em formato de pata de cachorro"},"content":{"rendered":"<p>Ilumine qualquer cantinho com charme com nossa exclusiva lumin\u00e1ria noturna de LED, feita \u00e0 m\u00e3o e projetada no formato da pata do seu companheiro peludo! Cuidadosamente confeccionada em madeira natural ou nogueira, esta lumin\u00e1ria oferece um estilo \u00fanico e um toque aconchegante para sua casa.<\/p>\n<p>Cada pe\u00e7a foi meticulosamente feita \u00e0 m\u00e3o, real\u00e7ando a beleza e o aconchego da madeira tratada com vernizes ecol\u00f3gicos \u00e0 base de \u00e1gua, garantindo um produto sustent\u00e1vel e ecologicamente correto.<\/p>\n<p>A seguran\u00e7a \u00e9 primordial, especialmente em espa\u00e7os para crian\u00e7as. Por isso, esta lumin\u00e1ria opera com baixa voltagem de 12 V por meio de um adaptador de energia, garantindo um uso seguro e confi\u00e1vel em quartos infantis.<\/p>\n<p>Esta lumin\u00e1ria de LED \u00e9 mais do que uma simples fonte de luz; \u00e9 uma pe\u00e7a decorativa vers\u00e1til que se adapta perfeitamente a qualquer ambiente. Al\u00e9m disso, seu design com estampa de patinhas adiciona um toque de carinho e conex\u00e3o ao seu espa\u00e7o.<\/p>\n<p>Destaque-se da multid\u00e3o com esta lumin\u00e1ria \u00fanica, ideal como presente para quem ama animais de estima\u00e7\u00e3o ou como um mimo especial para sua casa. Traga aconchego, estilo e seguran\u00e7a com esta ador\u00e1vel lumin\u00e1ria noturna de LED de madeira.<\/p>\n<p>Produto artesanal fabricado na Espanha.<\/p>\n<p><strong>Dimens\u00f5es:<\/strong><\/p>\n<ul>\n<li>Largura: 14 cm<\/li>\n<li>Altura: 14 cm<\/li>\n<li>Espessura: 3 cm<\/li>\n<\/ul>","protected":false},"excerpt":{"rendered":"<p>Apresentamos uma lumin\u00e1ria noturna LED artesanal em formato de pata de cachorro ou gato, feita \u00e0 m\u00e3o em madeira natural ou nogueira, envernizada com tintas ecol\u00f3gicas \u00e0 base de \u00e1gua. Seu adaptador de energia de 12 V seguro a torna ideal para espa\u00e7os infantis. Esta pe\u00e7a n\u00e3o s\u00f3 ilumina, como tamb\u00e9m adiciona aconchego e estilo a qualquer ambiente. Perfeita como presente para amantes de animais de estima\u00e7\u00e3o ou como decora\u00e7\u00e3o \u00fanica para a casa. Uma fus\u00e3o de funcionalidade, est\u00e9tica e sustentabilidade em uma lumin\u00e1ria LED \u00fanica.<\/p>","protected":false},"featured_media":7118,"template":"","meta":{"_seopress_robots_primary_cat":"19","_seopress_titles_title":"%%title%% %%page%%","_seopress_titles_desc":"Original lampara led de madera en forma de huella de perro \/ gato. Regalo ideal como lampara de noche para ni\u00f1os. Art\u00edculo hecho a mano.","_seopress_robots_index":"","site-sidebar-layout":"default","site-content-layout":"","ast-site-content-layout":"default","site-content-style":"default","site-sidebar-style":"default","ast-global-header-display":"","ast-banner-title-visibility":"","ast-main-header-display":"","ast-hfb-above-header-display":"","ast-hfb-below-header-display":"","ast-hfb-mobile-header-display":"","site-post-title":"","ast-breadcrumbs-content":"","ast-featured-img":"","footer-sml-layout":"","ast-disable-related-posts":"","theme-transparent-header-meta":"","adv-header-id-meta":"","stick-header-meta":"","header-above-stick-meta":"","header-main-stick-meta":"","header-below-stick-meta":"","astra-migrate-meta-layouts":"default","ast-page-background-enabled":"default","ast-page-background-meta":{"desktop":{"background-color":"","background-image":"","background-repeat":"repeat","background-position":"center center","background-size":"auto","background-attachment":"scroll","background-type":"","background-media":"","overlay-type":"","overlay-color":"","overlay-opacity":"","overlay-gradient":""},"tablet":{"background-color":"","background-image":"","background-repeat":"repeat","background-position":"center center","background-size":"auto","background-attachment":"scroll","background-type":"","background-media":"","overlay-type":"","overlay-color":"","overlay-opacity":"","overlay-gradient":""},"mobile":{"background-color":"","background-image":"","background-repeat":"repeat","background-position":"center center","background-size":"auto","background-attachment":"scroll","background-type":"","background-media":"","overlay-type":"","overlay-color":"","overlay-opacity":"","overlay-gradient":""}},"ast-content-background-meta":{"desktop":{"background-color":"var(--ast-global-color-5)","background-image":"","background-repeat":"repeat","background-position":"center center","background-size":"auto","background-attachment":"scroll","background-type":"","background-media":"","overlay-type":"","overlay-color":"","overlay-opacity":"","overlay-gradient":""},"tablet":{"background-color":"var(--ast-global-color-5)","background-image":"","background-repeat":"repeat","background-position":"center center","background-size":"auto","background-attachment":"scroll","background-type":"","background-media":"","overlay-type":"","overlay-color":"","overlay-opacity":"","overlay-gradient":""},"mobile":{"background-color":"var(--ast-global-color-5)","background-image":"","background-repeat":"repeat","background-position":"center center","background-size":"auto","background-attachment":"scroll","background-type":"","background-media":"","overlay-type":"","overlay-color":"","overlay-opacity":"","overlay-gradient":""}}},"product_brand":[],"product_cat":[19,87],"product_tag":[],"class_list":{"0":"post-4074","1":"product","2":"type-product","3":"status-publish","4":"has-post-thumbnail","6":"product_cat-lamparas","7":"product_cat-mascotas","8":"desktop-align-center","9":"tablet-align-left","10":"mobile-align-center","11":"ast-product-gallery-layout-horizontal","12":"ast-magnify-disabled","13":"ast-product-tabs-layout-horizontal","14":"tm-has-options","16":"first","17":"instock","18":"taxable","19":"shipping-taxable","20":"purchasable","21":"product-type-simple"},"_links":{"self":[{"href":"https:\/\/kiemmi.com\/pt\/wp-json\/wp\/v2\/product\/4074","targetHints":{"allow":["GET"]}}],"collection":[{"href":"https:\/\/kiemmi.com\/pt\/wp-json\/wp\/v2\/product"}],"about":[{"href":"https:\/\/kiemmi.com\/pt\/wp-json\/wp\/v2\/types\/product"}],"version-history":[{"count":0,"href":"https:\/\/kiemmi.com\/pt\/wp-json\/wp\/v2\/product\/4074\/revisions"}],"wp:featuredmedia":[{"embeddable":true,"href":"https:\/\/kiemmi.com\/pt\/wp-json\/wp\/v2\/media\/7118"}],"wp:attachment":[{"href":"https:\/\/kiemmi.com\/pt\/wp-json\/wp\/v2\/media?parent=4074"}],"wp:term":[{"taxonomy":"product_brand","embeddable":true,"href":"https:\/\/kiemmi.com\/pt\/wp-json\/wp\/v2\/product_brand?post=4074"},{"taxonomy":"product_cat","embeddable":true,"href":"https:\/\/kiemmi.com\/pt\/wp-json\/wp\/v2\/product_cat?post=4074"},{"taxonomy":"product_tag","embeddable":true,"href":"https:\/\/kiemmi.com\/pt\/wp-json\/wp\/v2\/product_tag?post=4074"}],"curies":[{"name":"wp","href":"https:\/\/api.w.org\/{rel}","templated":true}]}}