{"id":37773,"date":"2025-12-14T16:49:50","date_gmt":"2025-12-14T16:49:50","guid":{"rendered":"https:\/\/kiemmi.com\/?post_type=product&#038;p=37773"},"modified":"2025-12-26T14:53:09","modified_gmt":"2025-12-26T14:53:09","slug":"marcadores-de-livros-de-madeira-assembleia-internacional-2026-felizes-para-sempre-jw","status":"publish","type":"product","link":"https:\/\/kiemmi.com\/pt\/shop\/jw\/asambleas-internacionales-2026-jw\/marcapaginas-de-madera-asamblea-international-2026-felices-para-siempre-jw\/","title":{"rendered":"Marcadores de livros de madeira \u2013 Assembleia Internacional de 2026 \u00abFelizes para sempre\u00bb \u2013 JW"},"content":{"rendered":"<p>Este marcador de livros de madeira foi criado como uma lembran\u00e7a especial do <strong>Assembleia Internacional das Testemunhas de Jeov\u00e1 2026<\/strong>, cujo tema b\u00edblico \u201c<strong>Felici per sempre<\/strong>\u201d&quot;Isso destaca a esperan\u00e7a de uma felicidade duradoura baseada nas promessas de Jeov\u00e1.&quot;.<\/p>\n<p>O design incorpora o logotipo oficial da assembleia impresso em cores vibrantes sobre madeira natural, oferecendo um acabamento harmonioso e refinado. Seu formato leve e elegante o torna um complemento ideal para a leitura di\u00e1ria da B\u00edblia e outras publica\u00e7\u00f5es espirituais, mantendo a mensagem da assembleia presente em cada momento de estudo.<\/p>\n<p>O marcador de livros permite personalizar o texto com impress\u00e3o colorida, como um nome, data ou uma mensagem curta, integrando-o perfeitamente ao design. Cada marcador tamb\u00e9m inclui uma borla decorativa, enviada em cores sortidas, adicionando um toque diferenciado a cada pe\u00e7a.<\/p>\n<p><strong>Caracter\u00edsticas do produto:<\/strong><\/p>\n<p style=\"padding-left: 40px;\">\ud83d\udccf <strong>Dimens\u00f5es:<\/strong> 14 cm de altura \u00d7 3,7 cm de largura \u00d7 1 mm de espessura<br \/>\n\ud83c\udf33 <strong>Madeira natural:<\/strong> Material leve, dur\u00e1vel e agrad\u00e1vel ao toque.<br \/>\n\ud83c\udfa8 <strong>Impress\u00e3o a cores:<\/strong> Logotipo oficial da Assembleia Internacional de 2026 com grande clareza.<br \/>\n\u270d\ufe0f <strong>Personaliza\u00e7\u00e3o impressa:<\/strong> Texto personalizado com impress\u00e3o a cores<br \/>\n\ud83c\udf80 <strong>Borla decorativa:<\/strong> Inclui borla em cores aleat\u00f3rias<br \/>\n\ud83d\udc50 <strong>Feito \u00e0 m\u00e3o:<\/strong> Cada marcador de livros \u00e9 feito \u00e0 m\u00e3o, com aten\u00e7\u00e3o a cada detalhe.<br \/>\n\ud83d\udcda <strong>Uso pr\u00e1tico:<\/strong> Ideal para marcar p\u00e1ginas na B\u00edblia, em livros ou em material de estudo.<br \/>\n\ud83c\udf81 <strong>Uma lembran\u00e7a com significado espiritual:<\/strong> Um presente especial para os irm\u00e3os e irm\u00e3s que participam da assembleia.<\/p>\n<p>Este marcador de livros de madeira \u00e9 um lembrete di\u00e1rio da mensagem \u201c<strong>Felici per sempre<\/strong>\u201d, concebido para acompanhar momentos de leitura, reflex\u00e3o e estudo espiritual.<\/p>\n<p>Uma lembran\u00e7a simples, funcional e significativa.<\/p>","protected":false},"excerpt":{"rendered":"<p>Marcador de livro de madeira comemorativo do <strong>Assembleia Internacional das Testemunhas de Jeov\u00e1 2026<\/strong>, cujo tema \u00e9 \u201c<strong>Felici per sempre<\/strong>\u201d. Inclui o logotipo oficial e a op\u00e7\u00e3o de adicionar texto personalizado por meio de impress\u00e3o colorida. Uma lembran\u00e7a leve e significativa para acompanhar a leitura di\u00e1ria e manter presente a mensagem espiritual da assembleia.<\/p>","protected":false},"featured_media":37753,"template":"","meta":{"_seopress_robots_primary_cat":"none","_seopress_titles_title":"Marcap\u00e1ginas personalizado para Asamblea Especial 2025 \"Adoraci\u00f3n Pura\"","_seopress_titles_desc":"Descubre el marcap\u00e1ginas de madera de la Asamblea Especial 2025 \"Adoraci\u00f3n Pura\": elegante, personalizable, hecho a mano y con impresi\u00f3n a color del logo oficial. \u00a1Perfecto para regalar!","_seopress_robots_index":"","site-sidebar-layout":"default","site-content-layout":"","ast-site-content-layout":"default","site-content-style":"default","site-sidebar-style":"default","ast-global-header-display":"","ast-banner-title-visibility":"","ast-main-header-display":"","ast-hfb-above-header-display":"","ast-hfb-below-header-display":"","ast-hfb-mobile-header-display":"","site-post-title":"","ast-breadcrumbs-content":"","ast-featured-img":"","footer-sml-layout":"","ast-disable-related-posts":"","theme-transparent-header-meta":"default","adv-header-id-meta":"","stick-header-meta":"default","header-above-stick-meta":"","header-main-stick-meta":"","header-below-stick-meta":"","astra-migrate-meta-layouts":"set","ast-page-background-enabled":"default","ast-page-background-meta":{"desktop":{"background-color":"","background-image":"","background-repeat":"repeat","background-position":"center center","background-size":"auto","background-attachment":"scroll","background-type":"","background-media":"","overlay-type":"","overlay-color":"","overlay-opacity":"","overlay-gradient":""},"tablet":{"background-color":"","background-image":"","background-repeat":"repeat","background-position":"center center","background-size":"auto","background-attachment":"scroll","background-type":"","background-media":"","overlay-type":"","overlay-color":"","overlay-opacity":"","overlay-gradient":""},"mobile":{"background-color":"","background-image":"","background-repeat":"repeat","background-position":"center center","background-size":"auto","background-attachment":"scroll","background-type":"","background-media":"","overlay-type":"","overlay-color":"","overlay-opacity":"","overlay-gradient":""}},"ast-content-background-meta":{"desktop":{"background-color":"var(--ast-global-color-5)","background-image":"","background-repeat":"repeat","background-position":"center center","background-size":"auto","background-attachment":"scroll","background-type":"","background-media":"","overlay-type":"","overlay-color":"","overlay-opacity":"","overlay-gradient":""},"tablet":{"background-color":"var(--ast-global-color-5)","background-image":"","background-repeat":"repeat","background-position":"center center","background-size":"auto","background-attachment":"scroll","background-type":"","background-media":"","overlay-type":"","overlay-color":"","overlay-opacity":"","overlay-gradient":""},"mobile":{"background-color":"var(--ast-global-color-5)","background-image":"","background-repeat":"repeat","background-position":"center center","background-size":"auto","background-attachment":"scroll","background-type":"","background-media":"","overlay-type":"","overlay-color":"","overlay-opacity":"","overlay-gradient":""}}},"product_brand":[103],"product_cat":[105,62,100],"product_tag":[],"class_list":{"0":"post-37773","1":"product","2":"type-product","3":"status-publish","4":"has-post-thumbnail","6":"product_brand-kiemmi-creations","7":"product_cat-asambleas-internacionales-2026-jw","8":"product_cat-jw","9":"product_cat-marcapaginas-jw","10":"desktop-align-center","11":"tablet-align-left","12":"mobile-align-center","13":"ast-product-gallery-layout-horizontal","14":"ast-magnify-disabled","15":"ast-product-tabs-layout-horizontal","16":"tm-has-options","18":"first","19":"instock","20":"taxable","21":"shipping-taxable","22":"purchasable","23":"product-type-simple"},"_links":{"self":[{"href":"https:\/\/kiemmi.com\/pt\/wp-json\/wp\/v2\/product\/37773","targetHints":{"allow":["GET"]}}],"collection":[{"href":"https:\/\/kiemmi.com\/pt\/wp-json\/wp\/v2\/product"}],"about":[{"href":"https:\/\/kiemmi.com\/pt\/wp-json\/wp\/v2\/types\/product"}],"version-history":[{"count":1,"href":"https:\/\/kiemmi.com\/pt\/wp-json\/wp\/v2\/product\/37773\/revisions"}],"predecessor-version":[{"id":67210,"href":"https:\/\/kiemmi.com\/pt\/wp-json\/wp\/v2\/product\/37773\/revisions\/67210"}],"wp:featuredmedia":[{"embeddable":true,"href":"https:\/\/kiemmi.com\/pt\/wp-json\/wp\/v2\/media\/37753"}],"wp:attachment":[{"href":"https:\/\/kiemmi.com\/pt\/wp-json\/wp\/v2\/media?parent=37773"}],"wp:term":[{"taxonomy":"product_brand","embeddable":true,"href":"https:\/\/kiemmi.com\/pt\/wp-json\/wp\/v2\/product_brand?post=37773"},{"taxonomy":"product_cat","embeddable":true,"href":"https:\/\/kiemmi.com\/pt\/wp-json\/wp\/v2\/product_cat?post=37773"},{"taxonomy":"product_tag","embeddable":true,"href":"https:\/\/kiemmi.com\/pt\/wp-json\/wp\/v2\/product_tag?post=37773"}],"curies":[{"name":"wp","href":"https:\/\/api.w.org\/{rel}","templated":true}]}}