{"id":37645,"date":"2025-12-14T11:47:17","date_gmt":"2025-12-14T11:47:17","guid":{"rendered":"https:\/\/kiemmi.com\/?post_type=product&#038;p=37645"},"modified":"2026-01-18T00:31:49","modified_gmt":"2026-01-18T00:31:49","slug":"ima-de-geladeira-de-madeira-assembleia-internacional-2026-felizes-para-sempre-jw","status":"publish","type":"product","link":"https:\/\/kiemmi.com\/pt\/shop\/jw\/asambleas-internacionales-2026-jw\/magnet-iman-para-nevera-de-madera-asamblea-internacional-2026-felices-para-siempre-jw\/","title":{"rendered":"\u00cdm\u00e3 de geladeira de madeira \/ Assembleia Internacional 2026 \u00abFelizes para sempre\u00bb \u2013 JW"},"content":{"rendered":"<p>Este \u00edman de frigor\u00edfico de madeira foi concebido como uma recorda\u00e7\u00e3o especial do <strong>Assembleia Internacional das Testemunhas de Jeov\u00e1 2026<\/strong>, cujo tema b\u00edblico \u201c<strong>Felici per sempre<\/strong>\u201d&quot;Isso destaca a esperan\u00e7a de uma felicidade duradoura baseada nas promessas de Jeov\u00e1.&quot;.<\/p>\n<p>Seu design circular, equilibrado e discreto apresenta o logotipo oficial da assembleia impresso em cores vibrantes sobre madeira natural. Colocado na geladeira ou em qualquer superf\u00edcie met\u00e1lica, torna-se um lembrete di\u00e1rio da mensagem espiritual transmitida durante esta importante assembleia internacional.<\/p>\n<p>A op\u00e7\u00e3o de <strong>Personalize uma mensagem na parte inferior.<\/strong> Isso permite que cada \u00edm\u00e3 seja \u00fanico, seja com um nome, uma data ou uma breve express\u00e3o que reforce o valor espiritual e comemorativo da mem\u00f3ria.<\/p>\n<p><strong>Detalhes do produto:<\/strong><\/p>\n<p style=\"padding-left: 40px;\">\ud83e\udeb5 <strong>Madeira natural de qualidade:<\/strong> Material resistente e aconchegante, com um acabamento simples que valoriza o design.<br \/>\n\ud83c\udfa8 <strong>Impress\u00e3o a cores:<\/strong> Uma imagem n\u00edtida e duradoura que mant\u00e9m a clareza do logotipo ao longo do tempo.<br \/>\n\ud83d\udee0\ufe0f <strong>Feito \u00e0 m\u00e3o:<\/strong> Cada \u00edman \u00e9 feito \u00e0 m\u00e3o, com aten\u00e7\u00e3o meticulosa ao corte, \u00e0 grava\u00e7\u00e3o e ao acabamento final.<br \/>\n\u270d\ufe0f <strong>Mensagem personaliz\u00e1vel:<\/strong> Espa\u00e7o destinado a um breve texto que agregue valor pessoal e espiritual \u00e0 lembran\u00e7a.<br \/>\n\ud83d\udccf <strong>Extens\u00e3o:<\/strong> Di\u00e2metro de 50 mm (5 cm \/ 1,97\u201d), tamanho ideal para destacar o design sem ser intrusivo.<br \/>\n\ud83e\uddf2 <strong>\u00cdm\u00e3 traseiro dur\u00e1vel:<\/strong> Fixa\u00e7\u00e3o firme para superf\u00edcies met\u00e1licas como geladeiras, arquivos ou quadros brancos.<br \/>\n\ud83c\udf81 <strong>Mem\u00f3ria espiritual duradoura:<\/strong> Ideal para guardar como recorda\u00e7\u00e3o pessoal ou para oferecer aos irm\u00e3os e irm\u00e3s que participam da assembleia.<\/p>\n<p>Este \u00edman de madeira n\u00e3o \u00e9 apenas um objeto decorativo, mas um lembrete di\u00e1rio da mensagem &quot;Felizes para sempre&quot;, concebido para manter viva a esperan\u00e7a e a alegria que caracterizam esta assembleia internacional.<\/p>\n<p>Um detalhe simples e pr\u00e1tico, repleto de significado espiritual.<\/p>","protected":false},"excerpt":{"rendered":"<p>\u00cdm\u00e3 de geladeira comemorativo de madeira <strong>Assembleia Internacional das Testemunhas de Jeov\u00e1 2026<\/strong>, cujo tema \u00e9 \u201c<strong>Felici per sempre<\/strong>\u201d. A pe\u00e7a apresenta o logotipo oficial impresso em cores vibrantes sobre madeira natural e permite a adi\u00e7\u00e3o de uma mensagem personalizada. Uma lembran\u00e7a pr\u00e1tica e significativa que preserva a esperan\u00e7a e a alegria compartilhadas durante essa assembleia especial.<\/p>","protected":false},"featured_media":37704,"template":"","meta":{"_seopress_robots_primary_cat":"","_seopress_titles_title":"Im\u00e1n para Asambleas Especiales 2025 - \"Adoraci\u00f3n Pura\"","_seopress_titles_desc":"Celebra las Asambleas Especiales 2025 - \"Adoraci\u00f3n Pura\" - con nuestro exclusivo im\u00e1n de madera personalizado. \u00a1Personal\u00edzalo hoy!","_seopress_robots_index":"","site-sidebar-layout":"default","site-content-layout":"","ast-site-content-layout":"default","site-content-style":"default","site-sidebar-style":"default","ast-global-header-display":"","ast-banner-title-visibility":"","ast-main-header-display":"","ast-hfb-above-header-display":"","ast-hfb-below-header-display":"","ast-hfb-mobile-header-display":"","site-post-title":"","ast-breadcrumbs-content":"","ast-featured-img":"","footer-sml-layout":"","ast-disable-related-posts":"","theme-transparent-header-meta":"default","adv-header-id-meta":"","stick-header-meta":"default","header-above-stick-meta":"","header-main-stick-meta":"","header-below-stick-meta":"","astra-migrate-meta-layouts":"set","ast-page-background-enabled":"default","ast-page-background-meta":{"desktop":{"background-color":"","background-image":"","background-repeat":"repeat","background-position":"center center","background-size":"auto","background-attachment":"scroll","background-type":"","background-media":"","overlay-type":"","overlay-color":"","overlay-opacity":"","overlay-gradient":""},"tablet":{"background-color":"","background-image":"","background-repeat":"repeat","background-position":"center center","background-size":"auto","background-attachment":"scroll","background-type":"","background-media":"","overlay-type":"","overlay-color":"","overlay-opacity":"","overlay-gradient":""},"mobile":{"background-color":"","background-image":"","background-repeat":"repeat","background-position":"center center","background-size":"auto","background-attachment":"scroll","background-type":"","background-media":"","overlay-type":"","overlay-color":"","overlay-opacity":"","overlay-gradient":""}},"ast-content-background-meta":{"desktop":{"background-color":"var(--ast-global-color-5)","background-image":"","background-repeat":"repeat","background-position":"center center","background-size":"auto","background-attachment":"scroll","background-type":"","background-media":"","overlay-type":"","overlay-color":"","overlay-opacity":"","overlay-gradient":""},"tablet":{"background-color":"var(--ast-global-color-5)","background-image":"","background-repeat":"repeat","background-position":"center center","background-size":"auto","background-attachment":"scroll","background-type":"","background-media":"","overlay-type":"","overlay-color":"","overlay-opacity":"","overlay-gradient":""},"mobile":{"background-color":"var(--ast-global-color-5)","background-image":"","background-repeat":"repeat","background-position":"center center","background-size":"auto","background-attachment":"scroll","background-type":"","background-media":"","overlay-type":"","overlay-color":"","overlay-opacity":"","overlay-gradient":""}}},"product_brand":[103],"product_cat":[105,65],"product_tag":[],"class_list":{"0":"post-37645","1":"product","2":"type-product","3":"status-publish","4":"has-post-thumbnail","6":"product_brand-kiemmi-creations","7":"product_cat-asambleas-internacionales-2026-jw","8":"product_cat-imanes-de-nevera-jw","9":"desktop-align-center","10":"tablet-align-left","11":"mobile-align-center","12":"ast-product-gallery-layout-horizontal","13":"ast-magnify-disabled","14":"ast-product-tabs-layout-horizontal","15":"tm-has-options","17":"first","18":"instock","19":"taxable","20":"shipping-taxable","21":"purchasable","22":"product-type-simple"},"_links":{"self":[{"href":"https:\/\/kiemmi.com\/pt\/wp-json\/wp\/v2\/product\/37645","targetHints":{"allow":["GET"]}}],"collection":[{"href":"https:\/\/kiemmi.com\/pt\/wp-json\/wp\/v2\/product"}],"about":[{"href":"https:\/\/kiemmi.com\/pt\/wp-json\/wp\/v2\/types\/product"}],"version-history":[{"count":1,"href":"https:\/\/kiemmi.com\/pt\/wp-json\/wp\/v2\/product\/37645\/revisions"}],"predecessor-version":[{"id":67211,"href":"https:\/\/kiemmi.com\/pt\/wp-json\/wp\/v2\/product\/37645\/revisions\/67211"}],"wp:featuredmedia":[{"embeddable":true,"href":"https:\/\/kiemmi.com\/pt\/wp-json\/wp\/v2\/media\/37704"}],"wp:attachment":[{"href":"https:\/\/kiemmi.com\/pt\/wp-json\/wp\/v2\/media?parent=37645"}],"wp:term":[{"taxonomy":"product_brand","embeddable":true,"href":"https:\/\/kiemmi.com\/pt\/wp-json\/wp\/v2\/product_brand?post=37645"},{"taxonomy":"product_cat","embeddable":true,"href":"https:\/\/kiemmi.com\/pt\/wp-json\/wp\/v2\/product_cat?post=37645"},{"taxonomy":"product_tag","embeddable":true,"href":"https:\/\/kiemmi.com\/pt\/wp-json\/wp\/v2\/product_tag?post=37645"}],"curies":[{"name":"wp","href":"https:\/\/api.w.org\/{rel}","templated":true}]}}