{"id":37494,"date":"2025-12-13T18:28:26","date_gmt":"2025-12-13T18:28:26","guid":{"rendered":"https:\/\/kiemmi.com\/?post_type=product&#038;p=37494"},"modified":"2026-03-09T07:07:52","modified_gmt":"2026-03-09T07:07:52","slug":"distintivos-pins-assembleia-internacional-2026-felizes-para-sempre","status":"publish","type":"product","link":"https:\/\/kiemmi.com\/pt\/shop\/jw\/asambleas-internacionales-2026-jw\/chapas-pins-asamblea-internacional-2026-felices-para-siempre\/","title":{"rendered":"Distintivos\/Pins da Assembleia Internacional 2026 &quot;Felizes para Sempre&quot;\u00ab"},"content":{"rendered":"<p>Comemore este evento especial com crach\u00e1s\/pins personalizados inspirados no logotipo oficial do <strong>Assembleia Internacional 2026<\/strong>. Cada pe\u00e7a \u00e9 feita com grande aten\u00e7\u00e3o aos detalhes para que voc\u00ea tenha uma lembran\u00e7a \u00fanica e significativa desta ocasi\u00e3o inesquec\u00edvel.<\/p>\n<p><strong>\ud83c\udf81 Uma lembran\u00e7a \u00fanica, feita especialmente para voc\u00ea<\/strong><br \/>\nEste broche n\u00e3o \u00e9 apenas uma lembran\u00e7a: \u00e9 uma recorda\u00e7\u00e3o pessoal que voc\u00ea pode personalizar. \u00c9 perfeito como presente para irm\u00e3os ou amigos, ou para guardar como uma recorda\u00e7\u00e3o especial da assembleia que tornou sua experi\u00eancia t\u00e3o memor\u00e1vel.<\/p>\n<p><strong>\ud83d\udd8a\ufe0f Personaliza\u00e7\u00e3o dispon\u00edvel<\/strong><br \/>\nVoc\u00ea pode personalizar seu crach\u00e1\/broche com:<\/p>\n<p style=\"padding-left: 40px;\">\ud83d\udccd A cidade da assembleia<br \/>\n\u270d\ufe0f Nome, data ou breve texto comemorativo<br \/>\n\ud83c\udfa8 Diferentes op\u00e7\u00f5es de acabamento (sujeitas \u00e0 disponibilidade)<\/p>\n<p>Cada unidade \u00e9 preparada sob encomenda, cuidando de cada detalhe para garantir um resultado especial e exclusivo.<\/p>\n<p><strong>\ud83c\udf0d Dispon\u00edvel para a 19\u00aa Assembleia Internacional de 2026<\/strong><\/p>\n<p style=\"padding-left: 40px;\">\ud83d\udd38 Douala (Camar\u00f5es)<br \/>\n\ud83d\udd38 Bucareste (Rom\u00eania)<br \/>\n\ud83d\udd38 Curitiba (Brasil)<br \/>\n\ud83d\udd38 St. John&#039;s, Terra Nova (Canad\u00e1)<br \/>\n\ud83d\udd38 Vars\u00f3via (Pol\u00f4nia)<br \/>\n\ud83d\udd38 Estocolmo (Su\u00e9cia)<br \/>\n\ud83d\udd38 Kaohsiung (Taiwan)<br \/>\n\ud83d\udd38 Cidade do Panam\u00e1 (Panam\u00e1)<br \/>\n\ud83d\udd38 Porto (Portugal)<br \/>\n\ud83d\udd38 Calgary (Canad\u00e1)<br \/>\n\ud83d\udd38 Quito (Equador)<br \/>\n\ud83d\udd38 Vilnius (Litu\u00e2nia)<br \/>\n\ud83d\udd38 Hamburgo (Alemanha)<br \/>\n\ud83d\udd38 Utrecht (Pa\u00edses Baixos)<br \/>\n\ud83d\udd38 Joanesburgo (\u00c1frica do Sul)<br \/>\n\ud83d\udd38 Milwaukee (EUA)<br \/>\n\ud83d\udd38 Manila (Filipinas)<br \/>\n\ud83d\udd38 San Diego (EUA)<br \/>\n\ud83d\udd38 Bangkok (Tail\u00e2ndia)<\/p>\n<p><strong>\ud83d\udccc Recursos<\/strong><\/p>\n<p style=\"padding-left: 40px;\">\u2714\ufe0f Leve e confort\u00e1vel para uso di\u00e1rio<br \/>\n\u2714\ufe0f Design dur\u00e1vel e resistente<br \/>\n\u2714\ufe0f Feito sob encomenda com aten\u00e7\u00e3o aos detalhes<br \/>\n<span style=\"font-size: 16px;\">\u2714\ufe0f Personaliza\u00e7\u00e3o clara e simples<\/span><\/p>\n<p>\u2728 Torne sua mem\u00f3ria verdadeiramente especial<\/p>\n<p>Leve consigo um s\u00edmbolo \u00fanico do <strong>Assembleia Internacional 2026<\/strong>, criado especialmente para voc\u00ea.<\/p>\n<p>\ud83d\udc49 Personalize o seu e guarde essa lembran\u00e7a para sempre.<\/p>","protected":false},"excerpt":{"rendered":"<p>Broche\/Distintivo Personalizado \u2013 Assembleia Internacional 2026\u201c<strong>Felici per sempre<\/strong>\u201d.<br \/>\nLembran\u00e7a exclusiva inspirada na Assembleia Internacional de 2026.<br \/>\nBroche ou distintivo personaliz\u00e1vel com o nome da cidade da assembleia e texto comemorativo.<br \/>\nLeve, confort\u00e1vel e feito sob encomenda, ideal como um presente especial ou uma lembran\u00e7a duradoura deste evento \u00fanico.<\/p>","protected":false},"featured_media":37498,"template":"","meta":{"_seopress_robots_primary_cat":"none","_seopress_titles_title":"Chapas exclusivas para las Asambleas Especiales 2025 - Adoraci\u00f3n Pura","_seopress_titles_desc":"Haz memorable la Asamblea Especial 2025 \"Adoraci\u00f3n Pura\"  con chapas de madera personalizables con el logo de la asamblea. Dise\u00f1o circular y elegante.","_seopress_robots_index":"","site-sidebar-layout":"default","site-content-layout":"","ast-site-content-layout":"default","site-content-style":"default","site-sidebar-style":"default","ast-global-header-display":"","ast-banner-title-visibility":"","ast-main-header-display":"","ast-hfb-above-header-display":"","ast-hfb-below-header-display":"","ast-hfb-mobile-header-display":"","site-post-title":"","ast-breadcrumbs-content":"","ast-featured-img":"","footer-sml-layout":"","ast-disable-related-posts":"","theme-transparent-header-meta":"default","adv-header-id-meta":"","stick-header-meta":"default","header-above-stick-meta":"","header-main-stick-meta":"","header-below-stick-meta":"","astra-migrate-meta-layouts":"set","ast-page-background-enabled":"default","ast-page-background-meta":{"desktop":{"background-color":"","background-image":"","background-repeat":"repeat","background-position":"center center","background-size":"auto","background-attachment":"scroll","background-type":"","background-media":"","overlay-type":"","overlay-color":"","overlay-opacity":"","overlay-gradient":""},"tablet":{"background-color":"","background-image":"","background-repeat":"repeat","background-position":"center center","background-size":"auto","background-attachment":"scroll","background-type":"","background-media":"","overlay-type":"","overlay-color":"","overlay-opacity":"","overlay-gradient":""},"mobile":{"background-color":"","background-image":"","background-repeat":"repeat","background-position":"center center","background-size":"auto","background-attachment":"scroll","background-type":"","background-media":"","overlay-type":"","overlay-color":"","overlay-opacity":"","overlay-gradient":""}},"ast-content-background-meta":{"desktop":{"background-color":"var(--ast-global-color-5)","background-image":"","background-repeat":"repeat","background-position":"center center","background-size":"auto","background-attachment":"scroll","background-type":"","background-media":"","overlay-type":"","overlay-color":"","overlay-opacity":"","overlay-gradient":""},"tablet":{"background-color":"var(--ast-global-color-5)","background-image":"","background-repeat":"repeat","background-position":"center center","background-size":"auto","background-attachment":"scroll","background-type":"","background-media":"","overlay-type":"","overlay-color":"","overlay-opacity":"","overlay-gradient":""},"mobile":{"background-color":"var(--ast-global-color-5)","background-image":"","background-repeat":"repeat","background-position":"center center","background-size":"auto","background-attachment":"scroll","background-type":"","background-media":"","overlay-type":"","overlay-color":"","overlay-opacity":"","overlay-gradient":""}}},"product_brand":[103],"product_cat":[105,62,66],"product_tag":[],"class_list":{"0":"post-37494","1":"product","2":"type-product","3":"status-publish","4":"has-post-thumbnail","6":"product_brand-kiemmi-creations","7":"product_cat-asambleas-internacionales-2026-jw","8":"product_cat-jw","9":"product_cat-llaveros-jw","10":"desktop-align-center","11":"tablet-align-left","12":"mobile-align-center","13":"ast-product-gallery-layout-horizontal","14":"ast-magnify-disabled","15":"ast-product-tabs-layout-horizontal","16":"tm-has-options","18":"first","19":"instock","20":"taxable","21":"shipping-taxable","22":"purchasable","23":"product-type-simple"},"_links":{"self":[{"href":"https:\/\/kiemmi.com\/pt\/wp-json\/wp\/v2\/product\/37494","targetHints":{"allow":["GET"]}}],"collection":[{"href":"https:\/\/kiemmi.com\/pt\/wp-json\/wp\/v2\/product"}],"about":[{"href":"https:\/\/kiemmi.com\/pt\/wp-json\/wp\/v2\/types\/product"}],"version-history":[{"count":1,"href":"https:\/\/kiemmi.com\/pt\/wp-json\/wp\/v2\/product\/37494\/revisions"}],"predecessor-version":[{"id":67001,"href":"https:\/\/kiemmi.com\/pt\/wp-json\/wp\/v2\/product\/37494\/revisions\/67001"}],"wp:featuredmedia":[{"embeddable":true,"href":"https:\/\/kiemmi.com\/pt\/wp-json\/wp\/v2\/media\/37498"}],"wp:attachment":[{"href":"https:\/\/kiemmi.com\/pt\/wp-json\/wp\/v2\/media?parent=37494"}],"wp:term":[{"taxonomy":"product_brand","embeddable":true,"href":"https:\/\/kiemmi.com\/pt\/wp-json\/wp\/v2\/product_brand?post=37494"},{"taxonomy":"product_cat","embeddable":true,"href":"https:\/\/kiemmi.com\/pt\/wp-json\/wp\/v2\/product_cat?post=37494"},{"taxonomy":"product_tag","embeddable":true,"href":"https:\/\/kiemmi.com\/pt\/wp-json\/wp\/v2\/product_tag?post=37494"}],"curies":[{"name":"wp","href":"https:\/\/api.w.org\/{rel}","templated":true}]}}