{"id":3455,"date":"2022-02-14T12:36:25","date_gmt":"2022-02-14T12:36:25","guid":{"rendered":"https:\/\/kiemmi.com\/?post_type=product&#038;p=3455"},"modified":"2024-10-08T07:05:29","modified_gmt":"2024-10-08T07:05:29","slug":"placa-de-osso-de-cachorro-de-madeira-com-o-nome-do-seu-animal-de-estimacao-personalizado","status":"publish","type":"product","link":"https:\/\/kiemmi.com\/pt\/shop\/letrero-madera\/letrero-de-madera-en-forma-de-hueso-de-perro-con-el-nombre-de-tu-mascota-personalizado\/","title":{"rendered":"Placa de osso de cachorro de madeira com o nome do seu animal de estima\u00e7\u00e3o personalizado"},"content":{"rendered":"<p>Placa de osso para cachorro feita \u00e0 m\u00e3o em madeira compensada de b\u00e9tula com o nome do seu animal de estima\u00e7\u00e3o personalizado.<br \/>\nPlaca ideal para casinhas de cachorro.<br \/>\nA madeira foi cuidadosamente selecionada para ser de alta qualidade.<\/p>\n<p><strong>Modelos:<\/strong><\/p>\n<div id='gallery-1' class='gallery galleryid-3455 gallery-columns-2 gallery-size-thumbnail'><figure class='gallery-item'>\n\t\t\t<div class='gallery-icon landscape'>\n\t\t\t\t<a href='https:\/\/kiemmi.com\/wp-content\/uploads\/2022\/02\/letrero_hueso_letras_llenas.jpg'><img width=\"150\" height=\"150\" src=\"https:\/\/kiemmi.com\/wp-content\/uploads\/2022\/02\/letrero_hueso_letras_llenas-150x150.jpg\" class=\"attachment-thumbnail size-thumbnail\" alt=\"Placa de osso de cachorro\" aria-describedby=\"gallery-1-3457\" srcset=\"https:\/\/kiemmi.com\/wp-content\/uploads\/2022\/02\/letrero_hueso_letras_llenas-150x150.jpg 150w, https:\/\/kiemmi.com\/wp-content\/uploads\/2022\/02\/letrero_hueso_letras_llenas-300x300.jpg 300w, https:\/\/kiemmi.com\/wp-content\/uploads\/2022\/02\/letrero_hueso_letras_llenas-100x100.jpg 100w, https:\/\/kiemmi.com\/wp-content\/uploads\/2022\/02\/letrero_hueso_letras_llenas-600x600.jpg 600w, https:\/\/kiemmi.com\/wp-content\/uploads\/2022\/02\/letrero_hueso_letras_llenas-64x64.jpg 64w, https:\/\/kiemmi.com\/wp-content\/uploads\/2022\/02\/letrero_hueso_letras_llenas-1024x1024.jpg 1024w, https:\/\/kiemmi.com\/wp-content\/uploads\/2022\/02\/letrero_hueso_letras_llenas-768x768.jpg 768w, https:\/\/kiemmi.com\/wp-content\/uploads\/2022\/02\/letrero_hueso_letras_llenas-1536x1536.jpg 1536w, https:\/\/kiemmi.com\/wp-content\/uploads\/2022\/02\/letrero_hueso_letras_llenas-500x500.jpg 500w, https:\/\/kiemmi.com\/wp-content\/uploads\/2022\/02\/letrero_hueso_letras_llenas.jpg 2000w\" sizes=\"(max-width: 150px) 100vw, 150px\" data-xoowscfly=\"fly\" decoding=\"async\" \/><\/a>\n\t\t\t<\/div>\n\t\t\t\t<figcaption class='wp-caption-text gallery-caption' id='gallery-1-3457'>\n\t\t\t\tCartas completas\n\t\t\t\t<\/figcaption><\/figure><figure class='gallery-item'>\n\t\t\t<div class='gallery-icon landscape'>\n\t\t\t\t<a href='https:\/\/kiemmi.com\/wp-content\/uploads\/2022\/02\/letrero_hueso_letras_huecas.jpg'><img width=\"150\" height=\"150\" src=\"https:\/\/kiemmi.com\/wp-content\/uploads\/2022\/02\/letrero_hueso_letras_huecas-150x150.jpg\" class=\"attachment-thumbnail size-thumbnail\" alt=\"Placa de osso de cachorro\" aria-describedby=\"gallery-1-3456\" srcset=\"https:\/\/kiemmi.com\/wp-content\/uploads\/2022\/02\/letrero_hueso_letras_huecas-150x150.jpg 150w, https:\/\/kiemmi.com\/wp-content\/uploads\/2022\/02\/letrero_hueso_letras_huecas-300x300.jpg 300w, https:\/\/kiemmi.com\/wp-content\/uploads\/2022\/02\/letrero_hueso_letras_huecas-100x100.jpg 100w, https:\/\/kiemmi.com\/wp-content\/uploads\/2022\/02\/letrero_hueso_letras_huecas-600x600.jpg 600w, https:\/\/kiemmi.com\/wp-content\/uploads\/2022\/02\/letrero_hueso_letras_huecas-64x64.jpg 64w, https:\/\/kiemmi.com\/wp-content\/uploads\/2022\/02\/letrero_hueso_letras_huecas-1024x1024.jpg 1024w, https:\/\/kiemmi.com\/wp-content\/uploads\/2022\/02\/letrero_hueso_letras_huecas-768x768.jpg 768w, https:\/\/kiemmi.com\/wp-content\/uploads\/2022\/02\/letrero_hueso_letras_huecas-1536x1536.jpg 1536w, https:\/\/kiemmi.com\/wp-content\/uploads\/2022\/02\/letrero_hueso_letras_huecas-500x500.jpg 500w, https:\/\/kiemmi.com\/wp-content\/uploads\/2022\/02\/letrero_hueso_letras_huecas.jpg 2000w\" sizes=\"(max-width: 150px) 100vw, 150px\" data-xoowscfly=\"fly\" decoding=\"async\" \/><\/a>\n\t\t\t<\/div>\n\t\t\t\t<figcaption class='wp-caption-text gallery-caption' id='gallery-1-3456'>\n\t\t\t\tLetras Ocas\n\t\t\t\t<\/figcaption><\/figure>\n\t\t<\/div>\n\n<p><strong>Dimens\u00f5es:<\/strong><\/p>\n<ul>\n<li>Modelo pequeno:\n<ul>\n<li>Largura: 15cm<\/li>\n<li>Altura: 7cm<\/li>\n<li>Espessura: 0,8 cm<\/li>\n<\/ul>\n<\/li>\n<li>Modelo grande:\n<ul>\n<li>Largura: 17 cm<\/li>\n<li>Altura: 7cm<\/li>\n<li>Espessura: 0,8 cm<\/li>\n<\/ul>\n<\/li>\n<\/ul>\n<p><strong>Material:<\/strong><\/p>\n<ul>\n<li>Madeira compensada<\/li>\n<\/ul>\n<p><strong>Recomenda\u00e7\u00f5es:<\/strong><\/p>\n<p>As placas s\u00e3o feitas de compensado bruto, o que significa que n\u00e3o recebem tratamento protetor nem verniz. Portanto, se voc\u00ea for us\u00e1-las ao ar livre ou em uma \u00e1rea propensa a respingos, aplique um tratamento protetor primeiro para evitar manchas.<\/p>","protected":false},"excerpt":{"rendered":"<p>Placa de osso para cachorro feita \u00e0 m\u00e3o em madeira compensada de b\u00e9tula com o nome do seu animal de estima\u00e7\u00e3o personalizado.<br \/>\nPlaca ideal para casinhas de cachorro.<br \/>\nA madeira foi cuidadosamente selecionada para ser de alta qualidade.<\/p>","protected":false},"featured_media":4044,"template":"","meta":{"_seopress_robots_primary_cat":"40","_seopress_titles_title":"%%title%% %%page%%","_seopress_titles_desc":"","_seopress_robots_index":"","site-sidebar-layout":"default","site-content-layout":"","ast-site-content-layout":"default","site-content-style":"default","site-sidebar-style":"default","ast-global-header-display":"","ast-banner-title-visibility":"","ast-main-header-display":"","ast-hfb-above-header-display":"","ast-hfb-below-header-display":"","ast-hfb-mobile-header-display":"","site-post-title":"","ast-breadcrumbs-content":"","ast-featured-img":"","footer-sml-layout":"","ast-disable-related-posts":"","theme-transparent-header-meta":"","adv-header-id-meta":"","stick-header-meta":"","header-above-stick-meta":"","header-main-stick-meta":"","header-below-stick-meta":"","astra-migrate-meta-layouts":"default","ast-page-background-enabled":"default","ast-page-background-meta":{"desktop":{"background-color":"","background-image":"","background-repeat":"repeat","background-position":"center center","background-size":"auto","background-attachment":"scroll","background-type":"","background-media":"","overlay-type":"","overlay-color":"","overlay-opacity":"","overlay-gradient":""},"tablet":{"background-color":"","background-image":"","background-repeat":"repeat","background-position":"center center","background-size":"auto","background-attachment":"scroll","background-type":"","background-media":"","overlay-type":"","overlay-color":"","overlay-opacity":"","overlay-gradient":""},"mobile":{"background-color":"","background-image":"","background-repeat":"repeat","background-position":"center center","background-size":"auto","background-attachment":"scroll","background-type":"","background-media":"","overlay-type":"","overlay-color":"","overlay-opacity":"","overlay-gradient":""}},"ast-content-background-meta":{"desktop":{"background-color":"var(--ast-global-color-5)","background-image":"","background-repeat":"repeat","background-position":"center center","background-size":"auto","background-attachment":"scroll","background-type":"","background-media":"","overlay-type":"","overlay-color":"","overlay-opacity":"","overlay-gradient":""},"tablet":{"background-color":"var(--ast-global-color-5)","background-image":"","background-repeat":"repeat","background-position":"center center","background-size":"auto","background-attachment":"scroll","background-type":"","background-media":"","overlay-type":"","overlay-color":"","overlay-opacity":"","overlay-gradient":""},"mobile":{"background-color":"var(--ast-global-color-5)","background-image":"","background-repeat":"repeat","background-position":"center center","background-size":"auto","background-attachment":"scroll","background-type":"","background-media":"","overlay-type":"","overlay-color":"","overlay-opacity":"","overlay-gradient":""}}},"product_brand":[],"product_cat":[40,87],"product_tag":[],"class_list":{"0":"post-3455","1":"product","2":"type-product","3":"status-publish","4":"has-post-thumbnail","6":"product_cat-letrero-madera","7":"product_cat-mascotas","8":"desktop-align-center","9":"tablet-align-left","10":"mobile-align-center","11":"ast-product-gallery-layout-horizontal","12":"ast-magnify-disabled","13":"ast-product-tabs-layout-horizontal","14":"tm-has-options","16":"first","17":"instock","18":"taxable","19":"shipping-taxable","20":"purchasable","21":"product-type-simple"},"_links":{"self":[{"href":"https:\/\/kiemmi.com\/pt\/wp-json\/wp\/v2\/product\/3455","targetHints":{"allow":["GET"]}}],"collection":[{"href":"https:\/\/kiemmi.com\/pt\/wp-json\/wp\/v2\/product"}],"about":[{"href":"https:\/\/kiemmi.com\/pt\/wp-json\/wp\/v2\/types\/product"}],"version-history":[{"count":0,"href":"https:\/\/kiemmi.com\/pt\/wp-json\/wp\/v2\/product\/3455\/revisions"}],"wp:featuredmedia":[{"embeddable":true,"href":"https:\/\/kiemmi.com\/pt\/wp-json\/wp\/v2\/media\/4044"}],"wp:attachment":[{"href":"https:\/\/kiemmi.com\/pt\/wp-json\/wp\/v2\/media?parent=3455"}],"wp:term":[{"taxonomy":"product_brand","embeddable":true,"href":"https:\/\/kiemmi.com\/pt\/wp-json\/wp\/v2\/product_brand?post=3455"},{"taxonomy":"product_cat","embeddable":true,"href":"https:\/\/kiemmi.com\/pt\/wp-json\/wp\/v2\/product_cat?post=3455"},{"taxonomy":"product_tag","embeddable":true,"href":"https:\/\/kiemmi.com\/pt\/wp-json\/wp\/v2\/product_tag?post=3455"}],"curies":[{"name":"wp","href":"https:\/\/api.w.org\/{rel}","templated":true}]}}