{"id":3315,"date":"2022-02-08T09:55:55","date_gmt":"2022-02-08T09:55:55","guid":{"rendered":"https:\/\/kiemmi.com\/?post_type=product&#038;p=3315"},"modified":"2024-10-08T07:06:20","modified_gmt":"2024-10-08T07:06:20","slug":"imas-de-geladeira-em-forma-de-gato-feitos-a-mao-em-madeira","status":"publish","type":"product","link":"https:\/\/kiemmi.com\/pt\/shop\/iman-nevera-magnet\/imanes-de-nevera-de-madera-hechos-a-mano-en-forma-de-gatos\/","title":{"rendered":"\u00cdm\u00e3s de geladeira em forma de gato feitos \u00e0 m\u00e3o em madeira"},"content":{"rendered":"<p>\u00cdm\u00e3s de geladeira de madeira feitos \u00e0 m\u00e3o em formato de gatos.<\/p>\n<p>Madeira compensada de b\u00e9tula cuidadosamente selecionada e de alta qualidade.<\/p>\n<p>Voc\u00ea pode escolher entre diferentes modelos de gatos.<\/p>\n<p>Os \u00edm\u00e3s s\u00e3o feitos de madeira compensada de b\u00e9tula premium cuidadosamente selecionada.<\/p>\n<p>Produto ecol\u00f3gico feito \u00e0 m\u00e3o e fabricado na Espanha.<\/p>\n<p><strong>Dimens\u00f5es:<\/strong><\/p>\n<ul>\n<li><strong><em>Modelo A:<\/em><\/strong>\n<ul>\n<li>Largura: 6,6 cm<\/li>\n<li>Altura: 7,2 cm<\/li>\n<li>Espessura: 0,5 cm (\u00edm\u00e3 inclu\u00eddo)<\/li>\n<\/ul>\n<\/li>\n<li><em><strong>Modelo B:<\/strong><\/em>\n<ul>\n<li>Largura: 6,6 cm<\/li>\n<li>Altura: 6,5 cm<\/li>\n<li>Espessura: 0,5 cm (\u00edm\u00e3 inclu\u00eddo)<\/li>\n<\/ul>\n<\/li>\n<li><em><strong>Modelo C:<\/strong><\/em>\n<ul>\n<li>Largura: 6,6 cm<\/li>\n<li>Altura: 9 cm<\/li>\n<li>Espessura: 0,5 cm (\u00edm\u00e3 inclu\u00eddo)<\/li>\n<\/ul>\n<\/li>\n<\/ul>\n<p><strong>Modelos:<\/strong><\/p>\n<div id='gallery-1' class='gallery galleryid-3315 gallery-columns-3 gallery-size-thumbnail'><figure class='gallery-item'>\n\t\t\t<div class='gallery-icon landscape'>\n\t\t\t\t<a href='https:\/\/kiemmi.com\/wp-content\/uploads\/2022\/02\/20220319_210505_2m_model_a.jpg'><img width=\"150\" height=\"150\" src=\"https:\/\/kiemmi.com\/wp-content\/uploads\/2022\/02\/20220319_210505_2m_model_a-150x150.jpg\" class=\"attachment-thumbnail size-thumbnail\" alt=\"\u00cdm\u00e3 de cabe\u00e7a de gato - Modelo A\" aria-describedby=\"gallery-1-3961\" srcset=\"https:\/\/kiemmi.com\/wp-content\/uploads\/2022\/02\/20220319_210505_2m_model_a-150x150.jpg 150w, https:\/\/kiemmi.com\/wp-content\/uploads\/2022\/02\/20220319_210505_2m_model_a-300x300.jpg 300w, https:\/\/kiemmi.com\/wp-content\/uploads\/2022\/02\/20220319_210505_2m_model_a-100x100.jpg 100w, https:\/\/kiemmi.com\/wp-content\/uploads\/2022\/02\/20220319_210505_2m_model_a-600x600.jpg 600w, https:\/\/kiemmi.com\/wp-content\/uploads\/2022\/02\/20220319_210505_2m_model_a-64x64.jpg 64w, https:\/\/kiemmi.com\/wp-content\/uploads\/2022\/02\/20220319_210505_2m_model_a-1024x1024.jpg 1024w, https:\/\/kiemmi.com\/wp-content\/uploads\/2022\/02\/20220319_210505_2m_model_a-768x768.jpg 768w, https:\/\/kiemmi.com\/wp-content\/uploads\/2022\/02\/20220319_210505_2m_model_a-1536x1536.jpg 1536w, https:\/\/kiemmi.com\/wp-content\/uploads\/2022\/02\/20220319_210505_2m_model_a-500x500.jpg 500w, https:\/\/kiemmi.com\/wp-content\/uploads\/2022\/02\/20220319_210505_2m_model_a.jpg 2000w\" sizes=\"(max-width: 150px) 100vw, 150px\" data-xoowscfly=\"fly\" decoding=\"async\" \/><\/a>\n\t\t\t<\/div>\n\t\t\t\t<figcaption class='wp-caption-text gallery-caption' id='gallery-1-3961'>\n\t\t\t\tModelo A\n\t\t\t\t<\/figcaption><\/figure><figure class='gallery-item'>\n\t\t\t<div class='gallery-icon landscape'>\n\t\t\t\t<a href='https:\/\/kiemmi.com\/wp-content\/uploads\/2022\/02\/20220319_210444_2m_model_b.jpg'><img width=\"150\" height=\"150\" src=\"https:\/\/kiemmi.com\/wp-content\/uploads\/2022\/02\/20220319_210444_2m_model_b-150x150.jpg\" class=\"attachment-thumbnail size-thumbnail\" alt=\"\u00cdm\u00e3 de cabe\u00e7a de gato - Modelo B\" aria-describedby=\"gallery-1-3960\" srcset=\"https:\/\/kiemmi.com\/wp-content\/uploads\/2022\/02\/20220319_210444_2m_model_b-150x150.jpg 150w, https:\/\/kiemmi.com\/wp-content\/uploads\/2022\/02\/20220319_210444_2m_model_b-300x300.jpg 300w, https:\/\/kiemmi.com\/wp-content\/uploads\/2022\/02\/20220319_210444_2m_model_b-100x100.jpg 100w, https:\/\/kiemmi.com\/wp-content\/uploads\/2022\/02\/20220319_210444_2m_model_b-600x600.jpg 600w, https:\/\/kiemmi.com\/wp-content\/uploads\/2022\/02\/20220319_210444_2m_model_b-64x64.jpg 64w, https:\/\/kiemmi.com\/wp-content\/uploads\/2022\/02\/20220319_210444_2m_model_b-1024x1024.jpg 1024w, https:\/\/kiemmi.com\/wp-content\/uploads\/2022\/02\/20220319_210444_2m_model_b-768x768.jpg 768w, https:\/\/kiemmi.com\/wp-content\/uploads\/2022\/02\/20220319_210444_2m_model_b-1536x1536.jpg 1536w, https:\/\/kiemmi.com\/wp-content\/uploads\/2022\/02\/20220319_210444_2m_model_b-500x500.jpg 500w, https:\/\/kiemmi.com\/wp-content\/uploads\/2022\/02\/20220319_210444_2m_model_b.jpg 2000w\" sizes=\"(max-width: 150px) 100vw, 150px\" data-xoowscfly=\"fly\" decoding=\"async\" \/><\/a>\n\t\t\t<\/div>\n\t\t\t\t<figcaption class='wp-caption-text gallery-caption' id='gallery-1-3960'>\n\t\t\t\tModelo B\n\t\t\t\t<\/figcaption><\/figure><figure class='gallery-item'>\n\t\t\t<div class='gallery-icon landscape'>\n\t\t\t\t<a href='https:\/\/kiemmi.com\/wp-content\/uploads\/2022\/02\/20220319_210536_model_c.jpg'><img width=\"150\" height=\"150\" src=\"https:\/\/kiemmi.com\/wp-content\/uploads\/2022\/02\/20220319_210536_model_c-150x150.jpg\" class=\"attachment-thumbnail size-thumbnail\" alt=\"\u00cdm\u00e3 de cabe\u00e7a de gato - Modelo C\" aria-describedby=\"gallery-1-3962\" srcset=\"https:\/\/kiemmi.com\/wp-content\/uploads\/2022\/02\/20220319_210536_model_c-150x150.jpg 150w, https:\/\/kiemmi.com\/wp-content\/uploads\/2022\/02\/20220319_210536_model_c-300x300.jpg 300w, https:\/\/kiemmi.com\/wp-content\/uploads\/2022\/02\/20220319_210536_model_c-100x100.jpg 100w, https:\/\/kiemmi.com\/wp-content\/uploads\/2022\/02\/20220319_210536_model_c-600x600.jpg 600w, https:\/\/kiemmi.com\/wp-content\/uploads\/2022\/02\/20220319_210536_model_c-64x64.jpg 64w, https:\/\/kiemmi.com\/wp-content\/uploads\/2022\/02\/20220319_210536_model_c-1024x1024.jpg 1024w, https:\/\/kiemmi.com\/wp-content\/uploads\/2022\/02\/20220319_210536_model_c-768x768.jpg 768w, https:\/\/kiemmi.com\/wp-content\/uploads\/2022\/02\/20220319_210536_model_c-1536x1536.jpg 1536w, https:\/\/kiemmi.com\/wp-content\/uploads\/2022\/02\/20220319_210536_model_c-500x500.jpg 500w, https:\/\/kiemmi.com\/wp-content\/uploads\/2022\/02\/20220319_210536_model_c.jpg 2000w\" sizes=\"(max-width: 150px) 100vw, 150px\" data-xoowscfly=\"fly\" decoding=\"async\" \/><\/a>\n\t\t\t<\/div>\n\t\t\t\t<figcaption class='wp-caption-text gallery-caption' id='gallery-1-3962'>\n\t\t\t\tModelo C\n\t\t\t\t<\/figcaption><\/figure>\n\t\t<\/div>","protected":false},"excerpt":{"rendered":"<p>\u00cdm\u00e3s de geladeira de madeira feitos \u00e0 m\u00e3o em formato de gatos.<\/p>\n<p>Madeira compensada de b\u00e9tula cuidadosamente selecionada e de alta qualidade.<\/p>\n<p>Voc\u00ea pode escolher entre diferentes modelos de gatos.<\/p>\n<p>Produto ecol\u00f3gico feito \u00e0 m\u00e3o e fabricado na Espanha.<\/p>","protected":false},"featured_media":3959,"template":"","meta":{"_seopress_robots_primary_cat":"37","_seopress_titles_title":"%%title%% %%page%%","_seopress_titles_desc":"","_seopress_robots_index":"","site-sidebar-layout":"default","site-content-layout":"","ast-site-content-layout":"default","site-content-style":"default","site-sidebar-style":"default","ast-global-header-display":"","ast-banner-title-visibility":"","ast-main-header-display":"","ast-hfb-above-header-display":"","ast-hfb-below-header-display":"","ast-hfb-mobile-header-display":"","site-post-title":"","ast-breadcrumbs-content":"","ast-featured-img":"","footer-sml-layout":"","ast-disable-related-posts":"","theme-transparent-header-meta":"","adv-header-id-meta":"","stick-header-meta":"","header-above-stick-meta":"","header-main-stick-meta":"","header-below-stick-meta":"","astra-migrate-meta-layouts":"default","ast-page-background-enabled":"default","ast-page-background-meta":{"desktop":{"background-color":"","background-image":"","background-repeat":"repeat","background-position":"center center","background-size":"auto","background-attachment":"scroll","background-type":"","background-media":"","overlay-type":"","overlay-color":"","overlay-opacity":"","overlay-gradient":""},"tablet":{"background-color":"","background-image":"","background-repeat":"repeat","background-position":"center center","background-size":"auto","background-attachment":"scroll","background-type":"","background-media":"","overlay-type":"","overlay-color":"","overlay-opacity":"","overlay-gradient":""},"mobile":{"background-color":"","background-image":"","background-repeat":"repeat","background-position":"center center","background-size":"auto","background-attachment":"scroll","background-type":"","background-media":"","overlay-type":"","overlay-color":"","overlay-opacity":"","overlay-gradient":""}},"ast-content-background-meta":{"desktop":{"background-color":"var(--ast-global-color-5)","background-image":"","background-repeat":"repeat","background-position":"center center","background-size":"auto","background-attachment":"scroll","background-type":"","background-media":"","overlay-type":"","overlay-color":"","overlay-opacity":"","overlay-gradient":""},"tablet":{"background-color":"var(--ast-global-color-5)","background-image":"","background-repeat":"repeat","background-position":"center center","background-size":"auto","background-attachment":"scroll","background-type":"","background-media":"","overlay-type":"","overlay-color":"","overlay-opacity":"","overlay-gradient":""},"mobile":{"background-color":"var(--ast-global-color-5)","background-image":"","background-repeat":"repeat","background-position":"center center","background-size":"auto","background-attachment":"scroll","background-type":"","background-media":"","overlay-type":"","overlay-color":"","overlay-opacity":"","overlay-gradient":""}}},"product_brand":[],"product_cat":[37,87],"product_tag":[],"class_list":{"0":"post-3315","1":"product","2":"type-product","3":"status-publish","4":"has-post-thumbnail","6":"product_cat-iman-nevera-magnet","7":"product_cat-mascotas","8":"desktop-align-center","9":"tablet-align-left","10":"mobile-align-center","11":"ast-product-gallery-layout-horizontal","12":"ast-magnify-disabled","13":"ast-product-tabs-layout-horizontal","14":"tm-has-options","16":"first","17":"instock","18":"taxable","19":"shipping-taxable","20":"purchasable","21":"product-type-simple"},"_links":{"self":[{"href":"https:\/\/kiemmi.com\/pt\/wp-json\/wp\/v2\/product\/3315","targetHints":{"allow":["GET"]}}],"collection":[{"href":"https:\/\/kiemmi.com\/pt\/wp-json\/wp\/v2\/product"}],"about":[{"href":"https:\/\/kiemmi.com\/pt\/wp-json\/wp\/v2\/types\/product"}],"version-history":[{"count":0,"href":"https:\/\/kiemmi.com\/pt\/wp-json\/wp\/v2\/product\/3315\/revisions"}],"wp:featuredmedia":[{"embeddable":true,"href":"https:\/\/kiemmi.com\/pt\/wp-json\/wp\/v2\/media\/3959"}],"wp:attachment":[{"href":"https:\/\/kiemmi.com\/pt\/wp-json\/wp\/v2\/media?parent=3315"}],"wp:term":[{"taxonomy":"product_brand","embeddable":true,"href":"https:\/\/kiemmi.com\/pt\/wp-json\/wp\/v2\/product_brand?post=3315"},{"taxonomy":"product_cat","embeddable":true,"href":"https:\/\/kiemmi.com\/pt\/wp-json\/wp\/v2\/product_cat?post=3315"},{"taxonomy":"product_tag","embeddable":true,"href":"https:\/\/kiemmi.com\/pt\/wp-json\/wp\/v2\/product_tag?post=3315"}],"curies":[{"name":"wp","href":"https:\/\/api.w.org\/{rel}","templated":true}]}}