{"id":33067,"date":"2025-10-05T08:42:41","date_gmt":"2025-10-05T08:42:41","guid":{"rendered":"https:\/\/kiemmi.com\/?post_type=product&#038;p=33067"},"modified":"2026-01-18T00:33:38","modified_gmt":"2026-01-18T00:33:38","slug":"alfinetes-assembleias-internacionais-2026-felizes-para-sempre-jw","status":"publish","type":"product","link":"https:\/\/kiemmi.com\/pt\/shop\/jw\/asambleas-internacionales-2026-jw\/pins-asambleas-internacionales-2026-felices-para-siempre-jw\/","title":{"rendered":"Pins International Assemblies 2026 \u00abFelizes para sempre\u00bb \u2013 JW"},"content":{"rendered":"<p>Celebre as Assembleias Internacionais das Testemunhas de Jeov\u00e1 de 2026 com estes lindos pins de madeira! \ud83c\udf0d\u2728<br \/>\nCada um \u00e9 feito \u00e0 m\u00e3o com dedica\u00e7\u00e3o e amor, concebido para refletir a alegria e a uni\u00e3o que ser\u00e3o vivenciadas no dia 19. <strong>Assembleias Internacionais 2026 \u2013 \u201cE viveram felizes para sempre\u201d<\/strong>. S\u00e3o a lembran\u00e7a perfeita para recordar este evento especial ou para partilhar com irm\u00e3os e irm\u00e3s em todo o mundo.<\/p>\n<p>Esses pins combinam o aconchego da madeira natural com a impress\u00e3o colorida do logotipo oficial da assembleia, criando uma pe\u00e7a elegante e dur\u00e1vel, repleta de significado espiritual.<\/p>\n<p><strong>Caracter\u00edsticas:<\/strong><\/p>\n<ul>\n<li>\ud83c\udf3f <strong>Material natural:<\/strong> Fabricado com madeira ecol\u00f3gica e dur\u00e1vel, com um acabamento liso e de alta qualidade.<\/li>\n<li>\ud83c\udfa8 <strong>Impress\u00e3o a cores:<\/strong> O logotipo &quot;Happily Ever After&quot; tem um aspecto vibrante e cheio de vida, com um alto n\u00edvel de detalhe.<\/li>\n<li>\ud83e\udd32 <strong>Feito \u00e0 m\u00e3o:<\/strong> Cada pe\u00e7a \u00e9 feita \u00e0 m\u00e3o, tornando-a uma lembran\u00e7a \u00fanica e especial.<\/li>\n<li>\ud83d\udccf <strong>Tamanho confort\u00e1vel:<\/strong> Perfeito para levar na roupa, na mochila ou no len\u00e7o, sem ficar pesado.<\/li>\n<li>\ud83d\udd12 <strong>Fechamento seguro:<\/strong> Possuem um fecho met\u00e1lico seguro para que voc\u00ea possa us\u00e1-las com total confian\u00e7a.<\/li>\n<li>\ud83c\udf81 <strong>Um presente com significado:<\/strong> Ideal para oferecer a amigos e irm\u00e3os durante as assembleias, como s\u00edmbolo de unidade e alegria espiritual.<\/li>\n<\/ul>\n<p>Leve consigo a lembran\u00e7a repleta de f\u00e9 e alegria das Assembleias Internacionais de 2026 \u201cFelizes para Sempre\u201d e guarde sempre em seu cora\u00e7\u00e3o a emo\u00e7\u00e3o desses dias inesquec\u00edveis. \ud83d\udc9b<\/p>","protected":false},"excerpt":{"rendered":"<p>Comemore as Assembleias Internacionais de 2026\u201c<strong>Felici per sempre<\/strong>\u201d com estes lindos pins feitos \u00e0 m\u00e3o. Cada um apresenta o logotipo oficial impresso em cores vibrantes, simbolizando alegria e uni\u00e3o espiritual. Uma lembran\u00e7a especial e significativa para compartilhar entre irm\u00e3os e irm\u00e3s ao redor do mundo.<\/p>","protected":false},"featured_media":33078,"template":"","meta":{"_seopress_robots_primary_cat":"","_seopress_titles_title":"Pins Asambleas Internacionales 2026 \"Felices para siempre\" - JW","_seopress_titles_desc":"Descubre nuestros pins artesanales para las Asambleas Internacionales 2026 \"Felices para siempre\". Con logo a todo color y cierre seguro. \u00a1El regalo perfecto!","_seopress_robots_index":"","site-sidebar-layout":"default","site-content-layout":"","ast-site-content-layout":"default","site-content-style":"default","site-sidebar-style":"default","ast-global-header-display":"","ast-banner-title-visibility":"","ast-main-header-display":"","ast-hfb-above-header-display":"","ast-hfb-below-header-display":"","ast-hfb-mobile-header-display":"","site-post-title":"","ast-breadcrumbs-content":"","ast-featured-img":"","footer-sml-layout":"","ast-disable-related-posts":"","theme-transparent-header-meta":"default","adv-header-id-meta":"","stick-header-meta":"default","header-above-stick-meta":"","header-main-stick-meta":"","header-below-stick-meta":"","astra-migrate-meta-layouts":"set","ast-page-background-enabled":"default","ast-page-background-meta":{"desktop":{"background-color":"","background-image":"","background-repeat":"repeat","background-position":"center center","background-size":"auto","background-attachment":"scroll","background-type":"","background-media":"","overlay-type":"","overlay-color":"","overlay-opacity":"","overlay-gradient":""},"tablet":{"background-color":"","background-image":"","background-repeat":"repeat","background-position":"center center","background-size":"auto","background-attachment":"scroll","background-type":"","background-media":"","overlay-type":"","overlay-color":"","overlay-opacity":"","overlay-gradient":""},"mobile":{"background-color":"","background-image":"","background-repeat":"repeat","background-position":"center center","background-size":"auto","background-attachment":"scroll","background-type":"","background-media":"","overlay-type":"","overlay-color":"","overlay-opacity":"","overlay-gradient":""}},"ast-content-background-meta":{"desktop":{"background-color":"var(--ast-global-color-5)","background-image":"","background-repeat":"repeat","background-position":"center center","background-size":"auto","background-attachment":"scroll","background-type":"","background-media":"","overlay-type":"","overlay-color":"","overlay-opacity":"","overlay-gradient":""},"tablet":{"background-color":"var(--ast-global-color-5)","background-image":"","background-repeat":"repeat","background-position":"center center","background-size":"auto","background-attachment":"scroll","background-type":"","background-media":"","overlay-type":"","overlay-color":"","overlay-opacity":"","overlay-gradient":""},"mobile":{"background-color":"var(--ast-global-color-5)","background-image":"","background-repeat":"repeat","background-position":"center center","background-size":"auto","background-attachment":"scroll","background-type":"","background-media":"","overlay-type":"","overlay-color":"","overlay-opacity":"","overlay-gradient":""}}},"product_brand":[103],"product_cat":[105,62,66],"product_tag":[],"class_list":{"0":"post-33067","1":"product","2":"type-product","3":"status-publish","4":"has-post-thumbnail","6":"product_brand-kiemmi-creations","7":"product_cat-asambleas-internacionales-2026-jw","8":"product_cat-jw","9":"product_cat-llaveros-jw","10":"desktop-align-center","11":"tablet-align-left","12":"mobile-align-center","13":"ast-product-gallery-layout-horizontal","14":"ast-magnify-disabled","15":"ast-product-tabs-layout-horizontal","16":"tm-has-options","18":"first","19":"instock","20":"taxable","21":"shipping-taxable","22":"purchasable","23":"product-type-simple"},"_links":{"self":[{"href":"https:\/\/kiemmi.com\/pt\/wp-json\/wp\/v2\/product\/33067","targetHints":{"allow":["GET"]}}],"collection":[{"href":"https:\/\/kiemmi.com\/pt\/wp-json\/wp\/v2\/product"}],"about":[{"href":"https:\/\/kiemmi.com\/pt\/wp-json\/wp\/v2\/types\/product"}],"version-history":[{"count":1,"href":"https:\/\/kiemmi.com\/pt\/wp-json\/wp\/v2\/product\/33067\/revisions"}],"predecessor-version":[{"id":67214,"href":"https:\/\/kiemmi.com\/pt\/wp-json\/wp\/v2\/product\/33067\/revisions\/67214"}],"wp:featuredmedia":[{"embeddable":true,"href":"https:\/\/kiemmi.com\/pt\/wp-json\/wp\/v2\/media\/33078"}],"wp:attachment":[{"href":"https:\/\/kiemmi.com\/pt\/wp-json\/wp\/v2\/media?parent=33067"}],"wp:term":[{"taxonomy":"product_brand","embeddable":true,"href":"https:\/\/kiemmi.com\/pt\/wp-json\/wp\/v2\/product_brand?post=33067"},{"taxonomy":"product_cat","embeddable":true,"href":"https:\/\/kiemmi.com\/pt\/wp-json\/wp\/v2\/product_cat?post=33067"},{"taxonomy":"product_tag","embeddable":true,"href":"https:\/\/kiemmi.com\/pt\/wp-json\/wp\/v2\/product_tag?post=33067"}],"curies":[{"name":"wp","href":"https:\/\/api.w.org\/{rel}","templated":true}]}}