{"id":3250,"date":"2022-02-03T06:18:21","date_gmt":"2022-02-03T06:18:21","guid":{"rendered":"https:\/\/kiemmi.com\/?post_type=product&#038;p=3250"},"modified":"2025-12-09T11:26:37","modified_gmt":"2025-12-09T11:26:37","slug":"ima-de-geladeira-em-forma-de-pata-de-cachorro-e-gato-feito-a-mao-em-madeira","status":"publish","type":"product","link":"https:\/\/kiemmi.com\/pt\/shop\/iman-nevera-magnet\/iman-para-nevera-de-madera-en-forma-huella-de-perro-gato-hecho-a-mano\/","title":{"rendered":"\u00cdm\u00e3 de geladeira feito \u00e0 m\u00e3o em madeira com estampa de pata de cachorro\/gato"},"content":{"rendered":"<p>\u00cdm\u00e3 de geladeira feito \u00e0 m\u00e3o em madeira com estampa de pata de cachorro\/gato.<\/p>\n<p>\u00cdm\u00e3 de geladeira personaliz\u00e1vel com o nome do seu animal de estima\u00e7\u00e3o gravado a laser.<\/p>\n<p>Os \u00edm\u00e3s s\u00e3o feitos de madeira compensada de b\u00e9tula premium cuidadosamente selecionada.<\/p>\n<p>Produto ecol\u00f3gico feito \u00e0 m\u00e3o e fabricado na Espanha.<\/p>\n<p><strong>Dimens\u00f5es:<\/strong><\/p>\n<ul>\n<li>Largura: 6,8 cm<\/li>\n<li>Altura: 6 cm<\/li>\n<li>Espessura: 0,5 cm (\u00edm\u00e3 inclu\u00eddo)<\/li>\n<\/ul>","protected":false},"excerpt":{"rendered":"<p>\u00cdm\u00e3 de geladeira feito \u00e0 m\u00e3o em madeira com estampa de pata de cachorro\/gato.<\/p>\n<p>\u00cdm\u00e3 de geladeira personaliz\u00e1vel com o nome do seu animal de estima\u00e7\u00e3o gravado a laser.<\/p>\n<p>Produto ecol\u00f3gico feito \u00e0 m\u00e3o e fabricado na Espanha.<\/p>","protected":false},"featured_media":3953,"template":"","meta":{"_seopress_robots_primary_cat":"37","_seopress_titles_title":"%%title%% %%page%%","_seopress_titles_desc":"Im\u00e1n de madera para nevera personalizable con el nombre de tu mascota. Regalo ideal para amigos amantes de las mascotas. Producto hecho a mano.","_seopress_robots_index":"","site-sidebar-layout":"default","site-content-layout":"","ast-site-content-layout":"default","site-content-style":"default","site-sidebar-style":"default","ast-global-header-display":"","ast-banner-title-visibility":"","ast-main-header-display":"","ast-hfb-above-header-display":"","ast-hfb-below-header-display":"","ast-hfb-mobile-header-display":"","site-post-title":"","ast-breadcrumbs-content":"","ast-featured-img":"","footer-sml-layout":"","ast-disable-related-posts":"","theme-transparent-header-meta":"default","adv-header-id-meta":"","stick-header-meta":"default","header-above-stick-meta":"","header-main-stick-meta":"","header-below-stick-meta":"","astra-migrate-meta-layouts":"set","ast-page-background-enabled":"default","ast-page-background-meta":{"desktop":{"background-color":"","background-image":"","background-repeat":"repeat","background-position":"center center","background-size":"auto","background-attachment":"scroll","background-type":"","background-media":"","overlay-type":"","overlay-color":"","overlay-opacity":"","overlay-gradient":""},"tablet":{"background-color":"","background-image":"","background-repeat":"repeat","background-position":"center center","background-size":"auto","background-attachment":"scroll","background-type":"","background-media":"","overlay-type":"","overlay-color":"","overlay-opacity":"","overlay-gradient":""},"mobile":{"background-color":"","background-image":"","background-repeat":"repeat","background-position":"center center","background-size":"auto","background-attachment":"scroll","background-type":"","background-media":"","overlay-type":"","overlay-color":"","overlay-opacity":"","overlay-gradient":""}},"ast-content-background-meta":{"desktop":{"background-color":"var(--ast-global-color-5)","background-image":"","background-repeat":"repeat","background-position":"center center","background-size":"auto","background-attachment":"scroll","background-type":"","background-media":"","overlay-type":"","overlay-color":"","overlay-opacity":"","overlay-gradient":""},"tablet":{"background-color":"var(--ast-global-color-5)","background-image":"","background-repeat":"repeat","background-position":"center center","background-size":"auto","background-attachment":"scroll","background-type":"","background-media":"","overlay-type":"","overlay-color":"","overlay-opacity":"","overlay-gradient":""},"mobile":{"background-color":"var(--ast-global-color-5)","background-image":"","background-repeat":"repeat","background-position":"center center","background-size":"auto","background-attachment":"scroll","background-type":"","background-media":"","overlay-type":"","overlay-color":"","overlay-opacity":"","overlay-gradient":""}}},"product_brand":[],"product_cat":[37,87],"product_tag":[],"class_list":{"0":"post-3250","1":"product","2":"type-product","3":"status-publish","4":"has-post-thumbnail","6":"product_cat-iman-nevera-magnet","7":"product_cat-mascotas","8":"desktop-align-center","9":"tablet-align-left","10":"mobile-align-center","11":"ast-product-gallery-layout-horizontal","12":"ast-magnify-disabled","13":"ast-product-tabs-layout-horizontal","14":"tm-has-options","16":"first","17":"instock","18":"taxable","19":"shipping-taxable","20":"purchasable","21":"product-type-simple"},"_links":{"self":[{"href":"https:\/\/kiemmi.com\/pt\/wp-json\/wp\/v2\/product\/3250","targetHints":{"allow":["GET"]}}],"collection":[{"href":"https:\/\/kiemmi.com\/pt\/wp-json\/wp\/v2\/product"}],"about":[{"href":"https:\/\/kiemmi.com\/pt\/wp-json\/wp\/v2\/types\/product"}],"version-history":[{"count":0,"href":"https:\/\/kiemmi.com\/pt\/wp-json\/wp\/v2\/product\/3250\/revisions"}],"wp:featuredmedia":[{"embeddable":true,"href":"https:\/\/kiemmi.com\/pt\/wp-json\/wp\/v2\/media\/3953"}],"wp:attachment":[{"href":"https:\/\/kiemmi.com\/pt\/wp-json\/wp\/v2\/media?parent=3250"}],"wp:term":[{"taxonomy":"product_brand","embeddable":true,"href":"https:\/\/kiemmi.com\/pt\/wp-json\/wp\/v2\/product_brand?post=3250"},{"taxonomy":"product_cat","embeddable":true,"href":"https:\/\/kiemmi.com\/pt\/wp-json\/wp\/v2\/product_cat?post=3250"},{"taxonomy":"product_tag","embeddable":true,"href":"https:\/\/kiemmi.com\/pt\/wp-json\/wp\/v2\/product_tag?post=3250"}],"curies":[{"name":"wp","href":"https:\/\/api.w.org\/{rel}","templated":true}]}}