{"id":31161,"date":"2025-09-10T20:59:30","date_gmt":"2025-09-10T20:59:30","guid":{"rendered":"https:\/\/kiemmi.com\/?post_type=product&#038;p=31161"},"modified":"2026-02-27T11:50:19","modified_gmt":"2026-02-27T11:50:19","slug":"porta-cartoes-de-contato-jw-personalizavel-com-chaveiro","status":"publish","type":"product","link":"https:\/\/kiemmi.com\/pt\/shop\/jw\/llaveros-jw\/porta-tarjetas-de-contacto-jw-personalizable-con-llavero\/","title":{"rendered":"Porta-cart\u00f5es de contato JW personaliz\u00e1vel com chaveiro"},"content":{"rendered":"<p>Este chaveiro com cart\u00e3o de contato das Testemunhas de Jeov\u00e1 foi projetado para manter seus cart\u00f5es \u00e0 m\u00e3o, organizados e com estilo. Seu tamanho compacto o torna um acess\u00f3rio ideal para o minist\u00e9rio, reuni\u00f5es e como presente para membros da congrega\u00e7\u00e3o, pioneiros, participantes de escolas pioneiras, assembleias especiais ou assembleias internacionais.<\/p>\n<p>Feito de couro sint\u00e9tico vegano de alta qualidade, combina durabilidade e eleg\u00e2ncia. Voc\u00ea tamb\u00e9m pode personaliz\u00e1-lo com seu nome, uma mensagem especial ou escolher entre uma variedade de designs pr\u00e9-desenhados. Uma das op\u00e7\u00f5es mais populares \u00e9 a grava\u00e7\u00e3o com a frase &quot;There&#039;s no better life&quot; (N\u00e3o h\u00e1 vida melhor), o que o torna um presente \u00fanico e significativo.<\/p>\n<p><strong>Principais caracter\u00edsticas<\/strong><\/p>\n<ul>\n<li>Dois slots internos para cart\u00f5es de contato JW<\/li>\n<li>Chaveiro de metal resistente para levar sempre com voc\u00ea<\/li>\n<li>Dispon\u00edvel em v\u00e1rias cores (os tons podem variar dependendo da ilumina\u00e7\u00e3o e da tela)<\/li>\n<li>Op\u00e7\u00e3o de personaliza\u00e7\u00e3o com texto ou designs pr\u00e9-desenhados<\/li>\n<li>Tamanho aproximado: 11 cm de largura x 8 cm de altura.<\/li>\n<li>Material: Couro PU vegano premium.<\/li>\n<\/ul>\n<p>Este porta-cart\u00f5es em formato de chaveiro \u00e9 mais do que apenas um acess\u00f3rio; \u00e9 uma maneira pr\u00e1tica e elegante de manter seus cart\u00f5es de contato das Testemunhas de Jeov\u00e1 \u00e0 m\u00e3o e um presente perfeito para qualquer ocasi\u00e3o especial na congrega\u00e7\u00e3o.<\/p>","protected":false},"excerpt":{"rendered":"<p>Porta-cart\u00f5es JW Contact com chaveiro, feito de couro vegano de alta qualidade. Compacto, dur\u00e1vel e personaliz\u00e1vel, ideal para uso di\u00e1rio ou para presente.<\/p>","protected":false},"featured_media":31173,"template":"","meta":{"_seopress_robots_primary_cat":"","_seopress_titles_title":"Llavero Porta Tarjetas de contacto JW: Elegancia y Funcionalidad","_seopress_titles_desc":"Porta tarjetas de contacto JW con llavero en piel vegana. Compacto, resistente y personalizable. Ideal para regalar o llevar en el ministerio.","_seopress_robots_index":"","site-sidebar-layout":"default","site-content-layout":"","ast-site-content-layout":"default","site-content-style":"default","site-sidebar-style":"default","ast-global-header-display":"","ast-banner-title-visibility":"","ast-main-header-display":"","ast-hfb-above-header-display":"","ast-hfb-below-header-display":"","ast-hfb-mobile-header-display":"","site-post-title":"","ast-breadcrumbs-content":"","ast-featured-img":"","footer-sml-layout":"","ast-disable-related-posts":"","theme-transparent-header-meta":"default","adv-header-id-meta":"","stick-header-meta":"default","header-above-stick-meta":"","header-main-stick-meta":"","header-below-stick-meta":"","astra-migrate-meta-layouts":"set","ast-page-background-enabled":"default","ast-page-background-meta":{"desktop":{"background-color":"","background-image":"","background-repeat":"repeat","background-position":"center center","background-size":"auto","background-attachment":"scroll","background-type":"","background-media":"","overlay-type":"","overlay-color":"","overlay-opacity":"","overlay-gradient":""},"tablet":{"background-color":"","background-image":"","background-repeat":"repeat","background-position":"center center","background-size":"auto","background-attachment":"scroll","background-type":"","background-media":"","overlay-type":"","overlay-color":"","overlay-opacity":"","overlay-gradient":""},"mobile":{"background-color":"","background-image":"","background-repeat":"repeat","background-position":"center center","background-size":"auto","background-attachment":"scroll","background-type":"","background-media":"","overlay-type":"","overlay-color":"","overlay-opacity":"","overlay-gradient":""}},"ast-content-background-meta":{"desktop":{"background-color":"var(--ast-global-color-5)","background-image":"","background-repeat":"repeat","background-position":"center center","background-size":"auto","background-attachment":"scroll","background-type":"","background-media":"","overlay-type":"","overlay-color":"","overlay-opacity":"","overlay-gradient":""},"tablet":{"background-color":"var(--ast-global-color-5)","background-image":"","background-repeat":"repeat","background-position":"center center","background-size":"auto","background-attachment":"scroll","background-type":"","background-media":"","overlay-type":"","overlay-color":"","overlay-opacity":"","overlay-gradient":""},"mobile":{"background-color":"var(--ast-global-color-5)","background-image":"","background-repeat":"repeat","background-position":"center center","background-size":"auto","background-attachment":"scroll","background-type":"","background-media":"","overlay-type":"","overlay-color":"","overlay-opacity":"","overlay-gradient":""}}},"product_brand":[103],"product_cat":[66,64],"product_tag":[],"class_list":{"0":"post-31161","1":"product","2":"type-product","3":"status-publish","4":"has-post-thumbnail","6":"product_brand-kiemmi-creations","7":"product_cat-llaveros-jw","8":"product_cat-portatarjetas-jw","9":"desktop-align-center","10":"tablet-align-left","11":"mobile-align-center","12":"ast-product-gallery-layout-horizontal","13":"ast-magnify-disabled","14":"ast-product-tabs-layout-horizontal","15":"tm-has-options","17":"first","18":"instock","19":"taxable","20":"shipping-taxable","21":"purchasable","22":"product-type-simple"},"_links":{"self":[{"href":"https:\/\/kiemmi.com\/pt\/wp-json\/wp\/v2\/product\/31161","targetHints":{"allow":["GET"]}}],"collection":[{"href":"https:\/\/kiemmi.com\/pt\/wp-json\/wp\/v2\/product"}],"about":[{"href":"https:\/\/kiemmi.com\/pt\/wp-json\/wp\/v2\/types\/product"}],"version-history":[{"count":1,"href":"https:\/\/kiemmi.com\/pt\/wp-json\/wp\/v2\/product\/31161\/revisions"}],"predecessor-version":[{"id":67215,"href":"https:\/\/kiemmi.com\/pt\/wp-json\/wp\/v2\/product\/31161\/revisions\/67215"}],"wp:featuredmedia":[{"embeddable":true,"href":"https:\/\/kiemmi.com\/pt\/wp-json\/wp\/v2\/media\/31173"}],"wp:attachment":[{"href":"https:\/\/kiemmi.com\/pt\/wp-json\/wp\/v2\/media?parent=31161"}],"wp:term":[{"taxonomy":"product_brand","embeddable":true,"href":"https:\/\/kiemmi.com\/pt\/wp-json\/wp\/v2\/product_brand?post=31161"},{"taxonomy":"product_cat","embeddable":true,"href":"https:\/\/kiemmi.com\/pt\/wp-json\/wp\/v2\/product_cat?post=31161"},{"taxonomy":"product_tag","embeddable":true,"href":"https:\/\/kiemmi.com\/pt\/wp-json\/wp\/v2\/product_tag?post=31161"}],"curies":[{"name":"wp","href":"https:\/\/api.w.org\/{rel}","templated":true}]}}