{"id":2865,"date":"2021-08-25T17:09:11","date_gmt":"2021-08-25T17:09:11","guid":{"rendered":"https:\/\/www.tks3d.com\/?post_type=product&#038;p=2865"},"modified":"2025-09-11T21:28:27","modified_gmt":"2025-09-11T21:28:27","slug":"chaveiro-de-madeira-em-forma-de-gato-e-nome-do-animal-de-estimacao","status":"publish","type":"product","link":"https:\/\/kiemmi.com\/pt\/shop\/llaveros-madera\/llavero-de-madera-con-forma-de-gato-y-nombre-mascota\/","title":{"rendered":"Chaveiro de madeira em formato de gato e nome do pet"},"content":{"rendered":"<p>O chaveiro de gato de madeira feito \u00e0 m\u00e3o \u00e9 um produto \u00fanico e personalizado, perfeito para quem ama seus animais de estima\u00e7\u00e3o e quer levar uma lembran\u00e7a deles para onde quer que v\u00e1. O corte e a grava\u00e7\u00e3o a laser de alta precis\u00e3o permitem a cria\u00e7\u00e3o de um gato detalhado na madeira, conferindo-lhe um visual elegante e moderno.<\/p>\n<p>O chaveiro pode ser personalizado com o nome do seu pet ou qualquer outro nome desejado, tornando-o um presente especial e memor\u00e1vel para amigos e familiares. Voc\u00ea tamb\u00e9m pode escolher entre diferentes express\u00f5es felinas para combinar com a personalidade \u00fanica de cada um.<\/p>\n<p>A madeira utilizada no chaveiro prov\u00e9m de florestas europeias sustent\u00e1veis, o que o torna um produto ecol\u00f3gico e ecologicamente correto. Voc\u00ea tamb\u00e9m pode escolher entre diferentes tons de madeira, desde madeira natural at\u00e9 diversas tonalidades, para que o chaveiro se adapte a qualquer estilo pessoal.<\/p>\n<p>Por fim, a superf\u00edcie do chaveiro \u00e9 protegida com verniz ecol\u00f3gico para garantir uma vida \u00fatil mais longa, tornando-o dur\u00e1vel e resistente ao uso di\u00e1rio. Resumindo, o chaveiro de gato de madeira feito \u00e0 m\u00e3o \u00e9 um presente personalizado e ecol\u00f3gico que qualquer amante de gatos certamente apreciar\u00e1.<\/p>\n<p><strong>Dimens\u00f5es:<\/strong><\/p>\n<ul>\n<li>Espessura: 3 mm<\/li>\n<li>Largura: 43,5 mm<\/li>\n<li>Altura: 40 mm<\/li>\n<\/ul>\n<p><strong>Material:<\/strong><\/p>\n<ul>\n<li>Madeira<\/li>\n<\/ul>","protected":false},"excerpt":{"rendered":"<p>O chaveiro de gato de madeira feito \u00e0 m\u00e3o \u00e9 um produto \u00fanico e personalizado, perfeito para quem ama seus animais de estima\u00e7\u00e3o e quer levar uma lembran\u00e7a deles para onde quer que v\u00e1. O corte e a grava\u00e7\u00e3o a laser de alta precis\u00e3o permitem a cria\u00e7\u00e3o de um gato detalhado na madeira, conferindo-lhe um visual elegante e moderno.<\/p>\n<p>O chaveiro pode ser personalizado com o nome do seu pet ou qualquer outro nome desejado, tornando-o um presente especial e memor\u00e1vel para amigos e familiares. Voc\u00ea tamb\u00e9m pode escolher entre diferentes express\u00f5es felinas para combinar com a personalidade \u00fanica de cada um.<\/p>\n<p>A madeira utilizada no chaveiro prov\u00e9m de florestas europeias sustent\u00e1veis, o que o torna um produto ecol\u00f3gico e ecologicamente correto. Voc\u00ea tamb\u00e9m pode escolher entre diferentes tons de madeira, desde madeira natural at\u00e9 diversas tonalidades, para que o chaveiro se adapte a qualquer estilo pessoal.<\/p>\n<p>Por fim, a superf\u00edcie do chaveiro \u00e9 protegida com verniz ecol\u00f3gico para garantir uma vida \u00fatil mais longa, tornando-o dur\u00e1vel e resistente ao uso di\u00e1rio. Resumindo, o chaveiro de gato de madeira feito \u00e0 m\u00e3o \u00e9 um presente personalizado e ecol\u00f3gico que qualquer amante de gatos certamente apreciar\u00e1.<\/p>","protected":false},"featured_media":5375,"template":"","meta":{"_seopress_robots_primary_cat":"33","_seopress_titles_title":"Llavero de Madera Personalizado en Forma de Gato \u00fanico","_seopress_titles_desc":"Lleva tu amor por los gatos a todas partes con este llavero \u00fanico y ecol\u00f3gico, personalizado con el nombre de tu mascota y una expresi\u00f3n \u00fanica.","_seopress_robots_index":"","site-sidebar-layout":"default","site-content-layout":"","ast-site-content-layout":"default","site-content-style":"default","site-sidebar-style":"default","ast-global-header-display":"","ast-banner-title-visibility":"","ast-main-header-display":"","ast-hfb-above-header-display":"","ast-hfb-below-header-display":"","ast-hfb-mobile-header-display":"","site-post-title":"","ast-breadcrumbs-content":"","ast-featured-img":"","footer-sml-layout":"","ast-disable-related-posts":"","theme-transparent-header-meta":"default","adv-header-id-meta":"","stick-header-meta":"default","header-above-stick-meta":"","header-main-stick-meta":"","header-below-stick-meta":"","astra-migrate-meta-layouts":"set","ast-page-background-enabled":"default","ast-page-background-meta":{"desktop":{"background-color":"","background-image":"","background-repeat":"repeat","background-position":"center center","background-size":"auto","background-attachment":"scroll","background-type":"","background-media":"","overlay-type":"","overlay-color":"","overlay-opacity":"","overlay-gradient":""},"tablet":{"background-color":"","background-image":"","background-repeat":"repeat","background-position":"center center","background-size":"auto","background-attachment":"scroll","background-type":"","background-media":"","overlay-type":"","overlay-color":"","overlay-opacity":"","overlay-gradient":""},"mobile":{"background-color":"","background-image":"","background-repeat":"repeat","background-position":"center center","background-size":"auto","background-attachment":"scroll","background-type":"","background-media":"","overlay-type":"","overlay-color":"","overlay-opacity":"","overlay-gradient":""}},"ast-content-background-meta":{"desktop":{"background-color":"var(--ast-global-color-5)","background-image":"","background-repeat":"repeat","background-position":"center center","background-size":"auto","background-attachment":"scroll","background-type":"","background-media":"","overlay-type":"","overlay-color":"","overlay-opacity":"","overlay-gradient":""},"tablet":{"background-color":"var(--ast-global-color-5)","background-image":"","background-repeat":"repeat","background-position":"center center","background-size":"auto","background-attachment":"scroll","background-type":"","background-media":"","overlay-type":"","overlay-color":"","overlay-opacity":"","overlay-gradient":""},"mobile":{"background-color":"var(--ast-global-color-5)","background-image":"","background-repeat":"repeat","background-position":"center center","background-size":"auto","background-attachment":"scroll","background-type":"","background-media":"","overlay-type":"","overlay-color":"","overlay-opacity":"","overlay-gradient":""}}},"product_brand":[],"product_cat":[33],"product_tag":[],"class_list":{"0":"post-2865","1":"product","2":"type-product","3":"status-publish","4":"has-post-thumbnail","6":"product_cat-llaveros-madera","7":"desktop-align-center","8":"tablet-align-left","9":"mobile-align-center","10":"ast-product-gallery-layout-horizontal","11":"ast-magnify-disabled","12":"ast-product-tabs-layout-horizontal","13":"tm-has-options","15":"first","16":"instock","17":"taxable","18":"shipping-taxable","19":"purchasable","20":"product-type-simple"},"_links":{"self":[{"href":"https:\/\/kiemmi.com\/pt\/wp-json\/wp\/v2\/product\/2865","targetHints":{"allow":["GET"]}}],"collection":[{"href":"https:\/\/kiemmi.com\/pt\/wp-json\/wp\/v2\/product"}],"about":[{"href":"https:\/\/kiemmi.com\/pt\/wp-json\/wp\/v2\/types\/product"}],"version-history":[{"count":0,"href":"https:\/\/kiemmi.com\/pt\/wp-json\/wp\/v2\/product\/2865\/revisions"}],"wp:featuredmedia":[{"embeddable":true,"href":"https:\/\/kiemmi.com\/pt\/wp-json\/wp\/v2\/media\/5375"}],"wp:attachment":[{"href":"https:\/\/kiemmi.com\/pt\/wp-json\/wp\/v2\/media?parent=2865"}],"wp:term":[{"taxonomy":"product_brand","embeddable":true,"href":"https:\/\/kiemmi.com\/pt\/wp-json\/wp\/v2\/product_brand?post=2865"},{"taxonomy":"product_cat","embeddable":true,"href":"https:\/\/kiemmi.com\/pt\/wp-json\/wp\/v2\/product_cat?post=2865"},{"taxonomy":"product_tag","embeddable":true,"href":"https:\/\/kiemmi.com\/pt\/wp-json\/wp\/v2\/product_tag?post=2865"}],"curies":[{"name":"wp","href":"https:\/\/api.w.org\/{rel}","templated":true}]}}