{"id":2583,"date":"2021-07-23T09:10:53","date_gmt":"2021-07-23T09:10:53","guid":{"rendered":"https:\/\/www.tks3d.com\/?post_type=product&#038;p=2583"},"modified":"2025-06-04T12:08:39","modified_gmt":"2025-06-04T12:08:39","slug":"etiqueta-de-estrela-de-madeira-personalizada-1","status":"publish","type":"product","link":"https:\/\/kiemmi.com\/pt\/shop\/etiquetas-madera\/etiqueta-madera-personalizada-estrella-1\/","title":{"rendered":"Etiqueta de madeira personalizada estrela 1"},"content":{"rendered":"<p>Etiquetas de madeira cortadas e gravadas a laser, ideais para produtos artesanais, artesanais ou &quot;fa\u00e7a voc\u00ea mesmo&quot;.<\/p>\n<p>D\u00ea aos seus produtos a distin\u00e7\u00e3o que eles merecem.<\/p>\n<p>Etiquetas totalmente personaliz\u00e1veis com o seu design. Adicione qualquer texto ou formato que desejar, tornando-as completamente \u00fanicas.<\/p>\n<p><em><strong>Dimens\u00f5es:<\/strong><\/em><\/p>\n<ul>\n<li>Altura: 1,5 mm<\/li>\n<\/ul>\n<p><img decoding=\"async\" class=\"alignnone size-full wp-image-2592\" src=\"https:\/\/kiemmi.com\/wp-content\/uploads\/2021\/07\/Etiqueta-de-madera-Estrella-1-Dimensiones.png\" alt=\"\" width=\"270\" height=\"244\" srcset=\"https:\/\/kiemmi.com\/wp-content\/uploads\/2021\/07\/Etiqueta-de-madera-Estrella-1-Dimensiones.png 270w, https:\/\/kiemmi.com\/wp-content\/uploads\/2021\/07\/Etiqueta-de-madera-Estrella-1-Dimensiones-64x58.png 64w\" sizes=\"(max-width: 270px) 100vw, 270px\" \/><\/p>\n<p><em><strong>Material:<\/strong><\/em><\/p>\n<ul>\n<li>Madeira compensada<\/li>\n<\/ul>\n<p><em><strong>Envio:<\/strong><\/em><\/p>\n<ul>\n<li>Como se trata de um produto personaliz\u00e1vel, a produ\u00e7\u00e3o do seu pedido levar\u00e1 de 2 a 4 dias, dependendo da nossa carga de trabalho. Se precisar de um pedido urgente, entre em contato conosco.<\/li>\n<\/ul>","protected":false},"excerpt":{"rendered":"<p>Etiquetas de madeira cortadas e gravadas a laser, ideais para produtos artesanais, artesanais ou &quot;fa\u00e7a voc\u00ea mesmo&quot;.<\/p>\n<p>D\u00ea aos seus produtos a distin\u00e7\u00e3o que eles merecem.<\/p>\n<p>Etiquetas totalmente personaliz\u00e1veis com o seu design. Adicione qualquer texto ou formato que desejar, tornando-as completamente \u00fanicas.<\/p>\n<p>Pedido m\u00ednimo de 10 etiquetas.<\/p>","protected":false},"featured_media":4060,"template":"","meta":{"_seopress_robots_primary_cat":"0","_seopress_titles_title":"%%title%% %%page%%","_seopress_titles_desc":"Etiquetas de madera totalmente personalizadas con tu dise\u00f1o. Ideal para destacar tu productos. La etiqueta perfecta para productos artesanales.","_seopress_robots_index":"","site-sidebar-layout":"default","site-content-layout":"","ast-site-content-layout":"default","site-content-style":"default","site-sidebar-style":"default","ast-global-header-display":"","ast-banner-title-visibility":"","ast-main-header-display":"","ast-hfb-above-header-display":"","ast-hfb-below-header-display":"","ast-hfb-mobile-header-display":"","site-post-title":"","ast-breadcrumbs-content":"","ast-featured-img":"","footer-sml-layout":"","ast-disable-related-posts":"","theme-transparent-header-meta":"","adv-header-id-meta":"","stick-header-meta":"","header-above-stick-meta":"","header-main-stick-meta":"","header-below-stick-meta":"","astra-migrate-meta-layouts":"default","ast-page-background-enabled":"default","ast-page-background-meta":{"desktop":{"background-color":"","background-image":"","background-repeat":"repeat","background-position":"center center","background-size":"auto","background-attachment":"scroll","background-type":"","background-media":"","overlay-type":"","overlay-color":"","overlay-opacity":"","overlay-gradient":""},"tablet":{"background-color":"","background-image":"","background-repeat":"repeat","background-position":"center center","background-size":"auto","background-attachment":"scroll","background-type":"","background-media":"","overlay-type":"","overlay-color":"","overlay-opacity":"","overlay-gradient":""},"mobile":{"background-color":"","background-image":"","background-repeat":"repeat","background-position":"center center","background-size":"auto","background-attachment":"scroll","background-type":"","background-media":"","overlay-type":"","overlay-color":"","overlay-opacity":"","overlay-gradient":""}},"ast-content-background-meta":{"desktop":{"background-color":"var(--ast-global-color-5)","background-image":"","background-repeat":"repeat","background-position":"center center","background-size":"auto","background-attachment":"scroll","background-type":"","background-media":"","overlay-type":"","overlay-color":"","overlay-opacity":"","overlay-gradient":""},"tablet":{"background-color":"var(--ast-global-color-5)","background-image":"","background-repeat":"repeat","background-position":"center center","background-size":"auto","background-attachment":"scroll","background-type":"","background-media":"","overlay-type":"","overlay-color":"","overlay-opacity":"","overlay-gradient":""},"mobile":{"background-color":"var(--ast-global-color-5)","background-image":"","background-repeat":"repeat","background-position":"center center","background-size":"auto","background-attachment":"scroll","background-type":"","background-media":"","overlay-type":"","overlay-color":"","overlay-opacity":"","overlay-gradient":""}}},"product_brand":[],"product_cat":[28],"product_tag":[],"class_list":{"0":"post-2583","1":"product","2":"type-product","3":"status-publish","4":"has-post-thumbnail","6":"product_cat-etiquetas-madera","7":"desktop-align-center","8":"tablet-align-left","9":"mobile-align-center","10":"ast-product-gallery-layout-horizontal","11":"ast-magnify-disabled","12":"ast-product-tabs-layout-horizontal","13":"tm-no-options","15":"first","16":"instock","17":"taxable","18":"shipping-taxable","19":"purchasable","20":"product-type-simple"},"_links":{"self":[{"href":"https:\/\/kiemmi.com\/pt\/wp-json\/wp\/v2\/product\/2583","targetHints":{"allow":["GET"]}}],"collection":[{"href":"https:\/\/kiemmi.com\/pt\/wp-json\/wp\/v2\/product"}],"about":[{"href":"https:\/\/kiemmi.com\/pt\/wp-json\/wp\/v2\/types\/product"}],"version-history":[{"count":0,"href":"https:\/\/kiemmi.com\/pt\/wp-json\/wp\/v2\/product\/2583\/revisions"}],"wp:featuredmedia":[{"embeddable":true,"href":"https:\/\/kiemmi.com\/pt\/wp-json\/wp\/v2\/media\/4060"}],"wp:attachment":[{"href":"https:\/\/kiemmi.com\/pt\/wp-json\/wp\/v2\/media?parent=2583"}],"wp:term":[{"taxonomy":"product_brand","embeddable":true,"href":"https:\/\/kiemmi.com\/pt\/wp-json\/wp\/v2\/product_brand?post=2583"},{"taxonomy":"product_cat","embeddable":true,"href":"https:\/\/kiemmi.com\/pt\/wp-json\/wp\/v2\/product_cat?post=2583"},{"taxonomy":"product_tag","embeddable":true,"href":"https:\/\/kiemmi.com\/pt\/wp-json\/wp\/v2\/product_tag?post=2583"}],"curies":[{"name":"wp","href":"https:\/\/api.w.org\/{rel}","templated":true}]}}