{"id":2551,"date":"2021-07-22T09:05:02","date_gmt":"2021-07-22T09:05:02","guid":{"rendered":"https:\/\/www.tks3d.com\/?post_type=product&#038;p=2551"},"modified":"2023-03-07T15:37:28","modified_gmt":"2023-03-07T15:37:28","slug":"etiqueta-de-coracao-de-madeira-personalizada","status":"publish","type":"product","link":"https:\/\/kiemmi.com\/pt\/shop\/etiquetas-madera\/etiqueta-madera-personalizad-corazon\/","title":{"rendered":"Etiqueta de cora\u00e7\u00e3o de madeira personalizada"},"content":{"rendered":"<p>Etiquetas de madeira personalizadas, cortadas a laser e gravadas em formato de cora\u00e7\u00e3o.<\/p>\n<p>Etiquetas ideais para lembrancinhas de casamento ou presentes para qualquer outro evento.<\/p>\n<p>Nossas etiquetas de madeira tamb\u00e9m podem ser usadas para destacar produtos artesanais ou feitos \u00e0 m\u00e3o (fa\u00e7a voc\u00ea mesmo, feito \u00e0 m\u00e3o).<\/p>\n<p>D\u00ea aos seus produtos a distin\u00e7\u00e3o que eles merecem.<\/p>\n<p>Etiquetas totalmente personaliz\u00e1veis com o seu design. Adicione qualquer texto ou formato que desejar, tornando-as completamente \u00fanicas.<\/p>\n<p>Produto fabricado na Espanha por n\u00f3s com muito cuidado.<\/p>\n<p><em><strong>Dimens\u00f5es:<\/strong><\/em><\/p>\n<ul>\n<li>Altura: 2 mm<\/li>\n<\/ul>\n<p><img decoding=\"async\" class=\"alignnone size-full wp-image-2575\" src=\"https:\/\/kiemmi.com\/wp-content\/uploads\/2021\/07\/Etiqueta-de-madera-Corazon-Dimensiones.png\" alt=\"\" width=\"270\" height=\"250\" srcset=\"https:\/\/kiemmi.com\/wp-content\/uploads\/2021\/07\/Etiqueta-de-madera-Corazon-Dimensiones.png 270w, https:\/\/kiemmi.com\/wp-content\/uploads\/2021\/07\/Etiqueta-de-madera-Corazon-Dimensiones-64x59.png 64w\" sizes=\"(max-width: 270px) 100vw, 270px\" \/><\/p>\n<p><em><strong>Material:<\/strong><\/em><\/p>\n<ul>\n<li>Madeira compensada<\/li>\n<\/ul>\n<p><em><strong>Envio:<\/strong><\/em><\/p>\n<ul>\n<li>Como se trata de um produto personaliz\u00e1vel, a produ\u00e7\u00e3o do seu pedido levar\u00e1 de 2 a 4 dias, dependendo da nossa carga de trabalho. Se precisar de um pedido urgente, entre em contato conosco.<\/li>\n<\/ul>","protected":false},"excerpt":{"rendered":"<p>Etiquetas de madeira personalizadas, cortadas a laser e gravadas em formato de cora\u00e7\u00e3o.<\/p>\n<p>Etiquetas ideais para lembrancinhas de casamento ou presentes para qualquer outro evento.<\/p>\n<p>Nossas etiquetas de madeira tamb\u00e9m podem ser usadas para destacar produtos artesanais ou feitos \u00e0 m\u00e3o (fa\u00e7a voc\u00ea mesmo, feito \u00e0 m\u00e3o).<\/p>\n<p>D\u00ea aos seus produtos a distin\u00e7\u00e3o que eles merecem.<\/p>\n<p>Etiquetas totalmente personaliz\u00e1veis com o seu design. Adicione qualquer texto ou formato que desejar, tornando-as completamente \u00fanicas.<\/p>\n<p>Produto fabricado na Espanha por n\u00f3s com muito cuidado.<\/p>\n<p>&nbsp;<\/p>","protected":false},"featured_media":4059,"template":"","meta":{"_seopress_robots_primary_cat":"0","_seopress_titles_title":"Etiqueta de madera personalizada en forma de coraz\u00f3n","_seopress_titles_desc":"Etiquetas de madera personalizadas, cortadas y grabadas con laser en forma de coraz\u00f3n. Ideal para detalles de boda o para regalos en general.","_seopress_robots_index":"","site-sidebar-layout":"default","site-content-layout":"","ast-site-content-layout":"default","site-content-style":"default","site-sidebar-style":"default","ast-global-header-display":"","ast-banner-title-visibility":"","ast-main-header-display":"","ast-hfb-above-header-display":"","ast-hfb-below-header-display":"","ast-hfb-mobile-header-display":"","site-post-title":"","ast-breadcrumbs-content":"","ast-featured-img":"","footer-sml-layout":"","ast-disable-related-posts":"","theme-transparent-header-meta":"","adv-header-id-meta":"","stick-header-meta":"","header-above-stick-meta":"","header-main-stick-meta":"","header-below-stick-meta":"","astra-migrate-meta-layouts":"default","ast-page-background-enabled":"default","ast-page-background-meta":{"desktop":{"background-color":"","background-image":"","background-repeat":"repeat","background-position":"center center","background-size":"auto","background-attachment":"scroll","background-type":"","background-media":"","overlay-type":"","overlay-color":"","overlay-opacity":"","overlay-gradient":""},"tablet":{"background-color":"","background-image":"","background-repeat":"repeat","background-position":"center center","background-size":"auto","background-attachment":"scroll","background-type":"","background-media":"","overlay-type":"","overlay-color":"","overlay-opacity":"","overlay-gradient":""},"mobile":{"background-color":"","background-image":"","background-repeat":"repeat","background-position":"center center","background-size":"auto","background-attachment":"scroll","background-type":"","background-media":"","overlay-type":"","overlay-color":"","overlay-opacity":"","overlay-gradient":""}},"ast-content-background-meta":{"desktop":{"background-color":"var(--ast-global-color-5)","background-image":"","background-repeat":"repeat","background-position":"center center","background-size":"auto","background-attachment":"scroll","background-type":"","background-media":"","overlay-type":"","overlay-color":"","overlay-opacity":"","overlay-gradient":""},"tablet":{"background-color":"var(--ast-global-color-5)","background-image":"","background-repeat":"repeat","background-position":"center center","background-size":"auto","background-attachment":"scroll","background-type":"","background-media":"","overlay-type":"","overlay-color":"","overlay-opacity":"","overlay-gradient":""},"mobile":{"background-color":"var(--ast-global-color-5)","background-image":"","background-repeat":"repeat","background-position":"center center","background-size":"auto","background-attachment":"scroll","background-type":"","background-media":"","overlay-type":"","overlay-color":"","overlay-opacity":"","overlay-gradient":""}}},"product_brand":[],"product_cat":[28],"product_tag":[],"class_list":{"0":"post-2551","1":"product","2":"type-product","3":"status-publish","4":"has-post-thumbnail","6":"product_cat-etiquetas-madera","7":"desktop-align-center","8":"tablet-align-left","9":"mobile-align-center","10":"ast-product-gallery-layout-horizontal","11":"ast-magnify-disabled","12":"ast-product-tabs-layout-horizontal","13":"tm-no-options","15":"first","16":"instock","17":"taxable","18":"shipping-taxable","19":"purchasable","20":"product-type-simple"},"_links":{"self":[{"href":"https:\/\/kiemmi.com\/pt\/wp-json\/wp\/v2\/product\/2551","targetHints":{"allow":["GET"]}}],"collection":[{"href":"https:\/\/kiemmi.com\/pt\/wp-json\/wp\/v2\/product"}],"about":[{"href":"https:\/\/kiemmi.com\/pt\/wp-json\/wp\/v2\/types\/product"}],"version-history":[{"count":0,"href":"https:\/\/kiemmi.com\/pt\/wp-json\/wp\/v2\/product\/2551\/revisions"}],"wp:featuredmedia":[{"embeddable":true,"href":"https:\/\/kiemmi.com\/pt\/wp-json\/wp\/v2\/media\/4059"}],"wp:attachment":[{"href":"https:\/\/kiemmi.com\/pt\/wp-json\/wp\/v2\/media?parent=2551"}],"wp:term":[{"taxonomy":"product_brand","embeddable":true,"href":"https:\/\/kiemmi.com\/pt\/wp-json\/wp\/v2\/product_brand?post=2551"},{"taxonomy":"product_cat","embeddable":true,"href":"https:\/\/kiemmi.com\/pt\/wp-json\/wp\/v2\/product_cat?post=2551"},{"taxonomy":"product_tag","embeddable":true,"href":"https:\/\/kiemmi.com\/pt\/wp-json\/wp\/v2\/product_tag?post=2551"}],"curies":[{"name":"wp","href":"https:\/\/api.w.org\/{rel}","templated":true}]}}