{"id":16237,"date":"2025-04-16T20:27:45","date_gmt":"2025-04-16T20:27:45","guid":{"rendered":"https:\/\/kiemmi.com\/?post_type=product&#038;p=16237"},"modified":"2025-05-28T19:31:39","modified_gmt":"2025-05-28T19:31:39","slug":"abridor-de-garrafas-de-madeira-com-estampa-de-pata-personalizada-presente-ecologico-para-amantes-de-animais-de-estimacao","status":"publish","type":"product","link":"https:\/\/kiemmi.com\/pt\/shop\/mascotas\/abrebotellas-de-madera-con-forma-de-huella-personalizada-regalo-ecologico-para-amantes-de-mascotas\/","title":{"rendered":"Abridor de garrafas de madeira com estampa de pata personalizada \u2013 presente ecol\u00f3gico para amantes de animais de estima\u00e7\u00e3o"},"content":{"rendered":"<p>Procurando um presente original, ecol\u00f3gico e personalizado para um amante dos animais? Nosso <strong>abridor de garrafas artesanal em formato de pata de animal de estima\u00e7\u00e3o<\/strong> \u00c9 a escolha perfeita. Feito \u00e0 m\u00e3o em madeira de pinho e personaliz\u00e1vel com o nome do seu c\u00e3o ou gato, este item combina funcionalidade, design e cuidado animal.<\/p>\n<p>Cada pe\u00e7a \u00e9 cuidadosamente trabalhada e finalizada com uma mistura de \u00f3leos e ceras tingidos, naturais, ecol\u00f3gicos e at\u00f3xicos. Voc\u00ea pode escolher entre diversos tipos de tintas que real\u00e7am a beleza da madeira e tornam cada abridor de garrafas \u00fanico.<\/p>\n<p>Al\u00e9m disso, inclui <strong>dois \u00edm\u00e3s de neod\u00edmio integrados<\/strong> na parte traseira, permitindo que seja facilmente fixado em superf\u00edcies met\u00e1licas, como a geladeira ou o balc\u00e3o da cozinha, mantendo-o sempre \u00e0 m\u00e3o e acrescentando um toque decorativo.<\/p>\n<p>Seu formato ergon\u00f4mico se adapta confortavelmente \u00e0 m\u00e3o, tornando-o um acess\u00f3rio pr\u00e1tico e elegante.<\/p>\n<p>Ideal para anivers\u00e1rios ou simplesmente como um presente especial para algu\u00e9m que compartilha sua vida com um animal de estima\u00e7\u00e3o.<\/p>\n<h3>\u2728 Principais caracter\u00edsticas:<\/h3>\n<p>\ud83d\udc3e <strong>Design exclusivo<\/strong> no formato de uma pata de cachorro ou gato<br \/>\n\ud83d\udd24 <strong>Personaliz\u00e1vel<\/strong> com o nome do seu animal de estima\u00e7\u00e3o<br \/>\n\ud83c\udf32 <strong>Madeira de pinho natural<\/strong> de origem sustent\u00e1vel<br \/>\n\ud83d\udcd0 <strong>Dimens\u00f5es: <\/strong>\u00a07,5 cm de largura \u2013 6,6 cm de altura \u2013 1,8 cm de espessura<br \/>\n\ud83c\udfa8 <strong>V\u00e1rios tons de tingimento<\/strong> para escolher de acordo com seu estilo<br \/>\n\ud83c\udf43 <strong>Acabamento ecol\u00f3gico e n\u00e3o t\u00f3xico<\/strong>, com \u00f3leos e ceras naturais<br \/>\n\ud83e\uddf2 <strong>Inclui 2 \u00edm\u00e3s de neod\u00edmio<\/strong>, para fix\u00e1-lo em superf\u00edcies met\u00e1licas<br \/>\n\ud83d\udd90\ufe0f <strong>Confort\u00e1vel e ergon\u00f4mico<\/strong>, cabe perfeitamente na m\u00e3o<br \/>\n\ud83c\udf81 <strong>Ideal para presentear<\/strong> para amantes de animais<br \/>\n\ud83c\uddea\ud83c\uddf8 <strong>Feito \u00e0 m\u00e3o na Espanha<\/strong> com amor e dedica\u00e7\u00e3o<\/p>\n<p>Com este abridor de garrafas personalizado, ser\u00e1 uma forma de lembrar do seu fiel companheiro peludo.<br \/>\nFa\u00e7a seu pedido agora e crie uma lembran\u00e7a \u00fanica e funcional!<\/p>","protected":false},"excerpt":{"rendered":"<p>Abridor de garrafas artesanal em formato de pata de cachorro ou gato, personaliz\u00e1vel com o nome do seu pet. Feito em madeira de pinho com acabamento ecol\u00f3gico. Um presente original e funcional!<\/p>","protected":false},"featured_media":16241,"template":"","meta":{"_seopress_robots_primary_cat":"none","_seopress_titles_title":"Regalo original: Abrebotellas personalizable y ecol\u00f3gico","_seopress_titles_desc":"Regala un abrebotellas ecol\u00f3gico y personalizado en forma de huella, fabricado a mano en Espa\u00f1a. \u00a1Funcional, \u00fanico y con estilo!","_seopress_robots_index":"","site-sidebar-layout":"default","site-content-layout":"","ast-site-content-layout":"default","site-content-style":"default","site-sidebar-style":"default","ast-global-header-display":"","ast-banner-title-visibility":"","ast-main-header-display":"","ast-hfb-above-header-display":"","ast-hfb-below-header-display":"","ast-hfb-mobile-header-display":"","site-post-title":"","ast-breadcrumbs-content":"","ast-featured-img":"","footer-sml-layout":"","ast-disable-related-posts":"","theme-transparent-header-meta":"default","adv-header-id-meta":"","stick-header-meta":"default","header-above-stick-meta":"","header-main-stick-meta":"","header-below-stick-meta":"","astra-migrate-meta-layouts":"set","ast-page-background-enabled":"default","ast-page-background-meta":{"desktop":{"background-color":"","background-image":"","background-repeat":"repeat","background-position":"center center","background-size":"auto","background-attachment":"scroll","background-type":"","background-media":"","overlay-type":"","overlay-color":"","overlay-opacity":"","overlay-gradient":""},"tablet":{"background-color":"","background-image":"","background-repeat":"repeat","background-position":"center center","background-size":"auto","background-attachment":"scroll","background-type":"","background-media":"","overlay-type":"","overlay-color":"","overlay-opacity":"","overlay-gradient":""},"mobile":{"background-color":"","background-image":"","background-repeat":"repeat","background-position":"center center","background-size":"auto","background-attachment":"scroll","background-type":"","background-media":"","overlay-type":"","overlay-color":"","overlay-opacity":"","overlay-gradient":""}},"ast-content-background-meta":{"desktop":{"background-color":"var(--ast-global-color-5)","background-image":"","background-repeat":"repeat","background-position":"center center","background-size":"auto","background-attachment":"scroll","background-type":"","background-media":"","overlay-type":"","overlay-color":"","overlay-opacity":"","overlay-gradient":""},"tablet":{"background-color":"var(--ast-global-color-5)","background-image":"","background-repeat":"repeat","background-position":"center center","background-size":"auto","background-attachment":"scroll","background-type":"","background-media":"","overlay-type":"","overlay-color":"","overlay-opacity":"","overlay-gradient":""},"mobile":{"background-color":"var(--ast-global-color-5)","background-image":"","background-repeat":"repeat","background-position":"center center","background-size":"auto","background-attachment":"scroll","background-type":"","background-media":"","overlay-type":"","overlay-color":"","overlay-opacity":"","overlay-gradient":""}}},"product_brand":[],"product_cat":[87,49],"product_tag":[],"class_list":{"0":"post-16237","1":"product","2":"type-product","3":"status-publish","4":"has-post-thumbnail","6":"product_cat-mascotas","7":"product_cat-regalos-originales","8":"desktop-align-center","9":"tablet-align-left","10":"mobile-align-center","11":"ast-product-gallery-layout-horizontal","12":"ast-magnify-disabled","13":"ast-product-tabs-layout-horizontal","14":"tm-has-options","16":"first","17":"instock","18":"taxable","19":"shipping-taxable","20":"purchasable","21":"product-type-simple"},"_links":{"self":[{"href":"https:\/\/kiemmi.com\/pt\/wp-json\/wp\/v2\/product\/16237","targetHints":{"allow":["GET"]}}],"collection":[{"href":"https:\/\/kiemmi.com\/pt\/wp-json\/wp\/v2\/product"}],"about":[{"href":"https:\/\/kiemmi.com\/pt\/wp-json\/wp\/v2\/types\/product"}],"version-history":[{"count":0,"href":"https:\/\/kiemmi.com\/pt\/wp-json\/wp\/v2\/product\/16237\/revisions"}],"wp:featuredmedia":[{"embeddable":true,"href":"https:\/\/kiemmi.com\/pt\/wp-json\/wp\/v2\/media\/16241"}],"wp:attachment":[{"href":"https:\/\/kiemmi.com\/pt\/wp-json\/wp\/v2\/media?parent=16237"}],"wp:term":[{"taxonomy":"product_brand","embeddable":true,"href":"https:\/\/kiemmi.com\/pt\/wp-json\/wp\/v2\/product_brand?post=16237"},{"taxonomy":"product_cat","embeddable":true,"href":"https:\/\/kiemmi.com\/pt\/wp-json\/wp\/v2\/product_cat?post=16237"},{"taxonomy":"product_tag","embeddable":true,"href":"https:\/\/kiemmi.com\/pt\/wp-json\/wp\/v2\/product_tag?post=16237"}],"curies":[{"name":"wp","href":"https:\/\/api.w.org\/{rel}","templated":true}]}}