{"id":333,"date":"2019-04-18T16:39:58","date_gmt":"2019-04-18T16:39:58","guid":{"rendered":"http:\/\/localhost\/jupiterx\/?page_id=333"},"modified":"2023-05-13T07:08:33","modified_gmt":"2023-05-13T07:08:33","slug":"sobre-nos","status":"publish","type":"page","link":"https:\/\/kiemmi.com\/pt\/sobre-nosotros\/","title":{"rendered":"Sobre n\u00f3s"},"content":{"rendered":"<div data-elementor-type=\"wp-post\" data-elementor-id=\"333\" class=\"elementor elementor-333\">\n\t\t\t\t\t\t<section class=\"elementor-section elementor-top-section elementor-element elementor-element-8c3a1a7 elementor-section-full_width elementor-section-height-min-height elementor-section-content-middle elementor-section-height-default elementor-section-items-middle\" data-id=\"8c3a1a7\" data-element_type=\"section\" data-e-type=\"section\" data-settings=\"{&quot;shape_divider_bottom&quot;:&quot;tilt&quot;,&quot;background_background&quot;:&quot;classic&quot;}\">\n\t\t\t\t\t<div class=\"elementor-shape elementor-shape-bottom\" aria-hidden=\"true\" data-negative=\"false\">\n\t\t\t<svg xmlns=\"http:\/\/www.w3.org\/2000\/svg\" viewbox=\"0 0 1000 100\" preserveaspectratio=\"none\">\n\t<path class=\"elementor-shape-fill\" d=\"M0,6V0h1000v100L0,6z\"\/>\n<\/svg>\t\t<\/div>\n\t\t\t\t\t<div class=\"elementor-container elementor-column-gap-default\">\n\t\t\t\t\t<div class=\"elementor-column elementor-col-100 elementor-top-column elementor-element elementor-element-e4ea66d\" data-id=\"e4ea66d\" data-element_type=\"column\" data-e-type=\"column\">\n\t\t\t<div class=\"elementor-widget-wrap\">\n\t\t\t\t\t\t\t<\/div>\n\t\t<\/div>\n\t\t\t\t\t<\/div>\n\t\t<\/section>\n\t\t\t\t<section class=\"elementor-section elementor-top-section elementor-element elementor-element-091f5e1 elementor-section-boxed elementor-section-height-default elementor-section-height-default\" data-id=\"091f5e1\" data-element_type=\"section\" data-e-type=\"section\">\n\t\t\t\t\t\t<div class=\"elementor-container elementor-column-gap-default\">\n\t\t\t\t\t<div class=\"elementor-column elementor-col-100 elementor-top-column elementor-element elementor-element-9dd7121\" data-id=\"9dd7121\" data-element_type=\"column\" data-e-type=\"column\">\n\t\t\t<div class=\"elementor-widget-wrap elementor-element-populated\">\n\t\t\t\t\t\t<div class=\"elementor-element elementor-element-72a08b1 elementor-widget elementor-widget-spacer\" data-id=\"72a08b1\" data-element_type=\"widget\" data-e-type=\"widget\" data-widget_type=\"spacer.default\">\n\t\t\t\t\t\t\t<div class=\"elementor-spacer\">\n\t\t\t<div class=\"elementor-spacer-inner\"><\/div>\n\t\t<\/div>\n\t\t\t\t\t\t<\/div>\n\t\t\t\t<div class=\"elementor-element elementor-element-c70e3f7 elementor-widget elementor-widget-text-editor\" data-id=\"c70e3f7\" data-element_type=\"widget\" data-e-type=\"widget\" data-widget_type=\"text-editor.default\">\n\t\t\t\t\t\t\t\t\t<p>Somos Emmanuel e Miriam Kielichowski, da\u00ed o nome KIEMMI.<\/p><p>N\u00f3s nos dedicamos a criar itens decorativos e presentes de madeira originais e, acima de tudo, personalizados.<\/p>\t\t\t\t\t\t\t\t<\/div>\n\t\t\t\t<div class=\"elementor-element elementor-element-bef8882 elementor-widget elementor-widget-text-editor\" data-id=\"bef8882\" data-element_type=\"widget\" data-e-type=\"widget\" data-widget_type=\"text-editor.default\">\n\t\t\t\t\t\t\t\t\t<p style=\"text-align: left;\">Participe e siga-nos em nossos v\u00e1rios canais de m\u00eddia social:<\/p>\t\t\t\t\t\t\t\t<\/div>\n\t\t\t\t<div class=\"elementor-element elementor-element-bf260e0 elementor-shape-rounded elementor-grid-0 e-grid-align-center elementor-widget elementor-widget-social-icons\" data-id=\"bf260e0\" data-element_type=\"widget\" data-e-type=\"widget\" data-widget_type=\"social-icons.default\">\n\t\t\t\t\t\t\t<div class=\"elementor-social-icons-wrapper elementor-grid\" role=\"list\">\n\t\t\t\t\t\t\t<span class=\"elementor-grid-item\" role=\"listitem\">\n\t\t\t\t\t<a class=\"elementor-icon elementor-social-icon elementor-social-icon-instagram elementor-repeater-item-42b2340\" href=\"https:\/\/www.instagram.com\/kiemmicreations\" target=\"_blank\">\n\t\t\t\t\t\t<span class=\"elementor-screen-only\">Instagram<\/span>\n\t\t\t\t\t\t<svg aria-hidden=\"true\" class=\"e-font-icon-svg e-fab-instagram\" viewbox=\"0 0 448 512\" xmlns=\"http:\/\/www.w3.org\/2000\/svg\"><path d=\"M224.1 141c-63.6 0-114.9 51.3-114.9 114.9s51.3 114.9 114.9 114.9S339 319.5 339 255.9 287.7 141 224.1 141zm0 189.6c-41.1 0-74.7-33.5-74.7-74.7s33.5-74.7 74.7-74.7 74.7 33.5 74.7 74.7-33.6 74.7-74.7 74.7zm146.4-194.3c0 14.9-12 26.8-26.8 26.8-14.9 0-26.8-12-26.8-26.8s12-26.8 26.8-26.8 26.8 12 26.8 26.8zm76.1 27.2c-1.7-35.9-9.9-67.7-36.2-93.9-26.2-26.2-58-34.4-93.9-36.2-37-2.1-147.9-2.1-184.9 0-35.8 1.7-67.6 9.9-93.9 36.1s-34.4 58-36.2 93.9c-2.1 37-2.1 147.9 0 184.9 1.7 35.9 9.9 67.7 36.2 93.9s58 34.4 93.9 36.2c37 2.1 147.9 2.1 184.9 0 35.9-1.7 67.7-9.9 93.9-36.2 26.2-26.2 34.4-58 36.2-93.9 2.1-37 2.1-147.8 0-184.8zM398.8 388c-7.8 19.6-22.9 34.7-42.6 42.6-29.5 11.7-99.5 9-132.1 9s-102.7 2.6-132.1-9c-19.6-7.8-34.7-22.9-42.6-42.6-11.7-29.5-9-99.5-9-132.1s-2.6-102.7 9-132.1c7.8-19.6 22.9-34.7 42.6-42.6 29.5-11.7 99.5-9 132.1-9s102.7-2.6 132.1 9c19.6 7.8 34.7 22.9 42.6 42.6 11.7 29.5 9 99.5 9 132.1s2.7 102.7-9 132.1z\"><\/path><\/svg>\t\t\t\t\t<\/a>\n\t\t\t\t<\/span>\n\t\t\t\t\t\t\t<span class=\"elementor-grid-item\" role=\"listitem\">\n\t\t\t\t\t<a class=\"elementor-icon elementor-social-icon elementor-social-icon-facebook elementor-repeater-item-2c2be0d\" href=\"https:\/\/www.facebook.com\/kiemmicreations\" target=\"_blank\">\n\t\t\t\t\t\t<span class=\"elementor-screen-only\">Facebook<\/span>\n\t\t\t\t\t\t<svg aria-hidden=\"true\" class=\"e-font-icon-svg e-fab-facebook\" viewbox=\"0 0 512 512\" xmlns=\"http:\/\/www.w3.org\/2000\/svg\"><path d=\"M504 256C504 119 393 8 256 8S8 119 8 256c0 123.78 90.69 226.38 209.25 245V327.69h-63V256h63v-54.64c0-62.15 37-96.48 93.67-96.48 27.14 0 55.52 4.84 55.52 4.84v61h-31.28c-30.8 0-40.41 19.12-40.41 38.73V256h68.78l-11 71.69h-57.78V501C413.31 482.38 504 379.78 504 256z\"><\/path><\/svg>\t\t\t\t\t<\/a>\n\t\t\t\t<\/span>\n\t\t\t\t\t<\/div>\n\t\t\t\t\t\t<\/div>\n\t\t\t\t\t<\/div>\n\t\t<\/div>\n\t\t\t\t\t<\/div>\n\t\t<\/section>\n\t\t\t\t<section class=\"elementor-section elementor-top-section elementor-element elementor-element-b75d501 elementor-section-full_width elementor-section-height-default elementor-section-height-default\" data-id=\"b75d501\" data-element_type=\"section\" data-e-type=\"section\">\n\t\t\t\t\t\t<div class=\"elementor-container elementor-column-gap-no\">\n\t\t\t\t\t<div class=\"elementor-column elementor-col-100 elementor-top-column elementor-element elementor-element-160fcb6\" data-id=\"160fcb6\" data-element_type=\"column\" data-e-type=\"column\">\n\t\t\t<div class=\"elementor-widget-wrap elementor-element-populated\">\n\t\t\t\t\t\t<div class=\"elementor-element elementor-element-381d5bf gallery-spacing-custom elementor-widget elementor-widget-image-gallery\" data-id=\"381d5bf\" data-element_type=\"widget\" data-e-type=\"widget\" data-widget_type=\"image-gallery.default\">\n\t\t\t\t\t\t\t<div class=\"elementor-image-gallery\">\n\t\t\t<div id='gallery-1' class='gallery galleryid-333 gallery-columns-5 gallery-size-full'><figure class='gallery-item'>\n\t\t\t<div class='gallery-icon landscape'>\n\t\t\t\t<img width=\"2000\" height=\"2000\" src=\"https:\/\/kiemmi.com\/wp-content\/uploads\/2022\/06\/IMG_20220604_185703_2m.jpg\" class=\"attachment-full size-full\" alt=\"Ursinho de pel\u00facia de madeira para decorar o quarto do seu beb\u00ea\" aria-describedby=\"gallery-1-4574\" srcset=\"https:\/\/kiemmi.com\/wp-content\/uploads\/2022\/06\/IMG_20220604_185703_2m.jpg 2000w, https:\/\/kiemmi.com\/wp-content\/uploads\/2022\/06\/IMG_20220604_185703_2m-300x300.jpg 300w, https:\/\/kiemmi.com\/wp-content\/uploads\/2022\/06\/IMG_20220604_185703_2m-100x100.jpg 100w, https:\/\/kiemmi.com\/wp-content\/uploads\/2022\/06\/IMG_20220604_185703_2m-600x600.jpg 600w, https:\/\/kiemmi.com\/wp-content\/uploads\/2022\/06\/IMG_20220604_185703_2m-64x64.jpg 64w, https:\/\/kiemmi.com\/wp-content\/uploads\/2022\/06\/IMG_20220604_185703_2m-1024x1024.jpg 1024w, https:\/\/kiemmi.com\/wp-content\/uploads\/2022\/06\/IMG_20220604_185703_2m-150x150.jpg 150w, https:\/\/kiemmi.com\/wp-content\/uploads\/2022\/06\/IMG_20220604_185703_2m-768x768.jpg 768w, https:\/\/kiemmi.com\/wp-content\/uploads\/2022\/06\/IMG_20220604_185703_2m-1536x1536.jpg 1536w, https:\/\/kiemmi.com\/wp-content\/uploads\/2022\/06\/IMG_20220604_185703_2m-12x12.jpg 12w, https:\/\/kiemmi.com\/wp-content\/uploads\/2022\/06\/IMG_20220604_185703_2m-500x500.jpg 500w, https:\/\/kiemmi.com\/wp-content\/uploads\/2022\/06\/IMG_20220604_185703_2m-32x32.jpg 32w\" sizes=\"(max-width: 2000px) 100vw, 2000px\" decoding=\"async\" \/>\n\t\t\t<\/div>\n\t\t\t\t<figcaption class='wp-caption-text gallery-caption' id='gallery-1-4574'>\n\t\t\t\tUrsinho de pel\u00facia de madeira para decorar o quarto do seu beb\u00ea\n\t\t\t\t<\/figcaption><\/figure><figure class='gallery-item'>\n\t\t\t<div class='gallery-icon landscape'>\n\t\t\t\t<img width=\"2000\" height=\"2000\" src=\"https:\/\/kiemmi.com\/wp-content\/uploads\/2022\/06\/IMG_20220604_185644_2m.jpg\" class=\"attachment-full size-full\" alt=\"Girafa de madeira feita \u00e0 m\u00e3o para decora\u00e7\u00e3o do quarto do seu beb\u00ea\" aria-describedby=\"gallery-1-4579\" srcset=\"https:\/\/kiemmi.com\/wp-content\/uploads\/2022\/06\/IMG_20220604_185644_2m.jpg 2000w, https:\/\/kiemmi.com\/wp-content\/uploads\/2022\/06\/IMG_20220604_185644_2m-300x300.jpg 300w, https:\/\/kiemmi.com\/wp-content\/uploads\/2022\/06\/IMG_20220604_185644_2m-100x100.jpg 100w, https:\/\/kiemmi.com\/wp-content\/uploads\/2022\/06\/IMG_20220604_185644_2m-600x600.jpg 600w, https:\/\/kiemmi.com\/wp-content\/uploads\/2022\/06\/IMG_20220604_185644_2m-64x64.jpg 64w, https:\/\/kiemmi.com\/wp-content\/uploads\/2022\/06\/IMG_20220604_185644_2m-1024x1024.jpg 1024w, https:\/\/kiemmi.com\/wp-content\/uploads\/2022\/06\/IMG_20220604_185644_2m-150x150.jpg 150w, https:\/\/kiemmi.com\/wp-content\/uploads\/2022\/06\/IMG_20220604_185644_2m-768x768.jpg 768w, https:\/\/kiemmi.com\/wp-content\/uploads\/2022\/06\/IMG_20220604_185644_2m-1536x1536.jpg 1536w, https:\/\/kiemmi.com\/wp-content\/uploads\/2022\/06\/IMG_20220604_185644_2m-12x12.jpg 12w, https:\/\/kiemmi.com\/wp-content\/uploads\/2022\/06\/IMG_20220604_185644_2m-500x500.jpg 500w, https:\/\/kiemmi.com\/wp-content\/uploads\/2022\/06\/IMG_20220604_185644_2m-32x32.jpg 32w\" sizes=\"(max-width: 2000px) 100vw, 2000px\" decoding=\"async\" \/>\n\t\t\t<\/div>\n\t\t\t\t<figcaption class='wp-caption-text gallery-caption' id='gallery-1-4579'>\n\t\t\t\tGirafa de madeira feita \u00e0 m\u00e3o para decora\u00e7\u00e3o do quarto do seu beb\u00ea\n\t\t\t\t<\/figcaption><\/figure><figure class='gallery-item'>\n\t\t\t<div class='gallery-icon landscape'>\n\t\t\t\t<img width=\"2000\" height=\"2000\" src=\"https:\/\/kiemmi.com\/wp-content\/uploads\/2022\/06\/IMG_20220608_175744_2m.jpg\" class=\"attachment-full size-full\" alt=\"Bal\u00e3o de madeira com nome personalizado para o quarto do seu beb\u00ea\" aria-describedby=\"gallery-1-4582\" srcset=\"https:\/\/kiemmi.com\/wp-content\/uploads\/2022\/06\/IMG_20220608_175744_2m.jpg 2000w, https:\/\/kiemmi.com\/wp-content\/uploads\/2022\/06\/IMG_20220608_175744_2m-300x300.jpg 300w, https:\/\/kiemmi.com\/wp-content\/uploads\/2022\/06\/IMG_20220608_175744_2m-100x100.jpg 100w, https:\/\/kiemmi.com\/wp-content\/uploads\/2022\/06\/IMG_20220608_175744_2m-600x600.jpg 600w, https:\/\/kiemmi.com\/wp-content\/uploads\/2022\/06\/IMG_20220608_175744_2m-64x64.jpg 64w, https:\/\/kiemmi.com\/wp-content\/uploads\/2022\/06\/IMG_20220608_175744_2m-1024x1024.jpg 1024w, https:\/\/kiemmi.com\/wp-content\/uploads\/2022\/06\/IMG_20220608_175744_2m-150x150.jpg 150w, https:\/\/kiemmi.com\/wp-content\/uploads\/2022\/06\/IMG_20220608_175744_2m-768x768.jpg 768w, https:\/\/kiemmi.com\/wp-content\/uploads\/2022\/06\/IMG_20220608_175744_2m-1536x1536.jpg 1536w, https:\/\/kiemmi.com\/wp-content\/uploads\/2022\/06\/IMG_20220608_175744_2m-500x500.jpg 500w\" sizes=\"(max-width: 2000px) 100vw, 2000px\" decoding=\"async\" \/>\n\t\t\t<\/div>\n\t\t\t\t<figcaption class='wp-caption-text gallery-caption' id='gallery-1-4582'>\n\t\t\t\tBal\u00e3o de madeira com nome personalizado para o quarto do seu beb\u00ea\n\t\t\t\t<\/figcaption><\/figure>\n\t\t<\/div>\n\t\t<\/div>\n\t\t\t\t\t\t<\/div>\n\t\t\t\t\t<\/div>\n\t\t<\/div>\n\t\t\t\t\t<\/div>\n\t\t<\/section>\n\t\t\t\t<section class=\"elementor-section elementor-top-section elementor-element elementor-element-0e0e0ab elementor-section-content-middle elementor-section-boxed elementor-section-height-default elementor-section-height-default\" data-id=\"0e0e0ab\" data-element_type=\"section\" data-e-type=\"section\" data-settings=\"{&quot;background_background&quot;:&quot;classic&quot;}\">\n\t\t\t\t\t\t<div class=\"elementor-container elementor-column-gap-default\">\n\t\t\t\t\t<div class=\"elementor-column elementor-col-66 elementor-top-column elementor-element elementor-element-b40881c\" data-id=\"b40881c\" data-element_type=\"column\" data-e-type=\"column\">\n\t\t\t<div class=\"elementor-widget-wrap elementor-element-populated\">\n\t\t\t\t\t\t<div class=\"elementor-element elementor-element-364f5ca elementor-widget elementor-widget-text-editor\" data-id=\"364f5ca\" data-element_type=\"widget\" data-e-type=\"widget\" data-widget_type=\"text-editor.default\">\n\t\t\t\t\t\t\t\t\t<p>Se voc\u00ea gosta do que fazemos, mas n\u00e3o consegue encontrar o que procura, entre em contato conosco para nos contar sua ideia ou o que voc\u00ea est\u00e1 procurando.<\/p>\t\t\t\t\t\t\t\t<\/div>\n\t\t\t\t\t<\/div>\n\t\t<\/div>\n\t\t\t\t<div class=\"elementor-column elementor-col-33 elementor-top-column elementor-element elementor-element-e2c05fe\" data-id=\"e2c05fe\" data-element_type=\"column\" data-e-type=\"column\">\n\t\t\t<div class=\"elementor-widget-wrap\">\n\t\t\t\t\t\t\t<\/div>\n\t\t<\/div>\n\t\t\t\t\t<\/div>\n\t\t<\/section>\n\t\t\t\t<\/div>","protected":false},"excerpt":{"rendered":"<p>Quienes somos Acerca de nosotros Somos Emmanuel y Miriam Kielichowski, de all\u00ed el nombre KIEMMI. Nos dedicamos a la creaci\u00f3n de art\u00edculos de decoraci\u00f3n o para regalos en madera a mano muy originales y sobre todo personalizados. Animate y s\u00edguenos en nuestros distintos canales de redes sociales: Instagram Facebook Osito de madera para la decoraci\u00f3n [&hellip;]<\/p>\n","protected":false},"author":1,"featured_media":0,"parent":0,"menu_order":0,"comment_status":"closed","ping_status":"closed","template":"elementor_header_footer","meta":{"_seopress_robots_primary_cat":"0","_seopress_titles_title":"","_seopress_titles_desc":"","_seopress_robots_index":"","site-sidebar-layout":"default","site-content-layout":"","ast-site-content-layout":"default","site-content-style":"default","site-sidebar-style":"default","ast-global-header-display":"","ast-banner-title-visibility":"","ast-main-header-display":"","ast-hfb-above-header-display":"","ast-hfb-below-header-display":"","ast-hfb-mobile-header-display":"","site-post-title":"","ast-breadcrumbs-content":"","ast-featured-img":"","footer-sml-layout":"","ast-disable-related-posts":"","theme-transparent-header-meta":"","adv-header-id-meta":"","stick-header-meta":"","header-above-stick-meta":"","header-main-stick-meta":"","header-below-stick-meta":"","astra-migrate-meta-layouts":"default","ast-page-background-enabled":"default","ast-page-background-meta":{"desktop":{"background-color":"","background-image":"","background-repeat":"repeat","background-position":"center center","background-size":"auto","background-attachment":"scroll","background-type":"","background-media":"","overlay-type":"","overlay-color":"","overlay-opacity":"","overlay-gradient":""},"tablet":{"background-color":"","background-image":"","background-repeat":"repeat","background-position":"center center","background-size":"auto","background-attachment":"scroll","background-type":"","background-media":"","overlay-type":"","overlay-color":"","overlay-opacity":"","overlay-gradient":""},"mobile":{"background-color":"","background-image":"","background-repeat":"repeat","background-position":"center center","background-size":"auto","background-attachment":"scroll","background-type":"","background-media":"","overlay-type":"","overlay-color":"","overlay-opacity":"","overlay-gradient":""}},"ast-content-background-meta":{"desktop":{"background-color":"var(--ast-global-color-5)","background-image":"","background-repeat":"repeat","background-position":"center center","background-size":"auto","background-attachment":"scroll","background-type":"","background-media":"","overlay-type":"","overlay-color":"","overlay-opacity":"","overlay-gradient":""},"tablet":{"background-color":"var(--ast-global-color-5)","background-image":"","background-repeat":"repeat","background-position":"center center","background-size":"auto","background-attachment":"scroll","background-type":"","background-media":"","overlay-type":"","overlay-color":"","overlay-opacity":"","overlay-gradient":""},"mobile":{"background-color":"var(--ast-global-color-5)","background-image":"","background-repeat":"repeat","background-position":"center center","background-size":"auto","background-attachment":"scroll","background-type":"","background-media":"","overlay-type":"","overlay-color":"","overlay-opacity":"","overlay-gradient":""}},"footnotes":""},"class_list":["post-333","page","type-page","status-publish","hentry"],"_links":{"self":[{"href":"https:\/\/kiemmi.com\/pt\/wp-json\/wp\/v2\/pages\/333","targetHints":{"allow":["GET"]}}],"collection":[{"href":"https:\/\/kiemmi.com\/pt\/wp-json\/wp\/v2\/pages"}],"about":[{"href":"https:\/\/kiemmi.com\/pt\/wp-json\/wp\/v2\/types\/page"}],"author":[{"embeddable":true,"href":"https:\/\/kiemmi.com\/pt\/wp-json\/wp\/v2\/users\/1"}],"replies":[{"embeddable":true,"href":"https:\/\/kiemmi.com\/pt\/wp-json\/wp\/v2\/comments?post=333"}],"version-history":[{"count":0,"href":"https:\/\/kiemmi.com\/pt\/wp-json\/wp\/v2\/pages\/333\/revisions"}],"wp:attachment":[{"href":"https:\/\/kiemmi.com\/pt\/wp-json\/wp\/v2\/media?parent=333"}],"curies":[{"name":"wp","href":"https:\/\/api.w.org\/{rel}","templated":true}]}}