{"id":3,"date":"2020-07-24T07:11:47","date_gmt":"2020-07-24T07:11:47","guid":{"rendered":"https:\/\/www.tks3d.com\/?page_id=3"},"modified":"2022-02-19T19:04:53","modified_gmt":"2022-02-19T19:04:53","slug":"politica-de-privacidade","status":"publish","type":"page","link":"https:\/\/kiemmi.com\/pt\/politica-de-privacidad\/","title":{"rendered":"pol\u00edtica de Privacidade"},"content":{"rendered":"<h3 class=\"wp-block-heading\" id=\"reglamento-europeo-de-proteccion-de-datos-rgpd\">Regulamento Geral Europeu de Prote\u00e7\u00e3o de Dados (RGPD)<\/h3>\n\n\n\n<p>Informamos expressamente que esta se\u00e7\u00e3o \u00e9 destinada exclusivamente ao tratamento de dados que Emmanuel Kielichowski (doravante KIEMMI) realizar\u00e1 sobre os dados pessoais fornecidos atrav\u00e9s deste site, os quais ser\u00e3o incorporados aos arquivos que lhe indicaremos de acordo com o disposto na legisla\u00e7\u00e3o vigente em mat\u00e9ria de prote\u00e7\u00e3o de dados pessoais (REGULAMENTO (UE) 2016\/679 DO PARLAMENTO EUROPEU E DO CONSELHO de 27 de abril de 2016 relativo \u00e0 prote\u00e7\u00e3o das pessoas f\u00edsicas no que diz respeito ao tratamento de dados pessoais e \u00e0 livre circula\u00e7\u00e3o desses dados, com entrada em vigor em 25 de maio de 2018, doravante, RGPD, bem como a legisla\u00e7\u00e3o espanhola que o desenvolve).<\/p>\n\n\n\n<h3 class=\"wp-block-heading\" id=\"conceptos\">Conceitos<\/h3>\n\n\n\n<p>Defini\u00e7\u00f5es que usaremos nesta Pol\u00edtica de Privacidade:<\/p>\n\n\n\n<ul class=\"wp-block-list\"><li>KIEMMI: A pessoa Emmanuel Kielichowski, dona deste site.<\/li><li>WEB: Refere-se a este site (www.kiemmi.com).<\/li><li>USU\u00c1RIO DA WEB: Usu\u00e1rio do site www.kiemmi.com<\/li><li>CLIENTE: Usu\u00e1rio que contratou os servi\u00e7os da KIEMMI.<\/li><li>PARCEIRO: Colaborador KIEMMI.<\/li><\/ul>\n\n\n\n<h3 class=\"wp-block-heading\" id=\"responsable-del-tratamiento-de-los-datos-personales\">Controlador de dados pessoais<\/h3>\n\n\n\n<p>O propriet\u00e1rio do site www.kiemmi.com \u00e9 Emmanuel Kielichowski, com NIE: X2878559V, sede social: C\/ Claveles, 4 \u2013 12600 Vall de Ux\u00f3, Castell\u00f3n, e e-mail: info@kiemmi.com<\/p>\n\n\n\n<p>Em cumprimento ao disposto no RGPD, informamos que os dados que nos fornecer, bem como quaisquer dados derivados da sua navega\u00e7\u00e3o, ser\u00e3o tratados e protegidos pela KIEMI, como respons\u00e1vel pelo tratamento, e tratados com a finalidade de responder ao seu pedido e manter a rela\u00e7\u00e3o estabelecida no contrato que subscreva ou tenha subscrito connosco.<\/p>\n\n\n\n<h3 class=\"wp-block-heading\" id=\"principios-que-aplicamos-en-el-tratamiento-de-datos-personales\">Princ\u00edpios que aplicamos no tratamento de dados pessoais<\/h3>\n\n\n\n<p>De acordo com o Cap\u00edtulo II do GDPR e os c\u00f3digos de conduta para o processamento de dados pessoais, aplicamos os seguintes princ\u00edpios \u00e0 nossa empresa e procedimentos ao processar dados pessoais para proteger os direitos e liberdades dos usu\u00e1rios:<\/p>\n\n\n\n<ul class=\"wp-block-list\"><li><strong>Dados m\u00ednimos:<\/strong>&nbsp;Obteremos e processaremos apenas os dados m\u00ednimos necess\u00e1rios para cada finalidade e categoria de titulares de dados.<\/li><li><strong>Legalidade e transpar\u00eancia:<\/strong> Ao processar dados, sempre temos fundamentos legais para o seu uso: o cliente nos contratou, o usu\u00e1rio forneceu suas informa\u00e7\u00f5es na aba de contato, etc., e em todos os casos, formalizou o contrato ou deu seu consentimento. E sempre para as finalidades indicadas neste documento.<\/li><li><strong>Limita\u00e7\u00e3o do per\u00edodo de armazenamento:<\/strong>&nbsp;Manteremos seus dados pelo per\u00edodo m\u00ednimo de tempo necess\u00e1rio, a menos que voc\u00ea solicite primeiro sua exclus\u00e3o.<\/li><li><strong>Confidencialidade e integridade:<\/strong>&nbsp;Garantimos medidas de seguran\u00e7a adequadas para os dados pessoais e sua confidencialidade.<\/li><\/ul>\n\n\n\n<h3 class=\"wp-block-heading\" id=\"veracidad-y-exactitud-de-los-datos-personales-facilitados\">Veracidade e exatid\u00e3o dos dados pessoais fornecidos<\/h3>\n\n\n\n<p>O USU\u00c1RIO DA WEB, CLIENTE ou PARCEIRO, cujos dados ser\u00e3o tratados pela empresa, garante que os dados fornecidos s\u00e3o verdadeiros e exatos.<\/p>\n\n\n\n<p>Se voc\u00ea forneceu dados pessoais sobre outra pessoa, voc\u00ea garante que essa pessoa autorizou e consentiu que voc\u00ea nos fornecesse esses dados e que ela \u00e9 respons\u00e1vel por todas as responsabilidades decorrentes do uso e processamento desses dados, a menos que tenha tal autoriza\u00e7\u00e3o.<\/p>\n\n\n\n<p>Observe que voc\u00ea \u00e9 a \u00fanica fonte de informa\u00e7\u00f5es sobre seus dados pessoais. Portanto, para manter seus dados atualizados e atualizados o tempo todo, de acordo com os princ\u00edpios do Cap\u00edtulo II do GDPR, notifique nosso controlador de dados sobre quaisquer altera\u00e7\u00f5es enviando um e-mail para info@kiemmi.com.<\/p>\n\n\n\n<p>A qualquer momento, o interessado poder\u00e1 modificar ou cancelar os dados fornecidos, de acordo com os direitos de Acesso, Retifica\u00e7\u00e3o, Cancelamento, Oposi\u00e7\u00e3o, Limita\u00e7\u00e3o e Portabilidade.<\/p>\n\n\n\n<h3 class=\"wp-block-heading\" id=\"menores-de-edad\">Menores<\/h3>\n\n\n\n<p>O site www.kiemmi.com n\u00e3o se destina a menores de idade. Todos os USU\u00c1RIOS DA WEB, CLIENTES ou PARCEIROS do site e dos servi\u00e7os oferecidos devem ser maiores de idade. Caso sejam maiores de idade, o contrato entre a KIEMMI e o referido usu\u00e1rio ou cliente ser\u00e1 considerado nulo e, em qualquer caso, nos isentamos de qualquer responsabilidade que possa surgir do descumprimento deste requisito.<\/p>\n\n\n\n<h3 class=\"wp-block-heading\" id=\"encargados-del-tratamiento\">Controladores de dados<\/h3>\n\n\n\n<p>A KIEMMI necessita de colaboradores para determinados servi\u00e7os. Quando essas outras empresas processam dados na presta\u00e7\u00e3o desses servi\u00e7os, a lei as chama de Processadores de Dados.<\/p>\n\n\n\n<p>Para fornecer nossos servi\u00e7os, usamos provedores terceirizados dentro da UE\/EEE como subcontratados que cumprem todas as obriga\u00e7\u00f5es e requisitos desta pol\u00edtica de privacidade.<\/p>\n\n\n\n<p>Esses provedores est\u00e3o listados abaixo:<\/p>\n\n\n\n<ul class=\"wp-block-list\"><li>Clouding: Servi\u00e7o de Servidor<\/li><\/ul>\n\n\n\n<p>Portanto, garantimos que estes e quaisquer subcontratados que possam ser utilizados no futuro cumprem e cumprir\u00e3o todas as obriga\u00e7\u00f5es e requisitos desta pol\u00edtica de privacidade.<\/p>\n\n\n\n<h3 class=\"wp-block-heading\" id=\"cesion-de-datos\">Transfer\u00eancia de dados<\/h3>\n\n\n\n<p>Garantimos que n\u00e3o compartilharemos seus dados com terceiros para fins de envio de publicidade. Compartilharemos seus dados apenas com os controladores de dados indicados na se\u00e7\u00e3o anterior e apenas para os fins indicados em cada caso.<\/p>\n\n\n\n<p>Portanto, conforme estipulado no artigo 13.1, al\u00ednea a) do RGPD, a KIEMMI n\u00e3o compartilha os dados e, portanto, n\u00e3o tem destinat\u00e1rio.<\/p>\n\n\n\n<h3 class=\"wp-block-heading\" id=\"derechos-en-el-tratamiento-de-datos-personales\">Direitos no tratamento de dados pessoais<\/h3>\n\n\n\n<p>Em conformidade com as disposi\u00e7\u00f5es do RGPD, voc\u00ea pode entrar em contato com a KIEMMI, como controlador de dados, a qualquer momento na se\u00e7\u00e3o <strong>Controlador de dados pessoais<\/strong> desta pol\u00edtica de privacidade, a fim de exercer os direitos de acesso, retifica\u00e7\u00e3o, exclus\u00e3o, oposi\u00e7\u00e3o, portabilidade e retirada de consentimento em rela\u00e7\u00e3o aos seus dados pessoais inclu\u00eddos em nossos arquivos.<\/p>\n\n\n\n<p>A- \u200bDireito de solicitar acesso aos dados pessoais: Voc\u00ea pode nos perguntar se estamos processando seus dados, quais dados espec\u00edficos, de onde os obtivemos, etc. Artigo 15 do GDPR.<\/p>\n\n\n\n<p>B- O direito de solicitar a retifica\u00e7\u00e3o (caso sejam imprecisos) ou a elimina\u00e7\u00e3o (quando os dados pessoais deixarem de ser necess\u00e1rios para os fins para os quais foram recolhidos). Artigo 16.\u00ba do RGPD.<\/p>\n\n\n\n<p>C- O direito de solicitar a restri\u00e7\u00e3o ou o cancelamento do seu tratamento, caso em que conservaremos os seus dados apenas para o exerc\u00edcio ou a defesa de um direito num processo judicial. Artigos 17 e 18.<\/p>\n\n\n\n<p>D- Direito de obje\u00e7\u00e3o ao tratamento: Deixaremos de tratar os seus dados da forma que nos indicar, a menos que existam raz\u00f5es leg\u00edtimas para continuar a trat\u00e1-los. Artigo 21.<\/p>\n\n\n\n<p>E- Direito \u00e0 portabilidade de dados: Caso deseje que seus dados sejam processados por outra empresa, facilitaremos a portabilidade dos seus dados para qualquer outra empresa que voc\u00ea nos fornecer, em um formato estruturado, intelig\u00edvel e automatizado. Artigo 20.<\/p>\n\n\n\n<p>Esses direitos s\u00e3o altamente pessoais e ser\u00e3o exercidos pelo titular dos dados, a menos que este conceda autoriza\u00e7\u00e3o suficiente a outra pessoa. O Controlador de Dados responder\u00e1 ao exerc\u00edcio de qualquer um desses direitos no prazo de dez dias a partir do recebimento da solicita\u00e7\u00e3o. Se o Controlador de Dados considerar que a solicita\u00e7\u00e3o n\u00e3o deve ser atendida, ele o notificar\u00e1 com os motivos e no prazo indicado nesta se\u00e7\u00e3o.<\/p>\n\n\n\n<p>Se voc\u00ea acredita que h\u00e1 um problema com a forma como estamos tratando seus dados e n\u00e3o est\u00e1 satisfeito com a resposta \u00e0 sua solicita\u00e7\u00e3o, voc\u00ea pode encaminhar suas reclama\u00e7\u00f5es \u00e0 Ag\u00eancia Espanhola de Prote\u00e7\u00e3o de Dados (www.agpd.es). Voc\u00ea tamb\u00e9m pode apresentar uma reclama\u00e7\u00e3o \u00e0 autoridade judicial competente, se considerar apropriado.<\/p>\n\n\n\n<h3 class=\"wp-block-heading\" id=\"tiempo-de-conservacion-de-los-datos\">Per\u00edodo de reten\u00e7\u00e3o de dados<\/h3>\n\n\n\n<p>De acordo com a obriga\u00e7\u00e3o indicada no artigo 13.2.a) do RGPD, indicamos os prazos de conserva\u00e7\u00e3o dos dados pessoais em cada caso:<\/p>\n\n\n\n<p>Os dados pessoais tratados pela KIEMMI ser\u00e3o conservados at\u00e9 que o UTILIZADOR DA WEB, CLIENTE ou PARCEIRO nos informe da sua vontade de anular os dados em tratamento.<\/p>\n\n\n\n<h3 class=\"wp-block-heading\" id=\"secreto-y-seguridad-de-los-datos\">Sigilo e seguran\u00e7a de dados<\/h3>\n\n\n\n<p>Em conformidade com o disposto no artigo 32.\u00ba do RGPD, a KIEMMIte informa que implementou as medidas de seguran\u00e7a t\u00e9cnicas e organizacionais necess\u00e1rias para evitar todos os riscos inerentes \u00e0s atividades e servi\u00e7os da empresa, bem como para garantir a seguran\u00e7a dos seus dados pessoais e impedir a sua altera\u00e7\u00e3o, perda e tratamento e\/ou acesso n\u00e3o autorizados. Estas medidas, tendo em conta o estado da tecnologia, a natureza dos dados armazenados e os riscos a que est\u00e3o expostos, quer sejam provenientes da a\u00e7\u00e3o humana ou do ambiente f\u00edsico ou natural, monitorizam, controlam e avaliam continuamente os processos estabelecidos para garantir o respeito pela privacidade dos seus dados. Estes dados s\u00e3o recolhidos do utilizador atrav\u00e9s de HTTPS (HyperText Transfer Protocol Secure), um protocolo de seguran\u00e7a que permite a transmiss\u00e3o de dados encriptados entre o servidor do website e o utilizador, e vice-versa.<\/p>\n\n\n\n<p>A KIEMMI conduziu uma An\u00e1lise de Risco para o processamento de Dados Pessoais e \u00e9 capaz de garantir a confidencialidade, integridade, disponibilidade e resili\u00eancia cont\u00ednuas de seus sistemas e servi\u00e7os de processamento; a capacidade de restaurar rapidamente a disponibilidade e o acesso a dados pessoais no caso de um incidente f\u00edsico ou t\u00e9cnico; e um processo para verificar, avaliar e avaliar periodicamente a efic\u00e1cia das medidas t\u00e9cnicas e organizacionais para garantir a seguran\u00e7a do processamento.<\/p>\n\n\n\n<p>De acordo com os artigos 33 e 34 do RGPD, a KIEMMI garante que, no caso de ocorrer a mais pequena viola\u00e7\u00e3o dos sistemas que possa levar a uma viola\u00e7\u00e3o da seguran\u00e7a dos dados pessoais, o respons\u00e1vel pelo tratamento notificar\u00e1 a Ag\u00eancia Espanhola de Prote\u00e7\u00e3o de Dados e os titulares dos dados afetados num prazo m\u00e1ximo de 72 horas.<\/p>\n\n\n\n<h3 class=\"wp-block-heading\" id=\"hipervinculos\">Hiperlinks<\/h3>\n\n\n\n<p>Embora possamos incluir links em nosso website para outros sites que n\u00e3o s\u00e3o operados ou controlados pela KIEMMI, observe que n\u00e3o podemos garantir, nem somos respons\u00e1veis, pela legalidade, confiabilidade, utilidade, veracidade e atualidade do conte\u00fado de tais websites. Portanto, antes de fornecer suas informa\u00e7\u00f5es pessoais a esses websites fora da KIEMMI, revise suas pr\u00e1ticas de privacidade e esteja ciente de que elas podem ser diferentes das nossas.<\/p>\n\n\n\n<h3 class=\"wp-block-heading\" id=\"usuarios-y-accesos-restringidos\">Usu\u00e1rios e acesso restritos<\/h3>\n\n\n\n<p>Para entrar nas \u00e1reas de acesso restrito, os usu\u00e1rios devem ter os c\u00f3digos de acesso correspondentes.<br>A KIEMMI reserva-se o direito de aceitar ou rejeitar livremente o pedido de registo de qualquer utilizador. Os dados introduzidos pelos utilizadores devem ser precisos, atuais e verdadeiros, e ser\u00e3o processados e tratados em conformidade com a legisla\u00e7\u00e3o em vigor sobre prote\u00e7\u00e3o de dados pessoais.<\/p>\n\n\n\n<p>Os usu\u00e1rios ser\u00e3o respons\u00e1veis, em todos os casos, pela salvaguarda de seus c\u00f3digos de acesso. Portanto, ser\u00e3o os \u00fanicos respons\u00e1veis por quaisquer danos que possam advir do uso indevido desses c\u00f3digos, bem como de sua perda ou qualquer outra circunst\u00e2ncia que possa representar um risco de acesso ou uso n\u00e3o autorizado por terceiros. Os usu\u00e1rios devem notificar imediatamente o endere\u00e7o de contato da KIEMMI para que possamos bloque\u00e1-los e substitu\u00ed-los.<\/p>\n\n\n\n<h3 class=\"wp-block-heading\" id=\"cambios-en-la-politica-de-privacidad\">Altera\u00e7\u00f5es na pol\u00edtica de privacidade<\/h3>\n\n\n\n<p>A KIEMMI reserva-se o direito de modificar sua Pol\u00edtica de Privacidade, a seu crit\u00e9rio exclusivo ou em virtude de altera\u00e7\u00f5es legislativas, jurisprudenciais ou doutrin\u00e1rias da Ag\u00eancia Espanhola de Prote\u00e7\u00e3o de Dados. Qualquer modifica\u00e7\u00e3o na Pol\u00edtica de Privacidade ser\u00e1 publicada em nosso site.<\/p>","protected":false},"excerpt":{"rendered":"<p>Reglamento europeo de protecci\u00f3n de datos (RGPD) Te informamos expresamente de que este apartado est\u00e1 dirigido exclusivamente al tratamiento de datos que Emmanuel Kielichowski (en adelante KIEMMI) realizar\u00e1 sobre los datos personales facilitados por medio de la presente web, que se incorporar\u00e1n a los archivos que te indicaremos de conformidad con lo establecido en la [&hellip;]<\/p>\n","protected":false},"author":1,"featured_media":0,"parent":0,"menu_order":0,"comment_status":"closed","ping_status":"closed","template":"","meta":{"_seopress_robots_primary_cat":"0","_seopress_titles_title":"","_seopress_titles_desc":"","_seopress_robots_index":"","site-sidebar-layout":"default","site-content-layout":"","ast-site-content-layout":"default","site-content-style":"default","site-sidebar-style":"default","ast-global-header-display":"","ast-banner-title-visibility":"","ast-main-header-display":"","ast-hfb-above-header-display":"","ast-hfb-below-header-display":"","ast-hfb-mobile-header-display":"","site-post-title":"","ast-breadcrumbs-content":"","ast-featured-img":"","footer-sml-layout":"","ast-disable-related-posts":"","theme-transparent-header-meta":"","adv-header-id-meta":"","stick-header-meta":"","header-above-stick-meta":"","header-main-stick-meta":"","header-below-stick-meta":"","astra-migrate-meta-layouts":"default","ast-page-background-enabled":"default","ast-page-background-meta":{"desktop":{"background-color":"","background-image":"","background-repeat":"repeat","background-position":"center center","background-size":"auto","background-attachment":"scroll","background-type":"","background-media":"","overlay-type":"","overlay-color":"","overlay-opacity":"","overlay-gradient":""},"tablet":{"background-color":"","background-image":"","background-repeat":"repeat","background-position":"center center","background-size":"auto","background-attachment":"scroll","background-type":"","background-media":"","overlay-type":"","overlay-color":"","overlay-opacity":"","overlay-gradient":""},"mobile":{"background-color":"","background-image":"","background-repeat":"repeat","background-position":"center center","background-size":"auto","background-attachment":"scroll","background-type":"","background-media":"","overlay-type":"","overlay-color":"","overlay-opacity":"","overlay-gradient":""}},"ast-content-background-meta":{"desktop":{"background-color":"var(--ast-global-color-5)","background-image":"","background-repeat":"repeat","background-position":"center center","background-size":"auto","background-attachment":"scroll","background-type":"","background-media":"","overlay-type":"","overlay-color":"","overlay-opacity":"","overlay-gradient":""},"tablet":{"background-color":"var(--ast-global-color-5)","background-image":"","background-repeat":"repeat","background-position":"center center","background-size":"auto","background-attachment":"scroll","background-type":"","background-media":"","overlay-type":"","overlay-color":"","overlay-opacity":"","overlay-gradient":""},"mobile":{"background-color":"var(--ast-global-color-5)","background-image":"","background-repeat":"repeat","background-position":"center center","background-size":"auto","background-attachment":"scroll","background-type":"","background-media":"","overlay-type":"","overlay-color":"","overlay-opacity":"","overlay-gradient":""}},"footnotes":""},"class_list":["post-3","page","type-page","status-publish","hentry"],"_links":{"self":[{"href":"https:\/\/kiemmi.com\/pt\/wp-json\/wp\/v2\/pages\/3","targetHints":{"allow":["GET"]}}],"collection":[{"href":"https:\/\/kiemmi.com\/pt\/wp-json\/wp\/v2\/pages"}],"about":[{"href":"https:\/\/kiemmi.com\/pt\/wp-json\/wp\/v2\/types\/page"}],"author":[{"embeddable":true,"href":"https:\/\/kiemmi.com\/pt\/wp-json\/wp\/v2\/users\/1"}],"replies":[{"embeddable":true,"href":"https:\/\/kiemmi.com\/pt\/wp-json\/wp\/v2\/comments?post=3"}],"version-history":[{"count":0,"href":"https:\/\/kiemmi.com\/pt\/wp-json\/wp\/v2\/pages\/3\/revisions"}],"wp:attachment":[{"href":"https:\/\/kiemmi.com\/pt\/wp-json\/wp\/v2\/media?parent=3"}],"curies":[{"name":"wp","href":"https:\/\/api.w.org\/{rel}","templated":true}]}}