{"id":2743,"date":"2021-08-18T06:52:10","date_gmt":"2021-08-18T06:52:10","guid":{"rendered":"https:\/\/www.tks3d.com\/?page_id=2743"},"modified":"2022-02-19T20:19:44","modified_gmt":"2022-02-19T20:19:44","slug":"condicoes-gerais-de-uso-e-venda","status":"publish","type":"page","link":"https:\/\/kiemmi.com\/pt\/condiciones-generales-de-uso-y-venta\/","title":{"rendered":"Condi\u00e7\u00f5es Gerais de Utiliza\u00e7\u00e3o e Venda"},"content":{"rendered":"<h3 class=\"wp-block-heading\" id=\"1-datos-identificativos-de-camaloon\">1. Dados de identifica\u00e7\u00e3o da KIEMMI<\/h3>\n\n\n\n<p>O fornecedor do servi\u00e7o do site \u00e9 Emmanuel Kielichowski (doravante, \u201cKiemmi\u201d), com IVA intracomunit\u00e1rio ESX2878559V e sede social na Calle Claveles 4, 12600 Vall de Ux\u00f3 (Castell\u00f3n), Espanha.<\/p>\n\n\n\n<h3 class=\"wp-block-heading\" id=\"2-descripcion-del-servicio\">2. Descri\u00e7\u00e3o do servi\u00e7o<\/h3>\n\n\n\n<p>Na Kiemmi, oferecemos uma variedade de servi\u00e7os on-line aos nossos usu\u00e1rios e clientes, incluindo marketing e fabrica\u00e7\u00e3o de itens personalizados, itens para presente e itens decorativos: chaveiros, caixas, \u00edm\u00e3s, bolsas, adesivos e muito mais.<\/p>\n\n\n\n<p>Os usu\u00e1rios do nosso site podem comprar produtos para uso pr\u00f3prio ou para vender a terceiros.<\/p>\n\n\n\n<h3 class=\"wp-block-heading\" id=\"3-uso-de-las-paginas-web-bajo-la-marca-de-camaloon\">3. Utiliza\u00e7\u00e3o do site kiemmi.com<\/h3>\n\n\n\n<h4 class=\"wp-block-heading\" id=\"3-1-edad-minima\">3.1 Idade m\u00ednima<\/h4>\n\n\n\n<p>Para ser um usu\u00e1rio do site Kiemmi, voc\u00ea deve ser maior de idade (m\u00ednimo 18 anos).<\/p>\n\n\n\n<h4 class=\"wp-block-heading\" id=\"3-2-licencia-de-uso-de-la-web-y-del-servicio-de-camaloon\">3.2 Licen\u00e7a para usar o site e servi\u00e7o Kiemmi<\/h4>\n\n\n\n<p>A Kiemmi oferece a voc\u00ea uma licen\u00e7a limitada e revog\u00e1vel para acessar e utilizar nossos sites e servi\u00e7os, de acordo com estes Termos de Uso e Venda. Esta licen\u00e7a n\u00e3o inclui o direito de coletar ou utilizar informa\u00e7\u00f5es do site para fins proibidos por n\u00f3s, como competir com a Kiemmi, utilizar o conte\u00fado da Kiemmi de qualquer forma ou salvar uma c\u00f3pia parcial ou integral de nossos sites.<\/p>\n\n\n\n<h3 class=\"wp-block-heading\" id=\"4-reglas-generales\">4. Regras Gerais<\/h3>\n\n\n\n<h4 class=\"wp-block-heading\" id=\"4-1-uso-prohibido\">4.1 Uso proibido<\/h4>\n\n\n\n<p>Voc\u00ea n\u00e3o pode tentar causar, ou causar qualquer dano, aos nossos sites ou ao servi\u00e7o Kiemmi. Por exemplo, e sem que esta lista seja completa ou exaustiva, \u00e9 proibido:<\/p>\n\n\n\n<p>a. Interromper o servi\u00e7o do Kiemmi usando v\u00edrus ou outros programas projetados para causar danos a qualquer software ou hardware.<\/p>\n\n\n\n<p>b. Modificar ou criar vers\u00f5es de qualquer tecnologia usada nos sites da Kiemmi<\/p>\n\n\n\n<p>c. Usar qualquer tipo de script, rob\u00f4 ou tecnologia para monitorar o site Kiemmi<\/p>\n\n\n\n<p>d. Coletar e-mails ou outras informa\u00e7\u00f5es por meio do servi\u00e7o Kiemmi<\/p>\n\n\n\n<p>e. Personificar outra pessoa ou entidade, ou falsificar quaisquer dos seus dados<\/p>\n\n\n\n<p>f. Navegue ou compre no site da Kiemmi se voc\u00ea n\u00e3o for maior de idade.<\/p>\n\n\n\n<h4 class=\"wp-block-heading\" id=\"4-2-privacidad-y-proteccion-de-datos\">4.2 Privacidade e prote\u00e7\u00e3o de dados<\/h4>\n\n\n\n<p>Na Kiemmi, nos preocupamos especialmente com a seguran\u00e7a e a confidencialidade dos dados fornecidos por nossos clientes. Temos o compromisso de oferecer a voc\u00ea o melhor servi\u00e7o e a melhor experi\u00eancia online. Voc\u00ea pode saber mais sobre seus direitos e como exerc\u00ea-los na p\u00e1gina de privacidade.&nbsp;<a href=\"https:\/\/kiemmi.com\/politica-de-privacidad\/\">Privacidade<\/a>.<\/p>\n\n\n\n<h4 class=\"wp-block-heading\" id=\"4-3-condiciones-de-compra\">4.3 Condi\u00e7\u00f5es de compra<\/h4>\n\n\n\n<h5 class=\"wp-block-heading\" id=\"4-3-1-sistema-de-venta\">4.3.1 Sistema de vendas<\/h5>\n\n\n\n<p>Para efetuar uma compra, voc\u00ea deve nos enviar seu pedido online atrav\u00e9s do processo de checkout disponibilizado para esse fim. Voc\u00ea pode entrar em contato conosco por&nbsp;<a href=\"mailto:info@kiemmi.com\">e-mail<\/a>&nbsp;se precisar de ajuda.<\/p>\n\n\n\n<h5 class=\"wp-block-heading\" id=\"4-3-2-impuestos-aplicables\">4.3.2 Impostos aplic\u00e1veis<\/h5>\n\n\n\n<p>Voc\u00ea encontrar\u00e1 os pre\u00e7os detalhados dos produtos exibidos em nossos sites durante o processo de compra. Mostraremos os valores incluindo IVA, bem como o custo do frete, antes de aceitarmos sua compra.<\/p>\n\n\n\n<p>O IVA pode variar dependendo da sua resid\u00eancia, do tipo de produto e da sua origem. Se tiver d\u00favidas sobre uma isen\u00e7\u00e3o espec\u00edfica de IVA, entre em contato conosco diretamente por e-mail em&nbsp;<a href=\"mailto:info@kiemmi.com\">info@kiemmi.com<\/a>.<\/p>\n\n\n\n<p>Taxas de importa\u00e7\u00e3o, custos de transfer\u00eancia banc\u00e1ria, taxas de desembara\u00e7o aduaneiro ou impostos retidos na fonte, ou aqueles relacionados \u00e0 entrega em territ\u00f3rios especiais (consulte a se\u00e7\u00e3o 4.3.4) ou pa\u00edses localizados fora da Uni\u00e3o Europeia, s\u00e3o de sua responsabilidade como cliente e n\u00e3o est\u00e3o inclu\u00eddos nos pre\u00e7os que indicamos no site.<\/p>\n\n\n\n<h5 class=\"wp-block-heading\" id=\"4-3-3-forma-de-pago\">4.3.3 M\u00e9todo de pagamento<\/h5>\n\n\n\n<p>Ao efetuar seu pedido, voc\u00ea dever\u00e1 pagar utilizando qualquer um dos m\u00e9todos de pagamento que aceitamos em nosso site. Somente ent\u00e3o iniciaremos o processamento do seu pedido. Em certos casos, e para evitar poss\u00edveis fraudes, a Kiemmi reserva-se o direito de solicitar aos nossos clientes que utilizem um m\u00e9todo de pagamento espec\u00edfico ou exigir documenta\u00e7\u00e3o adicional.<\/p>\n\n\n\n<h5 class=\"wp-block-heading\" id=\"4-3-4-forma-gastos-y-plazos-de-envio\">4.3.4 M\u00e9todo de envio, custos e prazos<\/h5>\n\n\n\n<p>Enviamos pedidos para nossos clientes na Europa e no resto do mundo por meio de diversas transportadoras. Calculamos automaticamente o pre\u00e7o de cada remessa quando voc\u00ea solicita um or\u00e7amento ou faz um pedido.<\/p>\n\n\n\n<p>Existem certos territ\u00f3rios que, mesmo pertencendo a um pa\u00eds espec\u00edfico, podem incorrer em custos adicionais porque as transportadoras geralmente os tratam como excepcionais. Por exemplo, Ceuta, Melilla, Guadalupe, Martinica, Ilhas Can\u00e1rias, etc.<\/p>\n\n\n\n<p>Os prazos de produ\u00e7\u00e3o est\u00e3o dispon\u00edveis em nosso site. \u00c9 poss\u00edvel que um pedido sofra atrasos na produ\u00e7\u00e3o devido \u00e0 falta de produtos, confirma\u00e7\u00e3o tardia da sua parte, design incorreto, etc. De qualquer forma, na Kiemmi, estamos cientes de que devemos entregar os produtos no endere\u00e7o de entrega fornecido por voc\u00ea como cliente no menor prazo poss\u00edvel, de acordo com os prazos de produ\u00e7\u00e3o e envio, e sempre dentro de trinta (30) dias corridos a partir da data de confirma\u00e7\u00e3o do pedido. Caso haja algum atraso, entraremos em contato e informaremos sobre quaisquer poss\u00edveis altera\u00e7\u00f5es.<\/p>\n\n\n\n<p>Os prazos de entrega podem ser afetados por incidentes extraordin\u00e1rios no transporte (por exemplo, greves, condi\u00e7\u00f5es clim\u00e1ticas, situa\u00e7\u00f5es pol\u00edticas excepcionais, etc.) ou pela alf\u00e2ndega, controles no pa\u00eds de destino ou dificuldades na entrega das mercadorias. A Kiemmi n\u00e3o se responsabiliza por atrasos causados pela transportadora ou por quaisquer procedimentos de controle aduaneiro. No entanto, nos comprometemos a substituir qualquer pedido danificado ou perdido durante o transporte dentro de um prazo razo\u00e1vel.<\/p>\n\n\n\n<h3 class=\"wp-block-heading\" id=\"5-garantias-cambios-cancelaciones-y-devoluciones\">5. Garantias, altera\u00e7\u00f5es, cancelamentos e devolu\u00e7\u00f5es<\/h3>\n\n\n\n<p>Como usu\u00e1rio, voc\u00ea pode alterar ou adicionar um novo design, alterar seu endere\u00e7o de entrega e\/ou cobran\u00e7a ou cancelar o pedido, desde que ele n\u00e3o tenha efetivamente entrado em processo de produ\u00e7\u00e3o.<\/p>\n\n\n\n<p>Para isso, voc\u00ea deve enviar um e-mail para&nbsp;<a href=\"mailto:info@kiemmi.com\">info@kiemmi.com<\/a>, anexando o n\u00famero de refer\u00eancia do seu pedido. Ap\u00f3s analisar o status do seu pedido, informaremos se a troca ou o cancelamento s\u00e3o adequados.<\/p>\n\n\n\n<p>Como usu\u00e1rio e cliente, voc\u00ea ter\u00e1 quatorze (14) dias corridos para desistir da compra e devolver o(s) produto(s), a partir do momento do recebimento do pedido, desde que n\u00e3o se trate de um produto personalizado, ou seja, modificado para nossos clientes de acordo com suas instru\u00e7\u00f5es. Para produtos personalizados, n\u00e3o aceitamos trocas ou devolu\u00e7\u00f5es.<\/p>\n\n\n\n<p>Produtos personalizados podem apresentar pequenas altera\u00e7\u00f5es de cor, peso, textura, materiais, tamanho ou design, desde que sempre atendam \u00e0 finalidade e \u00e0 ideia inicial apresentadas em nossos sites. Voc\u00ea deve tratar os produtos Kiemmi com o m\u00e1ximo cuidado. Voc\u00ea n\u00e3o deve t\u00ea-los utilizado ou submetido a condi\u00e7\u00f5es inadequadas ou prejudiciais, ou a manipula\u00e7\u00f5es que possam afetar negativamente sua condi\u00e7\u00e3o. \u00c9 sua responsabilidade armazen\u00e1-los adequadamente at\u00e9 que os inspecionemos na Kiemmi, caso deseje devolv\u00ea-los ou fazer uma reclama\u00e7\u00e3o.<\/p>\n\n\n\n<p>Os custos de envio da devolu\u00e7\u00e3o s\u00e3o de responsabilidade do cliente. Para isso, envie um e-mail para&nbsp;<a href=\"mailto:info@kiemmi.co\">info@kiemmi.com<\/a>&nbsp;solicitando um reembolso para seu pedido.<\/p>\n\n\n\n<p>Ap\u00f3s a devolu\u00e7\u00e3o do material e a verifica\u00e7\u00e3o de sua condi\u00e7\u00e3o incorreta, reembolsaremos o valor do produto pago, al\u00e9m dos custos iniciais de envio, utilizando o m\u00e9todo mais b\u00e1sico (Envio Padr\u00e3o). Se a devolu\u00e7\u00e3o for devido a um erro nosso, a Kiemmi arcar\u00e1 com os custos de envio da devolu\u00e7\u00e3o. Caso contr\u00e1rio, voc\u00ea ser\u00e1 respons\u00e1vel pelos custos de envio da devolu\u00e7\u00e3o.<\/p>\n\n\n\n<p>Efetuaremos o reembolso do valor do reembolso no prazo de quatorze (14) dias contados a partir do recebimento efetivo do produto objeto da devolu\u00e7\u00e3o, utilizando o mesmo meio de pagamento utilizado na compra.<\/p>\n\n\n\n<h3 class=\"wp-block-heading\" id=\"6-propiedad-intelectual\">6. Propriedade Intelectual<\/h3>\n\n\n\n<p>Reservamo-nos todos os direitos de propriedade intelectual e industrial inclu\u00eddos no site da Kiemmi, incluindo, entre outros, textos, imagens, design gr\u00e1fico, marcas registradas, estrutura de navega\u00e7\u00e3o, informa\u00e7\u00f5es e conte\u00fado. Exercemos exclusivamente os direitos de explora\u00e7\u00e3o desses direitos em qualquer forma, e em particular, os direitos de reprodu\u00e7\u00e3o, distribui\u00e7\u00e3o, comunica\u00e7\u00e3o p\u00fablica e transforma\u00e7\u00e3o, em conformidade com a legisla\u00e7\u00e3o espanhola de direitos de propriedade intelectual e industrial.<\/p>\n\n\n\n<p>Se, como usu\u00e1rio, voc\u00ea personalizar um produto do site da Kiemmi com uma imagem que voc\u00ea enviou e que n\u00e3o faz parte do cat\u00e1logo de imagens da Kiemmi, voc\u00ea deve garantir que possui todos os direitos de propriedade intelectual e industrial, bem como quaisquer direitos de imagem ou privacidade pertencentes a pessoas f\u00edsicas ou jur\u00eddicas que possam existir, necess\u00e1rios para a explora\u00e7\u00e3o da imagem na forma ou maneira que voc\u00ea desejar. Por sua vez, como usu\u00e1rio, voc\u00ea nos concede uma licen\u00e7a limitada para reproduzir, comunicar, distribuir e transformar a imagem que voc\u00ea enviou no(s) produto(s) personalizado(s) que voc\u00ea encomendou. Assim que o produto for produzido e enviado para o seu endere\u00e7o de entrega, esta licen\u00e7a ser\u00e1 rescindida.<\/p>\n\n\n\n<p>Voc\u00ea isenta a Kiemmi de qualquer responsabilidade por reivindica\u00e7\u00f5es de terceiros decorrentes do uso ilegal ou criminoso de imagens sujeitas a direitos de propriedade intelectual ou industrial, ou de direitos de imagem ou privacidade de indiv\u00edduos, em produtos personalizados por meio de nossos sites.<\/p>\n\n\n\n<h3 class=\"wp-block-heading\" id=\"7-quejas-y-reclamaciones\">7. Reclama\u00e7\u00f5es e Reclama\u00e7\u00f5es<\/h3>\n\n\n\n<p>Como cliente, voc\u00ea sempre pode entrar em contato&nbsp;<a href=\"mailto:info@kiemmi.com\">info@kiemmi.com<\/a>&nbsp;Para transmitir qualquer reclama\u00e7\u00e3o, sugest\u00e3o ou reivindica\u00e7\u00e3o decorrente da presta\u00e7\u00e3o dos nossos servi\u00e7os. Para facilitar o processamento, pedimos que nos forne\u00e7a sempre a fatura ou o n\u00famero do pedido. Comprometemo-nos a responder \u00e0s solicita\u00e7\u00f5es no prazo de sete (7) dias \u00fateis a partir da data em que forem devidamente recebidas por n\u00f3s. Caso a reclama\u00e7\u00e3o seja referente a um material que n\u00e3o seja da Kiemmi, poder\u00e1 ser necess\u00e1rio estender esse prazo para que possamos entrar em contato com o fabricante.<\/p>\n\n\n\n<p>N\u00e3o ser\u00e1 poss\u00edvel apresentar reclama\u00e7\u00f5es ou reclama\u00e7\u00f5es sobre encomendas ap\u00f3s decorridos sete (7) dias da sua efetiva entrega.<\/p>\n\n\n\n<h3 class=\"wp-block-heading\" id=\"8-derechos-de-camaloon\">8. Direitos Kiemmi<\/h3>\n\n\n\n<h4 class=\"wp-block-heading\" id=\"8-1-monitorizacion\">8.1 Monitoramento<\/h4>\n\n\n\n<p>Na Kiemmi, reservamo-nos o direito (mas n\u00e3o assumimos nenhuma obriga\u00e7\u00e3o) de monitorar todas as transa\u00e7\u00f5es e comunica\u00e7\u00f5es que ocorrem em nosso site. Se determinarmos, a nosso exclusivo crit\u00e9rio, que um usu\u00e1rio ou cliente est\u00e1 violando ou pode violar qualquer condi\u00e7\u00e3o destas Condi\u00e7\u00f5es Gerais de Uso e Venda, ou que tal transa\u00e7\u00e3o ou comunica\u00e7\u00e3o \u00e9 inadequada, poderemos cancelar ou restringir o acesso desse usu\u00e1rio, sem qualquer outro recurso.<\/p>\n\n\n\n<h4 class=\"wp-block-heading\" id=\"8-2-modificacion-del-servicio\">8.2 Modifica\u00e7\u00e3o do servi\u00e7o<\/h4>\n\n\n\n<p>Na Kiemmi, reservamo-nos o direito de modificar o layout, a organiza\u00e7\u00e3o e a apar\u00eancia do nosso site e dos servi\u00e7os que oferecemos, e podemos alterar ou descontinuar qualquer aspecto dos nossos servi\u00e7os e\/ou pre\u00e7os sem aviso pr\u00e9vio ou qualquer direito de recurso.<\/p>\n\n\n\n<h4 class=\"wp-block-heading\" id=\"8-3-cancelacion-del-contrato\">8.3 Rescis\u00e3o do contrato<\/h4>\n\n\n\n<p>Na Kiemmi, a nosso exclusivo crit\u00e9rio e com ou sem aviso pr\u00e9vio, podemos:<\/p>\n\n\n\n<ul class=\"wp-block-list\"><li>Suspender ou limitar o uso do Kiemmi a um usu\u00e1rio espec\u00edfico, bem como fechar completamente uma conta ou cancelar o acesso aos nossos sites.<\/li><li>Bloquear ou cancelar a produ\u00e7\u00e3o de qualquer pedido que inclua imagens que constituam crime, que violem direitos de terceiros, que sejam ofensivas, de mau gosto, que incluam conte\u00fado violento, abusivo, radicalmente pol\u00edtico, sect\u00e1rio ou contr\u00e1rio a mensagens b\u00e1sicas de direitos humanos.<\/li><li>Bloquear ou cancelar a produ\u00e7\u00e3o de qualquer pedido que, ap\u00f3s an\u00e1lise, apresente erros nos projetos, pre\u00e7os, ou que n\u00e3o possa oferecer garantia suficiente do resultado final, etc.<\/li><li>Denunciar \u00e0s autoridades competentes qualquer abuso ou fraude que tenha ocorrido em nossos sites<\/li><li>Remover qualquer conte\u00fado que considerarmos apropriado dos servidores e diret\u00f3rios do Kiemmi ou qualquer conte\u00fado que tenha sido proposto por um usu\u00e1rio<\/li><li>Interrompa a venda de qualquer produto espec\u00edfico ou em qualquer moeda diferente do euro (\u20ac).<\/li><li>Interromper o servi\u00e7o a nosso crit\u00e9rio ou oferec\u00ea-lo de forma limitada.<\/li><\/ul>\n\n\n\n<h3 class=\"wp-block-heading\" id=\"9-politica-de-enlaces\">9. Pol\u00edtica de Links<\/h3>\n\n\n\n<p>Na Kiemmi, n\u00e3o nos responsabilizamos por quaisquer sites ou arquivos que possam ser acessados por meio de links de hipertexto (&quot;links&quot;) dispon\u00edveis em nosso conte\u00fado. A responsabilidade \u00e9 dos respectivos propriet\u00e1rios. Portanto, n\u00e3o aprovamos nem endossamos os produtos, servi\u00e7os, conte\u00fados, informa\u00e7\u00f5es, dados, arquivos ou qualquer outro tipo de material encontrado em tais sites ou arquivos, e n\u00e3o controlamos, nem somos respons\u00e1veis, pela qualidade, ilegalidade, confiabilidade ou utilidade das informa\u00e7\u00f5es, conte\u00fados e servi\u00e7os encontrados em sites vinculados fora de nossas p\u00e1ginas.<\/p>\n\n\n\n<p>Caso se considere oportuno ou caso um \u00f3rg\u00e3o competente declare a ilicitude dos dados, ordenando a sua elimina\u00e7\u00e3o ou impossibilitando o acesso aos mesmos, ou caso se tenha declarado a exist\u00eancia de uma viola\u00e7\u00e3o, e nos tenha sido expressamente notificada a resolu\u00e7\u00e3o correspondente, removeremos imediatamente os links indicados.<\/p>\n\n\n\n<h3 class=\"wp-block-heading\" id=\"10-limitacion-de-responsabilidad\">10. Limita\u00e7\u00e3o de responsabilidade<\/h3>\n\n\n\n<p>Isentamo-nos de qualquer responsabilidade por danos de qualquer natureza que possam advir da indisponibilidade ou da continuidade da opera\u00e7\u00e3o dos nossos sites. Tamb\u00e9m nos isentamos de qualquer responsabilidade decorrente do uso indevido ou impr\u00f3prio dos nossos produtos.<\/p>\n\n\n\n<h3 class=\"wp-block-heading\" id=\"11-cambios-en-las-presentes-condiciones-generales-de-uso-y-venta\">11. Altera\u00e7\u00f5es a estas Condi\u00e7\u00f5es Gerais de Utiliza\u00e7\u00e3o e Venda<\/h3>\n\n\n\n<p>Reservamo-nos o direito de modificar qualquer aspecto destas Condi\u00e7\u00f5es Gerais de Uso e Venda, incluindo nossos pre\u00e7os, designs aceitos ou conte\u00fado question\u00e1vel.<\/p>\n\n\n\n<h3 class=\"wp-block-heading\" id=\"12-legislacion-aplicable-y-jurisdiccion-competente\">12. Legisla\u00e7\u00e3o aplic\u00e1vel e jurisdi\u00e7\u00e3o competente<\/h3>\n\n\n\n<p>As presentes Condi\u00e7\u00f5es Gerais de Utiliza\u00e7\u00e3o e Venda s\u00e3o regidas pela legisla\u00e7\u00e3o espanhola.<\/p>\n\n\n\n<p>Caso um indiv\u00edduo adquira produtos, as partes concordam em se submeter ao processo de arbitragem de consumo estabelecido em lei para resolu\u00e7\u00e3o de quaisquer lit\u00edgios, renunciando a qualquer outra jurisdi\u00e7\u00e3o que lhes possa ser aplic\u00e1vel.<\/p>\n\n\n\n<p>Caso uma empresa adquira produtos, as partes concordam em se submeter aos tribunais com jurisdi\u00e7\u00e3o em Nules para resolu\u00e7\u00e3o de quaisquer potenciais disputas, renunciando a qualquer outra jurisdi\u00e7\u00e3o que possa ser aplic\u00e1vel.<\/p>","protected":false},"excerpt":{"rendered":"<p>1. Datos identificativos de KIEMMI El prestador del servicio del sitio web es Emmanuel Kielichowski (en adelante, &#8220;Kiemmi&#8221;), con VAT intracomunitario ESX2878559V y con domicilio social en Calle Claveles 4, 12600 Vall de Ux\u00f3 (Castell\u00f3n), Spain. 2. Descripci\u00f3n del servicio En Kiemmi proporcionamos una serie de servicios a trav\u00e9s de Internet a nuestros usuarios y [&hellip;]<\/p>\n","protected":false},"author":1,"featured_media":0,"parent":0,"menu_order":0,"comment_status":"closed","ping_status":"closed","template":"","meta":{"_seopress_robots_primary_cat":"0","_seopress_titles_title":"","_seopress_titles_desc":"","_seopress_robots_index":"","site-sidebar-layout":"default","site-content-layout":"","ast-site-content-layout":"default","site-content-style":"default","site-sidebar-style":"default","ast-global-header-display":"","ast-banner-title-visibility":"","ast-main-header-display":"","ast-hfb-above-header-display":"","ast-hfb-below-header-display":"","ast-hfb-mobile-header-display":"","site-post-title":"","ast-breadcrumbs-content":"","ast-featured-img":"","footer-sml-layout":"","ast-disable-related-posts":"","theme-transparent-header-meta":"","adv-header-id-meta":"","stick-header-meta":"","header-above-stick-meta":"","header-main-stick-meta":"","header-below-stick-meta":"","astra-migrate-meta-layouts":"default","ast-page-background-enabled":"default","ast-page-background-meta":{"desktop":{"background-color":"","background-image":"","background-repeat":"repeat","background-position":"center center","background-size":"auto","background-attachment":"scroll","background-type":"","background-media":"","overlay-type":"","overlay-color":"","overlay-opacity":"","overlay-gradient":""},"tablet":{"background-color":"","background-image":"","background-repeat":"repeat","background-position":"center center","background-size":"auto","background-attachment":"scroll","background-type":"","background-media":"","overlay-type":"","overlay-color":"","overlay-opacity":"","overlay-gradient":""},"mobile":{"background-color":"","background-image":"","background-repeat":"repeat","background-position":"center center","background-size":"auto","background-attachment":"scroll","background-type":"","background-media":"","overlay-type":"","overlay-color":"","overlay-opacity":"","overlay-gradient":""}},"ast-content-background-meta":{"desktop":{"background-color":"var(--ast-global-color-5)","background-image":"","background-repeat":"repeat","background-position":"center center","background-size":"auto","background-attachment":"scroll","background-type":"","background-media":"","overlay-type":"","overlay-color":"","overlay-opacity":"","overlay-gradient":""},"tablet":{"background-color":"var(--ast-global-color-5)","background-image":"","background-repeat":"repeat","background-position":"center center","background-size":"auto","background-attachment":"scroll","background-type":"","background-media":"","overlay-type":"","overlay-color":"","overlay-opacity":"","overlay-gradient":""},"mobile":{"background-color":"var(--ast-global-color-5)","background-image":"","background-repeat":"repeat","background-position":"center center","background-size":"auto","background-attachment":"scroll","background-type":"","background-media":"","overlay-type":"","overlay-color":"","overlay-opacity":"","overlay-gradient":""}},"footnotes":""},"class_list":["post-2743","page","type-page","status-publish","hentry"],"_links":{"self":[{"href":"https:\/\/kiemmi.com\/pt\/wp-json\/wp\/v2\/pages\/2743","targetHints":{"allow":["GET"]}}],"collection":[{"href":"https:\/\/kiemmi.com\/pt\/wp-json\/wp\/v2\/pages"}],"about":[{"href":"https:\/\/kiemmi.com\/pt\/wp-json\/wp\/v2\/types\/page"}],"author":[{"embeddable":true,"href":"https:\/\/kiemmi.com\/pt\/wp-json\/wp\/v2\/users\/1"}],"replies":[{"embeddable":true,"href":"https:\/\/kiemmi.com\/pt\/wp-json\/wp\/v2\/comments?post=2743"}],"version-history":[{"count":0,"href":"https:\/\/kiemmi.com\/pt\/wp-json\/wp\/v2\/pages\/2743\/revisions"}],"wp:attachment":[{"href":"https:\/\/kiemmi.com\/pt\/wp-json\/wp\/v2\/media?parent=2743"}],"curies":[{"name":"wp","href":"https:\/\/api.w.org\/{rel}","templated":true}]}}