{"id":2226,"date":"2020-07-25T11:07:48","date_gmt":"2020-07-25T11:07:48","guid":{"rendered":"https:\/\/www.tks3d.com\/?page_id=2226"},"modified":"2022-01-22T17:54:20","modified_gmt":"2022-01-22T17:54:20","slug":"politica-de-cookies","status":"publish","type":"page","link":"https:\/\/kiemmi.com\/pt\/politica-de-cookies\/","title":{"rendered":"Pol\u00edtica de Cookies"},"content":{"rendered":"<p>Em cumprimento do disposto no artigo 22.2 da Lei 34\/2002, de 11 de julho, de Servi\u00e7os da Sociedade da Informa\u00e7\u00e3o e Com\u00e9rcio Eletr\u00f4nico, este site informa, nesta se\u00e7\u00e3o, sobre a&nbsp;<strong>pol\u00edtica de coleta e processamento de cookies<\/strong>.<\/p>\n\n\n\n<h4 class=\"wp-block-heading\">O que s\u00e3o cookies?<\/h4>\n\n\n\n<p>Um cookie \u00e9 um arquivo baixado para o seu computador quando voc\u00ea acessa determinados sites. Os cookies permitem que um site, entre outras coisas, armazene e recupere informa\u00e7\u00f5es sobre os h\u00e1bitos de navega\u00e7\u00e3o de um usu\u00e1rio ou seu dispositivo. Dependendo das informa\u00e7\u00f5es que cont\u00eam e de como o usu\u00e1rio utiliza seu dispositivo, eles podem ser usados para reconhec\u00ea-lo.<\/p>\n\n\n\n<h4 class=\"wp-block-heading\">Tipos de Cookies e sua finalidade<\/h4>\n\n\n\n<p>Ao navegar neste site, s\u00e3o utilizados cookies de sess\u00e3o, cookies persistentes, cookies de an\u00e1lise e cookies de personaliza\u00e7\u00e3o:<\/p>\n\n\n\n<p><strong>Cookies de sess\u00e3o:<\/strong>&nbsp;S\u00e3o cookies projetados para coletar e armazenar dados enquanto o usu\u00e1rio acessa um site. Normalmente, s\u00e3o usados para armazenar informa\u00e7\u00f5es necess\u00e1rias apenas para fornecer o servi\u00e7o solicitado pelo usu\u00e1rio em uma \u00fanica ocasi\u00e3o.<\/p>\n\n\n\n<p><strong>Cookies persistentes:<\/strong>&nbsp;S\u00e3o um tipo de cookie em que os dados permanecem armazenados no terminal e podem ser acessados e processados por um per\u00edodo definido pelo respons\u00e1vel pelo cookie, que pode variar de alguns minutos a v\u00e1rios anos.<\/p>\n\n\n\n<p><strong>Cookies anal\u00edticos<\/strong>Esses cookies, sejam eles processados por n\u00f3s ou por terceiros, permitem-nos quantificar o n\u00famero de usu\u00e1rios e, assim, realizar medi\u00e7\u00f5es e an\u00e1lises estat\u00edsticas sobre como os usu\u00e1rios utilizam o servi\u00e7o oferecido. Para isso, analisamos seus h\u00e1bitos de navega\u00e7\u00e3o em nosso site para aprimorar os produtos e servi\u00e7os que oferecemos.<\/p>\n\n\n\n<p><strong>Cookies de personaliza\u00e7\u00e3o<\/strong>: S\u00e3o aqueles que permitem ao usu\u00e1rio acessar o servi\u00e7o com algumas caracter\u00edsticas gerais predefinidas em fun\u00e7\u00e3o de uma s\u00e9rie de crit\u00e9rios no terminal do usu\u00e1rio, como o idioma ou o tipo de navegador atrav\u00e9s do qual se conecta ao servi\u00e7o.<\/p>\n\n\n\n<h4 class=\"wp-block-heading\">Atualiza\u00e7\u00f5es e altera\u00e7\u00f5es na Pol\u00edtica de Cookies<\/h4>\n\n\n\n<p>A KIEMMI poder\u00e1 modificar esta Pol\u00edtica de Cookies em fun\u00e7\u00e3o de novas exig\u00eancias legislativas ou regulamentares, ou com a finalidade de adaptar a referida pol\u00edtica \u00e0s instru\u00e7\u00f5es emitidas pela Ag\u00eancia Espanhola de Prote\u00e7\u00e3o de Dados.<\/p>\n\n\n\n<p>Se desejar mais informa\u00e7\u00f5es sobre como usamos cookies, envie um e-mail para info@tekniservice.com<\/p>","protected":false},"excerpt":{"rendered":"<p>En cumplimiento con lo dispuesto en el art\u00edculo 22.2 de la Ley 34\/2002, de 11 de julio, de Servicios de la Sociedad de la Informaci\u00f3n y de Comercio Electr\u00f3nico, esta p\u00e1gina web le informa, en esta secci\u00f3n, sobre la&nbsp;pol\u00edtica de recogida y tratamiento de cookies. \u00bfQu\u00e9 son las cookies? Una cookie es un fichero que [&hellip;]<\/p>\n","protected":false},"author":1,"featured_media":0,"parent":0,"menu_order":0,"comment_status":"closed","ping_status":"closed","template":"","meta":{"_seopress_robots_primary_cat":"0","_seopress_titles_title":"","_seopress_titles_desc":"","_seopress_robots_index":"","site-sidebar-layout":"default","site-content-layout":"","ast-site-content-layout":"default","site-content-style":"default","site-sidebar-style":"default","ast-global-header-display":"","ast-banner-title-visibility":"","ast-main-header-display":"","ast-hfb-above-header-display":"","ast-hfb-below-header-display":"","ast-hfb-mobile-header-display":"","site-post-title":"","ast-breadcrumbs-content":"","ast-featured-img":"","footer-sml-layout":"","ast-disable-related-posts":"","theme-transparent-header-meta":"","adv-header-id-meta":"","stick-header-meta":"","header-above-stick-meta":"","header-main-stick-meta":"","header-below-stick-meta":"","astra-migrate-meta-layouts":"default","ast-page-background-enabled":"default","ast-page-background-meta":{"desktop":{"background-color":"","background-image":"","background-repeat":"repeat","background-position":"center center","background-size":"auto","background-attachment":"scroll","background-type":"","background-media":"","overlay-type":"","overlay-color":"","overlay-opacity":"","overlay-gradient":""},"tablet":{"background-color":"","background-image":"","background-repeat":"repeat","background-position":"center center","background-size":"auto","background-attachment":"scroll","background-type":"","background-media":"","overlay-type":"","overlay-color":"","overlay-opacity":"","overlay-gradient":""},"mobile":{"background-color":"","background-image":"","background-repeat":"repeat","background-position":"center center","background-size":"auto","background-attachment":"scroll","background-type":"","background-media":"","overlay-type":"","overlay-color":"","overlay-opacity":"","overlay-gradient":""}},"ast-content-background-meta":{"desktop":{"background-color":"var(--ast-global-color-5)","background-image":"","background-repeat":"repeat","background-position":"center center","background-size":"auto","background-attachment":"scroll","background-type":"","background-media":"","overlay-type":"","overlay-color":"","overlay-opacity":"","overlay-gradient":""},"tablet":{"background-color":"var(--ast-global-color-5)","background-image":"","background-repeat":"repeat","background-position":"center center","background-size":"auto","background-attachment":"scroll","background-type":"","background-media":"","overlay-type":"","overlay-color":"","overlay-opacity":"","overlay-gradient":""},"mobile":{"background-color":"var(--ast-global-color-5)","background-image":"","background-repeat":"repeat","background-position":"center center","background-size":"auto","background-attachment":"scroll","background-type":"","background-media":"","overlay-type":"","overlay-color":"","overlay-opacity":"","overlay-gradient":""}},"footnotes":""},"class_list":["post-2226","page","type-page","status-publish","hentry"],"_links":{"self":[{"href":"https:\/\/kiemmi.com\/pt\/wp-json\/wp\/v2\/pages\/2226","targetHints":{"allow":["GET"]}}],"collection":[{"href":"https:\/\/kiemmi.com\/pt\/wp-json\/wp\/v2\/pages"}],"about":[{"href":"https:\/\/kiemmi.com\/pt\/wp-json\/wp\/v2\/types\/page"}],"author":[{"embeddable":true,"href":"https:\/\/kiemmi.com\/pt\/wp-json\/wp\/v2\/users\/1"}],"replies":[{"embeddable":true,"href":"https:\/\/kiemmi.com\/pt\/wp-json\/wp\/v2\/comments?post=2226"}],"version-history":[{"count":0,"href":"https:\/\/kiemmi.com\/pt\/wp-json\/wp\/v2\/pages\/2226\/revisions"}],"wp:attachment":[{"href":"https:\/\/kiemmi.com\/pt\/wp-json\/wp\/v2\/media?parent=2226"}],"curies":[{"name":"wp","href":"https:\/\/api.w.org\/{rel}","templated":true}]}}