{"id":8916,"date":"2024-10-10T21:07:55","date_gmt":"2024-10-10T21:07:55","guid":{"rendered":"https:\/\/kiemmi.com\/?post_type=product&#038;p=8916"},"modified":"2025-05-26T22:26:25","modified_gmt":"2025-05-26T22:26:25","slug":"konfigurowalny-uchwyt-na-dlugopis-i-olowek-3d-w-ksztalcie-kosci-psa","status":"publish","type":"product","link":"https:\/\/kiemmi.com\/pl\/shop\/mascotas\/porta-boligrafos-y-lapices-en-forma-de-hueso-de-perro-3d-personalizable\/","title":{"rendered":"Uchwyt na d\u0142ugopis i o\u0142\u00f3wek 3D w kszta\u0142cie ko\u015bci psa \u2013 konfigurowalny"},"content":{"rendered":"<p>Nadaj swojemu biurku oryginalny i spersonalizowany charakter dzi\u0119ki obsadce do pi\u00f3ra w kszta\u0142cie ko\u015bci psa, wykonanej w technologii druku 3D. Ten wyj\u0105tkowy dodatek jest nie tylko praktyczny, ale tak\u017ce dekoracyjny, idealny do biur, biur czy sklep\u00f3w. Dzi\u0119ki trzem przegr\u00f3dkom zorganizujesz d\u0142ugopisy, o\u0142\u00f3wki, wizyt\u00f3wki i inne drobne akcesoria. Dodatkowo mo\u017cesz spersonalizowa\u0107 oba kolory i doda\u0107 imi\u0119 lub specjalne zdanie, dzi\u0119ki czemu b\u0119dzie to idealny prezent dla mi\u0142o\u015bnik\u00f3w ps\u00f3w. Uczy\u0144 swoj\u0105 przestrze\u0144 bardziej zabawn\u0105 i funkcjonaln\u0105!<\/p>\n<p><strong>Wyr\u00f3\u017cnione funkcje:<\/strong><\/p>\n<ul>\n<li>\ud83d\udd8b\ufe0f <strong>Unikalny kszta\u0142t ko\u015bci psa<\/strong>: Nadaje biurku oryginalny i tematyczny akcent, idealny dla mi\u0142o\u015bnik\u00f3w ps\u00f3w.<\/li>\n<li>\ud83c\udfa8 <strong>Pe\u0142na personalizacja<\/strong>: Mo\u017cesz wybra\u0107 \u017c\u0105dany kolor i spersonalizowa\u0107 go swoim imieniem lub specjaln\u0105 fraz\u0105, aby uzyska\u0107 akcesorium ca\u0142kowicie dostosowane do Ciebie.<\/li>\n<li>\ud83d\udccf <strong>Por\u0119czny rozmiar<\/strong>: Wymiary 17,6 cm d\u0142ugo\u015bci, 9,6 cm szeroko\u015bci i 3,5 cm grubo\u015bci, idealnie nadaj\u0105 si\u0119 do ka\u017cdego biura lub sto\u0142u biurowego, nie zajmuj\u0105c du\u017co miejsca.<\/li>\n<li>\ud83d\udd8a\ufe0f <strong>Sprawna organizacja<\/strong>: Posiada 3 przegr\u00f3dki; dwie na d\u0142ugopisy, o\u0142\u00f3wki itp. oraz dodatkowa na wizyt\u00f3wki lub pendrive&#039;y.<\/li>\n<li>\ud83c\udf81 <strong>Idealny prezent<\/strong>: Wyj\u0105tkowy i osobisty prezent dla ka\u017cdego mi\u0142o\u015bnika ps\u00f3w lub jako oryginalny dodatek na biurko.<\/li>\n<li>\ud83c\udfe0 <strong>element dekoracyjny<\/strong>: To wi\u0119cej ni\u017c funkcjonalny dodatek, to tak\u017ce element dekoracyjny, kt\u00f3ry upi\u0119kszy ka\u017cde \u015brodowisko pracy lub nauki.<\/li>\n<\/ul>","protected":false},"excerpt":{"rendered":"<p>Ten uchwyt na d\u0142ugopis w kszta\u0142cie ko\u015bci psa jest idealny do dekoracji biurek i utrzymywania porz\u0105dku. Wykonany w druku 3D, mo\u017ce by\u0107 personalizowany kolorystycznie i z imionami lub specjalnymi frazami. Posiada trzy przegr\u00f3dki na d\u0142ugopisy, wizyt\u00f3wki czy pendrive&#039;y. Jego niewielkie rozmiary sprawiaj\u0105, \u017ce idealnie nadaje si\u0119 do ka\u017cdego biura lub biura. To idealny prezent dla mi\u0142o\u015bnik\u00f3w ps\u00f3w lub os\u00f3b poszukuj\u0105cych oryginalnego akcentu w swoim miejscu pracy.<\/p>","protected":false},"featured_media":8925,"template":"","meta":{"_seopress_robots_primary_cat":"87","_seopress_titles_title":"Portabol\u00edgrafos 3D en forma de hueso: \u00a1escribe con estilo!","_seopress_titles_desc":"Dale estilo a tu escritorio con este porta bol\u00edgrafos 3D con forma de hueso. Personalizable y perfecto para amantes de perros. \u00a1Organiza y decora!","_seopress_robots_index":"","_seopress_analysis_target_kw":"hueso,portabol\u00edgrafos 3d,porta l\u00e1pices 3d","site-sidebar-layout":"default","site-content-layout":"","ast-site-content-layout":"default","site-content-style":"default","site-sidebar-style":"default","ast-global-header-display":"","ast-banner-title-visibility":"","ast-main-header-display":"","ast-hfb-above-header-display":"","ast-hfb-below-header-display":"","ast-hfb-mobile-header-display":"","site-post-title":"","ast-breadcrumbs-content":"","ast-featured-img":"","footer-sml-layout":"","ast-disable-related-posts":"","theme-transparent-header-meta":"default","adv-header-id-meta":"","stick-header-meta":"default","header-above-stick-meta":"","header-main-stick-meta":"","header-below-stick-meta":"","astra-migrate-meta-layouts":"set","ast-page-background-enabled":"default","ast-page-background-meta":{"desktop":{"background-color":"","background-image":"","background-repeat":"repeat","background-position":"center center","background-size":"auto","background-attachment":"scroll","background-type":"","background-media":"","overlay-type":"","overlay-color":"","overlay-opacity":"","overlay-gradient":""},"tablet":{"background-color":"","background-image":"","background-repeat":"repeat","background-position":"center center","background-size":"auto","background-attachment":"scroll","background-type":"","background-media":"","overlay-type":"","overlay-color":"","overlay-opacity":"","overlay-gradient":""},"mobile":{"background-color":"","background-image":"","background-repeat":"repeat","background-position":"center center","background-size":"auto","background-attachment":"scroll","background-type":"","background-media":"","overlay-type":"","overlay-color":"","overlay-opacity":"","overlay-gradient":""}},"ast-content-background-meta":{"desktop":{"background-color":"var(--ast-global-color-5)","background-image":"","background-repeat":"repeat","background-position":"center center","background-size":"auto","background-attachment":"scroll","background-type":"","background-media":"","overlay-type":"","overlay-color":"","overlay-opacity":"","overlay-gradient":""},"tablet":{"background-color":"var(--ast-global-color-5)","background-image":"","background-repeat":"repeat","background-position":"center center","background-size":"auto","background-attachment":"scroll","background-type":"","background-media":"","overlay-type":"","overlay-color":"","overlay-opacity":"","overlay-gradient":""},"mobile":{"background-color":"var(--ast-global-color-5)","background-image":"","background-repeat":"repeat","background-position":"center center","background-size":"auto","background-attachment":"scroll","background-type":"","background-media":"","overlay-type":"","overlay-color":"","overlay-opacity":"","overlay-gradient":""}}},"product_brand":[],"product_cat":[51,87,49],"product_tag":[],"class_list":{"0":"post-8916","1":"product","2":"type-product","3":"status-publish","4":"has-post-thumbnail","6":"product_cat-decoracion-del-hogar","7":"product_cat-mascotas","8":"product_cat-regalos-originales","9":"desktop-align-center","10":"tablet-align-left","11":"mobile-align-center","12":"ast-product-gallery-layout-horizontal","13":"ast-magnify-disabled","14":"ast-product-tabs-layout-horizontal","15":"tm-has-options","17":"first","18":"instock","19":"taxable","20":"shipping-taxable","21":"purchasable","22":"product-type-simple"},"_links":{"self":[{"href":"https:\/\/kiemmi.com\/pl\/wp-json\/wp\/v2\/product\/8916","targetHints":{"allow":["GET"]}}],"collection":[{"href":"https:\/\/kiemmi.com\/pl\/wp-json\/wp\/v2\/product"}],"about":[{"href":"https:\/\/kiemmi.com\/pl\/wp-json\/wp\/v2\/types\/product"}],"version-history":[{"count":0,"href":"https:\/\/kiemmi.com\/pl\/wp-json\/wp\/v2\/product\/8916\/revisions"}],"wp:featuredmedia":[{"embeddable":true,"href":"https:\/\/kiemmi.com\/pl\/wp-json\/wp\/v2\/media\/8925"}],"wp:attachment":[{"href":"https:\/\/kiemmi.com\/pl\/wp-json\/wp\/v2\/media?parent=8916"}],"wp:term":[{"taxonomy":"product_brand","embeddable":true,"href":"https:\/\/kiemmi.com\/pl\/wp-json\/wp\/v2\/product_brand?post=8916"},{"taxonomy":"product_cat","embeddable":true,"href":"https:\/\/kiemmi.com\/pl\/wp-json\/wp\/v2\/product_cat?post=8916"},{"taxonomy":"product_tag","embeddable":true,"href":"https:\/\/kiemmi.com\/pl\/wp-json\/wp\/v2\/product_tag?post=8916"}],"curies":[{"name":"wp","href":"https:\/\/api.w.org\/{rel}","templated":true}]}}