{"id":8907,"date":"2024-10-10T17:42:33","date_gmt":"2024-10-10T17:42:33","guid":{"rendered":"https:\/\/kiemmi.com\/?post_type=product&#038;p=8907"},"modified":"2025-09-02T08:41:16","modified_gmt":"2025-09-02T08:41:16","slug":"konfigurowalna-skarbonka-3d-dla-chomika","status":"publish","type":"product","link":"https:\/\/kiemmi.com\/pl\/shop\/huchas\/hucha-hamster-3d-personalizable\/","title":{"rendered":"Konfigurowalna skarbonka 3D dla chomika"},"content":{"rendered":"<p>Odkryj nasz\u0105 urocz\u0105 skarbonk\u0119 w kszta\u0142cie chomika wydrukowan\u0105 na drukarce 3D, idealn\u0105 dla os\u00f3b poszukuj\u0105cych oryginalnego i praktycznego prezentu. Dzi\u0119ki uroczemu wzornictwu oraz mo\u017cliwo\u015bci personalizacji kolor\u00f3w i dodania imienia, ta skarbonka pasuje do ka\u017cdego stylu. Idealny dla wszystkich grup wiekowych, \u0142\u0105czy w sobie funkcjonalno\u015b\u0107 i kreatywno\u015b\u0107 w jednym produkcie.<\/p>\n<p><strong>Charakterystyka:<\/strong><\/p>\n<ul>\n<li>\ud83d\udc39 <strong>Pi\u0119kny projekt chomika<\/strong>: Skarbonka w kszta\u0142cie chomika, kt\u00f3ra dodaje zabawnego i uroczego akcentu do ka\u017cdej przestrzeni.<\/li>\n<li>\ud83c\udfa8 <strong style=\"font-family: -apple-system, BlinkMacSystemFont, 'Segoe UI', Roboto, 'Helvetica Neue', Arial, sans-serif, 'Apple Color Emoji', 'Segoe UI Emoji', 'Segoe UI Symbol'; font-size: 1rem;\">Dostosowanie kolor\u00f3w<\/strong><span style=\"font-family: -apple-system, BlinkMacSystemFont, 'Segoe UI', Roboto, 'Helvetica Neue', Arial, sans-serif, 'Apple Color Emoji', 'Segoe UI Emoji', 'Segoe UI Symbol'; font-size: 1rem;\">: Wybierz preferowane kolory, tak aby skarbonka odzwierciedla\u0142a Twoj\u0105 osobowo\u015b\u0107 lub osobowo\u015b\u0107 osoby, kt\u00f3ra j\u0105 otrzyma.<\/span><\/li>\n<li>\u270f\ufe0f <strong style=\"font-family: -apple-system, BlinkMacSystemFont, 'Segoe UI', Roboto, 'Helvetica Neue', Arial, sans-serif, 'Apple Color Emoji', 'Segoe UI Emoji', 'Segoe UI Symbol'; font-size: 1rem;\">Mo\u017cliwo\u015b\u0107 dostosowania nazwy<\/strong><span style=\"font-family: -apple-system, BlinkMacSystemFont, 'Segoe UI', Roboto, 'Helvetica Neue', Arial, sans-serif, 'Apple Color Emoji', 'Segoe UI Emoji', 'Segoe UI Symbol'; font-size: 1rem;\">: Dodaj nazw\u0119, kt\u00f3r\u0105 chcesz, aby skarbonka by\u0142a ca\u0142kowicie wyj\u0105tkowa i wyj\u0105tkowa.<\/span><\/li>\n<li>\u2699\ufe0f <strong style=\"font-family: -apple-system, BlinkMacSystemFont, 'Segoe UI', Roboto, 'Helvetica Neue', Arial, sans-serif, 'Apple Color Emoji', 'Segoe UI Emoji', 'Segoe UI Symbol'; font-size: 1rem;\">Interaktywny mechanizm dla dzieci<\/strong><span style=\"font-family: -apple-system, BlinkMacSystemFont, 'Segoe UI', Roboto, 'Helvetica Neue', Arial, sans-serif, 'Apple Color Emoji', 'Segoe UI Emoji', 'Segoe UI Symbol'; font-size: 1rem;\">: System przek\u0142adni w zamkni\u0119ciu zapewnia najm\u0142odszym \u015bwietn\u0105 zabaw\u0119, zamieniaj\u0105c oszcz\u0119dzanie w zabaw\u0119.<\/span><\/li>\n<li>\ud83c\udf81 <strong style=\"font-family: -apple-system, BlinkMacSystemFont, 'Segoe UI', Roboto, 'Helvetica Neue', Arial, sans-serif, 'Apple Color Emoji', 'Segoe UI Emoji', 'Segoe UI Symbol'; font-size: 1rem;\">Niezapomniany prezent<\/strong><span style=\"font-family: -apple-system, BlinkMacSystemFont, 'Segoe UI', Roboto, 'Helvetica Neue', Arial, sans-serif, 'Apple Color Emoji', 'Segoe UI Emoji', 'Segoe UI Symbol'; font-size: 1rem;\">: Jest idealny, aby zaskoczy\u0107 przyjaci\u00f3\u0142, rodzin\u0119 lub ka\u017cdego fana chomik\u00f3w, dzi\u0119ki ekskluzywnemu projektowi i opcjom dostosowywania.<\/span><\/li>\n<li>\ud83d\udccf <strong style=\"font-family: -apple-system, BlinkMacSystemFont, 'Segoe UI', Roboto, 'Helvetica Neue', Arial, sans-serif, 'Apple Color Emoji', 'Segoe UI Emoji', 'Segoe UI Symbol'; font-size: 1rem;\">Idealny rozmiar<\/strong><span style=\"font-family: -apple-system, BlinkMacSystemFont, 'Segoe UI', Roboto, 'Helvetica Neue', Arial, sans-serif, 'Apple Color Emoji', 'Segoe UI Emoji', 'Segoe UI Symbol'; font-size: 1rem;\">: Mierz\u0105cy 17,4 cm d\u0142ugo\u015bci, 9,4 cm szeroko\u015bci i 3,5 cm grubo\u015bci, jest na tyle kompaktowy, \u017ce zmie\u015bci si\u0119 w dowolnym miejscu, nie zajmuj\u0105c du\u017co miejsca.<\/span><\/li>\n<li>\ud83c\udfa8 <strong style=\"font-family: -apple-system, BlinkMacSystemFont, 'Segoe UI', Roboto, 'Helvetica Neue', Arial, sans-serif, 'Apple Color Emoji', 'Segoe UI Emoji', 'Segoe UI Symbol'; font-size: 1rem;\">Wysoka precyzja druku 3D<\/strong><span style=\"font-family: -apple-system, BlinkMacSystemFont, 'Segoe UI', Roboto, 'Helvetica Neue', Arial, sans-serif, 'Apple Color Emoji', 'Segoe UI Emoji', 'Segoe UI Symbol'; font-size: 1rem;\">: Wyprodukowano przy u\u017cyciu wysokiej jako\u015bci druku 3D, zapewniaj\u0105cego szczeg\u00f3\u0142owe i trwa\u0142e wyko\u0144czenie.<\/span><\/li>\n<\/ul>\n<p>Dzi\u0119ki tej skarbonce w kszta\u0142cie chomika b\u0119dziesz mie\u0107 nie tylko praktyczne miejsce do przechowywania oszcz\u0119dno\u015bci, ale tak\u017ce dekoracyjny i spersonalizowany dodatek, kt\u00f3ry wywo\u0142a u\u015bmiech na twarzy ka\u017cdego.<\/p>","protected":false},"excerpt":{"rendered":"<p>Ta skarbonka w kszta\u0142cie chomika to oryginalny i konfigurowalny prezent, idealny na ka\u017cd\u0105 okazj\u0119. Jego uroczy i zabawny design wyr\u00f3\u017cnia si\u0119 mo\u017cliwo\u015bci\u0105 wyboru kolor\u00f3w i dodania nazwy. Zamkni\u0119cie mechanizmu przek\u0142adniowego sprawia, \u017ce jest to interaktywne i zabawne, szczeg\u00f3lnie dla dzieci. Dzi\u0119ki kompaktowym i praktycznym rozmiarom mo\u017cna go \u0142atwo umie\u015bci\u0107 w dowolnym miejscu. Ponadto wysokiej jako\u015bci druk 3D zapewnia trwa\u0142o\u015b\u0107 i szczeg\u00f3\u0142owe wyko\u0144czenie.<\/p>","protected":false},"featured_media":8912,"template":"","meta":{"_seopress_robots_primary_cat":"88","_seopress_titles_title":"Hucha h\u00e1mster 3D personalizable: regalo \u00fanico","_seopress_titles_desc":"Descubre la hucha personalizable perfecta en dise\u00f1o de h\u00e1mster 3D, con colores y nombre \u00fanicos. Un regalo original y pr\u00e1ctico para todas las edades.","_seopress_robots_index":"","_seopress_analysis_target_kw":"hucha,3d,personalizable","site-sidebar-layout":"default","site-content-layout":"","ast-site-content-layout":"default","site-content-style":"default","site-sidebar-style":"default","ast-global-header-display":"","ast-banner-title-visibility":"","ast-main-header-display":"","ast-hfb-above-header-display":"","ast-hfb-below-header-display":"","ast-hfb-mobile-header-display":"","site-post-title":"","ast-breadcrumbs-content":"","ast-featured-img":"","footer-sml-layout":"","ast-disable-related-posts":"","theme-transparent-header-meta":"","adv-header-id-meta":"","stick-header-meta":"","header-above-stick-meta":"","header-main-stick-meta":"","header-below-stick-meta":"","astra-migrate-meta-layouts":"default","ast-page-background-enabled":"default","ast-page-background-meta":{"desktop":{"background-color":"","background-image":"","background-repeat":"repeat","background-position":"center center","background-size":"auto","background-attachment":"scroll","background-type":"","background-media":"","overlay-type":"","overlay-color":"","overlay-opacity":"","overlay-gradient":""},"tablet":{"background-color":"","background-image":"","background-repeat":"repeat","background-position":"center center","background-size":"auto","background-attachment":"scroll","background-type":"","background-media":"","overlay-type":"","overlay-color":"","overlay-opacity":"","overlay-gradient":""},"mobile":{"background-color":"","background-image":"","background-repeat":"repeat","background-position":"center center","background-size":"auto","background-attachment":"scroll","background-type":"","background-media":"","overlay-type":"","overlay-color":"","overlay-opacity":"","overlay-gradient":""}},"ast-content-background-meta":{"desktop":{"background-color":"var(--ast-global-color-5)","background-image":"","background-repeat":"repeat","background-position":"center center","background-size":"auto","background-attachment":"scroll","background-type":"","background-media":"","overlay-type":"","overlay-color":"","overlay-opacity":"","overlay-gradient":""},"tablet":{"background-color":"var(--ast-global-color-5)","background-image":"","background-repeat":"repeat","background-position":"center center","background-size":"auto","background-attachment":"scroll","background-type":"","background-media":"","overlay-type":"","overlay-color":"","overlay-opacity":"","overlay-gradient":""},"mobile":{"background-color":"var(--ast-global-color-5)","background-image":"","background-repeat":"repeat","background-position":"center center","background-size":"auto","background-attachment":"scroll","background-type":"","background-media":"","overlay-type":"","overlay-color":"","overlay-opacity":"","overlay-gradient":""}}},"product_brand":[],"product_cat":[88,87,49],"product_tag":[],"class_list":{"0":"post-8907","1":"product","2":"type-product","3":"status-publish","4":"has-post-thumbnail","6":"product_cat-huchas","7":"product_cat-mascotas","8":"product_cat-regalos-originales","9":"desktop-align-center","10":"tablet-align-left","11":"mobile-align-center","12":"ast-product-gallery-layout-horizontal","13":"ast-magnify-disabled","14":"ast-product-tabs-layout-horizontal","15":"tm-has-options","17":"first","18":"instock","19":"taxable","20":"shipping-taxable","21":"purchasable","22":"product-type-simple"},"_links":{"self":[{"href":"https:\/\/kiemmi.com\/pl\/wp-json\/wp\/v2\/product\/8907","targetHints":{"allow":["GET"]}}],"collection":[{"href":"https:\/\/kiemmi.com\/pl\/wp-json\/wp\/v2\/product"}],"about":[{"href":"https:\/\/kiemmi.com\/pl\/wp-json\/wp\/v2\/types\/product"}],"version-history":[{"count":0,"href":"https:\/\/kiemmi.com\/pl\/wp-json\/wp\/v2\/product\/8907\/revisions"}],"wp:featuredmedia":[{"embeddable":true,"href":"https:\/\/kiemmi.com\/pl\/wp-json\/wp\/v2\/media\/8912"}],"wp:attachment":[{"href":"https:\/\/kiemmi.com\/pl\/wp-json\/wp\/v2\/media?parent=8907"}],"wp:term":[{"taxonomy":"product_brand","embeddable":true,"href":"https:\/\/kiemmi.com\/pl\/wp-json\/wp\/v2\/product_brand?post=8907"},{"taxonomy":"product_cat","embeddable":true,"href":"https:\/\/kiemmi.com\/pl\/wp-json\/wp\/v2\/product_cat?post=8907"},{"taxonomy":"product_tag","embeddable":true,"href":"https:\/\/kiemmi.com\/pl\/wp-json\/wp\/v2\/product_tag?post=8907"}],"curies":[{"name":"wp","href":"https:\/\/api.w.org\/{rel}","templated":true}]}}