{"id":8900,"date":"2024-10-10T13:06:00","date_gmt":"2024-10-10T13:06:00","guid":{"rendered":"https:\/\/kiemmi.com\/?post_type=product&#038;p=8900"},"modified":"2025-12-09T11:26:49","modified_gmt":"2025-12-09T11:26:49","slug":"konfigurowalna-skarbonka-krolika-3d","status":"publish","type":"product","link":"https:\/\/kiemmi.com\/pl\/shop\/huchas\/hucha-conejo-3d-personalizable\/","title":{"rendered":"Konfigurowalna skarbonka-kr\u00f3lik 3D"},"content":{"rendered":"<p>Je\u015bli szukasz wyj\u0105tkowego i funkcjonalnego detalu, nasza skarbonka w kszta\u0142cie kr\u00f3lika wydrukowana w 3D jest idealn\u0105 opcj\u0105. Dzi\u0119ki mo\u017cliwo\u015bci personalizacji kolor\u00f3w i dodania imienia ta skarbonka stanie si\u0119 wyj\u0105tkowym prezentem na ka\u017cd\u0105 okazj\u0119. Idealny dla dzieci i doros\u0142ych, ma uroczy design, kt\u00f3ry \u0142\u0105czy w sobie zabaw\u0119 i u\u017cyteczno\u015b\u0107.<\/p>\n<p><strong>Charakterystyka:<\/strong><\/p>\n<ul>\n<li>\ud83d\udc07 <strong>Ekskluzywny design w kszta\u0142cie kr\u00f3lika<\/strong>: Urocza skarbonka w kszta\u0142cie kr\u00f3lika, kt\u00f3ra dodaje delikatno\u015bci ka\u017cdemu zak\u0105tkowi domu.<\/li>\n<li>\ud83c\udfa8 <strong style=\"font-size: 1rem;\">Kolory do wyboru<\/strong><span style=\"font-size: 1rem;\">: Spersonalizuj skarbonk\u0119, wybieraj\u0105c kolory, kt\u00f3re najbardziej Ci si\u0119 podobaj\u0105, aby dostosowa\u0107 j\u0105 do swojego stylu i preferencji.<\/span><\/li>\n<li>\ud83d\udd8b\ufe0f <strong style=\"font-size: 1rem;\">Nazwa niestandardowa<\/strong><span style=\"font-size: 1rem;\">: Spraw, aby by\u0142 wyj\u0105tkowy, dodaj\u0105c wybrane imi\u0119, idealne na prezent lub do u\u017cytku osobistego.<\/span><\/li>\n<li>\u2699\ufe0f <strong style=\"font-size: 1rem;\">Zabawne zamkni\u0119cie dla dzieci<\/strong><span style=\"font-size: 1rem;\">: Przek\u0142adniowy mechanizm zamykania sprawia, \u017ce zapisywanie interaktywnych i rozrywkowych zaj\u0119\u0107 dla najm\u0142odszych.<\/span><\/li>\n<li>\ud83c\udf81 <strong style=\"font-size: 1rem;\">Idealny prezent<\/strong><span style=\"font-size: 1rem;\">: Idealny dla ka\u017cdego, zw\u0142aszcza mi\u0142o\u015bnik\u00f3w kr\u00f3lik\u00f3w i tych, kt\u00f3rzy lubi\u0105 oryginalne i konfigurowalne produkty.<\/span><\/li>\n<li>\ud83d\udccf <strong style=\"font-size: 1rem;\">Optymalne wymiary<\/strong><span style=\"font-size: 1rem;\">: Przy wymiarach 10 cm szeroko\u015bci x 17 cm wysoko\u015bci i 3,5 cm grubo\u015bci jego rozmiar jest kompaktowy i praktyczny w ka\u017cdej przestrzeni.<\/span><\/li>\n<li>\ud83c\udfa8 <strong style=\"font-size: 1rem;\">Wysokiej klasy druk 3D<\/strong><span style=\"font-size: 1rem;\">: Wyprodukowany przy u\u017cyciu najnowocze\u015bniejszej drukarki 3D, gwarantuje szczeg\u00f3\u0142owe wyko\u0144czenia i odporno\u015b\u0107.<\/span><\/li>\n<\/ul>\n<p>Ta skarbonka w kszta\u0142cie kr\u00f3lika nie tylko pomo\u017ce Ci zaoszcz\u0119dzi\u0107, ale b\u0119dzie wyj\u0105tkowym i spersonalizowanym elementem dekoracyjnym, kt\u00f3ry nada Twojemu domowi lub osobie, kt\u00f3ra j\u0105 otrzyma, wyj\u0105tkowy akcent.<\/p>","protected":false},"excerpt":{"rendered":"<p>Skarbonka 3D w kszta\u0142cie kr\u00f3lika to oryginalny i konfigurowalny prezent, idealny na ka\u017cd\u0105 okazj\u0119. Mo\u017cesz wybra\u0107 kolory i doda\u0107 nazw\u0119, aby uczyni\u0107 j\u0105 wyj\u0105tkow\u0105. Zamkni\u0119cie przek\u0142adni sprawia, \u017ce jest zabawny i praktyczny, zw\u0142aszcza dla dzieci. Wykonany z wysokiej jako\u015bci druku 3D, ma szczeg\u00f3\u0142ow\u0105 i odporn\u0105 konstrukcj\u0119. Dzi\u0119ki kompaktowym wymiarom idealnie nadaje si\u0119 do dekoracji ka\u017cdej przestrzeni.<\/p>","protected":false},"featured_media":8906,"template":"","meta":{"_seopress_robots_primary_cat":"88","_seopress_titles_title":"Hucha Conejo 3D Personalizable: Perfecto Regalo","_seopress_titles_desc":"Descubre nuestra hucha conejo 3D personalizable en colores y nombres. Regalo ideal para cualquier ocasi\u00f3n, combina diversi\u00f3n y funcionalidad.","_seopress_robots_index":"","_seopress_analysis_target_kw":"hucha 3d,conejo,personalizable","site-sidebar-layout":"default","site-content-layout":"","ast-site-content-layout":"default","site-content-style":"default","site-sidebar-style":"default","ast-global-header-display":"","ast-banner-title-visibility":"","ast-main-header-display":"","ast-hfb-above-header-display":"","ast-hfb-below-header-display":"","ast-hfb-mobile-header-display":"","site-post-title":"","ast-breadcrumbs-content":"","ast-featured-img":"","footer-sml-layout":"","ast-disable-related-posts":"","theme-transparent-header-meta":"","adv-header-id-meta":"","stick-header-meta":"","header-above-stick-meta":"","header-main-stick-meta":"","header-below-stick-meta":"","astra-migrate-meta-layouts":"default","ast-page-background-enabled":"default","ast-page-background-meta":{"desktop":{"background-color":"","background-image":"","background-repeat":"repeat","background-position":"center center","background-size":"auto","background-attachment":"scroll","background-type":"","background-media":"","overlay-type":"","overlay-color":"","overlay-opacity":"","overlay-gradient":""},"tablet":{"background-color":"","background-image":"","background-repeat":"repeat","background-position":"center center","background-size":"auto","background-attachment":"scroll","background-type":"","background-media":"","overlay-type":"","overlay-color":"","overlay-opacity":"","overlay-gradient":""},"mobile":{"background-color":"","background-image":"","background-repeat":"repeat","background-position":"center center","background-size":"auto","background-attachment":"scroll","background-type":"","background-media":"","overlay-type":"","overlay-color":"","overlay-opacity":"","overlay-gradient":""}},"ast-content-background-meta":{"desktop":{"background-color":"var(--ast-global-color-5)","background-image":"","background-repeat":"repeat","background-position":"center center","background-size":"auto","background-attachment":"scroll","background-type":"","background-media":"","overlay-type":"","overlay-color":"","overlay-opacity":"","overlay-gradient":""},"tablet":{"background-color":"var(--ast-global-color-5)","background-image":"","background-repeat":"repeat","background-position":"center center","background-size":"auto","background-attachment":"scroll","background-type":"","background-media":"","overlay-type":"","overlay-color":"","overlay-opacity":"","overlay-gradient":""},"mobile":{"background-color":"var(--ast-global-color-5)","background-image":"","background-repeat":"repeat","background-position":"center center","background-size":"auto","background-attachment":"scroll","background-type":"","background-media":"","overlay-type":"","overlay-color":"","overlay-opacity":"","overlay-gradient":""}}},"product_brand":[],"product_cat":[88,87,49],"product_tag":[],"class_list":{"0":"post-8900","1":"product","2":"type-product","3":"status-publish","4":"has-post-thumbnail","6":"product_cat-huchas","7":"product_cat-mascotas","8":"product_cat-regalos-originales","9":"desktop-align-center","10":"tablet-align-left","11":"mobile-align-center","12":"ast-product-gallery-layout-horizontal","13":"ast-magnify-disabled","14":"ast-product-tabs-layout-horizontal","15":"tm-has-options","17":"first","18":"instock","19":"taxable","20":"shipping-taxable","21":"purchasable","22":"product-type-simple"},"_links":{"self":[{"href":"https:\/\/kiemmi.com\/pl\/wp-json\/wp\/v2\/product\/8900","targetHints":{"allow":["GET"]}}],"collection":[{"href":"https:\/\/kiemmi.com\/pl\/wp-json\/wp\/v2\/product"}],"about":[{"href":"https:\/\/kiemmi.com\/pl\/wp-json\/wp\/v2\/types\/product"}],"version-history":[{"count":0,"href":"https:\/\/kiemmi.com\/pl\/wp-json\/wp\/v2\/product\/8900\/revisions"}],"wp:featuredmedia":[{"embeddable":true,"href":"https:\/\/kiemmi.com\/pl\/wp-json\/wp\/v2\/media\/8906"}],"wp:attachment":[{"href":"https:\/\/kiemmi.com\/pl\/wp-json\/wp\/v2\/media?parent=8900"}],"wp:term":[{"taxonomy":"product_brand","embeddable":true,"href":"https:\/\/kiemmi.com\/pl\/wp-json\/wp\/v2\/product_brand?post=8900"},{"taxonomy":"product_cat","embeddable":true,"href":"https:\/\/kiemmi.com\/pl\/wp-json\/wp\/v2\/product_cat?post=8900"},{"taxonomy":"product_tag","embeddable":true,"href":"https:\/\/kiemmi.com\/pl\/wp-json\/wp\/v2\/product_tag?post=8900"}],"curies":[{"name":"wp","href":"https:\/\/api.w.org\/{rel}","templated":true}]}}