{"id":8883,"date":"2024-10-10T12:28:21","date_gmt":"2024-10-10T12:28:21","guid":{"rendered":"https:\/\/kiemmi.com\/?post_type=product&#038;p=8883"},"modified":"2025-05-14T12:56:26","modified_gmt":"2025-05-14T12:56:26","slug":"skarbonka-3d-w-ksztalcie-kota-z-mozliwoscia-personalizacji","status":"publish","type":"product","link":"https:\/\/kiemmi.com\/pl\/shop\/huchas\/hucha-3d-en-forma-de-gato-huchas-personalizable\/","title":{"rendered":"Skarbonka 3D w kszta\u0142cie kota \u2013 konfigurowalne skarbonki"},"content":{"rendered":"<p>Szukasz wyj\u0105tkowego i wyj\u0105tkowego prezentu dla mi\u0142o\u015bnik\u00f3w kot\u00f3w? Nasza skarbonka z g\u0142ow\u0105 kota wydrukowana w 3D to idealny wyb\u00f3r! Zaprojektowany ze spersonalizowanymi detalami i interaktywnym mechanizmem zamykaj\u0105cym, jest idealny zar\u00f3wno dla doros\u0142ych, jak i dzieci. T\u0119 zabawn\u0105 skarbonk\u0119 mo\u017cna spersonalizowa\u0107 za pomoc\u0105 r\u00f3\u017cnych kolor\u00f3w i modeli, dzi\u0119ki czemu b\u0119dzie kreatywnym i oryginalnym prezentem.<\/p>\n<p><strong>Charakterystyka:<\/strong><\/p>\n<ul>\n<li>\ud83d\udc31 <strong>Oryginalny wz\u00f3r w kszta\u0142cie g\u0142owy kota<\/strong>: Urocza i wyj\u0105tkowa skarbonka w kszta\u0142cie g\u0142owy kota, idealna dla ka\u017cdego mi\u0142o\u015bnika kot\u00f3w.<\/li>\n<li>\ud83c\udfa8 <strong style=\"font-size: 1rem;\">Mo\u017cliwo\u015b\u0107 dostosowania kolor\u00f3w<\/strong><span style=\"font-size: 1rem;\">: Wybierz spo\u015br\u00f3d szerokiej gamy kolor\u00f3w, aby skarbonka dopasowa\u0142a si\u0119 do Twojego stylu lub stylu osoby, kt\u00f3r\u0105 chcesz podarowa\u0107.<\/span><\/li>\n<li>\u2699\ufe0f <strong style=\"font-size: 1rem;\">Zamkni\u0119cie z mechanizmem z\u0119batym<\/strong><span style=\"font-size: 1rem;\">: Zabawny i bezpieczny system zamykania, kt\u00f3ry dzieci pokochaj\u0105, zapewniaj\u0105cy interaktywny dotyk podczas otwierania i zamykania.<\/span><\/li>\n<li>\ud83c\udf81 <strong style=\"font-size: 1rem;\">Idealny jako prezent<\/strong><span style=\"font-size: 1rem;\">: Idealna na ka\u017cd\u0105 okazj\u0119, ta skarbonka to wyj\u0105tkowy szczeg\u00f3\u0142 dla mi\u0142o\u015bnik\u00f3w kot\u00f3w.<\/span><\/li>\n<li>\ud83d\udccf <strong style=\"font-size: 1rem;\">Por\u0119czny rozmiar<\/strong><span style=\"font-size: 1rem;\">: Dzi\u0119ki wymiarom 14 cm szeroko\u015bci x 13 cm wysoko\u015bci i 3,5 cm grubo\u015bci jest to odpowiedni rozmiar na ka\u017cd\u0105 p\u00f3\u0142k\u0119 na ksi\u0105\u017cki lub biurko.<\/span><\/li>\n<li>\ud83c\udfa8 <strong style=\"font-size: 1rem;\">Wysokiej jako\u015bci druk 3D<\/strong><span style=\"font-size: 1rem;\">: Wyprodukowano przy u\u017cyciu druku 3D, co zapewnia precyzyjne wyko\u0144czenie i nowoczesny wygl\u0105d.<\/span><\/li>\n<\/ul>\n<p>Dzi\u0119ki tej skarbonce b\u0119dziesz mie\u0107 nie tylko element dekoracyjny, ale tak\u017ce praktyczny i funkcjonalny dodatek, kt\u00f3ry wniesie zabaw\u0119 i styl do ka\u017cdej przestrzeni.<\/p>","protected":false},"excerpt":{"rendered":"<p>Ta wydrukowana w 3D skarbonka z g\u0142ow\u0105 kota to idealny prezent dla mi\u0142o\u015bnik\u00f3w kot\u00f3w. Mo\u017cesz dostosowa\u0107 kolorystyk\u0119 i wybiera\u0107 spo\u015br\u00f3d kilku modeli, dopasowuj\u0105c j\u0105 do ka\u017cdego stylu. Zamkni\u0119cie za pomoc\u0105 mechanizmu przek\u0142adniowego zapewnia zabaw\u0119, szczeg\u00f3lnie dla dzieci. O praktycznym rozmiarze <span style=\"font-size: 1rem;\">Szeroko\u015b\u0107 14 cm, wysoko\u015b\u0107 13 cm i grubo\u015b\u0107 3,5 cm<\/span>, idealnie pasuje do ka\u017cdej przestrzeni. Wyprodukowany przy u\u017cyciu druku 3D, zapewnia wysok\u0105 jako\u015b\u0107 wyko\u0144czenia i nowoczesny design.<\/p>","protected":false},"featured_media":8897,"template":"","meta":{"_seopress_robots_primary_cat":"88","_seopress_titles_title":"Hucha de gato 3D personalizable: regalo ideal","_seopress_titles_desc":"Descubre la hucha 3D de cabeza de gato, ideal para catlovers. Personalizable y con un cierre interactivo, es el regalo original perfecto.","_seopress_robots_index":"","_seopress_analysis_target_kw":"hucha 3d,gato,personalizable","site-sidebar-layout":"default","site-content-layout":"","ast-site-content-layout":"default","site-content-style":"default","site-sidebar-style":"default","ast-global-header-display":"","ast-banner-title-visibility":"","ast-main-header-display":"","ast-hfb-above-header-display":"","ast-hfb-below-header-display":"","ast-hfb-mobile-header-display":"","site-post-title":"","ast-breadcrumbs-content":"","ast-featured-img":"","footer-sml-layout":"","ast-disable-related-posts":"","theme-transparent-header-meta":"","adv-header-id-meta":"","stick-header-meta":"","header-above-stick-meta":"","header-main-stick-meta":"","header-below-stick-meta":"","astra-migrate-meta-layouts":"default","ast-page-background-enabled":"default","ast-page-background-meta":{"desktop":{"background-color":"","background-image":"","background-repeat":"repeat","background-position":"center center","background-size":"auto","background-attachment":"scroll","background-type":"","background-media":"","overlay-type":"","overlay-color":"","overlay-opacity":"","overlay-gradient":""},"tablet":{"background-color":"","background-image":"","background-repeat":"repeat","background-position":"center center","background-size":"auto","background-attachment":"scroll","background-type":"","background-media":"","overlay-type":"","overlay-color":"","overlay-opacity":"","overlay-gradient":""},"mobile":{"background-color":"","background-image":"","background-repeat":"repeat","background-position":"center center","background-size":"auto","background-attachment":"scroll","background-type":"","background-media":"","overlay-type":"","overlay-color":"","overlay-opacity":"","overlay-gradient":""}},"ast-content-background-meta":{"desktop":{"background-color":"var(--ast-global-color-5)","background-image":"","background-repeat":"repeat","background-position":"center center","background-size":"auto","background-attachment":"scroll","background-type":"","background-media":"","overlay-type":"","overlay-color":"","overlay-opacity":"","overlay-gradient":""},"tablet":{"background-color":"var(--ast-global-color-5)","background-image":"","background-repeat":"repeat","background-position":"center center","background-size":"auto","background-attachment":"scroll","background-type":"","background-media":"","overlay-type":"","overlay-color":"","overlay-opacity":"","overlay-gradient":""},"mobile":{"background-color":"var(--ast-global-color-5)","background-image":"","background-repeat":"repeat","background-position":"center center","background-size":"auto","background-attachment":"scroll","background-type":"","background-media":"","overlay-type":"","overlay-color":"","overlay-opacity":"","overlay-gradient":""}}},"product_brand":[],"product_cat":[88,87,49],"product_tag":[],"class_list":{"0":"post-8883","1":"product","2":"type-product","3":"status-publish","4":"has-post-thumbnail","6":"product_cat-huchas","7":"product_cat-mascotas","8":"product_cat-regalos-originales","9":"desktop-align-center","10":"tablet-align-left","11":"mobile-align-center","12":"ast-product-gallery-layout-horizontal","13":"ast-magnify-disabled","14":"ast-product-tabs-layout-horizontal","15":"tm-has-options","17":"first","18":"instock","19":"taxable","20":"shipping-taxable","21":"purchasable","22":"product-type-simple"},"_links":{"self":[{"href":"https:\/\/kiemmi.com\/pl\/wp-json\/wp\/v2\/product\/8883","targetHints":{"allow":["GET"]}}],"collection":[{"href":"https:\/\/kiemmi.com\/pl\/wp-json\/wp\/v2\/product"}],"about":[{"href":"https:\/\/kiemmi.com\/pl\/wp-json\/wp\/v2\/types\/product"}],"version-history":[{"count":0,"href":"https:\/\/kiemmi.com\/pl\/wp-json\/wp\/v2\/product\/8883\/revisions"}],"wp:featuredmedia":[{"embeddable":true,"href":"https:\/\/kiemmi.com\/pl\/wp-json\/wp\/v2\/media\/8897"}],"wp:attachment":[{"href":"https:\/\/kiemmi.com\/pl\/wp-json\/wp\/v2\/media?parent=8883"}],"wp:term":[{"taxonomy":"product_brand","embeddable":true,"href":"https:\/\/kiemmi.com\/pl\/wp-json\/wp\/v2\/product_brand?post=8883"},{"taxonomy":"product_cat","embeddable":true,"href":"https:\/\/kiemmi.com\/pl\/wp-json\/wp\/v2\/product_cat?post=8883"},{"taxonomy":"product_tag","embeddable":true,"href":"https:\/\/kiemmi.com\/pl\/wp-json\/wp\/v2\/product_tag?post=8883"}],"curies":[{"name":"wp","href":"https:\/\/api.w.org\/{rel}","templated":true}]}}