{"id":8839,"date":"2024-10-04T12:20:48","date_gmt":"2024-10-04T12:20:48","guid":{"rendered":"https:\/\/kiemmi.com\/?post_type=product&#038;p=8839"},"modified":"2025-09-15T12:13:03","modified_gmt":"2025-09-15T12:13:03","slug":"skarbonki-3d-w-ksztalcie-psiej-lapy-skarbonka-z-mozliwoscia-personalizacji","status":"publish","type":"product","link":"https:\/\/kiemmi.com\/pl\/shop\/huchas\/huchas-3d-en-forma-de-huella-de-perro-hucha-personalizable\/","title":{"rendered":"Skarbonki 3D w kszta\u0142cie psiej \u0142apy \u2013 Skarbonka z mo\u017cliwo\u015bci\u0105 personalizacji"},"content":{"rendered":"<p>Spraw, aby oszcz\u0119dzanie by\u0142o jeszcze przyjemniejsze dzi\u0119ki tej oryginalnej skarbonce w kszta\u0142cie psiej \u0142apy, wykonanej przy u\u017cyciu druku 3D i w pe\u0142ni konfigurowalnej! Mo\u017cesz doda\u0107 imi\u0119 swojego zwierzaka lub wybranej osoby, wybra\u0107 preferowane kolory, dostosowa\u0107 kraw\u0119dzie i wygl\u0105d przodu, aby uczyni\u0107 go wyj\u0105tkowym. Zamkni\u0119cie zawiera mechanizm z\u0119baty, dzi\u0119ki czemu jest nie tylko bezpieczne, ale tak\u017ce zapewnia \u015bwietn\u0105 zabaw\u0119 dla dzieci. Dzi\u0119ki praktycznym rozmiarom i dekoracyjnemu wzornictwu ta skarbonka jest idealnym prezentem dla mi\u0142o\u015bnik\u00f3w zwierz\u0105t.<\/p>\n<p><strong>Wyr\u00f3\u017cnione funkcje:<\/strong><\/p>\n<ul>\n<li>\ud83d\udc3e <strong>Mo\u017cliwo\u015b\u0107 dostosowania kszta\u0142tu stopy<\/strong>: Dodaj imi\u0119 swojego zwierzaka i dostosuj kolory, obramowania i szczeg\u00f3\u0142y wed\u0142ug w\u0142asnych upodoba\u0144.<\/li>\n<li>\ud83c\udfa8 <strong>Szczeg\u00f3\u0142owy druk 3D<\/strong>: Wyprodukowane przy u\u017cyciu technologii o wysokiej precyzji, gwarantuj\u0105cej wytrzyma\u0142\u0105 skarbonk\u0119 o doskona\u0142ym wyko\u0144czeniu.<\/li>\n<li>\ud83d\udd10 <strong>Zamkni\u0119cie z z\u0119batkami<\/strong>: Przek\u0142adniowy mechanizm zamykania jest \u0142atwy w u\u017cyciu i zapewnia bezpiecze\u0144stwo skarbonki, dzi\u0119ki czemu b\u0119dzie \u015bwietn\u0105 zabaw\u0105 dla najm\u0142odszych.<\/li>\n<li>\ud83c\udf81 <strong>Wyj\u0105tkowy prezent dla mi\u0142o\u015bnik\u00f3w zwierz\u0105t<\/strong>: Idealny dla ka\u017cdego, kto kocha psy i zwierz\u0119ta w og\u00f3le.<\/li>\n<li>\ud83d\udccf <strong>Kompaktowy i funkcjonalny rozmiar<\/strong>: Ma 16,7 cm szeroko\u015bci, 16 cm wysoko\u015bci i 3,5 cm grubo\u015bci, dzi\u0119ki czemu idealnie nadaje si\u0119 do umieszczenia w dowolnym miejscu.<\/li>\n<li>\ud83c\udf08 <strong>Opcje dostosowywania<\/strong>: Wybierz preferowane kolory i szczeg\u00f3\u0142y, upewniaj\u0105c si\u0119, \u017ce ka\u017cda skarbonka jest tak wyj\u0105tkowa, jak Twoje zwierz\u0119.<\/li>\n<\/ul>","protected":false},"excerpt":{"rendered":"<p>Ta skarbonka w kszta\u0142cie psiej \u0142apy, wykonana metod\u0105 druku 3D, jest w pe\u0142ni konfigurowalna, dzi\u0119ki czemu mo\u017cesz doda\u0107 imi\u0119 swojego zwierzaka oraz wybra\u0107 kolory i kraw\u0119dzie. Mechanizm zamykania przek\u0142adni jest bezpieczny i przyjemny dla dzieci. Dzi\u0119ki kompaktowej konstrukcji jego wymiary to 16,7 cm szeroko\u015bci, 16 cm wysoko\u015bci i 3,5 cm grubo\u015bci. Idealny jako prezent dla mi\u0142o\u015bnik\u00f3w zwierz\u0105t, jest zar\u00f3wno dekoracyjny, jak i funkcjonalny. Ponadto oferuje opcje dostosowywania, aby ka\u017cda skarbonka by\u0142a wyj\u0105tkowa.<\/p>","protected":false},"featured_media":8862,"template":"","meta":{"_seopress_robots_primary_cat":"88","_seopress_titles_title":"Hucha 3D Huella Personalizada: Ahorra con Estilo","_seopress_titles_desc":"Haz del ahorro un juego divertido con nuestra hucha impresa en 3D. Personal\u00edzala totalmente y sorprende a los amantes de los animales.","_seopress_robots_index":"","_seopress_analysis_target_kw":"hucha 3d,huella,personalizable","site-sidebar-layout":"default","site-content-layout":"","ast-site-content-layout":"default","site-content-style":"default","site-sidebar-style":"default","ast-global-header-display":"","ast-banner-title-visibility":"","ast-main-header-display":"","ast-hfb-above-header-display":"","ast-hfb-below-header-display":"","ast-hfb-mobile-header-display":"","site-post-title":"","ast-breadcrumbs-content":"","ast-featured-img":"","footer-sml-layout":"","ast-disable-related-posts":"","theme-transparent-header-meta":"","adv-header-id-meta":"","stick-header-meta":"","header-above-stick-meta":"","header-main-stick-meta":"","header-below-stick-meta":"","astra-migrate-meta-layouts":"default","ast-page-background-enabled":"default","ast-page-background-meta":{"desktop":{"background-color":"","background-image":"","background-repeat":"repeat","background-position":"center center","background-size":"auto","background-attachment":"scroll","background-type":"","background-media":"","overlay-type":"","overlay-color":"","overlay-opacity":"","overlay-gradient":""},"tablet":{"background-color":"","background-image":"","background-repeat":"repeat","background-position":"center center","background-size":"auto","background-attachment":"scroll","background-type":"","background-media":"","overlay-type":"","overlay-color":"","overlay-opacity":"","overlay-gradient":""},"mobile":{"background-color":"","background-image":"","background-repeat":"repeat","background-position":"center center","background-size":"auto","background-attachment":"scroll","background-type":"","background-media":"","overlay-type":"","overlay-color":"","overlay-opacity":"","overlay-gradient":""}},"ast-content-background-meta":{"desktop":{"background-color":"var(--ast-global-color-5)","background-image":"","background-repeat":"repeat","background-position":"center center","background-size":"auto","background-attachment":"scroll","background-type":"","background-media":"","overlay-type":"","overlay-color":"","overlay-opacity":"","overlay-gradient":""},"tablet":{"background-color":"var(--ast-global-color-5)","background-image":"","background-repeat":"repeat","background-position":"center center","background-size":"auto","background-attachment":"scroll","background-type":"","background-media":"","overlay-type":"","overlay-color":"","overlay-opacity":"","overlay-gradient":""},"mobile":{"background-color":"var(--ast-global-color-5)","background-image":"","background-repeat":"repeat","background-position":"center center","background-size":"auto","background-attachment":"scroll","background-type":"","background-media":"","overlay-type":"","overlay-color":"","overlay-opacity":"","overlay-gradient":""}}},"product_brand":[],"product_cat":[88,87,49],"product_tag":[],"class_list":{"0":"post-8839","1":"product","2":"type-product","3":"status-publish","4":"has-post-thumbnail","6":"product_cat-huchas","7":"product_cat-mascotas","8":"product_cat-regalos-originales","9":"desktop-align-center","10":"tablet-align-left","11":"mobile-align-center","12":"ast-product-gallery-layout-horizontal","13":"ast-magnify-disabled","14":"ast-product-tabs-layout-horizontal","15":"tm-has-options","17":"first","18":"instock","19":"taxable","20":"shipping-taxable","21":"purchasable","22":"product-type-simple"},"_links":{"self":[{"href":"https:\/\/kiemmi.com\/pl\/wp-json\/wp\/v2\/product\/8839","targetHints":{"allow":["GET"]}}],"collection":[{"href":"https:\/\/kiemmi.com\/pl\/wp-json\/wp\/v2\/product"}],"about":[{"href":"https:\/\/kiemmi.com\/pl\/wp-json\/wp\/v2\/types\/product"}],"version-history":[{"count":0,"href":"https:\/\/kiemmi.com\/pl\/wp-json\/wp\/v2\/product\/8839\/revisions"}],"wp:featuredmedia":[{"embeddable":true,"href":"https:\/\/kiemmi.com\/pl\/wp-json\/wp\/v2\/media\/8862"}],"wp:attachment":[{"href":"https:\/\/kiemmi.com\/pl\/wp-json\/wp\/v2\/media?parent=8839"}],"wp:term":[{"taxonomy":"product_brand","embeddable":true,"href":"https:\/\/kiemmi.com\/pl\/wp-json\/wp\/v2\/product_brand?post=8839"},{"taxonomy":"product_cat","embeddable":true,"href":"https:\/\/kiemmi.com\/pl\/wp-json\/wp\/v2\/product_cat?post=8839"},{"taxonomy":"product_tag","embeddable":true,"href":"https:\/\/kiemmi.com\/pl\/wp-json\/wp\/v2\/product_tag?post=8839"}],"curies":[{"name":"wp","href":"https:\/\/api.w.org\/{rel}","templated":true}]}}