{"id":8819,"date":"2024-10-01T14:28:40","date_gmt":"2024-10-01T14:28:40","guid":{"rendered":"https:\/\/kiemmi.com\/?post_type=product&#038;p=8819"},"modified":"2025-06-02T21:15:08","modified_gmt":"2025-06-02T21:15:08","slug":"konfigurowalna-skarbonka-skarbonka-3d-w-ksztalcie-kosci-psa","status":"publish","type":"product","link":"https:\/\/kiemmi.com\/pl\/shop\/mascotas\/hucha-en-forma-de-hueso-3d-de-perro-hucha-personalizable\/","title":{"rendered":"Skarbonka 3D w kszta\u0142cie ko\u015bci psa \u2013 konfigurowalna skarbonka"},"content":{"rendered":"<p>Zaskocz mi\u0142o\u015bnik\u00f3w ps\u00f3w t\u0105 zabawn\u0105 skarbonk\u0105 w kszta\u0142cie ko\u015bci, wykonan\u0105 przy u\u017cyciu druku 3D i w pe\u0142ni konfigurowaln\u0105. Dodaj niepowtarzalny akcent imieniem swojego zwierzaka, wybierz swoje ulubione kolory i dostosuj wygl\u0105d przodu i kraw\u0119dzie! Dodatkowo oryginalny mechanizm zamykania przek\u0142adni gwarantuje godziny zabawy najm\u0142odszym. Dzi\u0119ki idealnemu rozmiarowi, kt\u00f3ry pasuje do ka\u017cdej p\u00f3\u0142ki lub biurka, ta skarbonka jest praktycznym i oryginalnym prezentem, kt\u00f3ry \u0142\u0105czy w sobie kreatywno\u015b\u0107 i funkcjonalno\u015b\u0107.<\/p>\n<p><strong>Wyr\u00f3\u017cnione funkcje:<\/strong><\/p>\n<ul>\n<li>\ud83d\udc3e <strong>Mo\u017cliwo\u015b\u0107 dostosowania uk\u0142adu<\/strong>: Dodaj wybrane imi\u0119 i wybierz kolory i obramowania, kt\u00f3re najlepiej reprezentuj\u0105 Twojego psa.<\/li>\n<li>\ud83c\udfa8 <strong>Wysokiej jako\u015bci druk 3D<\/strong>: Wyprodukowano z precyzj\u0105 i dba\u0142o\u015bci\u0105 o szczeg\u00f3\u0142y, aby zapewni\u0107 trwa\u0142e i realistyczne wra\u017cenia.<\/li>\n<li>\ud83d\udd10 <strong>Zabawny mechanizm zamykania<\/strong>: System przek\u0142adni jest \u0142atwy w u\u017cyciu i zapewnia dzieciom rozrywk\u0119. W zabawny spos\u00f3b naucz\u0105 si\u0119 oszcz\u0119dza\u0107!<\/li>\n<li>\ud83c\udf81 <strong>Idealny prezent dla mi\u0142o\u015bnik\u00f3w ps\u00f3w<\/strong>: Wyj\u0105tkowy detal na ka\u017cd\u0105 wyj\u0105tkow\u0105 okazj\u0119.<\/li>\n<li>\ud83d\udccf <strong>Idealne wymiary<\/strong>: Szeroko\u015b\u0107 17,4 cm, wysoko\u015b\u0107 9,4 cm i grubo\u015b\u0107 3,5 cm sprawia, \u017ce jest kompaktowy i dekoracyjny.<\/li>\n<li>\ud83c\udf08 <strong>Nieograniczone mo\u017cliwo\u015bci dostosowywania<\/strong>: Regulowane kolory i detale, dzi\u0119ki kt\u00f3rym ka\u017cda skarbonka b\u0119dzie ca\u0142kowicie wyj\u0105tkowa.<\/li>\n<\/ul>","protected":false},"excerpt":{"rendered":"<p>Ta skarbonka w kszta\u0142cie ko\u015bci psa, wykonana metod\u0105 druku 3D, jest w pe\u0142ni konfigurowalna, co pozwala na dodawanie imion, kolor\u00f3w i unikalnych szczeg\u00f3\u0142\u00f3w. Przek\u0142adniowy mechanizm zamykania jest zabawny i \u0142atwy w obs\u0142udze, idealny dla dzieci. To idealny prezent dla mi\u0142o\u015bnik\u00f3w ps\u00f3w, \u0142\u0105cz\u0105cy kreatywno\u015b\u0107 i funkcjonalno\u015b\u0107. Przy wymiarach 17,4 cm szeroko\u015bci, 9,4 cm wysoko\u015bci i 3,5 cm grubo\u015bci jest kompaktowy i dekoracyjny. Spersonalizuj go wed\u0142ug w\u0142asnych upodoba\u0144 i zaskocz wyj\u0105tkowym i oryginalnym detalem.<\/p>","protected":false},"featured_media":8824,"template":"","meta":{"_seopress_robots_primary_cat":"87","_seopress_titles_title":"Hucha 3D personalizable en forma de hueso \u00fanica y divertida","_seopress_titles_desc":"Hucha en forma de hueso con mecanismo de cierre de engranajes. Personal\u00edzala con el nombre de tu perro y elige tus colores favoritos. \u00a1Compra ya!","_seopress_robots_index":"","_seopress_analysis_target_kw":"","site-sidebar-layout":"default","site-content-layout":"","ast-site-content-layout":"default","site-content-style":"default","site-sidebar-style":"default","ast-global-header-display":"","ast-banner-title-visibility":"","ast-main-header-display":"","ast-hfb-above-header-display":"","ast-hfb-below-header-display":"","ast-hfb-mobile-header-display":"","site-post-title":"","ast-breadcrumbs-content":"","ast-featured-img":"","footer-sml-layout":"","ast-disable-related-posts":"","theme-transparent-header-meta":"","adv-header-id-meta":"","stick-header-meta":"","header-above-stick-meta":"","header-main-stick-meta":"","header-below-stick-meta":"","astra-migrate-meta-layouts":"default","ast-page-background-enabled":"default","ast-page-background-meta":{"desktop":{"background-color":"","background-image":"","background-repeat":"repeat","background-position":"center center","background-size":"auto","background-attachment":"scroll","background-type":"","background-media":"","overlay-type":"","overlay-color":"","overlay-opacity":"","overlay-gradient":""},"tablet":{"background-color":"","background-image":"","background-repeat":"repeat","background-position":"center center","background-size":"auto","background-attachment":"scroll","background-type":"","background-media":"","overlay-type":"","overlay-color":"","overlay-opacity":"","overlay-gradient":""},"mobile":{"background-color":"","background-image":"","background-repeat":"repeat","background-position":"center center","background-size":"auto","background-attachment":"scroll","background-type":"","background-media":"","overlay-type":"","overlay-color":"","overlay-opacity":"","overlay-gradient":""}},"ast-content-background-meta":{"desktop":{"background-color":"var(--ast-global-color-5)","background-image":"","background-repeat":"repeat","background-position":"center center","background-size":"auto","background-attachment":"scroll","background-type":"","background-media":"","overlay-type":"","overlay-color":"","overlay-opacity":"","overlay-gradient":""},"tablet":{"background-color":"var(--ast-global-color-5)","background-image":"","background-repeat":"repeat","background-position":"center center","background-size":"auto","background-attachment":"scroll","background-type":"","background-media":"","overlay-type":"","overlay-color":"","overlay-opacity":"","overlay-gradient":""},"mobile":{"background-color":"var(--ast-global-color-5)","background-image":"","background-repeat":"repeat","background-position":"center center","background-size":"auto","background-attachment":"scroll","background-type":"","background-media":"","overlay-type":"","overlay-color":"","overlay-opacity":"","overlay-gradient":""}}},"product_brand":[],"product_cat":[88,87,49],"product_tag":[],"class_list":{"0":"post-8819","1":"product","2":"type-product","3":"status-publish","4":"has-post-thumbnail","6":"product_cat-huchas","7":"product_cat-mascotas","8":"product_cat-regalos-originales","9":"desktop-align-center","10":"tablet-align-left","11":"mobile-align-center","12":"ast-product-gallery-layout-horizontal","13":"ast-magnify-disabled","14":"ast-product-tabs-layout-horizontal","15":"tm-has-options","17":"first","18":"instock","19":"taxable","20":"shipping-taxable","21":"purchasable","22":"product-type-simple"},"_links":{"self":[{"href":"https:\/\/kiemmi.com\/pl\/wp-json\/wp\/v2\/product\/8819","targetHints":{"allow":["GET"]}}],"collection":[{"href":"https:\/\/kiemmi.com\/pl\/wp-json\/wp\/v2\/product"}],"about":[{"href":"https:\/\/kiemmi.com\/pl\/wp-json\/wp\/v2\/types\/product"}],"version-history":[{"count":0,"href":"https:\/\/kiemmi.com\/pl\/wp-json\/wp\/v2\/product\/8819\/revisions"}],"wp:featuredmedia":[{"embeddable":true,"href":"https:\/\/kiemmi.com\/pl\/wp-json\/wp\/v2\/media\/8824"}],"wp:attachment":[{"href":"https:\/\/kiemmi.com\/pl\/wp-json\/wp\/v2\/media?parent=8819"}],"wp:term":[{"taxonomy":"product_brand","embeddable":true,"href":"https:\/\/kiemmi.com\/pl\/wp-json\/wp\/v2\/product_brand?post=8819"},{"taxonomy":"product_cat","embeddable":true,"href":"https:\/\/kiemmi.com\/pl\/wp-json\/wp\/v2\/product_cat?post=8819"},{"taxonomy":"product_tag","embeddable":true,"href":"https:\/\/kiemmi.com\/pl\/wp-json\/wp\/v2\/product_tag?post=8819"}],"curies":[{"name":"wp","href":"https:\/\/api.w.org\/{rel}","templated":true}]}}