{"id":8696,"date":"2024-08-27T10:35:00","date_gmt":"2024-08-27T10:35:00","guid":{"rendered":"https:\/\/kiemmi.com\/?post_type=product&#038;p=8696"},"modified":"2025-05-30T05:34:19","modified_gmt":"2025-05-30T05:34:19","slug":"spersonalizowana-nazwa-3d-w-stylu-mario-bros","status":"publish","type":"product","link":"https:\/\/kiemmi.com\/pl\/shop\/decoracion-del-hogar\/habitacion-de-bebe\/nombre-3d-personalizado-con-estilo-mario-bros\/","title":{"rendered":"Spersonalizowana nazwa 3D w stylu Mario Bros"},"content":{"rendered":"<p>Nadaj swojej przestrzeni wyj\u0105tkowy i nostalgiczny charakter dzi\u0119ki temu spersonalizowanemu znakowi 3D w stylu Mario Bros! Zaprojektowany przy u\u017cyciu najnowszej technologii druku 3D, znak ten oferuje nie tylko najwy\u017csz\u0105 jako\u015b\u0107, ale tak\u017ce pe\u0142n\u0105 personalizacj\u0119, dzi\u0119ki czemu mo\u017cesz wybra\u0107 kolory ka\u017cdej litery zgodnie ze swoimi upodobaniami.<\/p>\n<p>Idealny jako element dekoracyjny do pokoju dzieci\u0119cego lub jako idealny prezent na sto\u0142y gracza. Znak 3D zosta\u0142 zaprojektowany tak, aby sta\u0142 pionowo na ka\u017cdej p\u0142askiej powierzchni, \u0142\u0105cz\u0105c styl retro i nowoczesny, kt\u00f3ry pasuje do ka\u017cdego otoczenia.<\/p>\n<p><strong>Charakterystyka:<\/strong><\/p>\n<ul>\n<li>\ud83c\udfa8 <strong>Mo\u017cliwo\u015b\u0107 dostosowania<\/strong>: Wybierz kolory ka\u017cdej litery zgodnie ze swoim stylem.<\/li>\n<li>\ud83c\udfae <strong>W stylu Mario Bros<\/strong>: Projekt inspirowany klasycznym \u015bwiatem gier wideo.<\/li>\n<li>\ud83d\udda8\ufe0f <strong>Wysokiej jako\u015bci druk 3D<\/strong>: Wyprodukowano przy u\u017cyciu najnowocze\u015bniejszych drukarek 3D, zapewniaj\u0105cych precyzyjne szczeg\u00f3\u0142y i trwa\u0142o\u015b\u0107.<\/li>\n<li>\ud83d\udce6 <strong>\u0141atwe do umieszczenia<\/strong>: Znak pozostaje stabilny na p\u0142askich powierzchniach, idealnie nadaje si\u0119 do dekoracji ka\u017cdego zak\u0105tka domu lub biura.<\/li>\n<li>\ud83d\udccf <strong>Wymiary<\/strong>: Grubo\u015b\u0107 19 mm, wymiary mo\u017cna dostosowa\u0107 do w\u0142asnych potrzeb.<\/li>\n<\/ul>\n<p>Spraw, aby Twoje imi\u0119 o\u017cy\u0142o dzi\u0119ki temu wyj\u0105tkowemu znakowi 3D. Spersonalizuj go ju\u017c dzi\u015b i dodaj odrobin\u0119 oryginalno\u015bci swojej dekoracji.<\/p>","protected":false},"excerpt":{"rendered":"<p>Ten spersonalizowany znak 3D w stylu Mario Bros idealnie nadaje si\u0119 do dekoracji pokoi dzieci\u0119cych lub sto\u0142\u00f3w graczy. Wyprodukowany przy u\u017cyciu najnowocze\u015bniejszych drukarek 3D, zapewnia wysok\u0105 jako\u015b\u0107 i precyzj\u0119. Mo\u017cesz dostosowa\u0107 kolorystyk\u0119 ka\u017cdej litery do swoich upodoba\u0144, dzi\u0119ki czemu jest to produkt wyj\u0105tkowy. Dzi\u0119ki grubo\u015bci 19 mm zosta\u0142 zaprojektowany tak, aby stabilnie sta\u0142 na ka\u017cdej p\u0142askiej powierzchni. To oryginalna opcja na nadanie retro i nowoczesnego akcentu ka\u017cdej przestrzeni.<\/p>","protected":false},"featured_media":8707,"template":"","meta":{"_seopress_robots_primary_cat":"none","_seopress_titles_title":"","_seopress_titles_desc":"","_seopress_robots_index":"","_seopress_analysis_target_kw":"","site-sidebar-layout":"default","site-content-layout":"","ast-site-content-layout":"default","site-content-style":"default","site-sidebar-style":"default","ast-global-header-display":"","ast-banner-title-visibility":"","ast-main-header-display":"","ast-hfb-above-header-display":"","ast-hfb-below-header-display":"","ast-hfb-mobile-header-display":"","site-post-title":"","ast-breadcrumbs-content":"","ast-featured-img":"","footer-sml-layout":"","ast-disable-related-posts":"","theme-transparent-header-meta":"default","adv-header-id-meta":"","stick-header-meta":"default","header-above-stick-meta":"","header-main-stick-meta":"","header-below-stick-meta":"","astra-migrate-meta-layouts":"set","ast-page-background-enabled":"default","ast-page-background-meta":{"desktop":{"background-color":"","background-image":"","background-repeat":"repeat","background-position":"center center","background-size":"auto","background-attachment":"scroll","background-type":"","background-media":"","overlay-type":"","overlay-color":"","overlay-opacity":"","overlay-gradient":""},"tablet":{"background-color":"","background-image":"","background-repeat":"repeat","background-position":"center center","background-size":"auto","background-attachment":"scroll","background-type":"","background-media":"","overlay-type":"","overlay-color":"","overlay-opacity":"","overlay-gradient":""},"mobile":{"background-color":"","background-image":"","background-repeat":"repeat","background-position":"center center","background-size":"auto","background-attachment":"scroll","background-type":"","background-media":"","overlay-type":"","overlay-color":"","overlay-opacity":"","overlay-gradient":""}},"ast-content-background-meta":{"desktop":{"background-color":"var(--ast-global-color-5)","background-image":"","background-repeat":"repeat","background-position":"center center","background-size":"auto","background-attachment":"scroll","background-type":"","background-media":"","overlay-type":"","overlay-color":"","overlay-opacity":"","overlay-gradient":""},"tablet":{"background-color":"var(--ast-global-color-5)","background-image":"","background-repeat":"repeat","background-position":"center center","background-size":"auto","background-attachment":"scroll","background-type":"","background-media":"","overlay-type":"","overlay-color":"","overlay-opacity":"","overlay-gradient":""},"mobile":{"background-color":"var(--ast-global-color-5)","background-image":"","background-repeat":"repeat","background-position":"center center","background-size":"auto","background-attachment":"scroll","background-type":"","background-media":"","overlay-type":"","overlay-color":"","overlay-opacity":"","overlay-gradient":""}}},"product_brand":[],"product_cat":[51,52,49],"product_tag":[],"class_list":{"0":"post-8696","1":"product","2":"type-product","3":"status-publish","4":"has-post-thumbnail","6":"product_cat-decoracion-del-hogar","7":"product_cat-habitacion-de-bebe","8":"product_cat-regalos-originales","9":"desktop-align-center","10":"tablet-align-left","11":"mobile-align-center","12":"ast-product-gallery-layout-horizontal","13":"ast-magnify-disabled","14":"ast-product-tabs-layout-horizontal","15":"tm-has-options","17":"first","18":"instock","19":"taxable","20":"shipping-taxable","21":"purchasable","22":"product-type-simple"},"_links":{"self":[{"href":"https:\/\/kiemmi.com\/pl\/wp-json\/wp\/v2\/product\/8696","targetHints":{"allow":["GET"]}}],"collection":[{"href":"https:\/\/kiemmi.com\/pl\/wp-json\/wp\/v2\/product"}],"about":[{"href":"https:\/\/kiemmi.com\/pl\/wp-json\/wp\/v2\/types\/product"}],"version-history":[{"count":0,"href":"https:\/\/kiemmi.com\/pl\/wp-json\/wp\/v2\/product\/8696\/revisions"}],"wp:featuredmedia":[{"embeddable":true,"href":"https:\/\/kiemmi.com\/pl\/wp-json\/wp\/v2\/media\/8707"}],"wp:attachment":[{"href":"https:\/\/kiemmi.com\/pl\/wp-json\/wp\/v2\/media?parent=8696"}],"wp:term":[{"taxonomy":"product_brand","embeddable":true,"href":"https:\/\/kiemmi.com\/pl\/wp-json\/wp\/v2\/product_brand?post=8696"},{"taxonomy":"product_cat","embeddable":true,"href":"https:\/\/kiemmi.com\/pl\/wp-json\/wp\/v2\/product_cat?post=8696"},{"taxonomy":"product_tag","embeddable":true,"href":"https:\/\/kiemmi.com\/pl\/wp-json\/wp\/v2\/product_tag?post=8696"}],"curies":[{"name":"wp","href":"https:\/\/api.w.org\/{rel}","templated":true}]}}