{"id":8682,"date":"2024-08-23T09:52:44","date_gmt":"2024-08-23T09:52:44","guid":{"rendered":"https:\/\/kiemmi.com\/?post_type=product&#038;p=8682"},"modified":"2025-09-25T19:46:31","modified_gmt":"2025-09-25T19:46:31","slug":"spersonalizowana-kolorowa-litera-3d-z-imieniem","status":"publish","type":"product","link":"https:\/\/kiemmi.com\/pl\/shop\/letras-3d-personalizadas\/letra-3d-de-color-personalizada-con-nombre\/","title":{"rendered":"Niestandardowa kolorowa litera 3D z imieniem"},"content":{"rendered":"<p>Czy chcia\u0142by\u015b zamieni\u0107 swoje przestrzenie w zak\u0105tki pe\u0142ne marze\u0144 i wyobra\u017ani? Nasze spersonalizowane litery dekoracyjne s\u0105 idealn\u0105 opcj\u0105, aby to osi\u0105gn\u0105\u0107.<\/p>\n<p>Ich wszechstronno\u015b\u0107 pozwala na integracj\u0119 z r\u00f3\u017cnymi \u015brodowiskami, od drzwi pokoju dzieci\u0119cego po p\u00f3\u0142ki, p\u00f3\u0142ki lub jako dekoracyjne detale na \u015bcianach.<\/p>\n<p>Ka\u017cda litera jest w pe\u0142ni konfigurowalna, mo\u017cesz wybra\u0107 nazw\u0119, wymiary i kolor, kt\u00f3ry najbardziej Ci si\u0119 podoba.<\/p>\n<p>Mamy szerok\u0105 gam\u0119 kolor\u00f3w do wyboru!<\/p>\n<p>S\u0105 idealnym prezentem dla noworodk\u00f3w, niemowl\u0105t i dzieci w ka\u017cdym wieku.<\/p>\n<p>Za ka\u017cdym razem, gdy na nie spojrzysz, b\u0119d\u0105 Ci przypomina\u0107 nie tylko o swoim pi\u0119knie, ale tak\u017ce o mi\u0142o\u015bci i po\u015bwi\u0119ceniu, z jakim zosta\u0142y stworzone. Spersonalizuj przestrze\u0144 swojego dziecka za pomoc\u0105 tego oryginalnego inicja\u0142u z imieniem. Zmie\u0144 sw\u00f3j pok\u00f3j w wyj\u0105tkowe i radosne miejsce dzi\u0119ki temu uroczemu produktowi!<\/p>\n<ul>\n<li>\ud83c\udfa8 STW\u00d3RZ SW\u00d3J NIESTANDARDOWY PROJEKT! Wybierz spo\u015br\u00f3d szerokiej gamy kolor\u00f3w, aby dopasowa\u0107 je do swoich upodoba\u0144. Mamy 5 r\u00f3\u017cnych rozmiar\u00f3w: 7 cm, 9 cm, 12 cm, 15 cm i 18 cm wysoko\u015bci, kt\u00f3re mo\u017cna dostosowa\u0107 do ka\u017cdej przestrzeni w domu.<\/li>\n<li>\ud83d\udccf GRUBY I WYTRZYMA\u0141Y: nasze spersonalizowane litery o grubo\u015bci 1,6 cm idealnie nadaj\u0105 si\u0119 do umieszczenia na p\u00f3\u0142kach, sto\u0142ach lub p\u00f3\u0142kach. Mo\u017cna je tak\u017ce z \u0142atwo\u015bci\u0105 powiesi\u0107 na \u015bcianie, drzwiach sypialni czy \u0142\u00f3\u017ceczku.<\/li>\n<li>\ud83c\udf89 NIESPODZIANKA ORYGINALNYMI PREZENTAMI: Idealne na specjalne okazje, takie jak baby shower, wesele itp. S\u0105 wyj\u0105tkowym detalem, kt\u00f3ry ozdobi S\u0142odki St\u00f3\u0142 lub Batonik i sprawi, \u017ce Twoi bliscy poczuj\u0105 si\u0119 wyj\u0105tkowo.<\/li>\n<li>\ud83c\udfe0 WSZECHSTRONNA DEKORACJA: Nasze litery idealnie pasuj\u0105 do ka\u017cdego \u015brodowiska domowego, od pokoi dzieci\u0119cych i sypialni po salony i korytarze. Dodaj osobisty i niepowtarzalny charakter do ka\u017cdej przestrzeni.<\/li>\n<li>\ud83c\udf0d ZR\u00d3WNOWA\u017bONE MATERIA\u0141Y I LOKALNA PRODUKCJA: Wykonane z PLA, ekologicznego materia\u0142u pochodz\u0105cego z zasob\u00f3w naturalnych, takich jak kukurydza. Przyjazny dla \u015brodowiska. Wszystkie nasze produkty s\u0105 produkowane w Hiszpanii przy u\u017cyciu druku 3D, ci\u0119cia laserowego i grawerowania, co zapewnia nienaganne wyko\u0144czenie.<\/li>\n<\/ul>","protected":false},"excerpt":{"rendered":"<p>Czy chcia\u0142by\u015b zamieni\u0107 swoje przestrzenie w zak\u0105tki pe\u0142ne marze\u0144 i wyobra\u017ani? Nasze spersonalizowane litery dekoracyjne s\u0105 idealn\u0105 opcj\u0105, aby to osi\u0105gn\u0105\u0107. Ich wszechstronno\u015b\u0107 pozwala na integracj\u0119 z r\u00f3\u017cnymi \u015brodowiskami, od drzwi pokoju dzieci\u0119cego po p\u00f3\u0142ki, p\u00f3\u0142ki lub jako dekoracyjne detale na \u015bcianach. Ka\u017cda litera jest w pe\u0142ni konfigurowalna, mo\u017cesz wybra\u0107 nazw\u0119, wymiary i kolor, kt\u00f3ry najbardziej Ci si\u0119 podoba.<\/p>","protected":false},"featured_media":8683,"template":"","meta":{"_seopress_robots_primary_cat":"104","_seopress_titles_title":"","_seopress_titles_desc":"Transforma tus espacios con letras 3D personalizadas en varios colores y tama\u00f1os. Decora con estilo y sostenibilidad. Ideal para regalos \u00fanicos.","_seopress_robots_index":"","_seopress_analysis_target_kw":"letra,3d,personalizada","site-sidebar-layout":"default","site-content-layout":"","ast-site-content-layout":"default","site-content-style":"default","site-sidebar-style":"default","ast-global-header-display":"","ast-banner-title-visibility":"","ast-main-header-display":"","ast-hfb-above-header-display":"","ast-hfb-below-header-display":"","ast-hfb-mobile-header-display":"","site-post-title":"","ast-breadcrumbs-content":"","ast-featured-img":"","footer-sml-layout":"","ast-disable-related-posts":"","theme-transparent-header-meta":"default","adv-header-id-meta":"","stick-header-meta":"default","header-above-stick-meta":"","header-main-stick-meta":"","header-below-stick-meta":"","astra-migrate-meta-layouts":"set","ast-page-background-enabled":"default","ast-page-background-meta":{"desktop":{"background-color":"","background-image":"","background-repeat":"repeat","background-position":"center center","background-size":"auto","background-attachment":"scroll","background-type":"","background-media":"","overlay-type":"","overlay-color":"","overlay-opacity":"","overlay-gradient":""},"tablet":{"background-color":"","background-image":"","background-repeat":"repeat","background-position":"center center","background-size":"auto","background-attachment":"scroll","background-type":"","background-media":"","overlay-type":"","overlay-color":"","overlay-opacity":"","overlay-gradient":""},"mobile":{"background-color":"","background-image":"","background-repeat":"repeat","background-position":"center center","background-size":"auto","background-attachment":"scroll","background-type":"","background-media":"","overlay-type":"","overlay-color":"","overlay-opacity":"","overlay-gradient":""}},"ast-content-background-meta":{"desktop":{"background-color":"var(--ast-global-color-5)","background-image":"","background-repeat":"repeat","background-position":"center center","background-size":"auto","background-attachment":"scroll","background-type":"","background-media":"","overlay-type":"","overlay-color":"","overlay-opacity":"","overlay-gradient":""},"tablet":{"background-color":"var(--ast-global-color-5)","background-image":"","background-repeat":"repeat","background-position":"center center","background-size":"auto","background-attachment":"scroll","background-type":"","background-media":"","overlay-type":"","overlay-color":"","overlay-opacity":"","overlay-gradient":""},"mobile":{"background-color":"var(--ast-global-color-5)","background-image":"","background-repeat":"repeat","background-position":"center center","background-size":"auto","background-attachment":"scroll","background-type":"","background-media":"","overlay-type":"","overlay-color":"","overlay-opacity":"","overlay-gradient":""}}},"product_brand":[103],"product_cat":[51,45,52,104,49],"product_tag":[],"class_list":{"0":"post-8682","1":"product","2":"type-product","3":"status-publish","4":"has-post-thumbnail","6":"product_brand-kiemmi-creations","7":"product_cat-decoracion-del-hogar","8":"product_cat-detalles-para-bodas-y-eventos","9":"product_cat-habitacion-de-bebe","10":"product_cat-letras-3d-personalizadas","11":"product_cat-regalos-originales","12":"desktop-align-center","13":"tablet-align-left","14":"mobile-align-center","15":"ast-product-gallery-layout-horizontal","16":"ast-magnify-disabled","17":"ast-product-tabs-layout-horizontal","18":"tm-has-options","20":"first","21":"instock","22":"taxable","23":"shipping-taxable","24":"purchasable","25":"product-type-simple"},"_links":{"self":[{"href":"https:\/\/kiemmi.com\/pl\/wp-json\/wp\/v2\/product\/8682","targetHints":{"allow":["GET"]}}],"collection":[{"href":"https:\/\/kiemmi.com\/pl\/wp-json\/wp\/v2\/product"}],"about":[{"href":"https:\/\/kiemmi.com\/pl\/wp-json\/wp\/v2\/types\/product"}],"version-history":[{"count":0,"href":"https:\/\/kiemmi.com\/pl\/wp-json\/wp\/v2\/product\/8682\/revisions"}],"wp:featuredmedia":[{"embeddable":true,"href":"https:\/\/kiemmi.com\/pl\/wp-json\/wp\/v2\/media\/8683"}],"wp:attachment":[{"href":"https:\/\/kiemmi.com\/pl\/wp-json\/wp\/v2\/media?parent=8682"}],"wp:term":[{"taxonomy":"product_brand","embeddable":true,"href":"https:\/\/kiemmi.com\/pl\/wp-json\/wp\/v2\/product_brand?post=8682"},{"taxonomy":"product_cat","embeddable":true,"href":"https:\/\/kiemmi.com\/pl\/wp-json\/wp\/v2\/product_cat?post=8682"},{"taxonomy":"product_tag","embeddable":true,"href":"https:\/\/kiemmi.com\/pl\/wp-json\/wp\/v2\/product_tag?post=8682"}],"curies":[{"name":"wp","href":"https:\/\/api.w.org\/{rel}","templated":true}]}}