{"id":8618,"date":"2024-07-19T07:30:39","date_gmt":"2024-07-19T07:30:39","guid":{"rendered":"https:\/\/kiemmi.com\/?post_type=product&#038;p=8618"},"modified":"2025-09-25T19:47:42","modified_gmt":"2025-09-25T19:47:42","slug":"spersonalizowane-drewniane-litery-z-twoim-imieniem","status":"publish","type":"product","link":"https:\/\/kiemmi.com\/pl\/shop\/letras-3d-personalizadas\/letras-de-madera-personalizadas-con-tu-nombre\/","title":{"rendered":"Drewniane litery \u2013 spersonalizowane Twoim imieniem"},"content":{"rendered":"<p>Odkryj nasze ekskluzywne produkty <strong>spersonalizowane drewniane litery z imieniem<\/strong> kt\u00f3re przemieni\u0105 ka\u017cd\u0105 przestrze\u0144 w miejsce wyj\u0105tkowe i wyj\u0105tkowe. Wykonane z wysokiej jako\u015bci drewna litery s\u0105 wystarczaj\u0105co grube, aby stabilnie sta\u0107 na stole, dodaj\u0105c dekoracyjny i oryginalny akcent do Twojego domu lub wydarzenia.<\/p>\n<p><em><strong>G\u0142\u00f3wne cechy:<\/strong><\/em><\/p>\n<ul>\n<li><strong>Projekt niestandardowy:<\/strong> Ka\u017cda litera jest wycinana i malowana zgodnie z Twoimi specyfikacjami, tworz\u0105c naprawd\u0119 wyj\u0105tkowy i osobisty prezent.<\/li>\n<li><strong>Dekoracyjna wszechstronno\u015b\u0107:<\/strong> Idealny do dekoracji sto\u0142\u00f3w, p\u00f3\u0142ek, a nawet zawieszenia na \u015bcianie. Jego wszechstronna konstrukcja dostosowuje si\u0119 do ka\u017cdego stylu dekoracji.<\/li>\n<li><strong>Zapewniona stabilno\u015b\u0107:<\/strong> Dzi\u0119ki swojej grubo\u015bci litery te stoj\u0105 stabilnie, staj\u0105c si\u0119 funkcjonalnym i estetycznym elementem dekoracyjnym.<\/li>\n<li><strong>R\u00f3\u017cnorodno\u015b\u0107 rozmiar\u00f3w:<\/strong> Dost\u0119pne w r\u00f3\u017cnych rozmiarach, aby idealnie dopasowa\u0107 si\u0119 do Twoich potrzeb i preferencji dekoracyjnych.<\/li>\n<li><strong>Idealny prezent:<\/strong> Zaskocz swoich bliskich oryginalnym i spersonalizowanym detalem. Idealna na wesele, rocznic\u0119 lub inn\u0105 wyj\u0105tkow\u0105 okazj\u0119.<\/li>\n<li><strong>R\u0119cznie wykonany:<\/strong> Ka\u017cda litera jest starannie wykonana r\u0119cznie, co zapewnia wyj\u0105tkow\u0105 jako\u015b\u0107 i dba\u0142o\u015b\u0107 o szczeg\u00f3\u0142y.<\/li>\n<li><strong>Grubo\u015b\u0107:<\/strong> 18mm.<\/li>\n<\/ul>\n<p><em><strong>Zalecane zastosowania:<\/strong><\/em><\/p>\n<ul>\n<li><strong>Dekoracja domu:<\/strong> Dodaj osobisty akcent do swojego salonu, sypialni lub innego pomieszczenia.<\/li>\n<li><strong>Wydarzenia specjalne:<\/strong> Idealny do personalizacji wesel, rocznic, baby shower i innych uroczysto\u015bci.<\/li>\n<li><strong>Biura i firmy:<\/strong> Stw\u00f3rz przyjazn\u0105 i profesjonaln\u0105 atmosfer\u0119 w swoim miejscu pracy dzi\u0119ki niestandardowym napisom, kt\u00f3re odzwierciedlaj\u0105 Twoj\u0105 mark\u0119 lub nazw\u0119.<\/li>\n<\/ul>\n<p><em><strong>Dlaczego warto wybra\u0107 nasze niestandardowe drewniane litery?<\/strong><\/em><br \/>\nKa\u017cdy element wykonany jest z zaanga\u017cowaniem i dba\u0142o\u015bci\u0105 o szczeg\u00f3\u0142y, dzi\u0119ki czemu otrzymujesz produkt wysokiej jako\u015bci, kt\u00f3ry ka\u017cdy pokocha. Niestandardowe litery drewniane to nie tylko element dekoracyjny, ale tak\u017ce spos\u00f3b na wyra\u017cenie osobowo\u015bci i stylu.<\/p>\n<p>Zam\u00f3w ju\u017c dzi\u015b i nadaj ka\u017cdemu pomieszczeniu charakterystyczny i osobisty charakter dzi\u0119ki naszym spersonalizowanym drewnianym literom z imionami. Prezent, kt\u00f3ry zostanie doceniony i zapami\u0119tany!<\/p>","protected":false},"excerpt":{"rendered":"<p>Nadaj swoim dekoracjom niepowtarzalny charakter dzi\u0119ki naszym spersonalizowanym drewnianym literom z wybranym przez Ciebie imieniem! Te litery, wykonane r\u0119cznie i zaprojektowane tak, aby sta\u0142y, idealnie nadaj\u0105 si\u0119 na sto\u0142y lub \u015bciany. Oryginalny i wyj\u0105tkowy prezent na ka\u017cd\u0105 okazj\u0119. Nasze litery s\u0105 dost\u0119pne w r\u00f3\u017cnych rozmiarach, dostosowanych do Twoich potrzeb. Ka\u017cdy element jest starannie wykonany, aby zapewni\u0107 wysok\u0105 jako\u015b\u0107 wyko\u0144czenia. Odmie\u0144 ka\u017cd\u0105 przestrze\u0144 za pomoc\u0105 tego eleganckiego elementu dekoracyjnego!<\/p>","protected":false},"featured_media":8621,"template":"","meta":{"_seopress_robots_primary_cat":"104","_seopress_titles_title":"%%title%% %%page%%","_seopress_titles_desc":"","_seopress_robots_index":"","site-sidebar-layout":"default","site-content-layout":"","ast-site-content-layout":"default","site-content-style":"default","site-sidebar-style":"default","ast-global-header-display":"","ast-banner-title-visibility":"","ast-main-header-display":"","ast-hfb-above-header-display":"","ast-hfb-below-header-display":"","ast-hfb-mobile-header-display":"","site-post-title":"","ast-breadcrumbs-content":"","ast-featured-img":"","footer-sml-layout":"","ast-disable-related-posts":"","theme-transparent-header-meta":"default","adv-header-id-meta":"","stick-header-meta":"default","header-above-stick-meta":"","header-main-stick-meta":"","header-below-stick-meta":"","astra-migrate-meta-layouts":"set","ast-page-background-enabled":"default","ast-page-background-meta":{"desktop":{"background-color":"","background-image":"","background-repeat":"repeat","background-position":"center center","background-size":"auto","background-attachment":"scroll","background-type":"","background-media":"","overlay-type":"","overlay-color":"","overlay-opacity":"","overlay-gradient":""},"tablet":{"background-color":"","background-image":"","background-repeat":"repeat","background-position":"center center","background-size":"auto","background-attachment":"scroll","background-type":"","background-media":"","overlay-type":"","overlay-color":"","overlay-opacity":"","overlay-gradient":""},"mobile":{"background-color":"","background-image":"","background-repeat":"repeat","background-position":"center center","background-size":"auto","background-attachment":"scroll","background-type":"","background-media":"","overlay-type":"","overlay-color":"","overlay-opacity":"","overlay-gradient":""}},"ast-content-background-meta":{"desktop":{"background-color":"var(--ast-global-color-5)","background-image":"","background-repeat":"repeat","background-position":"center center","background-size":"auto","background-attachment":"scroll","background-type":"","background-media":"","overlay-type":"","overlay-color":"","overlay-opacity":"","overlay-gradient":""},"tablet":{"background-color":"var(--ast-global-color-5)","background-image":"","background-repeat":"repeat","background-position":"center center","background-size":"auto","background-attachment":"scroll","background-type":"","background-media":"","overlay-type":"","overlay-color":"","overlay-opacity":"","overlay-gradient":""},"mobile":{"background-color":"var(--ast-global-color-5)","background-image":"","background-repeat":"repeat","background-position":"center center","background-size":"auto","background-attachment":"scroll","background-type":"","background-media":"","overlay-type":"","overlay-color":"","overlay-opacity":"","overlay-gradient":""}}},"product_brand":[],"product_cat":[51,45,52,104,40,49],"product_tag":[],"class_list":{"0":"post-8618","1":"product","2":"type-product","3":"status-publish","4":"has-post-thumbnail","6":"product_cat-decoracion-del-hogar","7":"product_cat-detalles-para-bodas-y-eventos","8":"product_cat-habitacion-de-bebe","9":"product_cat-letras-3d-personalizadas","10":"product_cat-letrero-madera","11":"product_cat-regalos-originales","12":"desktop-align-center","13":"tablet-align-left","14":"mobile-align-center","15":"ast-product-gallery-layout-horizontal","16":"ast-magnify-disabled","17":"ast-product-tabs-layout-horizontal","18":"tm-has-options","20":"first","21":"instock","22":"taxable","23":"shipping-taxable","24":"purchasable","25":"product-type-simple"},"_links":{"self":[{"href":"https:\/\/kiemmi.com\/pl\/wp-json\/wp\/v2\/product\/8618","targetHints":{"allow":["GET"]}}],"collection":[{"href":"https:\/\/kiemmi.com\/pl\/wp-json\/wp\/v2\/product"}],"about":[{"href":"https:\/\/kiemmi.com\/pl\/wp-json\/wp\/v2\/types\/product"}],"version-history":[{"count":0,"href":"https:\/\/kiemmi.com\/pl\/wp-json\/wp\/v2\/product\/8618\/revisions"}],"wp:featuredmedia":[{"embeddable":true,"href":"https:\/\/kiemmi.com\/pl\/wp-json\/wp\/v2\/media\/8621"}],"wp:attachment":[{"href":"https:\/\/kiemmi.com\/pl\/wp-json\/wp\/v2\/media?parent=8618"}],"wp:term":[{"taxonomy":"product_brand","embeddable":true,"href":"https:\/\/kiemmi.com\/pl\/wp-json\/wp\/v2\/product_brand?post=8618"},{"taxonomy":"product_cat","embeddable":true,"href":"https:\/\/kiemmi.com\/pl\/wp-json\/wp\/v2\/product_cat?post=8618"},{"taxonomy":"product_tag","embeddable":true,"href":"https:\/\/kiemmi.com\/pl\/wp-json\/wp\/v2\/product_tag?post=8618"}],"curies":[{"name":"wp","href":"https:\/\/api.w.org\/{rel}","templated":true}]}}