{"id":8579,"date":"2024-07-01T21:13:59","date_gmt":"2024-07-01T21:13:59","guid":{"rendered":"https:\/\/kiemmi.com\/?post_type=product&#038;p=8579"},"modified":"2025-10-27T19:06:33","modified_gmt":"2025-10-27T19:06:33","slug":"spersonalizowany-okragly-drewniany-zegar-scienny","status":"publish","type":"product","link":"https:\/\/kiemmi.com\/pl\/shop\/relojes-de-madera\/reloj-de-pared-de-madera-circular-personalizado\/","title":{"rendered":"Spersonalizowany okr\u0105g\u0142y drewniany zegar \u015bcienny"},"content":{"rendered":"<p>Odkryj elegancj\u0119 i funkcjonalno\u015b\u0107 <strong>Spersonalizowany drewniany zegar \u015bcienny<\/strong>. Wykonany z precyzj\u0105 przy u\u017cyciu technik grawerowania i ci\u0119cia laserowego, zegar ten stanie si\u0119 wyj\u0105tkowym i charakterystycznym elementem ka\u017cdej przestrzeni.<\/p>\n<h4>Wyr\u00f3\u017cnione funkcje:<\/h4>\n<ul>\n<li><strong>Wysokiej jako\u015bci materia\u0142<\/strong>: Wykonane z trwa\u0142ego drewna, kt\u00f3re dodaje Twoim dekoracjom naturalnego i ciep\u0142ego akcentu.<\/li>\n<li><strong>Pe\u0142na personalizacja<\/strong>: Wybierz jeden z kilku styl\u00f3w numeracji i typ\u00f3w wskaz\u00f3wek, aby dostosowa\u0107 zegar do swojego gustu i dekoracji.<\/li>\n<li><strong>Niestandardowy dysk centralny<\/strong>: Dodaj niepowtarzalny akcent dzi\u0119ki spersonalizowanej wiadomo\u015bci, ekskluzywnemu projektowi lub pe\u0142nokolorowemu grawerowi. Technologia grawerowania laserowego zapewnia precyzj\u0119 i trwa\u0142o\u015b\u0107.<\/li>\n<li><strong>Dekoracyjna wszechstronno\u015b\u0107<\/strong>: Idealny do ka\u017cdego zak\u0105tka domu, biura, lokalu komercyjnego i nie tylko. Jego ponadczasowy design dostosowuje si\u0119 do r\u00f3\u017cnych styl\u00f3w dekoracyjnych.<\/li>\n<\/ul>\n<h4>Dlaczego warto wybra\u0107 nasz zegar \u015bcienny?<\/h4>\n<ul>\n<li><strong>Unikalny i ekskluzywny projekt<\/strong>: Ka\u017cdy zegarek jest wyj\u0105tkowy dzi\u0119ki oferowanym przez nas opcjom dostosowywania.<\/li>\n<li><strong>Najwy\u017csza jako\u015b\u0107<\/strong>: Po\u0142\u0105czenie wysokiej jako\u015bci materia\u0142\u00f3w i zaawansowanych technik grawerowania zapewnia produkt trwa\u0142y i nienaganny estetycznie.<\/li>\n<li><strong>Idealny prezent<\/strong>: Zaskocz swoich bliskich spersonalizowanym i wymownym prezentem, idealnym na ka\u017cd\u0105 specjaln\u0105 okazj\u0119.<\/li>\n<\/ul>\n<h4>Jak spersonalizowa\u0107 sw\u00f3j zegarek:<\/h4>\n<ol>\n<li><strong>Wybierz styl numerowania<\/strong>: Mamy kilka wzor\u00f3w numer\u00f3w dostosowanych do Twoich preferencji.<\/li>\n<li><strong>Wybierz rodzaj igie\u0142<\/strong>: Dostosuj styl wskaz\u00f3wek, aby pasowa\u0142y do projektu zegarka.<\/li>\n<li><strong>Zaprojektuj dysk centralny<\/strong>: Dodaj specjaln\u0105 wiadomo\u015b\u0107, niestandardowy projekt lub grawer w pe\u0142nym kolorze.<\/li>\n<\/ol>\n<h4>Dane techniczne:<\/h4>\n<ul>\n<li><strong>Tworzywo<\/strong>: Drewno<\/li>\n<li><strong>Rozmiar<\/strong>: \u015arednica 28,5 cm<\/li>\n<li><strong>Waga<\/strong>: 300 gr.<\/li>\n<li><strong>\u0179r\u00f3d\u0142o energii<\/strong>: Baterie AA (brak w zestawie)<\/li>\n<\/ul>\n<p>Dodaj odrobin\u0119 wyrafinowania i personalizacji do swojej przestrzeni dzi\u0119ki naszym <strong>Spersonalizowany drewniany zegar \u015bcienny<\/strong>. Z\u0142\u00f3\u017c zam\u00f3wienie ju\u017c dzi\u015b i odmie\u0144 swoj\u0105 dekoracj\u0119 dzi\u0119ki temu ekskluzywnemu egzemplarzowi!<\/p>","protected":false},"excerpt":{"rendered":"<p>Spersonalizowany drewniany zegar \u015bcienny z grawerem i ci\u0119ciem laserowym. Wybierz jeden z kilku styl\u00f3w numeracji i typ\u00f3w igie\u0142. Spersonalizuj centralny dysk za pomoc\u0105 wiadomo\u015bci, ekskluzywnego projektu lub kolorowego graweru. Idealny do dekoracji domu, biura lub firmy. Unikalna jako\u015b\u0107 i design.<\/p>","protected":false},"featured_media":8585,"template":"","meta":{"_seopress_robots_primary_cat":"86","_seopress_titles_title":"%%title%% %%page%%","_seopress_titles_desc":"","_seopress_robots_index":"","_seopress_analysis_target_kw":"","site-sidebar-layout":"default","site-content-layout":"","ast-site-content-layout":"default","site-content-style":"default","site-sidebar-style":"default","ast-global-header-display":"","ast-banner-title-visibility":"","ast-main-header-display":"","ast-hfb-above-header-display":"","ast-hfb-below-header-display":"","ast-hfb-mobile-header-display":"","site-post-title":"","ast-breadcrumbs-content":"","ast-featured-img":"","footer-sml-layout":"","ast-disable-related-posts":"","theme-transparent-header-meta":"","adv-header-id-meta":"","stick-header-meta":"","header-above-stick-meta":"","header-main-stick-meta":"","header-below-stick-meta":"","astra-migrate-meta-layouts":"default","ast-page-background-enabled":"default","ast-page-background-meta":{"desktop":{"background-color":"","background-image":"","background-repeat":"repeat","background-position":"center center","background-size":"auto","background-attachment":"scroll","background-type":"","background-media":"","overlay-type":"","overlay-color":"","overlay-opacity":"","overlay-gradient":""},"tablet":{"background-color":"","background-image":"","background-repeat":"repeat","background-position":"center center","background-size":"auto","background-attachment":"scroll","background-type":"","background-media":"","overlay-type":"","overlay-color":"","overlay-opacity":"","overlay-gradient":""},"mobile":{"background-color":"","background-image":"","background-repeat":"repeat","background-position":"center center","background-size":"auto","background-attachment":"scroll","background-type":"","background-media":"","overlay-type":"","overlay-color":"","overlay-opacity":"","overlay-gradient":""}},"ast-content-background-meta":{"desktop":{"background-color":"var(--ast-global-color-5)","background-image":"","background-repeat":"repeat","background-position":"center center","background-size":"auto","background-attachment":"scroll","background-type":"","background-media":"","overlay-type":"","overlay-color":"","overlay-opacity":"","overlay-gradient":""},"tablet":{"background-color":"var(--ast-global-color-5)","background-image":"","background-repeat":"repeat","background-position":"center center","background-size":"auto","background-attachment":"scroll","background-type":"","background-media":"","overlay-type":"","overlay-color":"","overlay-opacity":"","overlay-gradient":""},"mobile":{"background-color":"var(--ast-global-color-5)","background-image":"","background-repeat":"repeat","background-position":"center center","background-size":"auto","background-attachment":"scroll","background-type":"","background-media":"","overlay-type":"","overlay-color":"","overlay-opacity":"","overlay-gradient":""}}},"product_brand":[],"product_cat":[51,86],"product_tag":[],"class_list":{"0":"post-8579","1":"product","2":"type-product","3":"status-publish","4":"has-post-thumbnail","6":"product_cat-decoracion-del-hogar","7":"product_cat-relojes-de-madera","8":"desktop-align-center","9":"tablet-align-left","10":"mobile-align-center","11":"ast-product-gallery-layout-horizontal","12":"ast-magnify-disabled","13":"ast-product-tabs-layout-horizontal","14":"tm-has-options","16":"first","17":"instock","18":"taxable","19":"shipping-taxable","20":"purchasable","21":"product-type-simple"},"_links":{"self":[{"href":"https:\/\/kiemmi.com\/pl\/wp-json\/wp\/v2\/product\/8579","targetHints":{"allow":["GET"]}}],"collection":[{"href":"https:\/\/kiemmi.com\/pl\/wp-json\/wp\/v2\/product"}],"about":[{"href":"https:\/\/kiemmi.com\/pl\/wp-json\/wp\/v2\/types\/product"}],"version-history":[{"count":0,"href":"https:\/\/kiemmi.com\/pl\/wp-json\/wp\/v2\/product\/8579\/revisions"}],"wp:featuredmedia":[{"embeddable":true,"href":"https:\/\/kiemmi.com\/pl\/wp-json\/wp\/v2\/media\/8585"}],"wp:attachment":[{"href":"https:\/\/kiemmi.com\/pl\/wp-json\/wp\/v2\/media?parent=8579"}],"wp:term":[{"taxonomy":"product_brand","embeddable":true,"href":"https:\/\/kiemmi.com\/pl\/wp-json\/wp\/v2\/product_brand?post=8579"},{"taxonomy":"product_cat","embeddable":true,"href":"https:\/\/kiemmi.com\/pl\/wp-json\/wp\/v2\/product_cat?post=8579"},{"taxonomy":"product_tag","embeddable":true,"href":"https:\/\/kiemmi.com\/pl\/wp-json\/wp\/v2\/product_tag?post=8579"}],"curies":[{"name":"wp","href":"https:\/\/api.w.org\/{rel}","templated":true}]}}