{"id":8565,"date":"2024-06-28T10:38:43","date_gmt":"2024-06-28T10:38:43","guid":{"rendered":"https:\/\/kiemmi.com\/?post_type=product&#038;p=8565"},"modified":"2025-09-11T07:18:58","modified_gmt":"2025-09-11T07:18:58","slug":"spersonalizowana-agenda-2025-z-kolorowymi-i-grawerowanymi-laserowo-drewnianymi-okladkami","status":"publish","type":"product","link":"https:\/\/kiemmi.com\/pl\/shop\/escuelas-y-profesores\/agenda-2025-personalizada-tapas-de-madera-a-color-y-grabadas-a-laser\/","title":{"rendered":"Spersonalizowany plan zaj\u0119\u0107 na lata 2025-2026 \u2013 kolorowe drewniane ok\u0142adki grawerowane laserowo"},"content":{"rendered":"<p>Odkryj spersonalizowany planer na lata 2025-2026, zaprojektowany dla os\u00f3b poszukuj\u0105cych stylu i funkcjonalno\u015bci. Dzi\u0119ki kolorowym, drewnianym ok\u0142adkom i wyrafinowanemu grawerowaniu laserowemu, ten planer b\u0119dzie idealnym uzupe\u0142nieniem Twojego codziennego \u017cycia.<\/p>\n<p><strong>Wyr\u00f3\u017cnione funkcje:<\/strong><\/p>\n<ul>\n<li><em><strong>Kolorowe drewniane blaty:<\/strong><\/em> Elegancja i trwa\u0142o\u015b\u0107 po\u0142\u0105czona w szerokiej gamie kolorystycznej.<\/li>\n<li><em><strong>Niestandardowe grawerowanie laserowe:<\/strong><\/em> Dodaj niepowtarzalny akcent za pomoc\u0105 swojego imienia, logo lub specjalnego projektu.<\/li>\n<li><em><strong>Dost\u0119pne j\u0119zyki:<\/strong><\/em> Wybierz jeden z kilku j\u0119zyk\u00f3w, kt\u00f3ry odpowiada Twoim potrzebom.<\/li>\n<li><em><strong>Konfigurowalny okres:<\/strong><\/em> Wybierz okres, kt\u00f3ry najbardziej Ci odpowiada, wybieraj\u0105c \u201eDat\u0119 rozpocz\u0119cia\u201d i \u201eDat\u0119 zako\u0144czenia\u201d<\/li>\n<li><em><strong>Konfigurowalne dni tygodnia:<\/strong><\/em> Ustaw sw\u00f3j kalendarz tak, aby pokazywa\u0142 tylko te dni tygodnia, kt\u00f3rych potrzebujesz.<\/li>\n<li><em><strong>Idealny na prezenty:<\/strong><\/em> Idealny dla nauczycieli, nauczycieli, uczni\u00f3w i ka\u017cdego, kto ceni sobie stylow\u0105 organizacj\u0119.<\/li>\n<\/ul>\n<p><strong>Zalety:<\/strong><\/p>\n<ul>\n<li><em><strong>Organizacja niestandardowa:<\/strong><\/em> Dostosuj sw\u00f3j planer tak, aby idealnie pasowa\u0142 do Twojego stylu \u017cycia.<\/li>\n<li><em><strong>Wyj\u0105tkowy i wyj\u0105tkowy prezent:<\/strong><\/em> Zaskocz swoich bliskich praktycznym i eleganckim prezentem.<\/li>\n<li><em><strong>Najwy\u017csza jako\u015b\u0107:<\/strong><\/em> Wykonane z wysokiej jako\u015bci materia\u0142\u00f3w, kt\u00f3re zapewniaj\u0105 trwa\u0142o\u015b\u0107 i doskona\u0142y wygl\u0105d.<\/li>\n<\/ul>\n<p><strong>Idealne zastosowanie:<\/strong><\/p>\n<ul>\n<li><em><strong>Profesorowie i nauczyciele:<\/strong><\/em> Utrzymuj porz\u0105dek w swoich zaj\u0119ciach i zadaniach.<\/li>\n<li><em><strong>Uczniowie i studenci:<\/strong><\/em> Zaplanuj dok\u0142adnie sw\u00f3j rok akademicki.<\/li>\n<li><em><strong>Profesjonali\u015bci:<\/strong><\/em> Zarz\u0105dzaj swoimi spotkaniami i codziennymi zadaniami za pomoc\u0105 eleganckiego i wydajnego narz\u0119dzia.<\/li>\n<\/ul>\n<p>Nie przegap okazji, aby mie\u0107 wyj\u0105tkowy planer, kt\u00f3ry odzwierciedla Twoj\u0105 osobowo\u015b\u0107 i pomaga Ci zachowa\u0107 porz\u0105dek. Spersonalizuj sw\u00f3j ju\u017c dzi\u015b i zacznij 2026 rok w\u0142a\u015bciw\u0105 nog\u0105!<\/p>\n<p><em><strong>Kup teraz i nadaj swojej codziennej organizacji spersonalizowany charakter, na jaki zas\u0142uguje.<\/strong><\/em><\/p>","protected":false},"excerpt":{"rendered":"<div class=\"flex-shrink-0 flex flex-col relative items-end\">\n<div>\n<div class=\"pt-0.5 juice:pt-0\">\n<div class=\"gizmo-bot-avatar flex h-6 w-6 items-center justify-center overflow-hidden rounded-full juice:h-8 juice:w-8\">\n<div class=\"relative p-1 rounded-sm flex items-center justify-center bg-token-main-surface-primary text-token-text-primary h-8 w-8\"><span style=\"font-size: 1rem;\">Personalizowany planer 2025-2026 ma eleganckie, grawerowane laserowo, dopasowane kolorystycznie drewniane ok\u0142adki, oferuj\u0105c wyj\u0105tkowy i wyrafinowany design. Mo\u017cesz wybiera\u0107 spo\u015br\u00f3d r\u00f3\u017cnych j\u0119zyk\u00f3w i dostosowywa\u0107 okres u\u017cytkowania, wybieraj\u0105c daty rozpocz\u0119cia i zako\u0144czenia. Mo\u017cesz r\u00f3wnie\u017c wybra\u0107 dni tygodnia, w kt\u00f3rych chcesz si\u0119 pojawia\u0107. To idealny prezent dla nauczycieli, uczni\u00f3w i ka\u017cdego, kto ceni sobie organizacj\u0119. Ten planer \u0142\u0105czy w sobie najwy\u017csz\u0105 jako\u015b\u0107 i funkcjonalno\u015b\u0107, zapewniaj\u0105c, \u017ce ka\u017cdy dzie\u0144 jest idealnie zaplanowany.<\/span><\/div>\n<\/div>\n<\/div>\n<\/div>\n<\/div>","protected":false},"featured_media":30432,"template":"","meta":{"_seopress_robots_primary_cat":"82","_seopress_titles_title":"Agenda Profesores Personalizada 2026: Elegancia y Estilo \u00danico","_seopress_titles_desc":"Descubre la elegancia de nuestra agenda 2025-26 con tapas de madera y grabado l\u00e1ser. Personaliza y organiza tu d\u00eda a d\u00eda. \u00a1Consigue la tuya ahora!","_seopress_robots_index":"","_seopress_analysis_target_kw":"","site-sidebar-layout":"default","site-content-layout":"","ast-site-content-layout":"default","site-content-style":"default","site-sidebar-style":"default","ast-global-header-display":"","ast-banner-title-visibility":"","ast-main-header-display":"","ast-hfb-above-header-display":"","ast-hfb-below-header-display":"","ast-hfb-mobile-header-display":"","site-post-title":"","ast-breadcrumbs-content":"","ast-featured-img":"","footer-sml-layout":"","ast-disable-related-posts":"","theme-transparent-header-meta":"default","adv-header-id-meta":"","stick-header-meta":"default","header-above-stick-meta":"","header-main-stick-meta":"","header-below-stick-meta":"","astra-migrate-meta-layouts":"set","ast-page-background-enabled":"default","ast-page-background-meta":{"desktop":{"background-color":"","background-image":"","background-repeat":"repeat","background-position":"center center","background-size":"auto","background-attachment":"scroll","background-type":"","background-media":"","overlay-type":"","overlay-color":"","overlay-opacity":"","overlay-gradient":""},"tablet":{"background-color":"","background-image":"","background-repeat":"repeat","background-position":"center center","background-size":"auto","background-attachment":"scroll","background-type":"","background-media":"","overlay-type":"","overlay-color":"","overlay-opacity":"","overlay-gradient":""},"mobile":{"background-color":"","background-image":"","background-repeat":"repeat","background-position":"center center","background-size":"auto","background-attachment":"scroll","background-type":"","background-media":"","overlay-type":"","overlay-color":"","overlay-opacity":"","overlay-gradient":""}},"ast-content-background-meta":{"desktop":{"background-color":"var(--ast-global-color-5)","background-image":"","background-repeat":"repeat","background-position":"center center","background-size":"auto","background-attachment":"scroll","background-type":"","background-media":"","overlay-type":"","overlay-color":"","overlay-opacity":"","overlay-gradient":""},"tablet":{"background-color":"var(--ast-global-color-5)","background-image":"","background-repeat":"repeat","background-position":"center center","background-size":"auto","background-attachment":"scroll","background-type":"","background-media":"","overlay-type":"","overlay-color":"","overlay-opacity":"","overlay-gradient":""},"mobile":{"background-color":"var(--ast-global-color-5)","background-image":"","background-repeat":"repeat","background-position":"center center","background-size":"auto","background-attachment":"scroll","background-type":"","background-media":"","overlay-type":"","overlay-color":"","overlay-opacity":"","overlay-gradient":""}}},"product_brand":[],"product_cat":[82,50],"product_tag":[],"class_list":{"0":"post-8565","1":"product","2":"type-product","3":"status-publish","4":"has-post-thumbnail","6":"product_cat-escuelas-y-profesores","7":"product_cat-libretas-de-madera-personalizadas","8":"desktop-align-center","9":"tablet-align-left","10":"mobile-align-center","11":"ast-product-gallery-layout-horizontal","12":"ast-magnify-disabled","13":"ast-product-tabs-layout-horizontal","14":"tm-has-options","16":"first","17":"instock","18":"taxable","19":"shipping-taxable","20":"purchasable","21":"product-type-simple"},"_links":{"self":[{"href":"https:\/\/kiemmi.com\/pl\/wp-json\/wp\/v2\/product\/8565","targetHints":{"allow":["GET"]}}],"collection":[{"href":"https:\/\/kiemmi.com\/pl\/wp-json\/wp\/v2\/product"}],"about":[{"href":"https:\/\/kiemmi.com\/pl\/wp-json\/wp\/v2\/types\/product"}],"version-history":[{"count":0,"href":"https:\/\/kiemmi.com\/pl\/wp-json\/wp\/v2\/product\/8565\/revisions"}],"wp:featuredmedia":[{"embeddable":true,"href":"https:\/\/kiemmi.com\/pl\/wp-json\/wp\/v2\/media\/30432"}],"wp:attachment":[{"href":"https:\/\/kiemmi.com\/pl\/wp-json\/wp\/v2\/media?parent=8565"}],"wp:term":[{"taxonomy":"product_brand","embeddable":true,"href":"https:\/\/kiemmi.com\/pl\/wp-json\/wp\/v2\/product_brand?post=8565"},{"taxonomy":"product_cat","embeddable":true,"href":"https:\/\/kiemmi.com\/pl\/wp-json\/wp\/v2\/product_cat?post=8565"},{"taxonomy":"product_tag","embeddable":true,"href":"https:\/\/kiemmi.com\/pl\/wp-json\/wp\/v2\/product_tag?post=8565"}],"curies":[{"name":"wp","href":"https:\/\/api.w.org\/{rel}","templated":true}]}}