{"id":8243,"date":"2024-06-01T19:56:52","date_gmt":"2024-06-01T19:56:52","guid":{"rendered":"https:\/\/kiemmi.com\/?post_type=product&#038;p=8243"},"modified":"2025-08-05T05:47:57","modified_gmt":"2025-08-05T05:47:57","slug":"agenda-2025-dla-nauczycieli-spersonalizowane-drewniane-okladki-grawerowane-laserowo","status":"publish","type":"product","link":"https:\/\/kiemmi.com\/pl\/shop\/escuelas-y-profesores\/agenda-2025-para-profesores-personalizada-tapas-de-madera-grabadas-a-laser\/","title":{"rendered":"Spersonalizowany dziennik nauczyciela 2025-2026 \u2013 ok\u0142adka drewniana grawerowana laserowo"},"content":{"rendered":"<p>Odkryj nasz ekskluzywny planer 2025-2026, zaprojektowany specjalnie dla nauczycieli przedszkolnych. R\u0119cznie wykonany z dba\u0142o\u015bci\u0105 o szczeg\u00f3\u0142y, ten planer \u0142\u0105czy funkcjonalno\u015b\u0107 i elegancj\u0119, dzi\u0119ki czemu jest idealnym towarzyszem do organizacji roku szkolnego.<\/p>\n<p><strong>Wyr\u00f3\u017cnione funkcje:<\/strong><\/p>\n<ul>\n<li><em><strong>Konfigurowalne drewniane blaty<\/strong><\/em>: Ok\u0142adki tego planisty wykonane s\u0105 z wysokiej jako\u015bci drewna, co zapewnia wyj\u0105tkow\u0105 trwa\u0142o\u015b\u0107 i wyrafinowany wygl\u0105d. Spersonalizuj je swoim imieniem i specjaln\u0105 wygrawerowan\u0105 laserowo wiadomo\u015bci\u0105, aby nada\u0107 im niepowtarzalny i osobisty charakter.<\/li>\n<li><em><strong>Miesi\u0119czne strony organizacyjne i notatki<\/strong><\/em>: Ka\u017cdy miesi\u0105c jest wyra\u017anie podzielony, co pozwala na efektywne planowanie. Ponadto pomi\u0119dzy ka\u017cdym miesi\u0105cem znajdziesz strony z notatkami, dzi\u0119ki kt\u00f3rym mo\u017cesz zapisywa\u0107 pomys\u0142y, przypomnienia i wszelkie wa\u017cne informacje, kt\u00f3re potrzebujesz mie\u0107 pod r\u0119k\u0105.<\/li>\n<li><strong>R\u0119cznie wykonany<\/strong>: Ka\u017cda Agenda jest wykonywana r\u0119cznie, co zapewnia najwy\u017csz\u0105 jako\u015b\u0107 i ekskluzywny design, kt\u00f3rego nie znajdziesz w masowych produkcjach. Dba\u0142o\u015b\u0107 o szczeg\u00f3\u0142y na ka\u017cdym etapie procesu produkcyjnego sprawia, \u017ce planer jest nie tylko funkcjonalny, ale tak\u017ce dzie\u0142em sztuki.<\/li>\n<\/ul>\n<p><strong>Korzy\u015bci:<\/strong><\/p>\n<ul>\n<li><em><strong>Efektywne planowanie<\/strong><\/em>: Utrzymuj swoje zaj\u0119cia, wydarzenia i zaj\u0119cia w uporz\u0105dkowany spos\u00f3b, korzystaj\u0105c z przejrzystej struktury miesi\u0119cznej i dodatkowego miejsca na notatki.<\/li>\n<li><em><strong>Styl i personalizacja<\/strong><\/em>: Wyr\u00f3\u017cnij si\u0119 na tle innych dzi\u0119ki spersonalizowanemu programowi, kt\u00f3ry odzwierciedla Tw\u00f3j styl i zaanga\u017cowanie. Opcja grawerowania laserowego pozwala na dodanie osobistego i znacz\u0105cego akcentu.<\/li>\n<li><em><strong>Zr\u00f3wnowa\u017cony rozw\u00f3j i jako\u015b\u0107<\/strong><\/em>: Wybieraj\u0105c planer wykonany r\u0119cznie z wysokiej jako\u015bci materia\u0142\u00f3w, decydujesz si\u0119 na trwa\u0142y i zr\u00f3wnowa\u017cony produkt, idealny do intensywnego codziennego u\u017cytku.<\/li>\n<\/ul>\n<p><strong>Idealny na prezent:<\/strong><\/p>\n<p>Szukasz idealnego prezentu dla kolegi z pracy lub dla siebie? Nasz spersonalizowany planer to doskona\u0142y wyb\u00f3r dla ka\u017cdego nauczyciela, kt\u00f3ry ceni organizacj\u0119, styl i personalizacj\u0119.<\/p>\n<hr \/>\n<p>Zoptymalizuj sw\u00f3j rok szkolny 2025 za pomoc\u0105 terminarza, kt\u00f3ry nie tylko pomo\u017ce Ci zachowa\u0107 porz\u0105dek, ale tak\u017ce doda elegancji i personalizacji Twojej codziennej rutynie. Z\u0142\u00f3\u017c zam\u00f3wienie ju\u017c teraz i zacznij planowa\u0107 sw\u00f3j sukces!<\/p>","protected":false},"excerpt":{"rendered":"<p>Odkryj nasz planer dla nauczycieli przedszkolnych na lata 2025\u20132026, wykonany r\u0119cznie z personalizowanymi, grawerowanymi laserowo drewnianymi ok\u0142adkami. Posiada miesi\u0119czn\u0105 struktur\u0119 i strony na notatki mi\u0119dzy ka\u017cdym miesi\u0105cem, co u\u0142atwia wydajne i uporz\u0105dkowane planowanie. Ka\u017cdy planer jest wyj\u0105tkowy i wykonany r\u0119cznie, co zapewnia jako\u015b\u0107 i ekskluzywny design. Idealny do personalizacji imieniem i specjaln\u0105 wiadomo\u015bci\u0105, dodaje eleganckiego i osobistego akcentu do Twojej codziennej rutyny. Idealny jako prezent, \u0142\u0105czy w sobie funkcjonalno\u015b\u0107, styl i zr\u00f3wnowa\u017cony rozw\u00f3j, aby towarzyszy\u0107 Ci przez ca\u0142y rok szkolny.<\/p>","protected":false},"featured_media":8247,"template":"","meta":{"_seopress_robots_primary_cat":"82","_seopress_titles_title":"Agenda Personalizada 2025-26: Elegancia y Funcionalidad","_seopress_titles_desc":"Descubre la agenda personalizada 2025-26 para profesores: madera de calidad, organizaci\u00f3n mensual y grabado l\u00e1ser \u00fanico. \u00a1Aprovecha la elegancia artesanal!","_seopress_robots_index":"","_seopress_analysis_target_kw":"","site-sidebar-layout":"default","site-content-layout":"","ast-site-content-layout":"default","site-content-style":"default","site-sidebar-style":"default","ast-global-header-display":"","ast-banner-title-visibility":"","ast-main-header-display":"","ast-hfb-above-header-display":"","ast-hfb-below-header-display":"","ast-hfb-mobile-header-display":"","site-post-title":"","ast-breadcrumbs-content":"","ast-featured-img":"","footer-sml-layout":"","ast-disable-related-posts":"","theme-transparent-header-meta":"default","adv-header-id-meta":"","stick-header-meta":"default","header-above-stick-meta":"","header-main-stick-meta":"","header-below-stick-meta":"","astra-migrate-meta-layouts":"set","ast-page-background-enabled":"default","ast-page-background-meta":{"desktop":{"background-color":"","background-image":"","background-repeat":"repeat","background-position":"center center","background-size":"auto","background-attachment":"scroll","background-type":"","background-media":"","overlay-type":"","overlay-color":"","overlay-opacity":"","overlay-gradient":""},"tablet":{"background-color":"","background-image":"","background-repeat":"repeat","background-position":"center center","background-size":"auto","background-attachment":"scroll","background-type":"","background-media":"","overlay-type":"","overlay-color":"","overlay-opacity":"","overlay-gradient":""},"mobile":{"background-color":"","background-image":"","background-repeat":"repeat","background-position":"center center","background-size":"auto","background-attachment":"scroll","background-type":"","background-media":"","overlay-type":"","overlay-color":"","overlay-opacity":"","overlay-gradient":""}},"ast-content-background-meta":{"desktop":{"background-color":"var(--ast-global-color-5)","background-image":"","background-repeat":"repeat","background-position":"center center","background-size":"auto","background-attachment":"scroll","background-type":"","background-media":"","overlay-type":"","overlay-color":"","overlay-opacity":"","overlay-gradient":""},"tablet":{"background-color":"var(--ast-global-color-5)","background-image":"","background-repeat":"repeat","background-position":"center center","background-size":"auto","background-attachment":"scroll","background-type":"","background-media":"","overlay-type":"","overlay-color":"","overlay-opacity":"","overlay-gradient":""},"mobile":{"background-color":"var(--ast-global-color-5)","background-image":"","background-repeat":"repeat","background-position":"center center","background-size":"auto","background-attachment":"scroll","background-type":"","background-media":"","overlay-type":"","overlay-color":"","overlay-opacity":"","overlay-gradient":""}}},"product_brand":[],"product_cat":[82,50],"product_tag":[],"class_list":{"0":"post-8243","1":"product","2":"type-product","3":"status-publish","4":"has-post-thumbnail","6":"product_cat-escuelas-y-profesores","7":"product_cat-libretas-de-madera-personalizadas","8":"desktop-align-center","9":"tablet-align-left","10":"mobile-align-center","11":"ast-product-gallery-layout-horizontal","12":"ast-magnify-disabled","13":"ast-product-tabs-layout-horizontal","14":"tm-has-options","16":"first","17":"instock","18":"taxable","19":"shipping-taxable","20":"purchasable","21":"product-type-simple"},"_links":{"self":[{"href":"https:\/\/kiemmi.com\/pl\/wp-json\/wp\/v2\/product\/8243","targetHints":{"allow":["GET"]}}],"collection":[{"href":"https:\/\/kiemmi.com\/pl\/wp-json\/wp\/v2\/product"}],"about":[{"href":"https:\/\/kiemmi.com\/pl\/wp-json\/wp\/v2\/types\/product"}],"version-history":[{"count":0,"href":"https:\/\/kiemmi.com\/pl\/wp-json\/wp\/v2\/product\/8243\/revisions"}],"wp:featuredmedia":[{"embeddable":true,"href":"https:\/\/kiemmi.com\/pl\/wp-json\/wp\/v2\/media\/8247"}],"wp:attachment":[{"href":"https:\/\/kiemmi.com\/pl\/wp-json\/wp\/v2\/media?parent=8243"}],"wp:term":[{"taxonomy":"product_brand","embeddable":true,"href":"https:\/\/kiemmi.com\/pl\/wp-json\/wp\/v2\/product_brand?post=8243"},{"taxonomy":"product_cat","embeddable":true,"href":"https:\/\/kiemmi.com\/pl\/wp-json\/wp\/v2\/product_cat?post=8243"},{"taxonomy":"product_tag","embeddable":true,"href":"https:\/\/kiemmi.com\/pl\/wp-json\/wp\/v2\/product_tag?post=8243"}],"curies":[{"name":"wp","href":"https:\/\/api.w.org\/{rel}","templated":true}]}}