{"id":7788,"date":"2024-03-18T14:38:11","date_gmt":"2024-03-18T14:38:11","guid":{"rendered":"https:\/\/kiemmi.com\/?post_type=product&#038;p=7788"},"modified":"2025-12-09T11:26:37","modified_gmt":"2025-12-09T11:26:37","slug":"drewniana-sukienka-do-powieszenia-zdjec-miesiac-urodzin","status":"publish","type":"product","link":"https:\/\/kiemmi.com\/pl\/shop\/natalicios\/vestido-de-madera-para-colgar-fotos-cumple-mes\/","title":{"rendered":"Drewniana sukienka do wieszania zdj\u0119\u0107 na miesi\u0105c urodzin"},"content":{"rendered":"<p>Uchwy\u0107 ka\u017cd\u0105 chwil\u0119 pierwszego roku \u017cycia swojego dziecka dzi\u0119ki naszej uroczej, spersonalizowanej drewnianej sukience wisz\u0105cej na miesi\u0105c!<\/p>\n<p>Nasza drewniana sukienka urodzinowa to idealny element tworzenia niezapomnianych wspomnie\u0144. Wykonana z wysokiej jako\u015bci drewna sukienka jest trwa\u0142a i urocza. Z \u0142atwo\u015bci\u0105 mo\u017cesz go spersonalizowa\u0107, dodaj\u0105c imi\u0119 swojego dziecka, dzi\u0119ki czemu stanie si\u0119 wyj\u0105tkowym i wyj\u0105tkowym skarbem.<\/p>\n<p>Z miejscem na powieszenie zdj\u0119\u0107 z ka\u017cdego miesi\u0105ca pierwszego roku \u017cycia dziecka, ta sukienka jest nie tylko pi\u0119kn\u0105 ozdob\u0105 pokoju dzieci\u0119cego, ale tak\u017ce doskona\u0142ym sposobem na \u015bledzenie wzrostu i rozwoju Twojego malucha. Ka\u017cde zdj\u0119cie uwiecznia cenny moment, kt\u00f3ry zapami\u0119tasz na zawsze.<\/p>\n<p>Prze\u017cyj te chwile jeszcze raz i uczcij pierwszy rok \u017cycia swojego dziecka dzi\u0119ki naszej drewnianej sukience urodzinowej. Spraw, aby ka\u017cdy miesi\u0105c by\u0142 wyj\u0105tkowy i niezapomniany!<\/p>\n<p><em><strong>Wymiary:<\/strong><\/em><\/p>\n<ul>\n<li>Szeroko\u015b\u0107: 28 cm<\/li>\n<li>Wysoko\u015b\u0107 49,5 cm<\/li>\n<\/ul>","protected":false},"excerpt":{"rendered":"<p>Uchwy\u0107 wyj\u0105tkowe chwile pierwszego roku \u017cycia swojego dziecka dzi\u0119ki naszej drewnianej wisz\u0105cej sukience ze zdj\u0119ciem miesi\u0105ca. Spersonalizuj go imieniem swojego dziecka, aby by\u0142 jeszcze bardziej wyj\u0105tkowy. Wykonany z wysokiej jako\u015bci drewna, jest trwa\u0142y i uroczy. Idealny do dekoracji pokoi dzieci\u0119cych i pami\u0119tania o rozwoju dziecka. Prze\u017cyj ponownie ka\u017cdy miesi\u0105c ze zdj\u0119ciami, kt\u00f3re zachowasz na zawsze.<\/p>","protected":false},"featured_media":7791,"template":"","meta":{"_seopress_robots_primary_cat":"81","_seopress_titles_title":"","_seopress_titles_desc":"","_seopress_robots_index":"","_seopress_analysis_target_kw":"","site-sidebar-layout":"default","site-content-layout":"","ast-site-content-layout":"default","site-content-style":"default","site-sidebar-style":"default","ast-global-header-display":"","ast-banner-title-visibility":"","ast-main-header-display":"","ast-hfb-above-header-display":"","ast-hfb-below-header-display":"","ast-hfb-mobile-header-display":"","site-post-title":"","ast-breadcrumbs-content":"","ast-featured-img":"","footer-sml-layout":"","ast-disable-related-posts":"","theme-transparent-header-meta":"default","adv-header-id-meta":"","stick-header-meta":"default","header-above-stick-meta":"","header-main-stick-meta":"","header-below-stick-meta":"","astra-migrate-meta-layouts":"set","ast-page-background-enabled":"default","ast-page-background-meta":{"desktop":{"background-color":"","background-image":"","background-repeat":"repeat","background-position":"center center","background-size":"auto","background-attachment":"scroll","background-type":"","background-media":"","overlay-type":"","overlay-color":"","overlay-opacity":"","overlay-gradient":""},"tablet":{"background-color":"","background-image":"","background-repeat":"repeat","background-position":"center center","background-size":"auto","background-attachment":"scroll","background-type":"","background-media":"","overlay-type":"","overlay-color":"","overlay-opacity":"","overlay-gradient":""},"mobile":{"background-color":"","background-image":"","background-repeat":"repeat","background-position":"center center","background-size":"auto","background-attachment":"scroll","background-type":"","background-media":"","overlay-type":"","overlay-color":"","overlay-opacity":"","overlay-gradient":""}},"ast-content-background-meta":{"desktop":{"background-color":"var(--ast-global-color-5)","background-image":"","background-repeat":"repeat","background-position":"center center","background-size":"auto","background-attachment":"scroll","background-type":"","background-media":"","overlay-type":"","overlay-color":"","overlay-opacity":"","overlay-gradient":""},"tablet":{"background-color":"var(--ast-global-color-5)","background-image":"","background-repeat":"repeat","background-position":"center center","background-size":"auto","background-attachment":"scroll","background-type":"","background-media":"","overlay-type":"","overlay-color":"","overlay-opacity":"","overlay-gradient":""},"mobile":{"background-color":"var(--ast-global-color-5)","background-image":"","background-repeat":"repeat","background-position":"center center","background-size":"auto","background-attachment":"scroll","background-type":"","background-media":"","overlay-type":"","overlay-color":"","overlay-opacity":"","overlay-gradient":""}}},"product_brand":[],"product_cat":[52,81,49],"product_tag":[],"class_list":{"0":"post-7788","1":"product","2":"type-product","3":"status-publish","4":"has-post-thumbnail","6":"product_cat-habitacion-de-bebe","7":"product_cat-natalicios","8":"product_cat-regalos-originales","9":"desktop-align-center","10":"tablet-align-left","11":"mobile-align-center","12":"ast-product-gallery-layout-horizontal","13":"ast-product-gallery-with-no-image","14":"ast-magnify-disabled","15":"ast-product-tabs-layout-horizontal","16":"tm-has-options","18":"first","19":"instock","20":"taxable","21":"shipping-taxable","22":"purchasable","23":"product-type-simple"},"_links":{"self":[{"href":"https:\/\/kiemmi.com\/pl\/wp-json\/wp\/v2\/product\/7788","targetHints":{"allow":["GET"]}}],"collection":[{"href":"https:\/\/kiemmi.com\/pl\/wp-json\/wp\/v2\/product"}],"about":[{"href":"https:\/\/kiemmi.com\/pl\/wp-json\/wp\/v2\/types\/product"}],"version-history":[{"count":0,"href":"https:\/\/kiemmi.com\/pl\/wp-json\/wp\/v2\/product\/7788\/revisions"}],"wp:featuredmedia":[{"embeddable":true,"href":"https:\/\/kiemmi.com\/pl\/wp-json\/wp\/v2\/media\/7791"}],"wp:attachment":[{"href":"https:\/\/kiemmi.com\/pl\/wp-json\/wp\/v2\/media?parent=7788"}],"wp:term":[{"taxonomy":"product_brand","embeddable":true,"href":"https:\/\/kiemmi.com\/pl\/wp-json\/wp\/v2\/product_brand?post=7788"},{"taxonomy":"product_cat","embeddable":true,"href":"https:\/\/kiemmi.com\/pl\/wp-json\/wp\/v2\/product_cat?post=7788"},{"taxonomy":"product_tag","embeddable":true,"href":"https:\/\/kiemmi.com\/pl\/wp-json\/wp\/v2\/product_tag?post=7788"}],"curies":[{"name":"wp","href":"https:\/\/api.w.org\/{rel}","templated":true}]}}