{"id":7763,"date":"2024-03-03T21:52:40","date_gmt":"2024-03-03T21:52:40","guid":{"rendered":"https:\/\/kiemmi.com\/?post_type=product&#038;p=7763"},"modified":"2024-07-28T13:37:23","modified_gmt":"2024-07-28T13:37:23","slug":"wielokolorowa-lampa-led-z-metakrylanem","status":"publish","type":"product","link":"https:\/\/kiemmi.com\/pl\/shop\/lamparas\/lampara-led-multicolor-metacrilato-de-nacimiento\/","title":{"rendered":"Wielokolorowa lampa LED do narodzin z metakrylanu"},"content":{"rendered":"<p>Odkryj wielokolorow\u0105 lamp\u0119 LED z metakrylanu, idealn\u0105 na wyj\u0105tkowe chwile, takie jak narodziny dziecka! Zaprojektowana specjalnie jako lampka nocna dla dzieci, lampa ta zapewnia spersonalizowane i urocze do\u015bwiadczenie.<\/p>\n<p>Dzi\u0119ki mo\u017cliwo\u015bci personalizacji imienia dziecka i dodania szczeg\u00f3\u0142\u00f3w urodzenia, takich jak data, godzina, waga i wzrost, lampa ta stanie si\u0119 niezapomnian\u0105 pami\u0105tk\u0105. Do\u0142\u0105czony pilot zdalnego sterowania umo\u017cliwia \u0142atwe sterowanie animacjami o mi\u0119kkich i p\u0142ynnych kolorach wy\u015bwietlanych za pomoc\u0105 diod LED o wysokiej rozdzielczo\u015bci.<\/p>\n<p>Daj si\u0119 oczarowa\u0107 animacj\u0105 t\u0119czy, kt\u00f3ra stworzy uspokajaj\u0105ce i relaksuj\u0105ce \u015brodowisko idealne dla Twojego dziecka. Ponadto lampa ta zosta\u0142a zaprojektowana z my\u015bl\u0105 o bezpiecze\u0144stwie dzieci, poniewa\u017c dzia\u0142a przy niskim napi\u0119ciu i mo\u017cna j\u0105 \u0142atwo pod\u0142\u0105czy\u0107 za pomoc\u0105 \u0142adowarki mobilnej USB-C.<\/p>\n<p>Niezale\u017cnie od tego, czy b\u0119dzie to pi\u0119kna dekoracja pokoju Twojego dziecka, czy wyj\u0105tkowy prezent dla noworodka, ta wielokolorowa lampa LED to wyj\u0105tkowy wyb\u00f3r. Ponadto metakrylan zosta\u0142 poddany obr\u00f3bce nanotechnologicznej, kt\u00f3ra zapobiega mikrozarysowaniom i chroni lamp\u0119 przed kurzem, gwarantuj\u0105c jej trwa\u0142o\u015b\u0107 i pi\u0119kno na przestrzeni czasu.<\/p>\n<p>Stw\u00f3rz wspania\u0142e otoczenie dzi\u0119ki tej dzieci\u0119cej lampce LED!<\/p>\n<p><strong>Charakterystyka:<\/strong><\/p>\n<ul>\n<li><strong>Wymiary:<\/strong>\n<ul>\n<li>Normalny model:\n<ul>\n<li>Szeroko\u015b\u0107: 16cm<\/li>\n<li>Wysoko\u015b\u0107: 17cm<\/li>\n<li>G\u0142\u0119boko\u015b\u0107: 6cm (od podstawy)<\/li>\n<\/ul>\n<\/li>\n<li>Du\u017cy model:\n<ul>\n<li>Szeroko\u015b\u0107: 20cm<\/li>\n<li>Wysoko\u015b\u0107: 21,5 cm<\/li>\n<li>G\u0142\u0119boko\u015b\u0107: 6cm (od podstawy)<\/li>\n<\/ul>\n<\/li>\n<\/ul>\n<\/li>\n<\/ul>","protected":false},"excerpt":{"rendered":"<p>Odkryj wielokolorow\u0105 metakrylanow\u0105 lampk\u0119 LED na urodziny, idealn\u0105 jako lampka nocna dla dzieci. Mo\u017cna go dostosowa\u0107, dodaj\u0105c imi\u0119 dziecka i informacje o urodzeniu, dzi\u0119ki czemu staje si\u0119 wyj\u0105tkow\u0105 pami\u0105tk\u0105. Dzi\u0119ki pilotowi i diodom LED o wysokiej rozdzielczo\u015bci tworzy p\u0142ynne i relaksuj\u0105ce animacje. Bezpieczny dla dzieci, zasilany niskim napi\u0119ciem i z\u0142\u0105czem USB-C. \u015awietnie sprawdzi si\u0119 jako dekoracja lub prezent dla noworodk\u00f3w.<\/p>","protected":false},"featured_media":7771,"template":"","meta":{"_seopress_robots_primary_cat":"19","_seopress_titles_title":"%%title%% %%page%%","_seopress_titles_desc":"","_seopress_robots_index":"","_seopress_analysis_target_kw":"","site-sidebar-layout":"default","site-content-layout":"","ast-site-content-layout":"default","site-content-style":"default","site-sidebar-style":"default","ast-global-header-display":"","ast-banner-title-visibility":"","ast-main-header-display":"","ast-hfb-above-header-display":"","ast-hfb-below-header-display":"","ast-hfb-mobile-header-display":"","site-post-title":"","ast-breadcrumbs-content":"","ast-featured-img":"","footer-sml-layout":"","ast-disable-related-posts":"","theme-transparent-header-meta":"","adv-header-id-meta":"","stick-header-meta":"","header-above-stick-meta":"","header-main-stick-meta":"","header-below-stick-meta":"","astra-migrate-meta-layouts":"default","ast-page-background-enabled":"default","ast-page-background-meta":{"desktop":{"background-color":"","background-image":"","background-repeat":"repeat","background-position":"center center","background-size":"auto","background-attachment":"scroll","background-type":"","background-media":"","overlay-type":"","overlay-color":"","overlay-opacity":"","overlay-gradient":""},"tablet":{"background-color":"","background-image":"","background-repeat":"repeat","background-position":"center center","background-size":"auto","background-attachment":"scroll","background-type":"","background-media":"","overlay-type":"","overlay-color":"","overlay-opacity":"","overlay-gradient":""},"mobile":{"background-color":"","background-image":"","background-repeat":"repeat","background-position":"center center","background-size":"auto","background-attachment":"scroll","background-type":"","background-media":"","overlay-type":"","overlay-color":"","overlay-opacity":"","overlay-gradient":""}},"ast-content-background-meta":{"desktop":{"background-color":"var(--ast-global-color-5)","background-image":"","background-repeat":"repeat","background-position":"center center","background-size":"auto","background-attachment":"scroll","background-type":"","background-media":"","overlay-type":"","overlay-color":"","overlay-opacity":"","overlay-gradient":""},"tablet":{"background-color":"var(--ast-global-color-5)","background-image":"","background-repeat":"repeat","background-position":"center center","background-size":"auto","background-attachment":"scroll","background-type":"","background-media":"","overlay-type":"","overlay-color":"","overlay-opacity":"","overlay-gradient":""},"mobile":{"background-color":"var(--ast-global-color-5)","background-image":"","background-repeat":"repeat","background-position":"center center","background-size":"auto","background-attachment":"scroll","background-type":"","background-media":"","overlay-type":"","overlay-color":"","overlay-opacity":"","overlay-gradient":""}}},"product_brand":[],"product_cat":[19,49],"product_tag":[],"class_list":{"0":"post-7763","1":"product","2":"type-product","3":"status-publish","4":"has-post-thumbnail","6":"product_cat-lamparas","7":"product_cat-regalos-originales","8":"desktop-align-center","9":"tablet-align-left","10":"mobile-align-center","11":"ast-product-gallery-layout-horizontal","12":"ast-magnify-disabled","13":"ast-product-tabs-layout-horizontal","14":"tm-has-options","16":"first","17":"instock","18":"taxable","19":"shipping-taxable","20":"purchasable","21":"product-type-simple"},"_links":{"self":[{"href":"https:\/\/kiemmi.com\/pl\/wp-json\/wp\/v2\/product\/7763","targetHints":{"allow":["GET"]}}],"collection":[{"href":"https:\/\/kiemmi.com\/pl\/wp-json\/wp\/v2\/product"}],"about":[{"href":"https:\/\/kiemmi.com\/pl\/wp-json\/wp\/v2\/types\/product"}],"version-history":[{"count":0,"href":"https:\/\/kiemmi.com\/pl\/wp-json\/wp\/v2\/product\/7763\/revisions"}],"wp:featuredmedia":[{"embeddable":true,"href":"https:\/\/kiemmi.com\/pl\/wp-json\/wp\/v2\/media\/7771"}],"wp:attachment":[{"href":"https:\/\/kiemmi.com\/pl\/wp-json\/wp\/v2\/media?parent=7763"}],"wp:term":[{"taxonomy":"product_brand","embeddable":true,"href":"https:\/\/kiemmi.com\/pl\/wp-json\/wp\/v2\/product_brand?post=7763"},{"taxonomy":"product_cat","embeddable":true,"href":"https:\/\/kiemmi.com\/pl\/wp-json\/wp\/v2\/product_cat?post=7763"},{"taxonomy":"product_tag","embeddable":true,"href":"https:\/\/kiemmi.com\/pl\/wp-json\/wp\/v2\/product_tag?post=7763"}],"curies":[{"name":"wp","href":"https:\/\/api.w.org\/{rel}","templated":true}]}}