{"id":7684,"date":"2024-02-13T06:42:24","date_gmt":"2024-02-13T06:42:24","guid":{"rendered":"https:\/\/kiemmi.com\/?post_type=product&#038;p=7684"},"modified":"2025-12-09T11:26:37","modified_gmt":"2025-12-09T11:26:37","slug":"drewniany-notatnik-w-kolorze-paryskim","status":"publish","type":"product","link":"https:\/\/kiemmi.com\/pl\/shop\/libretas-de-madera-personalizadas\/libreta-de-madera-a-color-paris\/","title":{"rendered":"Drewniany notatnik w kolorze paryskim"},"content":{"rendered":"<p>Nasze r\u0119cznie robione notesy to prawdziwa pere\u0142ka dla mi\u0142o\u015bnik\u00f3w pisania i projektowania. Ka\u017cdy z nich posiada laserowo wycinane drewniane blaty, co czyni je wyj\u0105tkowymi i charakterystycznymi. Dodatkowo nasze notesy ozdobione s\u0105 pe\u0142nokolorowym nadrukiem miasta Pary\u017ca, co dodaje im francuskiego uroku i szczypty romantyzmu.<\/p>\n<p>Notatnik ma format A5, dzi\u0119ki czemu jest praktyczny i \u0142atwy do zabrania w dowolne miejsce. Dzi\u0119ki 80 arkuszom, czyli 160 stronom, b\u0119dziesz mie\u0107 wi\u0119cej ni\u017c wystarczaj\u0105co miejsca na zapisanie wszystkich swoich pomys\u0142\u00f3w, przemy\u015ble\u0144 i wa\u017cnych notatek. Niezale\u017cnie od tego, czy piszesz, rysujesz, czy po prostu robisz notatki, ten notatnik b\u0119dzie idealnym towarzyszem wszystkich Twoich przyg\u00f3d.<\/p>\n<p>Ponadto mo\u017cesz jeszcze bardziej spersonalizowa\u0107 sw\u00f3j notebook, wybieraj\u0105c spo\u015br\u00f3d r\u00f3\u017cnych metalowych naro\u017cnik\u00f3w chroni\u0105cych jego kraw\u0119dzie. Niezale\u017cnie od tego, czy s\u0105 w odcieniach z\u0142ota, srebra czy czerni, te naro\u017cniki dodaj\u0105 Twojemu notebookowi eleganckiego i wyrafinowanego charakteru, jednocze\u015bnie chroni\u0105c go przed zu\u017cyciem wynikaj\u0105cym z codziennego u\u017cytkowania.<\/p>\n<p>Kr\u00f3tko m\u00f3wi\u0105c, nasze r\u0119cznie robione notesy z wycinanymi laserowo drewnianymi ok\u0142adkami, pe\u0142nokolorowym nadrukiem miasta Pary\u017ca, format A5 i 80 kartek to idealne po\u0142\u0105czenie stylu, funkcjonalno\u015bci i jako\u015bci. Nie tylko pomog\u0105 Ci uporz\u0105dkowa\u0107 pomys\u0142y, ale b\u0119d\u0105 tak\u017ce przedmiotem podziwu i zazdro\u015bci tych, kt\u00f3rzy je zobacz\u0105. Nie czekaj d\u0142u\u017cej i zdob\u0105d\u017a sw\u00f3j ju\u017c teraz!<\/p>\n<p><strong>Charakterystyka:<\/strong><\/p>\n<ul>\n<li><em>Tapas:<\/em> 15,2 cm (szeroko\u015b\u0107) x 21,5 cm (wysoko\u015b\u0107) x 2,5 cm (grubo\u015b\u0107)<\/li>\n<li><em>Li\u015bcie:<\/em> DIN A5 (szeroko\u015b\u0107 14,8 cm x wysoko\u015b\u0107 21 cm)<\/li>\n<li>80 arkuszy (160 stron)<\/li>\n<\/ul>","protected":false},"excerpt":{"rendered":"<p>Nasze r\u0119cznie robione notesy to wyj\u0105tkowe klejnoty z wyci\u0119tymi laserowo drewnianymi ok\u0142adkami ozdobionymi pe\u0142nokolorowym nadrukiem przedstawiaj\u0105cym Pary\u017c, co nadaje im romantyczny charakter. S\u0105 praktyczne i \u0142atwe do przenoszenia, zawieraj\u0105 80 arkuszy, na kt\u00f3rych mo\u017cesz zapisa\u0107 swoje pomys\u0142y i wa\u017cne notatki. Ponadto mo\u017cna je dostosowa\u0107 za pomoc\u0105 metalowych naro\u017cnik\u00f3w w odcieniach z\u0142ota, srebra lub czerni, aby je chroni\u0107 i nada\u0107 im elegancki charakter. Kr\u00f3tko m\u00f3wi\u0105c, nasze notesy to idealne po\u0142\u0105czenie stylu, funkcjonalno\u015bci i jako\u015bci, kt\u00f3re nie tylko pomog\u0105 Ci uporz\u0105dkowa\u0107 Twoje pomys\u0142y, ale tak\u017ce b\u0119d\u0105 podziwiane przez innych.<\/p>","protected":false},"featured_media":8212,"template":"","meta":{"_seopress_robots_primary_cat":"50","_seopress_titles_title":"Libretas \u00fanicas de Par\u00eds: dise\u00f1o elegante y pr\u00e1ctico","_seopress_titles_desc":"Descubre nuestras libretas A5 \u00fanicas, hechas a mano con tapas de madera y dise\u00f1o de Par\u00eds. Elegancia, funcionalidad y estilo en cada p\u00e1gina. \u00a1Consigue la tuya!","_seopress_robots_index":"","_seopress_analysis_target_kw":"","site-sidebar-layout":"default","site-content-layout":"","ast-site-content-layout":"default","site-content-style":"default","site-sidebar-style":"default","ast-global-header-display":"","ast-banner-title-visibility":"","ast-main-header-display":"","ast-hfb-above-header-display":"","ast-hfb-below-header-display":"","ast-hfb-mobile-header-display":"","site-post-title":"","ast-breadcrumbs-content":"","ast-featured-img":"","footer-sml-layout":"","ast-disable-related-posts":"","theme-transparent-header-meta":"default","adv-header-id-meta":"","stick-header-meta":"default","header-above-stick-meta":"","header-main-stick-meta":"","header-below-stick-meta":"","astra-migrate-meta-layouts":"set","ast-page-background-enabled":"default","ast-page-background-meta":{"desktop":{"background-color":"","background-image":"","background-repeat":"repeat","background-position":"center center","background-size":"auto","background-attachment":"scroll","background-type":"","background-media":"","overlay-type":"","overlay-color":"","overlay-opacity":"","overlay-gradient":""},"tablet":{"background-color":"","background-image":"","background-repeat":"repeat","background-position":"center center","background-size":"auto","background-attachment":"scroll","background-type":"","background-media":"","overlay-type":"","overlay-color":"","overlay-opacity":"","overlay-gradient":""},"mobile":{"background-color":"","background-image":"","background-repeat":"repeat","background-position":"center center","background-size":"auto","background-attachment":"scroll","background-type":"","background-media":"","overlay-type":"","overlay-color":"","overlay-opacity":"","overlay-gradient":""}},"ast-content-background-meta":{"desktop":{"background-color":"var(--ast-global-color-5)","background-image":"","background-repeat":"repeat","background-position":"center center","background-size":"auto","background-attachment":"scroll","background-type":"","background-media":"","overlay-type":"","overlay-color":"","overlay-opacity":"","overlay-gradient":""},"tablet":{"background-color":"var(--ast-global-color-5)","background-image":"","background-repeat":"repeat","background-position":"center center","background-size":"auto","background-attachment":"scroll","background-type":"","background-media":"","overlay-type":"","overlay-color":"","overlay-opacity":"","overlay-gradient":""},"mobile":{"background-color":"var(--ast-global-color-5)","background-image":"","background-repeat":"repeat","background-position":"center center","background-size":"auto","background-attachment":"scroll","background-type":"","background-media":"","overlay-type":"","overlay-color":"","overlay-opacity":"","overlay-gradient":""}}},"product_brand":[],"product_cat":[50],"product_tag":[],"class_list":{"0":"post-7684","1":"product","2":"type-product","3":"status-publish","4":"has-post-thumbnail","6":"product_cat-libretas-de-madera-personalizadas","7":"desktop-align-center","8":"tablet-align-left","9":"mobile-align-center","10":"ast-product-gallery-layout-horizontal","11":"ast-product-gallery-with-no-image","12":"ast-magnify-disabled","13":"ast-product-tabs-layout-horizontal","14":"tm-has-options","16":"first","17":"instock","18":"taxable","19":"shipping-taxable","20":"purchasable","21":"product-type-simple"},"_links":{"self":[{"href":"https:\/\/kiemmi.com\/pl\/wp-json\/wp\/v2\/product\/7684","targetHints":{"allow":["GET"]}}],"collection":[{"href":"https:\/\/kiemmi.com\/pl\/wp-json\/wp\/v2\/product"}],"about":[{"href":"https:\/\/kiemmi.com\/pl\/wp-json\/wp\/v2\/types\/product"}],"version-history":[{"count":0,"href":"https:\/\/kiemmi.com\/pl\/wp-json\/wp\/v2\/product\/7684\/revisions"}],"wp:featuredmedia":[{"embeddable":true,"href":"https:\/\/kiemmi.com\/pl\/wp-json\/wp\/v2\/media\/8212"}],"wp:attachment":[{"href":"https:\/\/kiemmi.com\/pl\/wp-json\/wp\/v2\/media?parent=7684"}],"wp:term":[{"taxonomy":"product_brand","embeddable":true,"href":"https:\/\/kiemmi.com\/pl\/wp-json\/wp\/v2\/product_brand?post=7684"},{"taxonomy":"product_cat","embeddable":true,"href":"https:\/\/kiemmi.com\/pl\/wp-json\/wp\/v2\/product_cat?post=7684"},{"taxonomy":"product_tag","embeddable":true,"href":"https:\/\/kiemmi.com\/pl\/wp-json\/wp\/v2\/product_tag?post=7684"}],"curies":[{"name":"wp","href":"https:\/\/api.w.org\/{rel}","templated":true}]}}