{"id":6843,"date":"2023-10-15T09:15:56","date_gmt":"2023-10-15T09:15:56","guid":{"rendered":"https:\/\/kiemmi.com\/?post_type=product&#038;p=6843"},"modified":"2024-10-08T06:56:06","modified_gmt":"2024-10-08T06:56:06","slug":"recznie-robiony-drewniany-uchwyt-na-telefon-komorkowy-z-grawerem-laserowym-zwierzat","status":"publish","type":"product","link":"https:\/\/kiemmi.com\/pl\/shop\/soportes-para-moviles\/soporte-para-moviles-de-madera-hecho-a-mano-con-grabado-laser-de-animales\/","title":{"rendered":"R\u0119cznie robiony drewniany uchwyt na telefon kom\u00f3rkowy z grawerem laserowym zwierz\u0105t"},"content":{"rendered":"<p>Szukasz wyj\u0105tkowego i ekologicznego sposobu na dodanie wyj\u0105tkowego akcentu do swojej przestrzeni? Nasz drewniany uchwyt na telefon kom\u00f3rkowy, wykonany r\u0119cznie ze znakomitym grawerem laserowym zwierz\u0105t, to idealny wyb\u00f3r. Stojak ten, wykonany z dba\u0142o\u015bci\u0105 o szczeg\u00f3\u0142y i przedstawiaj\u0105cy psy, koty, ptaki i innych uroczych towarzyszy, \u0142\u0105czy w sobie funkcjonalno\u015b\u0107 i styl w wyj\u0105tkowy spos\u00f3b.<\/p>\n<p><strong>Kluczowe funkcje:<\/strong><\/p>\n<ul>\n<li><strong>R\u0119cznie robione z drewna pochodz\u0105cego ze zr\u00f3wnowa\u017conych upraw:<\/strong> Ka\u017cdy stojak jest starannie wykonany z drewna pochodz\u0105cego z odnawialnych \u017ar\u00f3de\u0142, co czyni go przyjazn\u0105 dla \u015brodowiska opcj\u0105 dla mi\u0142o\u015bnik\u00f3w przyrody i zwierz\u0105t.<\/li>\n<li><strong>Imponuj\u0105ce szczeg\u00f3\u0142y:<\/strong> Nasze grawery laserowe przedstawiaj\u0105 zwierz\u0119ta z zaskakuj\u0105c\u0105 precyzj\u0105 i realizmem. Ka\u017cdy szczeg\u00f3\u0142 wyr\u00f3\u017cnia si\u0119 jako\u015bci\u0105, kt\u00f3ra Ci\u0119 zaskoczy.<\/li>\n<li><strong>Uniwersalny projekt:<\/strong> Uchwyt ten jest kompatybilny z wi\u0119kszo\u015bci\u0105 modeli telefon\u00f3w kom\u00f3rkowych, co czyni go idealnym rozwi\u0105zaniem dla ka\u017cdego, kto szuka wszechstronnego i stylowego rozwi\u0105zania.<\/li>\n<li><strong>Idealny prezent:<\/strong> Czy znasz kogo\u015b, kto jest mi\u0142o\u015bnikiem zwierz\u0105t lub zwierz\u0105t domowych? Stojak ten to idealny prezent, kt\u00f3ry \u0142\u0105czy Twoj\u0105 pasj\u0119 z codzienn\u0105 funkcjonalno\u015bci\u0105.<\/li>\n<li><strong>\u0141atwy w monta\u017cu:<\/strong> Instalacja jest prosta i szybka, dzi\u0119ki czemu mo\u017cesz cieszy\u0107 si\u0119 uchwytem na telefon w ci\u0105gu kilku minut.<\/li>\n<\/ul>\n<p>Dodaj odrobin\u0119 stylu i osobowo\u015bci do swojej przestrzeni, okazuj\u0105c jednocze\u015bnie swoj\u0105 mi\u0142o\u015b\u0107 do zwierz\u0105t i \u015brodowiska. Niezale\u017cnie od tego, czy chodzi o u\u017cytek osobisty, czy o znacz\u0105cy prezent, nasz grawerowany laserowo drewniany uchwyt na telefon kom\u00f3rkowy to wyj\u0105tkowy wyb\u00f3r. Nie przegap okazji nabycia tego dzie\u0142a sztuki u\u017cytkowej.<\/p>\n<p>Zam\u00f3w ju\u017c dzi\u015b i zabierz ze sob\u0105 kawa\u0142ek natury do swojej codzienno\u015bci!<\/p>\n<p><strong>Wymiary:<\/strong><\/p>\n<ul>\n<li>Szeroko\u015b\u0107: 8cm<\/li>\n<li>Wysoko\u015b\u0107: 15cm<\/li>\n<li>Grubo\u015b\u0107: 3mm<\/li>\n<\/ul>\n<p><strong>Tworzywo:<\/strong><\/p>\n<ul>\n<li>Sklejka brzozowa<\/li>\n<\/ul>","protected":false},"excerpt":{"rendered":"<p>Wyra\u017a swoj\u0105 mi\u0142o\u015b\u0107 do zwierz\u0105t dzi\u0119ki naszemu r\u0119cznie wykonanemu drewnianemu uchwytowi na telefon kom\u00f3rkowy, zawieraj\u0105cemu szczeg\u00f3\u0142owe grawerunki laserowe przedstawiaj\u0105ce psy, koty, ptaki i nie tylko. Ten ekologiczny produkt idealnie nadaje si\u0119 zar\u00f3wno na wyj\u0105tkowy prezent, jak i do u\u017cytku osobistego. Ka\u017cdy uchwyt jest wykonany z trwa\u0142ego drewna i pasuje do wi\u0119kszo\u015bci modeli telefon\u00f3w. Po\u0142\u0105cz funkcjonalno\u015b\u0107 i styl w swojej przestrzeni w wyj\u0105tkowy spos\u00f3b. Dodaj naturalnego i wyrafinowanego akcentu do swojego codziennego \u017cycia dzi\u0119ki temu funkcjonalnemu dzie\u0142u sztuki.<\/p>","protected":false},"featured_media":6844,"template":"","meta":{"_seopress_robots_primary_cat":"34","_seopress_titles_title":"%%title%%","_seopress_titles_desc":"Resalta tu pasi\u00f3n por los animales con nuestro soporte de m\u00f3vil de madera ecofriendly. Ideal para amantes de las mascotas. \u00a1Ord\u00e9nalo hoy!","_seopress_robots_index":"","_seopress_analysis_target_kw":"","site-sidebar-layout":"default","site-content-layout":"","ast-site-content-layout":"default","site-content-style":"default","site-sidebar-style":"default","ast-global-header-display":"","ast-banner-title-visibility":"","ast-main-header-display":"","ast-hfb-above-header-display":"","ast-hfb-below-header-display":"","ast-hfb-mobile-header-display":"","site-post-title":"","ast-breadcrumbs-content":"","ast-featured-img":"","footer-sml-layout":"","ast-disable-related-posts":"","theme-transparent-header-meta":"","adv-header-id-meta":"","stick-header-meta":"","header-above-stick-meta":"","header-main-stick-meta":"","header-below-stick-meta":"","astra-migrate-meta-layouts":"default","ast-page-background-enabled":"default","ast-page-background-meta":{"desktop":{"background-color":"","background-image":"","background-repeat":"repeat","background-position":"center center","background-size":"auto","background-attachment":"scroll","background-type":"","background-media":"","overlay-type":"","overlay-color":"","overlay-opacity":"","overlay-gradient":""},"tablet":{"background-color":"","background-image":"","background-repeat":"repeat","background-position":"center center","background-size":"auto","background-attachment":"scroll","background-type":"","background-media":"","overlay-type":"","overlay-color":"","overlay-opacity":"","overlay-gradient":""},"mobile":{"background-color":"","background-image":"","background-repeat":"repeat","background-position":"center center","background-size":"auto","background-attachment":"scroll","background-type":"","background-media":"","overlay-type":"","overlay-color":"","overlay-opacity":"","overlay-gradient":""}},"ast-content-background-meta":{"desktop":{"background-color":"var(--ast-global-color-5)","background-image":"","background-repeat":"repeat","background-position":"center center","background-size":"auto","background-attachment":"scroll","background-type":"","background-media":"","overlay-type":"","overlay-color":"","overlay-opacity":"","overlay-gradient":""},"tablet":{"background-color":"var(--ast-global-color-5)","background-image":"","background-repeat":"repeat","background-position":"center center","background-size":"auto","background-attachment":"scroll","background-type":"","background-media":"","overlay-type":"","overlay-color":"","overlay-opacity":"","overlay-gradient":""},"mobile":{"background-color":"var(--ast-global-color-5)","background-image":"","background-repeat":"repeat","background-position":"center center","background-size":"auto","background-attachment":"scroll","background-type":"","background-media":"","overlay-type":"","overlay-color":"","overlay-opacity":"","overlay-gradient":""}}},"product_brand":[],"product_cat":[87,49,34],"product_tag":[],"class_list":{"0":"post-6843","1":"product","2":"type-product","3":"status-publish","4":"has-post-thumbnail","6":"product_cat-mascotas","7":"product_cat-regalos-originales","8":"product_cat-soportes-para-moviles","9":"desktop-align-center","10":"tablet-align-left","11":"mobile-align-center","12":"ast-product-gallery-layout-horizontal","13":"ast-magnify-disabled","14":"ast-product-tabs-layout-horizontal","15":"tm-no-options","17":"first","18":"instock","19":"taxable","20":"shipping-taxable","21":"purchasable","22":"product-type-simple"},"_links":{"self":[{"href":"https:\/\/kiemmi.com\/pl\/wp-json\/wp\/v2\/product\/6843","targetHints":{"allow":["GET"]}}],"collection":[{"href":"https:\/\/kiemmi.com\/pl\/wp-json\/wp\/v2\/product"}],"about":[{"href":"https:\/\/kiemmi.com\/pl\/wp-json\/wp\/v2\/types\/product"}],"version-history":[{"count":0,"href":"https:\/\/kiemmi.com\/pl\/wp-json\/wp\/v2\/product\/6843\/revisions"}],"wp:featuredmedia":[{"embeddable":true,"href":"https:\/\/kiemmi.com\/pl\/wp-json\/wp\/v2\/media\/6844"}],"wp:attachment":[{"href":"https:\/\/kiemmi.com\/pl\/wp-json\/wp\/v2\/media?parent=6843"}],"wp:term":[{"taxonomy":"product_brand","embeddable":true,"href":"https:\/\/kiemmi.com\/pl\/wp-json\/wp\/v2\/product_brand?post=6843"},{"taxonomy":"product_cat","embeddable":true,"href":"https:\/\/kiemmi.com\/pl\/wp-json\/wp\/v2\/product_cat?post=6843"},{"taxonomy":"product_tag","embeddable":true,"href":"https:\/\/kiemmi.com\/pl\/wp-json\/wp\/v2\/product_tag?post=6843"}],"curies":[{"name":"wp","href":"https:\/\/api.w.org\/{rel}","templated":true}]}}